{"id":4413,"date":"2026-01-16T18:01:09","date_gmt":"2026-01-16T16:01:09","guid":{"rendered":"https:\/\/spainholidays4u.com\/disclaimer\/"},"modified":"2026-01-16T18:05:30","modified_gmt":"2026-01-16T16:05:30","slug":"disclaimer","status":"publish","type":"page","link":"https:\/\/spainholidays4u.com\/nl\/disclaimer\/","title":{"rendered":"Disclaimer"},"content":{"rendered":"\n<p>De informatie op deze website van Spainholidays4u \/ Ra\u00edces Espa\u00f1olas Servicios Tur\u00edsticos is met de grootst mogelijke zorg samengesteld. Desondanks kunnen wij niet garanderen dat alle informatie te allen tijde volledig, juist en actueel is. Aan de inhoud van deze website kunnen geen rechten worden ontleend.  <\/p>\n\n<p>Spainholidays4u \/ Ra\u00edces Espa\u00f1ol Servicios Tur\u00edsticos aanvaardt geen aansprakelijkheid voor directe of indirecte schade die voortvloeit uit het gebruik van deze website of uit de informatie die via deze website is verkregen, met inbegrip van schade als gevolg van onjuistheden, onvolledigheid of tijdelijke onmogelijkheid de website te kunnen raadplegen.<\/p>\n\n<p>Alle vermelde accommodaties, prijzen, beschikbaarheid en onderhoudsdiensten zijn onderhevig aan wijzigingen. Fouten in teksten, prijzen of beschikbaarheid kunnen voorkomen en geven geen recht op compensatie of kosteloze annulering. <\/p>\n\n<p>Voor toeristische verhuur treedt Spainholidays4u \/ Ra\u00edces Espa\u00f1olas Servicios Tur\u00edsticos op als tussenpersoon en\/of beheerder namens de eigenaar van de accommodatie, tenzij expliciet anders vermeld. Spainholidays4u \/ Ra\u00edces Espa\u00f1ol Servicios Tur\u00edsticos is niet verantwoordelijk voor handelingen of nalatigheden van accommodatie-eigenaren, huurders of derden. <\/p>\n\n<p>Onderhoud en beheer worden naar beste weten en kunnen uitgevoerd. Spainholidays4u \/ Ra\u00edces Espa\u00f1ol Servicios Tur\u00edsticos is niet aansprakelijk voor schade veroorzaakt door normale slijtage, overmacht, weersomstandigheden of acties van derden. <\/p>\n\n<p>Deze website kan links bevatten naar externe websites. Spainholidays4u \/ Ra\u00edces Espa\u00f1ol Servicios Tur\u00edsticos heeft geen invloed op de inhoud van deze websites en is niet verantwoordelijk voor de inhoud of werking ervan. <\/p>\n\n<p>Alle teksten, foto&#8217;s en andere materialen op deze website zijn eigendom van Spainholidays4u \/ Ra\u00edces Espa\u00f1ol Servicios Tur\u00edsticos, tenzij anders aangegeven. Gebruik zonder voorafgaande schriftelijke toestemming is niet toegestaan. <\/p>\n\n<p>Op deze website en deze disclaimer is het Spaanse recht van toepassing. Geschillen zullen worden voorgelegd aan de bevoegde rechter in Spanje. <\/p>\n","protected":false},"excerpt":{"rendered":"<p>De informatie op deze website van Spainholidays4u \/ Ra\u00edces Espa\u00f1olas Servicios Tur\u00edsticos is met de grootst mogelijke zorg samengesteld. Desondanks kunnen wij niet garanderen dat alle informatie te allen tijde volledig, juist en actueel is. Aan de inhoud van deze website kunnen geen rechten worden ontleend. Spainholidays4u \/ Ra\u00edces Espa\u00f1ol Servicios Tur\u00edsticos aanvaardt geen aansprakelijkheid [&hellip;]<\/p>\n","protected":false},"author":1,"featured_media":0,"parent":0,"menu_order":0,"comment_status":"closed","ping_status":"closed","template":"","meta":{"_acf_changed":false,"footnotes":""},"class_list":["post-4413","page","type-page","status-publish","hentry"],"acf":[],"_links":{"self":[{"href":"https:\/\/spainholidays4u.com\/nl\/wp-json\/wp\/v2\/pages\/4413","targetHints":{"allow":["GET"]}}],"collection":[{"href":"https:\/\/spainholidays4u.com\/nl\/wp-json\/wp\/v2\/pages"}],"about":[{"href":"https:\/\/spainholidays4u.com\/nl\/wp-json\/wp\/v2\/types\/page"}],"author":[{"embeddable":true,"href":"https:\/\/spainholidays4u.com\/nl\/wp-json\/wp\/v2\/users\/1"}],"replies":[{"embeddable":true,"href":"https:\/\/spainholidays4u.com\/nl\/wp-json\/wp\/v2\/comments?post=4413"}],"version-history":[{"count":1,"href":"https:\/\/spainholidays4u.com\/nl\/wp-json\/wp\/v2\/pages\/4413\/revisions"}],"predecessor-version":[{"id":4414,"href":"https:\/\/spainholidays4u.com\/nl\/wp-json\/wp\/v2\/pages\/4413\/revisions\/4414"}],"wp:attachment":[{"href":"https:\/\/spainholidays4u.com\/nl\/wp-json\/wp\/v2\/media?parent=4413"}],"curies":[{"name":"wp","href":"https:\/\/api.w.org\/{rel}","templated":true}]}}