{"id":3334,"date":"2025-10-27T11:56:27","date_gmt":"2025-10-27T09:56:27","guid":{"rendered":"https:\/\/spainholidays4u.com\/costa-brava-catalonie\/"},"modified":"2025-10-27T14:40:50","modified_gmt":"2025-10-27T12:40:50","slug":"costa-brava-catalonie","status":"publish","type":"page","link":"https:\/\/spainholidays4u.com\/nl\/costa-brava-catalonie\/","title":{"rendered":"Costa Brava Cataloni\u00eb"},"content":{"rendered":"\t\t<div data-elementor-type=\"wp-page\" data-elementor-id=\"3334\" class=\"elementor elementor-3334 elementor-3077\" data-elementor-post-type=\"page\">\n\t\t\t\t<div class=\"elementor-element elementor-element-e6749aa e-flex e-con-boxed e-con e-parent\" data-id=\"e6749aa\" data-element_type=\"container\" data-e-type=\"container\" data-settings=\"{&quot;background_background&quot;:&quot;classic&quot;}\">\n\t\t\t\t\t<div class=\"e-con-inner\">\n\t\t\t\t\t<\/div>\n\t\t\t\t<\/div>\n\t\t<div class=\"elementor-element elementor-element-639cf51 e-flex e-con-boxed e-con e-parent\" data-id=\"639cf51\" data-element_type=\"container\" data-e-type=\"container\" data-settings=\"{&quot;background_background&quot;:&quot;classic&quot;}\">\n\t\t\t\t\t<div class=\"e-con-inner\">\n\t\t<div class=\"elementor-element elementor-element-cacff11 e-con-full e-flex e-con e-child\" data-id=\"cacff11\" data-element_type=\"container\" data-e-type=\"container\">\n\t\t\t\t<div class=\"elementor-element elementor-element-4c48d3c elementor-widget elementor-widget-heading\" data-id=\"4c48d3c\" data-element_type=\"widget\" data-e-type=\"widget\" data-widget_type=\"heading.default\">\n\t\t\t\t<div class=\"elementor-widget-container\">\n\t\t\t\t\t<h2 class=\"elementor-heading-title elementor-size-default\">Costa Brava: een favoriete bestemming voor miljoenen toeristen per jaar!<\/h2>\t\t\t\t<\/div>\n\t\t\t\t<\/div>\n\t\t\t\t<div class=\"elementor-element elementor-element-3689796 elementor-widget__width-inherit elementor-widget elementor-widget-text-editor\" data-id=\"3689796\" data-element_type=\"widget\" data-e-type=\"widget\" data-widget_type=\"text-editor.default\">\n\t\t\t\t<div class=\"elementor-widget-container\">\n\t\t\t\t\t\t\t\t\t<p>Jaar na jaar verovert de Costa Brava de harten van miljoenen toeristen en ontpopt zich als een topbestemming voor wie op zoek is naar zon, zee en onge\u00ebvenaarde schoonheid. Deze betoverende regio, gelegen langs de prachtige Middellandse Zeekust, biedt een schat aan ervaringen voor elk type reiziger. <\/p><p>Van de ongerepte stranden met goudkleurig zand tot a5&gt; charmante kustplaatsen doordrenkt van geschiedenis, <strong>Costa Brava<\/strong> biedt een onweerstaanbare mix van natuurlijke wonderen en culturele schatten. Toeristen stromen naar om de levendige lokale cultuur te ontdekken, genieten van de verrukkelijke mediterrane keuken, en te genieten van de warme gastvrijheid die kenmerkend is voor deze Spaanse parel. <\/p><p>Met een breed scala aan activiteiten richt Costa Brava zich op zowel avontuurliefhebbers als mensen die verlangen naar rust avontuurliefhebbers en mensen die verlangen naar ontspanning. Watersporten, schilderachtige wandelingen en culturele excursies wachten op u en beloven een onvergetelijke vakantie. beloven een onvergetelijke vakantie voor bezoekers van alle leeftijden. <\/p><p>Ga op reis waar elke zonovergoten dag en sterrennacht bijdragen aan een onvergetelijke ervaring. De Costa Brava wacht op u, klaar om u te verwelkomen in een wereld van onge\u00ebvenaarde schoonheid en eindeloze mogelijkheden. Ontdek, geniet en cre\u00eber blijvende herinneringen in dit betoverende kustparadijs.  <\/p>\t\t\t\t\t\t\t\t<\/div>\n\t\t\t\t<\/div>\n\t\t\t\t<\/div>\n\t\t\t\t\t<\/div>\n\t\t\t\t<\/div>\n\t\t<div class=\"elementor-element elementor-element-f7c47d2 e-flex e-con-boxed e-con e-parent\" data-id=\"f7c47d2\" data-element_type=\"container\" data-e-type=\"container\" data-settings=\"{&quot;background_background&quot;:&quot;classic&quot;}\">\n\t\t\t\t\t<div class=\"e-con-inner\">\n\t\t<div class=\"elementor-element elementor-element-695ec8a e-con-full e-flex e-con e-child\" data-id=\"695ec8a\" data-element_type=\"container\" data-e-type=\"container\" data-settings=\"{&quot;background_background&quot;:&quot;classic&quot;}\">\n\t\t<div class=\"elementor-element elementor-element-cca59ca e-con-full e-flex e-con e-child\" data-id=\"cca59ca\" data-element_type=\"container\" data-e-type=\"container\" data-settings=\"{&quot;background_background&quot;:&quot;classic&quot;}\">\n\t\t\t\t<div class=\"elementor-element elementor-element-ba43683 elementor-arrows-position-outside elementor-widget elementor-widget-n-carousel\" data-id=\"ba43683\" data-element_type=\"widget\" data-e-type=\"widget\" data-settings=\"{&quot;carousel_items&quot;:[{&quot;slide_title&quot;:&quot;Salvador Dali&quot;,&quot;_id&quot;:&quot;3519e80&quot;},{&quot;slide_title&quot;:&quot;Playing Golf&quot;,&quot;_id&quot;:&quot;bbea940&quot;},{&quot;slide_title&quot;:&quot;Wine-growing region Empord\\u00e0&quot;,&quot;_id&quot;:&quot;841bcd2&quot;},{&quot;slide_title&quot;:&quot;Capmany&quot;,&quot;_id&quot;:&quot;6dfc21c&quot;},{&quot;slide_title&quot;:&quot;Best Hiking Trails in Catalonia&quot;,&quot;_id&quot;:&quot;e07d91c&quot;},{&quot;slide_title&quot;:&quot;Lake Banyoles&quot;,&quot;_id&quot;:&quot;034ea49&quot;}],&quot;slides_to_show&quot;:&quot;1&quot;,&quot;slides_to_show_tablet&quot;:&quot;1&quot;,&quot;slides_to_show_mobile&quot;:&quot;1&quot;,&quot;autoplay&quot;:&quot;yes&quot;,&quot;autoplay_speed&quot;:5000,&quot;pause_on_hover&quot;:&quot;yes&quot;,&quot;pause_on_interaction&quot;:&quot;yes&quot;,&quot;infinite&quot;:&quot;yes&quot;,&quot;speed&quot;:500,&quot;offset_sides&quot;:&quot;none&quot;,&quot;arrows&quot;:&quot;yes&quot;,&quot;image_spacing_custom&quot;:{&quot;unit&quot;:&quot;px&quot;,&quot;size&quot;:10,&quot;sizes&quot;:[]},&quot;image_spacing_custom_laptop&quot;:{&quot;unit&quot;:&quot;px&quot;,&quot;size&quot;:&quot;&quot;,&quot;sizes&quot;:[]},&quot;image_spacing_custom_tablet&quot;:{&quot;unit&quot;:&quot;px&quot;,&quot;size&quot;:&quot;&quot;,&quot;sizes&quot;:[]},&quot;image_spacing_custom_mobile_extra&quot;:{&quot;unit&quot;:&quot;px&quot;,&quot;size&quot;:&quot;&quot;,&quot;sizes&quot;:[]},&quot;image_spacing_custom_mobile&quot;:{&quot;unit&quot;:&quot;px&quot;,&quot;size&quot;:&quot;&quot;,&quot;sizes&quot;:[]}}\" data-widget_type=\"nested-carousel.default\">\n\t\t\t\t<div class=\"elementor-widget-container\">\n\t\t\t\t\t\t\t<div class=\"e-n-carousel swiper\" role=\"region\" aria-roledescription=\"carousel\" aria-label=\"Carousel\" dir=\"ltr\">\n\t\t\t<div class=\"swiper-wrapper\" aria-live=\"off\">\n\t\t\t\t\t\t\t\t\t\t<div class=\"swiper-slide\" data-slide=\"1\" role=\"group\" aria-roledescription=\"slide\" aria-label=\"1 van 6\">\n\t\t\t\t\t\t\t<div class=\"elementor-element elementor-element-8fb85bf e-flex e-con-boxed e-con e-child\" data-id=\"8fb85bf\" data-element_type=\"container\" data-e-type=\"container\">\n\t\t\t\t\t<div class=\"e-con-inner\">\n\t\t\t\t<div class=\"elementor-element elementor-element-139bdc4 elementor-vertical-align-middle elementor-widget elementor-widget-image-box\" data-id=\"139bdc4\" data-element_type=\"widget\" data-e-type=\"widget\" data-widget_type=\"image-box.default\">\n\t\t\t\t<div class=\"elementor-widget-container\">\n\t\t\t\t\t<div class=\"elementor-image-box-wrapper\"><div class=\"elementor-image-box-content\"><h3 class=\"elementor-image-box-title\">Salvador Dali<\/h3><p class=\"elementor-image-box-description\">Dali werd geboren in Figueres, net onder de Pyrenee\u00ebn, en groeide uit tot een van de meest gerenommeerde surrealistische schilders, die zelfs Freud zelf be\u00efnvloedde. De Dali-stichting omvat drie museumlocaties, waar zijn kunst, leven en geschiedenis te zien zijn, in Figueres, P\u00fabol en Port Lligat. <\/p><\/div><\/div>\t\t\t\t<\/div>\n\t\t\t\t<\/div>\n\t\t\t\t\t<\/div>\n\t\t\t\t<\/div>\n\t\t\t\t\t\t\t\t<\/div>\n\t\t\t\t\t\t\t\t\t\t\t<div class=\"swiper-slide\" data-slide=\"2\" role=\"group\" aria-roledescription=\"slide\" aria-label=\"2 van 6\">\n\t\t\t\t\t\t\t<div class=\"elementor-element elementor-element-5715f99 e-flex e-con-boxed e-con e-child\" data-id=\"5715f99\" data-element_type=\"container\" data-e-type=\"container\">\n\t\t\t\t\t<div class=\"e-con-inner\">\n\t\t\t\t<div class=\"elementor-element elementor-element-a5895fc elementor-vertical-align-middle elementor-widget elementor-widget-image-box\" data-id=\"a5895fc\" data-element_type=\"widget\" data-e-type=\"widget\" data-widget_type=\"image-box.default\">\n\t\t\t\t<div class=\"elementor-widget-container\">\n\t\t\t\t\t<div class=\"elementor-image-box-wrapper\"><div class=\"elementor-image-box-content\"><h3 class=\"elementor-image-box-title\">Golfen<\/h3><p class=\"elementor-image-box-description\">Wie graag een balletje slaat op een golfbaan in een heerlijk klimaat, kan zijn hart ophalen aan de Costa Brava. Er zijn meer dan genoeg links- en inlandbanen (11x18 holes) voor elk wat wils: bijvoorbeeld Serres de Pals, Girona Golf, Peralada Golf, Golf Costa Brava en de beste baan van Spanje, PGA Catalunya. <\/p><\/div><\/div>\t\t\t\t<\/div>\n\t\t\t\t<\/div>\n\t\t\t\t\t<\/div>\n\t\t\t\t<\/div>\n\t\t\t\t\t\t\t\t<\/div>\n\t\t\t\t\t\t\t\t\t\t\t<div class=\"swiper-slide\" data-slide=\"3\" role=\"group\" aria-roledescription=\"slide\" aria-label=\"3 van 6\">\n\t\t\t\t\t\t\t<div class=\"elementor-element elementor-element-c153d06 e-flex e-con-boxed e-con e-child\" data-id=\"c153d06\" data-element_type=\"container\" data-e-type=\"container\">\n\t\t\t\t\t<div class=\"e-con-inner\">\n\t\t\t\t<div class=\"elementor-element elementor-element-02f0aec elementor-vertical-align-middle elementor-widget elementor-widget-image-box\" data-id=\"02f0aec\" data-element_type=\"widget\" data-e-type=\"widget\" data-widget_type=\"image-box.default\">\n\t\t\t\t<div class=\"elementor-widget-container\">\n\t\t\t\t\t<div class=\"elementor-image-box-wrapper\"><div class=\"elementor-image-box-content\"><h3 class=\"elementor-image-box-title\">Wijnbouwgebied Empord\u00e0<\/h3><p class=\"elementor-image-box-description\">Het wijnbouwgebied van de regio ligt in het Empord\u00e0 en produceert DO-wijnen van hoge kwaliteit. Cataloni\u00eb is ook de bakermat van de cava. Er zijn talloze wijngaarden en bodega's om te ontdekken. Ook zijn er verschillende ambachtelijke olijfolieproducenten.   <\/p><\/div><\/div>\t\t\t\t<\/div>\n\t\t\t\t<\/div>\n\t\t\t\t\t<\/div>\n\t\t\t\t<\/div>\n\t\t\t\t\t\t\t\t<\/div>\n\t\t\t\t\t\t\t\t\t\t\t<div class=\"swiper-slide\" data-slide=\"4\" role=\"group\" aria-roledescription=\"slide\" aria-label=\"4 van 6\">\n\t\t\t\t\t\t\t<div class=\"elementor-element elementor-element-2c47782 e-flex e-con-boxed e-con e-child\" data-id=\"2c47782\" data-element_type=\"container\" data-e-type=\"container\">\n\t\t\t\t\t<div class=\"e-con-inner\">\n\t\t\t\t<div class=\"elementor-element elementor-element-2c6c7ca elementor-vertical-align-middle elementor-widget elementor-widget-image-box\" data-id=\"2c6c7ca\" data-element_type=\"widget\" data-e-type=\"widget\" data-widget_type=\"image-box.default\">\n\t\t\t\t<div class=\"elementor-widget-container\">\n\t\t\t\t\t<div class=\"elementor-image-box-wrapper\"><div class=\"elementor-image-box-content\"><h3 class=\"elementor-image-box-title\">Capmany<\/h3><p class=\"elementor-image-box-description\">Wijnkelders (wijnen uit het vat, cava, champagnemuseum). Wijnproductie sinds 1764. <\/p><\/div><\/div>\t\t\t\t<\/div>\n\t\t\t\t<\/div>\n\t\t\t\t\t<\/div>\n\t\t\t\t<\/div>\n\t\t\t\t\t\t\t\t<\/div>\n\t\t\t\t\t\t\t\t\t\t\t<div class=\"swiper-slide\" data-slide=\"5\" role=\"group\" aria-roledescription=\"slide\" aria-label=\"5 van 6\">\n\t\t\t\t\t\t\t<div class=\"elementor-element elementor-element-e53f52f e-flex e-con-boxed e-con e-child\" data-id=\"e53f52f\" data-element_type=\"container\" data-e-type=\"container\">\n\t\t\t\t\t<div class=\"e-con-inner\">\n\t\t\t\t<div class=\"elementor-element elementor-element-a83e686 elementor-vertical-align-middle elementor-widget elementor-widget-image-box\" data-id=\"a83e686\" data-element_type=\"widget\" data-e-type=\"widget\" data-widget_type=\"image-box.default\">\n\t\t\t\t<div class=\"elementor-widget-container\">\n\t\t\t\t\t<div class=\"elementor-image-box-wrapper\"><div class=\"elementor-image-box-content\"><h3 class=\"elementor-image-box-title\">De beste wandelroutes in Cataloni\u00eb<\/h3><p class=\"elementor-image-box-description\">Wist je dat Cataloni\u00eb de beste plek is voor een mooie wandeltocht? Met verschillende nationale parken, watervallen en natuurpaden biedt Cataloni\u00eb een aantal van de mooiste landschappen die er te vinden zijn! Ga terug naar de natuur en bekijk de lijst met de beste gebieden om te wandelen op het platteland.  <\/p><\/div><\/div>\t\t\t\t<\/div>\n\t\t\t\t<\/div>\n\t\t\t\t\t<\/div>\n\t\t\t\t<\/div>\n\t\t\t\t\t\t\t\t<\/div>\n\t\t\t\t\t\t\t\t\t\t\t<div class=\"swiper-slide\" data-slide=\"6\" role=\"group\" aria-roledescription=\"slide\" aria-label=\"6 van 6\">\n\t\t\t\t\t\t\t<div class=\"elementor-element elementor-element-a51b7fb e-flex e-con-boxed e-con e-child\" data-id=\"a51b7fb\" data-element_type=\"container\" data-e-type=\"container\">\n\t\t\t\t\t<div class=\"e-con-inner\">\n\t\t\t\t<div class=\"elementor-element elementor-element-0b4f35a elementor-vertical-align-middle elementor-widget elementor-widget-image-box\" data-id=\"0b4f35a\" data-element_type=\"widget\" data-e-type=\"widget\" data-widget_type=\"image-box.default\">\n\t\t\t\t<div class=\"elementor-widget-container\">\n\t\t\t\t\t<div class=\"elementor-image-box-wrapper\"><div class=\"elementor-image-box-content\"><h3 class=\"elementor-image-box-title\">Meer Banyoles - Kano's\/boten huren, Wandelen (hiking)<\/h3><p class=\"elementor-image-box-description\">Op een steenworp afstand van Girona ligt het stadje Banyoles, met het grootste natuurlijke meer van Cataloni\u00eb, waar de roeiwedstrijden van de Olympische Spelen van Barcelona werden gehouden. Roei, skiff, zwem, jog of wandel gewoon rond het 8 kilometer lange meer en sluit af met een drankje of een maaltijd in een van de caf\u00e9-restaurants aan het meer. <\/p><\/div><\/div>\t\t\t\t<\/div>\n\t\t\t\t<\/div>\n\t\t\t\t\t<\/div>\n\t\t\t\t<\/div>\n\t\t\t\t\t\t\t\t<\/div>\n\t\t\t\t\t\t\t\t<\/div>\n\t\t<\/div>\n\t\t\t\t\t<div class=\"elementor-swiper-button elementor-swiper-button-prev\" role=\"button\" tabindex=\"0\" aria-label=\"Vorige\">\n\t\t\t\t<i aria-hidden=\"true\" class=\"eicon-chevron-left\"><\/i>\t\t\t<\/div>\n\t\t\t<div class=\"elementor-swiper-button elementor-swiper-button-next\" role=\"button\" tabindex=\"0\" aria-label=\"Volgende\">\n\t\t\t\t<i aria-hidden=\"true\" class=\"eicon-chevron-right\"><\/i>\t\t\t<\/div>\n\t\t\t\t\t\t<\/div>\n\t\t\t\t<\/div>\n\t\t\t\t<\/div>\n\t\t<div class=\"elementor-element elementor-element-fd30887 e-con-full e-flex e-con e-child\" data-id=\"fd30887\" data-element_type=\"container\" data-e-type=\"container\">\n\t\t\t\t<div class=\"elementor-element elementor-element-14e057d elementor-widget elementor-widget-heading\" data-id=\"14e057d\" data-element_type=\"widget\" data-e-type=\"widget\" data-widget_type=\"heading.default\">\n\t\t\t\t<div class=\"elementor-widget-container\">\n\t\t\t\t\t<h2 class=\"elementor-heading-title elementor-size-default\">Ontdek de Costa Brava<\/h2>\t\t\t\t<\/div>\n\t\t\t\t<\/div>\n\t\t\t\t<div class=\"elementor-element elementor-element-2927e98 elementor-widget__width-inherit elementor-widget elementor-widget-text-editor\" data-id=\"2927e98\" data-element_type=\"widget\" data-e-type=\"widget\" data-widget_type=\"text-editor.default\">\n\t\t\t\t<div class=\"elementor-widget-container\">\n\t\t\t\t\t\t\t\t\t<p>Bezoek de badplaatsen Palam\u00f3s of Platja d&#8217;Aro, beide met een ontspannen maar levendige sfeer, vooral in het zomerseizoen. Hier vindt u drukke winkelstraatjes, talloze lokale en internationale restaurants, gezellige barretjes, lounges en terrasjes, waar u kunt genieten van zon, zee en sangria! Platja d&#8217;Aro is het centrum van het uitgaansleven voor de hele provincie.  <\/p><p>Er is ook een breed scala aan entertainment beschikbaar voor verschillende smaken: watersporten, culturele bezoeken aan de talrijke middeleeuwse dorpjes in het binnenland, buitenactiviteiten. Hier zijn enkele idee\u00ebn: <\/p>\t\t\t\t\t\t\t\t<\/div>\n\t\t\t\t<\/div>\n\t\t\t\t<\/div>\n\t\t\t\t<\/div>\n\t\t\t\t\t<\/div>\n\t\t\t\t<\/div>\n\t\t<div class=\"elementor-element elementor-element-bf642d2 e-flex e-con-boxed e-con e-parent\" data-id=\"bf642d2\" data-element_type=\"container\" data-e-type=\"container\" data-settings=\"{&quot;background_background&quot;:&quot;classic&quot;}\">\n\t\t\t\t\t<div class=\"e-con-inner\">\n\t\t<div class=\"elementor-element elementor-element-fe66748 e-con-full e-flex e-con e-child\" data-id=\"fe66748\" data-element_type=\"container\" data-e-type=\"container\">\n\t\t\t\t<div class=\"elementor-element elementor-element-6a054cd elementor-widget elementor-widget-heading\" data-id=\"6a054cd\" data-element_type=\"widget\" data-e-type=\"widget\" data-widget_type=\"heading.default\">\n\t\t\t\t<div class=\"elementor-widget-container\">\n\t\t\t\t\t<h2 class=\"elementor-heading-title elementor-size-default\">Gastronomie<\/h2>\t\t\t\t<\/div>\n\t\t\t\t<\/div>\n\t\t\t\t<div class=\"elementor-element elementor-element-fedde86 elementor-widget elementor-widget-text-editor\" data-id=\"fedde86\" data-element_type=\"widget\" data-e-type=\"widget\" data-widget_type=\"text-editor.default\">\n\t\t\t\t<div class=\"elementor-widget-container\">\n\t\t\t\t\t\t\t\t\t<p>Cataloni\u00eb is ongetwijfeld het gastronomische centrum van de wereld, met meer Michelinsterren per hoofd van de bevolking in de provincie Girona dan waar ook ter wereld. In de stad Girona bevindt zich momenteel het beste restaurant ter wereld, Can Roca. Aan de iets lagere kant van de markt bieden lokale restaurants doordeweeks overal een lunchmenu del dia aan, meestal drie gangen met brood en wijn inbegrepen voor tussen de 9 en 14 euro.  <\/p><p>De keuken is mediterraan, met veel verse vis en zeevruchten (bijvoorbeeld de beroemde garnalen uit Palam\u00f3s en ansjovis uit L&#8217;Escala) die de Mar (zee) vertegenwoordigen, gecombineerd met varkensvlees, gevogelte, worst en konijn uit de Muntanya (bergen) en het typische cr\u00e8me br\u00fbl\u00e9e-dessert (crema catalana). Het menu is over het algemeen beschikbaar tot 16.00 uur, dus het is het beste om het avondeten uit te stellen tot na 20.00 of 21.00 uur, in overeenstemming met de Catalaanse gewoonte. <\/p><h4>Michelin-sterrenrestaurants<\/h4><p>El Celler de Can Roca*** (972 22 21 57).<br>Miramar**, Llan\u00e7\u00e0 (972 38 01 32).<br>Les Cols**, Olot (972 269 209).<br>Casamar*, Llafranc (972 30 01 04).<br>La Cuina de Can Simon*, Tossa de Mar (972 34 12 69).<br>Ca l&#8217;Enric*, La Vall de Bianya (972 29 00 15).<br>Ca l&#8217;Arpa*, Banyoles (972 57 23 53).<br>Bo.Tic*, Cor\u00e7\u00e0 (972 63 08 69).<br>Massana* (972 21 38 20).<br>Fonda Xesc*, Gombr\u00e9n (972 73 04 04).<br>Tinars*, Llagostera (972 830 626).<br>Les Magn\u00f2lies*, Arb\u00facies (972 860 879).<br>Els Brancs*, Roses (972 256 008).<br>Emporium*, Castell\u00f3 d&#8217;Emp\u00faries (972 250 593).<br>Castell de Perellada*, Perelada.<br>Terra*, S&#8217;Agar\u00f3 , Platja d&#8217;Aro (972 825 166).<\/p>\t\t\t\t\t\t\t\t<\/div>\n\t\t\t\t<\/div>\n\t\t\t\t<div class=\"elementor-element elementor-element-1c4c8f1 elementor-mobile_extra-align-justify elementor-widget elementor-widget-button\" data-id=\"1c4c8f1\" data-element_type=\"widget\" data-e-type=\"widget\" data-widget_type=\"button.default\">\n\t\t\t\t<div class=\"elementor-widget-container\">\n\t\t\t\t\t\t\t\t\t<div class=\"elementor-button-wrapper\">\n\t\t\t\t\t<a class=\"elementor-button elementor-button-link elementor-size-sm\" href=\"https:\/\/spainholidays4u.com\/nl\/vakantiehuizen-costa-brava\/\">\n\t\t\t\t\t\t<span class=\"elementor-button-content-wrapper\">\n\t\t\t\t\t\t\t\t\t<span class=\"elementor-button-text\">BEKIJK ONZE WONINGEN<\/span>\n\t\t\t\t\t<\/span>\n\t\t\t\t\t<\/a>\n\t\t\t\t<\/div>\n\t\t\t\t\t\t\t\t<\/div>\n\t\t\t\t<\/div>\n\t\t\t\t<\/div>\n\t\t\t\t\t<\/div>\n\t\t\t\t<\/div>\n\t\t<div class=\"elementor-element elementor-element-6465379 e-flex e-con-boxed e-con e-parent\" data-id=\"6465379\" data-element_type=\"container\" data-e-type=\"container\" data-settings=\"{&quot;background_background&quot;:&quot;classic&quot;}\">\n\t\t\t\t\t<div class=\"e-con-inner\">\n\t\t\t\t<div class=\"elementor-element elementor-element-ea742b8 elementor-widget elementor-widget-html\" data-id=\"ea742b8\" data-element_type=\"widget\" data-e-type=\"widget\" data-widget_type=\"html.default\">\n\t\t\t\t<div class=\"elementor-widget-container\">\n\t\t\t\t\t<h4><strong>Water world<\/strong><\/h4>\nOntdek de waterwereld, met zijn kamikaze, glijbanen, golfslagbaden, enorm waterrad, x-treme berg, raftingrivier, waterberg, de stromende draaikolk en, voor de allerkleinsten, het kinderparadijs en de familielagune.<strong>\n<\/strong>\n<div data-tiqets-widget=\"discovery\" data-cards-layout=\"horizontal\" data-content-type=\"venue\" data-content-ids=\"192433\" data-language=\"en\" data-currency=\"GBP\" data-partner=\"spainholidays4u.com\"><\/div>\n<script defer src=\"https:\/\/widgets.tiqets.com\/loader.js\"><\/script>\n\n&nbsp;\n<h4><strong>Barcelona<\/strong><\/h4>\nEen fascinerend bezoek aan het stadion en museum van de legendarische voetbalclub FC Barcelona; de prachtige kathedraal van Gaudi, de 'sagrada familia'; de adembenemend verlichte fonteinen van montjuich. Geniet van de stadstour en neem de tijd om de stad op eigen houtje te ontdekken.\n<div data-tiqets-widget=\"discovery\" data-cards-layout=\"horizontal\" data-content-type=\"venue\" data-content-ids=\"224102\" data-language=\"en\" data-currency=\"GBP\" data-partner=\"spainholidays4u.com\"><\/div>\n<script defer src=\"https:\/\/widgets.tiqets.com\/loader.js\"><\/script>\n\n<strong>Girona<\/strong>\nGirona is van oudsher de toegangspoort tot Spanje (provinciehoofdstad). De kathedraal met zijn kolossale buitentrap en het 12e-eeuwse wandtapijt dat het scheppingsverhaal vertelt, de oude joodse wijk ten noorden van de Carrer de la For\u00e7a, de Arabische baden (Banys Arabs) met hun laat-Romeinse bogen en het klooster van Sant Pere de Galligants zijn de meest opvallende bezienswaardigheden in deze stad.\n<h2><span class=\"HwtZe\" lang=\"en\"><span class=\"jCAhz ChMk0b\"><span class=\"ryNqvb\">De mooiste bezienswaardigheden van Costa Brava\n<\/span><\/span><\/span><\/span><\/h2>\n<div data-tiqets-widget=\"discovery\" data-cards-layout=\"responsive\" data-content-type=\"product\" data-item_count=\"20\" data-destination-type=\"city\" data-destination-id=\"66342\" data-language=\"en\" data-currency=\"GBP\" data-partner=\"spainholidays4u.com\"><\/div>\n<script defer src=\"https:\/\/widgets.tiqets.com\/loader.js\"><\/script>\t\t\t\t<\/div>\n\t\t\t\t<\/div>\n\t\t\t\t\t<\/div>\n\t\t\t\t<\/div>\n\t\t\t\t<\/div>\n\t\t","protected":false},"excerpt":{"rendered":"<p>Costa Brava: een favoriete bestemming voor miljoenen toeristen per jaar! Jaar na jaar verovert de Costa Brava de harten van miljoenen toeristen en ontpopt zich als een topbestemming voor wie op zoek is naar zon, zee en onge\u00ebvenaarde schoonheid. Deze betoverende regio, gelegen langs de prachtige Middellandse Zeekust, biedt een schat aan ervaringen voor elk [&hellip;]<\/p>\n","protected":false},"author":1,"featured_media":0,"parent":0,"menu_order":0,"comment_status":"closed","ping_status":"closed","template":"","meta":{"_acf_changed":false,"footnotes":""},"class_list":["post-3334","page","type-page","status-publish","hentry"],"acf":[],"_links":{"self":[{"href":"https:\/\/spainholidays4u.com\/nl\/wp-json\/wp\/v2\/pages\/3334","targetHints":{"allow":["GET"]}}],"collection":[{"href":"https:\/\/spainholidays4u.com\/nl\/wp-json\/wp\/v2\/pages"}],"about":[{"href":"https:\/\/spainholidays4u.com\/nl\/wp-json\/wp\/v2\/types\/page"}],"author":[{"embeddable":true,"href":"https:\/\/spainholidays4u.com\/nl\/wp-json\/wp\/v2\/users\/1"}],"replies":[{"embeddable":true,"href":"https:\/\/spainholidays4u.com\/nl\/wp-json\/wp\/v2\/comments?post=3334"}],"version-history":[{"count":1,"href":"https:\/\/spainholidays4u.com\/nl\/wp-json\/wp\/v2\/pages\/3334\/revisions"}],"predecessor-version":[{"id":3335,"href":"https:\/\/spainholidays4u.com\/nl\/wp-json\/wp\/v2\/pages\/3334\/revisions\/3335"}],"wp:attachment":[{"href":"https:\/\/spainholidays4u.com\/nl\/wp-json\/wp\/v2\/media?parent=3334"}],"curies":[{"name":"wp","href":"https:\/\/api.w.org\/{rel}","templated":true}]}}