{"id":4415,"date":"2026-01-16T18:01:09","date_gmt":"2026-01-16T16:01:09","guid":{"rendered":"https:\/\/spainholidays4u.com\/avertissement\/"},"modified":"2026-01-16T18:07:43","modified_gmt":"2026-01-16T16:07:43","slug":"avertissement","status":"publish","type":"page","link":"https:\/\/spainholidays4u.com\/fr\/avertissement\/","title":{"rendered":"Avertissement"},"content":{"rendered":"\n<p>The information on this website of Spainholidays4u \/ Ra\u00edces Espa\u00f1olas Servicios Tur\u00edsticos has been compiled with the greatest possible care. Nevertheless, we cannot guarantee that all information is complete, accurate, and up to date at all times. No rights can be derived from the contents of this website.  <\/p>\n\n<p>Spainholidays4u \/ Ra\u00edces Espa\u00f1olas Servicios Tur\u00edsticos d\u00e9cline toute responsabilit\u00e9 pour tout dommage direct ou indirect r\u00e9sultant de l\u2019utilisation de ce site web ou des informations obtenues par son interm\u00e9diaire, y compris les dommages r\u00e9sultant d\u2019inexactitudes, d\u2019informations incompl\u00e8tes ou de l\u2019indisponibilit\u00e9 temporaire du site.<\/p>\n\n<p>Tous les h\u00e9bergements, prix, disponibilit\u00e9s et services de maintenance mentionn\u00e9s sont susceptibles de modifications. Des erreurs dans les textes, les prix ou les disponibilit\u00e9s peuvent survenir et ne donnent droit \u00e0 aucune compensation ni \u00e0 une annulation sans frais. <\/p>\n\n<p>Pour les locations touristiques, Spainholidays4u \/ Ra\u00edces Espa\u00f1olas Servicios Tur\u00edsticos agit en tant qu\u2019interm\u00e9diaire et\/ou gestionnaire pour le compte du propri\u00e9taire de l\u2019h\u00e9bergement, sauf indication expresse contraire. Spainholidays4u \/ Ra\u00edces Espa\u00f1olas Servicios Tur\u00edsticos n\u2019est pas responsable des actes ou omissions des propri\u00e9taires, des locataires ou de tiers. <\/p>\n\n<p>Les services de maintenance et de gestion sont ex\u00e9cut\u00e9s au mieux de nos connaissances et capacit\u00e9s. Spainholidays4u \/ Ra\u00edces Espa\u00f1olas Servicios Tur\u00edsticos n\u2019est pas responsable des dommages r\u00e9sultant de l\u2019usure normale, de la force majeure, des conditions m\u00e9t\u00e9orologiques ou des actes de tiers. <\/p>\n\n<p>Ce site web peut contenir des liens vers des sites externes. Spainholidays4u \/ Ra\u00edces Espa\u00f1olas Servicios Tur\u00edsticos n\u2019exerce aucun contr\u00f4le sur le contenu de ces sites et n\u2019est pas responsable de leur contenu ou de leur fonctionnement. <\/p>\n\n<p>Tous les textes, photos et autres \u00e9l\u00e9ments pr\u00e9sents sur ce site sont la propri\u00e9t\u00e9 de Spainholidays4u \/ Ra\u00edces Espa\u00f1olas Servicios Tur\u00edsticos, sauf mention contraire. Toute utilisation sans autorisation \u00e9crite pr\u00e9alable est interdite. <\/p>\n\n<p>Le droit espagnol est applicable \u00e0 ce site web et \u00e0 la pr\u00e9sente clause de non-responsabilit\u00e9. Les litiges seront soumis au tribunal comp\u00e9tent en Espagne. <\/p>\n","protected":false},"excerpt":{"rendered":"<p>The information on this website of Spainholidays4u \/ Ra\u00edces Espa\u00f1olas Servicios Tur\u00edsticos has been compiled with the greatest possible care. Nevertheless, we cannot guarantee that all information is complete, accurate, and up to date at all times. No rights can be derived from the contents of this website. Spainholidays4u \/ Ra\u00edces Espa\u00f1olas Servicios Tur\u00edsticos d\u00e9cline [&hellip;]<\/p>\n","protected":false},"author":1,"featured_media":0,"parent":0,"menu_order":0,"comment_status":"closed","ping_status":"closed","template":"","meta":{"_acf_changed":false,"footnotes":""},"class_list":["post-4415","page","type-page","status-publish","hentry"],"acf":[],"_links":{"self":[{"href":"https:\/\/spainholidays4u.com\/fr\/wp-json\/wp\/v2\/pages\/4415","targetHints":{"allow":["GET"]}}],"collection":[{"href":"https:\/\/spainholidays4u.com\/fr\/wp-json\/wp\/v2\/pages"}],"about":[{"href":"https:\/\/spainholidays4u.com\/fr\/wp-json\/wp\/v2\/types\/page"}],"author":[{"embeddable":true,"href":"https:\/\/spainholidays4u.com\/fr\/wp-json\/wp\/v2\/users\/1"}],"replies":[{"embeddable":true,"href":"https:\/\/spainholidays4u.com\/fr\/wp-json\/wp\/v2\/comments?post=4415"}],"version-history":[{"count":1,"href":"https:\/\/spainholidays4u.com\/fr\/wp-json\/wp\/v2\/pages\/4415\/revisions"}],"predecessor-version":[{"id":4416,"href":"https:\/\/spainholidays4u.com\/fr\/wp-json\/wp\/v2\/pages\/4415\/revisions\/4416"}],"wp:attachment":[{"href":"https:\/\/spainholidays4u.com\/fr\/wp-json\/wp\/v2\/media?parent=4415"}],"curies":[{"name":"wp","href":"https:\/\/api.w.org\/{rel}","templated":true}]}}