{"id":3692,"date":"2025-06-11T05:13:04","date_gmt":"2025-06-11T03:13:04","guid":{"rendered":"https:\/\/spainholidays4u.com\/politique-de-confidentialite\/"},"modified":"2025-10-27T20:02:35","modified_gmt":"2025-10-27T18:02:35","slug":"politique-de-confidentialite","status":"publish","type":"page","link":"https:\/\/spainholidays4u.com\/fr\/politique-de-confidentialite\/","title":{"rendered":"Politique de confidentialit\u00e9"},"content":{"rendered":"\n<p><strong>1. D\u00c9TAILS DU RESPONSABLE DU TRAITEMENT DES DONN\u00c9ES<\/strong><\/p>\n\n<p>Nom de la soci\u00e9t\u00e9 : RAICES ESPA\u00d1OLAS SERVICIOS TURISTICOS SL (le \u00ab Responsable du traitement \u00bb)<\/p>\n\n<p>Num\u00e9ro d&rsquo;identification fiscale : B55227656<\/p>\n\n<p>Adresse commerciale : C\/ DE LA RUTLLA N\u00ba14 \u2013 17251 \u2013 CALONGE \u2013 GIRONA<\/p>\n\n<p>T\u00e9l\u00e9phone : 628028144<\/p>\n\n<p>Courriel pour les questions relatives \u00e0 la protection des donn\u00e9es : carlos@spainholidays4u.com<\/p>\n\n<p><strong>1.1. R\u00e9glementations applicables<\/strong><\/p>\n\n<p>Notre politique de confidentialit\u00e9 a \u00e9t\u00e9 \u00e9labor\u00e9e conform\u00e9ment au r\u00e8glement g\u00e9n\u00e9ral sur la protection des donn\u00e9es 2016\/679 du Parlement europ\u00e9en et du Conseil du 27 avril 2016, ainsi qu&rsquo;\u00e0 la loi organique 3\/2018 du 5 d\u00e9cembre relative \u00e0 la protection des donn\u00e9es \u00e0 caract\u00e8re personnel et \u00e0 la garantie des droits num\u00e9riques.<\/p>\n\n<p>En nous fournissant vos donn\u00e9es, vous d\u00e9clarez avoir lu et pris connaissance de la pr\u00e9sente politique de confidentialit\u00e9, et donnez votre consentement clair et explicite au traitement de vos donn\u00e9es personnelles aux fins et selon les modalit\u00e9s qui y sont \u00e9nonc\u00e9es.<\/p>\n\n<p>La Soci\u00e9t\u00e9 peut modifier la pr\u00e9sente Politique de confidentialit\u00e9 afin de l&rsquo;adapter aux a8&gt; l&rsquo;adapter aux \u00e9volutions l\u00e9gislatives ou juridiques ou aux interpr\u00e9tations de l&rsquo; a16&gt; l&rsquo; Agence espagnole de protection des donn\u00e9es Agency. Ces conditions de confidentialit\u00e9 peuvent \u00eatre compl\u00e9t\u00e9es par l&rsquo; mention l\u00e9gale, la politique en mati\u00e8re de cookies, et des conditions g\u00e9n\u00e9rales le cas \u00e9ch\u00e9ant. <\/p>\n\n<p><strong>1.2. Notre d\u00e9l\u00e9gu\u00e9 \u00e0 la protection des donn\u00e9es<\/strong><\/p>\n\n<p>LOPDMONTOLIU I SERVEIS SL<\/p>\n\n<p>Num\u00e9ro d&rsquo;identification fiscale : B55261804<\/p>\n\n<p>Num\u00e9ro de t\u00e9l\u00e9phone : 625459540<\/p>\n\n<p>Courriel : info@lopdmontoliu.es<\/p>\n\n<p><strong>2. FINALIT\u00c9 DU TRAITEMENT DES DONN\u00c9ES \u00c0 CARACT\u00c8RE PERSONNEL<\/strong><\/p>\n\n<p>Le traitement que nous effectuons de vos donn\u00e9es personnelles sert les objectifs suivants :<\/p>\n\n<ul class=\"wp-block-list\">\n<li>Pour vous fournir des informations relatives aux produits et\/ou services propos\u00e9s par notre entit\u00e9, tels que d\u00e9taill\u00e9s sur ce site web.<\/li>\n\n\n\n<li>Pour r\u00e9aliser la souscription de nos services par l&rsquo;acceptation du devis correspondant et\/ou la signature d&rsquo;un contrat commercial.<\/li>\n\n\n\n<li>Pour vous envoyer des informations et des mises \u00e0 jour concernant notre entreprise et nos produits\/services par e-mail et\/ou par courrier postal.<\/li>\n<\/ul>\n\n<p><strong>2.1. Dur\u00e9e de conservation des donn\u00e9es<\/strong><\/p>\n\n<p>Nous conserverons vos donn\u00e9es personnelles \u00e0 partir du moment o\u00f9 vous nous donnez votre consentement jusqu&rsquo;\u00e0 ce que vous le r\u00e9voquiez ou demandiez une limitation. Dans ce cas, nous conserverons vos donn\u00e9es bloqu\u00e9es pendant la p\u00e9riode l\u00e9galement requise. <\/p>\n\n<p><strong>3. JURIDIQUE BASE ET DONN\u00c9ES COLLECT\u00c9ES<\/strong><\/p>\n\n<p>La base juridique du traitement de vos donn\u00e9es est le consentement explicite donn\u00e9 par une action affirmative positive (remplir le formulaire appropri\u00e9 et cocher la case d&rsquo;acceptation) au moment o\u00f9 vous fournissez vos donn\u00e9es personnelles.<\/p>\n\n<p><strong>3.1. Consentement \u00e0 traiter vos donn\u00e9es<\/strong><\/p>\n\n<p>En remplissant les formulaires, en cochant la case \u00ab J&rsquo;accepte la politique de confidentialit\u00e9 \u00bb et en cliquant pour envoyer les donn\u00e9es, ou en envoyant des e-mails \u00e0 la Soci\u00e9t\u00e9 via les adresses d\u00e9sign\u00e9es, l&rsquo;Utilisateur d\u00e9clare avoir lu et express\u00e9ment accept\u00e9 la pr\u00e9sente Politique de confidentialit\u00e9, donnant son consentement clair et explicite au traitement de ses donn\u00e9es personnelles conform\u00e9ment aux finalit\u00e9s indiqu\u00e9es.<\/p>\n\n<p><strong>3.2. Cat\u00e9gories de donn\u00e9es<\/strong><\/p>\n\n<p>Les donn\u00e9es collect\u00e9es rel\u00e8vent de la cat\u00e9gorie des donn\u00e9es d&rsquo;identification, telles que : nom et pr\u00e9nom, num\u00e9ro de t\u00e9l\u00e9phone, adresse postale, soci\u00e9t\u00e9, adresse e-mail et adresse IP \u00e0 partir de laquelle le formulaire est consult\u00e9.<\/p>\n\n<p><strong>4. MESURES DE S\u00c9CURIT\u00c9<\/strong><\/p>\n\n<p>Dans le cadre de notre engagement \u00e0 garantir la s\u00e9curit\u00e9 et la confidentialit\u00e9 de vos donn\u00e9es personnelles, nous vous informons que nous avons adopt\u00e9 les mesures techniques et organisationnelles n\u00e9cessaires pour assurer la s\u00e9curit\u00e9 des donn\u00e9es personnelles et emp\u00eacher leur alt\u00e9ration, leur perte, leur traitement ou leur acc\u00e8s non autoris\u00e9, conform\u00e9ment \u00e0 l&rsquo;\u00e9tat de la technologie, \u00e0 la nature des donn\u00e9es stock\u00e9es et aux risques auxquels elles sont expos\u00e9es, conform\u00e9ment \u00e0 l&rsquo;article 32 du RGPD 679\/2016 de l&rsquo;UE.<\/p>\n\n<p><strong>5. DIVULGATION DES DONN\u00c9ES<\/strong><\/p>\n\n<p>Aucun transfert de donn\u00e9es ou transfert international de donn\u00e9es n&rsquo;est pr\u00e9vu, \u00e0 l&rsquo;exception de ceux autoris\u00e9s par la l\u00e9gislation fiscale, commerciale et des t\u00e9l\u00e9communications, et dans les cas o\u00f9 cela est requis par une autorit\u00e9 judiciaire.<\/p>\n\n<p><strong>6. DROITS DE L&rsquo;UTILISATEUR<\/strong><\/p>\n\n<p>Toute personne concern\u00e9e a le droit d&rsquo;obtenir la confirmation que nous traitons ou non des donn\u00e9es \u00e0 caract\u00e8re personnel la concernant. Les personnes concern\u00e9es ont le droit d&rsquo;acc\u00e9der \u00e0 leurs donn\u00e9es \u00e0 caract\u00e8re personnel et de demander la rectification des donn\u00e9es inexactes ou, le cas \u00e9ch\u00e9ant, leur suppression lorsque les donn\u00e9es ne sont plus n\u00e9cessaires aux fins pour lesquelles elles ont \u00e9t\u00e9 collect\u00e9es. <\/p>\n\n<p>Dans certaines circonstances, les personnes concern\u00e9es peuvent demander la limitation du traitement, auquel cas nous ne conserverons les donn\u00e9es que pour l&rsquo;exercice ou la d\u00e9fense de droits.<\/p>\n\n<p>Pour des raisons li\u00e9es \u00e0 leur situation particuli\u00e8re, les personnes concern\u00e9es peuvent s&rsquo;opposer au traitement de leurs donn\u00e9es. Le responsable du traitement doit cesser le traitement des donn\u00e9es, sauf s&rsquo;il existe des motifs l\u00e9gitimes et imp\u00e9rieux ou pour l&rsquo;exercice ou la d\u00e9fense d&rsquo;\u00e9ventuelles r\u00e9clamations. <\/p>\n\n<p>Conform\u00e9ment \u00e0 la l\u00e9gislation en vigueur, vous disposez des droits suivants : droit d&rsquo;acc\u00e8s, de rectification, de suppression, de limitation, d&rsquo;opposition, de portabilit\u00e9 de vos donn\u00e9es et de r\u00e9vocation de votre consentement. Vous avez \u00e9galement le droit de d\u00e9poser une plainte aupr\u00e8s de l&rsquo;Agence espagnole de protection des donn\u00e9es. <\/p>\n\n<p><strong>6.1. Comment exercer vos droits<\/strong><\/p>\n\n<p>Pour exercer vos droits, contactez le responsable du traitement et demandez le formulaire appropri\u00e9. Vous pouvez \u00e9galement contacter l&rsquo;autorit\u00e9 de contr\u00f4le pour obtenir de plus amples informations. <\/p>\n\n<p>Coordonn\u00e9es pour exercer vos droits : t\u00e9l\u00e9phone 628028144 et e-mail carlos@spainholidays4u.com.<\/p>\n\n<p>Veuillez joindre une copie d&rsquo;un document permettant de vous identifier.<\/p>\n\n<p><strong>7. CONSENTEMENT \u00c0 RECEVOIR DES COMMUNICATIONS \u00c9LECTRONIQUES<\/strong><\/p>\n\n<p>De m\u00eame, conform\u00e9ment \u00e0 la loi 34\/2002 du 11 juillet relative aux services de la soci\u00e9t\u00e9 de l&rsquo;information et au commerce \u00e9lectronique, en remplissant le formulaire de collecte de donn\u00e9es et en cochant la case \u00ab J&rsquo;accepte \u00bb, vous donnez votre consentement explicite pour recevoir des informations sur la soci\u00e9t\u00e9 par courrier \u00e9lectronique, t\u00e9l\u00e9phone, fax ou tout autre moyen \u00e9lectronique.<\/p>\n","protected":false},"excerpt":{"rendered":"<p>1. D\u00c9TAILS DU RESPONSABLE DU TRAITEMENT DES DONN\u00c9ES Nom de la soci\u00e9t\u00e9 : RAICES ESPA\u00d1OLAS SERVICIOS TURISTICOS SL (le \u00ab Responsable du traitement \u00bb) Num\u00e9ro d&rsquo;identification fiscale : B55227656 Adresse commerciale : C\/ DE LA RUTLLA N\u00ba14 \u2013 17251 \u2013 CALONGE \u2013 GIRONA T\u00e9l\u00e9phone : 628028144 Courriel pour les questions relatives \u00e0 la protection des [&hellip;]<\/p>\n","protected":false},"author":1,"featured_media":0,"parent":0,"menu_order":0,"comment_status":"closed","ping_status":"closed","template":"","meta":{"_acf_changed":false,"footnotes":""},"class_list":["post-3692","page","type-page","status-publish","hentry"],"acf":[],"_links":{"self":[{"href":"https:\/\/spainholidays4u.com\/fr\/wp-json\/wp\/v2\/pages\/3692","targetHints":{"allow":["GET"]}}],"collection":[{"href":"https:\/\/spainholidays4u.com\/fr\/wp-json\/wp\/v2\/pages"}],"about":[{"href":"https:\/\/spainholidays4u.com\/fr\/wp-json\/wp\/v2\/types\/page"}],"author":[{"embeddable":true,"href":"https:\/\/spainholidays4u.com\/fr\/wp-json\/wp\/v2\/users\/1"}],"replies":[{"embeddable":true,"href":"https:\/\/spainholidays4u.com\/fr\/wp-json\/wp\/v2\/comments?post=3692"}],"version-history":[{"count":1,"href":"https:\/\/spainholidays4u.com\/fr\/wp-json\/wp\/v2\/pages\/3692\/revisions"}],"predecessor-version":[{"id":3693,"href":"https:\/\/spainholidays4u.com\/fr\/wp-json\/wp\/v2\/pages\/3692\/revisions\/3693"}],"wp:attachment":[{"href":"https:\/\/spainholidays4u.com\/fr\/wp-json\/wp\/v2\/media?parent=3692"}],"curies":[{"name":"wp","href":"https:\/\/api.w.org\/{rel}","templated":true}]}}