{"id":3682,"date":"2025-10-27T12:41:14","date_gmt":"2025-10-27T10:41:14","guid":{"rendered":"https:\/\/spainholidays4u.com\/politique-daccessibilite\/"},"modified":"2025-10-27T19:59:04","modified_gmt":"2025-10-27T17:59:04","slug":"politique-daccessibilite","status":"publish","type":"page","link":"https:\/\/spainholidays4u.com\/fr\/politique-daccessibilite\/","title":{"rendered":"Politique d&rsquo;accessibilit\u00e9"},"content":{"rendered":"\n<p>Politique d&rsquo;accessibilit\u00e9 du site web : www.spainholidays4u.com<\/p>\n\n<p>Date d&rsquo;entr\u00e9e en vigueur : 27-10-2025<\/p>\n\n<p><strong>1. Introduction:<\/strong><\/p>\n\n<p>Spainholidays4u s&rsquo;engage \u00e0 offrir une exp\u00e9rience num\u00e9rique accessible \u00e0 tous les utilisateurs, quelles que soient leurs capacit\u00e9s physiques, cognitives ou sensorielles. Cette politique d\u00e9finit nos lignes directrices et nos objectifs afin de garantir l&rsquo;accessibilit\u00e9 de notre site web et de nous conformer aux normes internationalement reconnues, notamment les directives pour l&rsquo;accessibilit\u00e9 des contenus web (WCAG) 2.1. <\/p>\n\n<p><strong>2. Engagement en faveur de l&rsquo;accessibilit\u00e9 :<\/strong><\/p>\n\n<p>Nous nous engageons \u00e0 rendre notre site web accessible \u00e0 tous et \u00e0 prendre des mesures continues pour am\u00e9liorer l&rsquo;accessibilit\u00e9. Notre d\u00e9veloppement et conception \u00e9quipe s&rsquo;efforcera s&rsquo;efforcera de suivre les meilleures pratiques en mati\u00e8re d&rsquo;accessibilit\u00e9 \u00e0 toutes les \u00e9tapes a26&gt; pratiques \u00e0 toutes les \u00e9tapes du d\u00e9veloppement et de la refonte du site web. <\/p>\n\n<p><strong>3. Normes d&rsquo;accessibilit\u00e9 :<\/strong><\/p>\n\n<p>Notre site Web sera con\u00e7u et maintenu conform\u00e9ment aux normes d&rsquo;accessibilit\u00e9 suivantes :<\/p>\n\n<ul class=\"wp-block-list\">\n<li>Conformit\u00e9 aux directives d&rsquo;accessibilit\u00e9 du contenu web (WCAG) 2.1, niveau AA.<\/li>\n\n\n\n<li>Mise en \u0153uvre de la s\u00e9mantique HTML pour am\u00e9liorer la compr\u00e9hension du contenu et la navigation.<\/li>\n\n\n\n<li>Utilisation d&rsquo;ARIA (Accessible Rich Internet Applications) pour am\u00e9liorer l&rsquo;accessibilit\u00e9 des applications web dynamiques.<\/li>\n<\/ul>\n\n<p><br \/><strong>4. Tests et \u00e9valuations continus :<\/strong><\/p>\n\n<p>Nous effectuerons r\u00e9guli\u00e8rement des tests d&rsquo;accessibilit\u00e9 pendant le d\u00e9veloppement et les mises \u00e0 jour du site web. De plus, des contr\u00f4les r\u00e9guliers seront effectu\u00e9s afin de garantir la conformit\u00e9 aux normes d&rsquo;accessibilit\u00e9. <\/p>\n\n<p><strong>5. Faciliter la navigation :<\/strong><\/p>\n\n<p>Nous fournirons une structure de navigation claire et coh\u00e9rente.<\/p>\n\n<p>Les liens et les boutons doivent comporter des descriptions significatives afin de faciliter la compr\u00e9hension de leur fonction.<\/p>\n\n<p><strong>6. Contenu multim\u00e9dia :<\/strong><\/p>\n\n<p>Des alternatives textuelles seront fournies pour les contenus multim\u00e9dias, tels que les images et les vid\u00e9os.<\/p>\n\n<p>Les sous-titres et les transcriptions seront utilis\u00e9s pour les \u00e9l\u00e9ments audio et vid\u00e9o.<\/p>\n\n<p><strong>7. Contraste et lisibilit\u00e9 :<\/strong><\/p>\n\n<p>Un contraste suffisant entre le texte et a4&gt; et arri\u00e8re-plan doit \u00eatre assur\u00e9 afin d&rsquo; am\u00e9liorer la lisibilit\u00e9.<\/p>\n\n<p>Les utilisateurs pourront ajuster la taille du texte selon leurs pr\u00e9f\u00e9rences.<\/p>\n\n<p><strong>8. Formulaires et \u00e9l\u00e9ments interactifs :<\/strong><\/p>\n\n<p>Les formulaires doivent \u00eatre con\u00e7us avec des libell\u00e9s clairs et des champs de saisie descriptifs.<\/p>\n\n<p>Des messages d&rsquo;erreur clairs et des solutions doivent \u00eatre fournis afin de faciliter la correction des erreurs dans les formulaires.<\/p>\n\n<p><strong>9. Compatibilit\u00e9 avec les navigateurs et les appareils :<\/strong><\/p>\n\n<p>Nous nous efforcerons d&rsquo;assurer la compatibilit\u00e9 avec une grande vari\u00e9t\u00e9 de navigateurs et d&rsquo;appareils, y compris les technologies d&rsquo;assistance.<\/p>\n\n<p><strong>10. Commentaires et am\u00e9liorations :<\/strong><\/p>\n\n<p>Nous encourageons les utilisateurs \u00e0 nous faire part de leurs commentaires sur l&rsquo;accessibilit\u00e9 de notre site Web. Nous tiendrons compte de ces commentaires et prendrons les mesures n\u00e9cessaires pour r\u00e9soudre les probl\u00e8mes identifi\u00e9s. <\/p>\n\n<p><strong>11. Contact:<\/strong><\/p>\n\n<p>Pour toute question, commentaire ou probl\u00e8me li\u00e9 \u00e0 l&rsquo;accessibilit\u00e9 de notre site Web, veuillez contacter notre \u00e9quipe d&rsquo;assistance \u00e0 l&rsquo;adresse info@spainholidays4u.com.<\/p>\n\n<p><strong>R\u00e9vision et mise \u00e0 jour des politiques :<\/strong><\/p>\n\n<p>Cette politique sera r\u00e9vis\u00e9e r\u00e9guli\u00e8rement afin de garantir qu&rsquo;elle reste pertinente et efficace. Des mises \u00e0 jour seront effectu\u00e9es si n\u00e9cessaire afin de refl\u00e9ter les changements technologiques, l\u00e9gislatifs et les meilleures pratiques en mati\u00e8re d&rsquo;accessibilit\u00e9. <\/p>\n\n<p>Nous appr\u00e9cions votre coop\u00e9ration pour nous aider \u00e0 am\u00e9liorer l&rsquo; accessibilit\u00e9 de notre site web et offrir une exp\u00e9rience en ligne inclusive \u00e0 tous les utilisateurs.<\/p>\n","protected":false},"excerpt":{"rendered":"<p>Politique d&rsquo;accessibilit\u00e9 du site web : www.spainholidays4u.com Date d&rsquo;entr\u00e9e en vigueur : 27-10-2025 1. Introduction: Spainholidays4u s&rsquo;engage \u00e0 offrir une exp\u00e9rience num\u00e9rique accessible \u00e0 tous les utilisateurs, quelles que soient leurs capacit\u00e9s physiques, cognitives ou sensorielles. Cette politique d\u00e9finit nos lignes directrices et nos objectifs afin de garantir l&rsquo;accessibilit\u00e9 de notre site web et de [&hellip;]<\/p>\n","protected":false},"author":1,"featured_media":0,"parent":0,"menu_order":0,"comment_status":"closed","ping_status":"closed","template":"","meta":{"_acf_changed":false,"footnotes":""},"class_list":["post-3682","page","type-page","status-publish","hentry"],"acf":[],"_links":{"self":[{"href":"https:\/\/spainholidays4u.com\/fr\/wp-json\/wp\/v2\/pages\/3682","targetHints":{"allow":["GET"]}}],"collection":[{"href":"https:\/\/spainholidays4u.com\/fr\/wp-json\/wp\/v2\/pages"}],"about":[{"href":"https:\/\/spainholidays4u.com\/fr\/wp-json\/wp\/v2\/types\/page"}],"author":[{"embeddable":true,"href":"https:\/\/spainholidays4u.com\/fr\/wp-json\/wp\/v2\/users\/1"}],"replies":[{"embeddable":true,"href":"https:\/\/spainholidays4u.com\/fr\/wp-json\/wp\/v2\/comments?post=3682"}],"version-history":[{"count":2,"href":"https:\/\/spainholidays4u.com\/fr\/wp-json\/wp\/v2\/pages\/3682\/revisions"}],"predecessor-version":[{"id":3685,"href":"https:\/\/spainholidays4u.com\/fr\/wp-json\/wp\/v2\/pages\/3682\/revisions\/3685"}],"wp:attachment":[{"href":"https:\/\/spainholidays4u.com\/fr\/wp-json\/wp\/v2\/media?parent=3682"}],"curies":[{"name":"wp","href":"https:\/\/api.w.org\/{rel}","templated":true}]}}