{"id":3675,"date":"2025-08-21T19:56:18","date_gmt":"2025-08-21T17:56:18","guid":{"rendered":"https:\/\/spainholidays4u.com\/conditions-de-location\/"},"modified":"2025-10-27T19:56:22","modified_gmt":"2025-10-27T17:56:22","slug":"conditions-de-location","status":"publish","type":"page","link":"https:\/\/spainholidays4u.com\/fr\/conditions-de-location\/","title":{"rendered":"Conditions de location"},"content":{"rendered":"\n<p><strong>1 R\u00e9servation<\/strong><br \/>Vous pouvez r\u00e9server par t\u00e9l\u00e9phone ou par Internet (en ligne).<br \/>Les r\u00e9servations sont contraignantes pour les deux parties<br \/>La p\u00e9riode de location doit \u00eatre d&rsquo;au moins une semaine.<br \/>Chaque commande de r\u00e9servation sera confirm\u00e9e par spainholidays4u au moyen d&rsquo;une pi\u00e8ce jointe de r\u00e9servation. Apr\u00e8s avoir re\u00e7u la confirmation, vous \u00eates tenu (oblig\u00e9) de payer 30 % du montant de la location dans les 7 jours. Ce n&rsquo;est qu&rsquo;apr\u00e8s r\u00e9ception de votre acompte conform\u00e9ment \u00e0 l&rsquo;accord que votre r\u00e9servation sera d\u00e9finitive. Le solde du montant de la location doit \u00eatre vers\u00e9 sur notre compte bancaire au plus tard 8 semaines avant le d\u00e9but de la p\u00e9riode de location. En cas de r\u00e9servation \u00e0 court terme, vous devrez payer la totalit\u00e9 du montant de la location en une seule fois. Nous sommes en droit d&rsquo;annuler la r\u00e9servation si le paiement n&rsquo;a pas \u00e9t\u00e9 effectu\u00e9 dans les d\u00e9lais. \u00c0 votre arriv\u00e9e, vous devrez pr\u00e9senter le formulaire de r\u00e9servation et une pi\u00e8ce d&rsquo;identit\u00e9 valide \u00e0 notre personnel sur place.      <\/p>\n\n<p><strong>2. Modification des conditions g\u00e9n\u00e9rales<\/strong><br \/>Spainholidays4u se r\u00e9serve le droit de modifier les pr\u00e9sentes conditions g\u00e9n\u00e9rales \u00e0 tout moment sans vous en informer au pr\u00e9alable et vous acceptez que votre utilisation de ce site soit soumise aux conditions g\u00e9n\u00e9rales en vigueur \u00e0 ce moment-l\u00e0.<\/p>\n\n<p><strong>3. Annulation<\/strong><br \/>Annulation est possible dans les 8 jours suivant la r\u00e9servation. <br \/>Si annul\u00e9e apr\u00e8s 8 jours et jusqu&rsquo;\u00e0 8 semaines a19&gt; avant le d\u00e9but de la<br \/>location p\u00e9riode, 30 % du montant de la location sera factur\u00e9 . <br \/>En cas d&rsquo;annulation entre 8 et 4 semaines avant le d\u00e9but de la location, a40&gt; d\u00e9but de la location<br \/>p\u00e9riode, 60 % du montant de la location sera factur\u00e9 au. <br \/>Toutes les annulations doivent \u00eatre effectu\u00e9es par e-mail ou lettre. <br \/>Des frais administratifs de 35 \u20ac s&rsquo;appliquent \u00e0 toutes les annulations.<\/p>\n\n<p><strong>3.1<\/strong> <strong>Annulation par Spainholidays4u<\/strong><br \/>Si, dans une situation quelconque, Spainholidays4u demande l&rsquo;annulation d&rsquo;une r\u00e9servation pour une maison de vacances lou\u00e9e, une notification sera directement envoy\u00e9e et, dans la mesure du possible, une alternative sera propos\u00e9e. En cas de non-acceptation de l&rsquo;alternative, Spainholidays4u remboursera imm\u00e9diatement au locataire les paiements d\u00e9j\u00e0 effectu\u00e9s. Le locataire renonce alors \u00e0 tout autre droit que le remboursement des frais pay\u00e9s.  <\/p>\n\n<p><strong>4. Responsabilit\u00e9<\/strong><br \/>Spainholidays4u agit uniquement en tant qu&rsquo;interm\u00e9diaire entre le propri\u00e9taire et le locataire et ne peut donc \u00eatre tenu responsable par le locataire en cas d&rsquo;accident\/blessure\/dommage survenant pendant la p\u00e9riode de location. Spainholidays4u se r\u00e9serve le droit de refuser des clients ou d&rsquo;annuler des r\u00e9servations s&rsquo;il existe une raison valable de le faire. Dans tous les cas, la responsabilit\u00e9 de Spainholidays4u ne peut exc\u00e9der le montant du loyer pay\u00e9 par le locataire. Spainholidays4u ne peut en aucun cas \u00eatre tenu responsable des dommages et\/ou frais subis par le locataire. Spainholidays4u n&rsquo;est pas responsable des erreurs non fautives dans la description sur le site Spainholidays4u ou sur les portails publicitaires publi\u00e9s sur Internet.     <\/p>\n\n<p><strong>5. Dommages<\/strong><br \/>Pendant votre s\u00e9jour dans la maison de vacances vous et\/ou vos voyage compagnons en tant que locataires sont enti\u00e8rement responsables de la location de la maison de vacances. Les dommages caus\u00e9s doivent \u00eatre pay\u00e9s au propri\u00e9taire sur le lieu. Spainholidays4u ne peut accepter la responsabilit\u00e9 en cas de perte, vol, dommage ou blessure, qui sont directement ou indirectement caus\u00e9s par vous-m\u00eame. Spainholidays4u.com ne peut \u00e9galement \u00eatre tenu responsable des dommages qui sont caus\u00e9s par des catastrophes naturelles. a45&gt; caus\u00e9s par des catastrophes naturelles, des agressions, des gr\u00e8ves et autres \u00e9v\u00e9nements similaires.   <\/p>\n\n<p><strong>6.1 Caution<\/strong><br \/>Vous \u00eates tenu de verser une caution \u00e0 l&rsquo;avance, qui vous sera rembours\u00e9e sur votre compte bancaire\/compte postal dans les 10 jours ouvrables suivant votre d\u00e9part (dernier jour de location). Si, apr\u00e8s votre s\u00e9jour, des dommages ou des casses sont constat\u00e9s, les frais de r\u00e9paration seront d\u00e9duits de votre caution. Le montant de la caution est indiqu\u00e9 dans votre confirmation de r\u00e9servation. De plus, vous devrez vous identifier \u00e0 votre arriv\u00e9e \u00e0 l&rsquo;aide d&rsquo;un passeport ou d&rsquo;une carte d&rsquo;identit\u00e9.   <\/p>\n\n<p><strong>6.2 Jeunes<\/strong><br \/>Dans le cas de groupes de jeunes, le montant habituel de la caution sera major\u00e9 de 100 euros par personne. En outre, les frais de nettoyage final obligatoire et \u00e0 payer s&rsquo;appliquent. La caution sera rembours\u00e9e sur leur compte bancaire ou postal dans les 10 jours ouvrables suivant leur d\u00e9part et apr\u00e8s v\u00e9rification de l&rsquo;\u00e9tat du logement utilis\u00e9.  <\/p>\n\n<p><strong>6.3 Restriction d&rsquo;\u00e2ge<\/strong><br \/>Divers h\u00e9bergements ne sont pas disponibles pour les jeunes ou les groupes de jeunes. Si, \u00e0 l&rsquo;arriv\u00e9e, il s&rsquo;av\u00e8re qu&rsquo;un groupe de personnes dont la moyenne d&rsquo;\u00e2ge est inf\u00e9rieure \u00e0 25 ans a n\u00e9anmoins effectu\u00e9 une r\u00e9servation, leur entr\u00e9e sera refus\u00e9e et aucun remboursement ne sera accord\u00e9. <\/p>\n\n<p><strong>7. Assurance <\/strong><br \/>Nous vous conseillons de souscrire une assurance voyage et\/ou une assurance annulation.<\/p>\n\n<p><strong>8.1 Locataire<\/strong><br \/>Entre 22h00 et 7h00, nous vous demandons de ne pas faire de bruit\/musique qui emp\u00eacherait les r\u00e9sidents locaux de passer une bonne nuit de sommeil. En cas de nuisance av\u00e9r\u00e9e caus\u00e9e par le locataire, Spainholidays4u se r\u00e9serve le droit et l&rsquo;autorit\u00e9 d&rsquo;annuler imm\u00e9diatement le contrat de location sans aucun remboursement du montant de la location ou de la caution vers\u00e9s. <\/p>\n\n<p><strong>Au moment de quitter (quitter) le logement, le locataire doit veiller \u00e0 ce que :<\/strong><br \/>Vous devez d\u00e9poser vos d\u00e9chets m\u00e9nagers dans les conteneurs pr\u00e9vus \u00e0 cet effet pour chaque type : verre, papier, emballages plastiques et cartons de boissons,<br \/>La vaisselle, les couverts et les ustensiles de cuisine doivent \u00eatre laiss\u00e9s propres \u00e0 l&rsquo;endroit pr\u00e9vu \u00e0 cet effet.<br \/>Le lave-vaisselle doit \u00eatre vid\u00e9 et laiss\u00e9 propre.<br \/>La literie doit \u00eatre retir\u00e9e.<br \/>Le barbecue\/foyer doit \u00eatre laiss\u00e9 propre et vide.<br \/>Le jardin et la terrasse doivent \u00eatre exempts de d\u00e9chets (tels que les filtres de cigarettes).<br \/>Le mobilier de jardin doit \u00eatre remis \u00e0 l&rsquo;endroit o\u00f9 il se trouvait le premier jour de la location.<\/p>\n\n<p>Des frais de nettoyage suppl\u00e9mentaires peuvent \u00eatre factur\u00e9s si la maison n&rsquo;est pas jug\u00e9e propre par le propri\u00e9taire (bailleur) et\/ou par le contr\u00f4leur de spainholiday4u. Des frais suppl\u00e9mentaires seront factur\u00e9s pour les d\u00e9chets laiss\u00e9s sur place lors du d\u00e9p\u00f4t de garantie ! <\/p>\n\n<p><strong>8.2. Responsabilit\u00e9s du locataire<\/strong><br \/>Le locataire est responsable du bon entretien du bien lou\u00e9 et est donc responsable des dommages \u00e9ventuels caus\u00e9s par lui-m\u00eame ou ses compagnons de voyage pendant son s\u00e9jour.<\/p>\n\n<p><strong>9. Animaux domestiques<\/strong><br \/>Les animaux domestiques ne sont pas autoris\u00e9s partout. Vous trouverez des informations \u00e0 ce sujet dans la description de la maison de vacances. <\/p>\n\n<p><strong>10. Literie<\/strong><br \/>La literie peut \u00eatre lou\u00e9e si elle n&rsquo;est pas fournie avec la maison de vacances. Veuillez nous indiquer si vous souhaitez b\u00e9n\u00e9ficier de ce service lors de votre r\u00e9servation. Vous devrez apporter vos propres serviettes, torchons, etc., sauf indication contraire. Il est interdit de dormir dans les lits sans utiliser de literie.   <\/p>\n\n<p><strong>11.1 Heures d&rsquo;ouverture<\/strong><br \/>En dehors de la haute saison, il est possible (cela peut arriver) que certains jours ou \u00e0 certaines heures, les installations mentionn\u00e9es sur notre site, telles que les piscines, les restaurants ou les magasins, soient (temporairement) ferm\u00e9es. Spainholidays4u ne peut \u00eatre tenu responsable du fait que, quelle qu&rsquo;en soit la raison, certaines installations n&rsquo;\u00e9taient pas accessibles pendant vos vacances. <\/p>\n\n<p><strong>11.2 Arriv\u00e9e et d\u00e9part<\/strong><br \/>Vous pouvez disposer de votre villa \/ appartement de vacances le premier jour de location entre 16h00 et 20h00. Les frais d&rsquo;arriv\u00e9e apr\u00e8s 20h00 (apr\u00e8s avoir \u00e9t\u00e9 annonc\u00e9s) s&rsquo;\u00e9l\u00e8vent \u00e0 50 euros. La villa\/l&rsquo;appartement de vacances doit \u00eatre lib\u00e9r\u00e9 le jour du d\u00e9part avant 10h00 du matin.<br \/>En cas de d\u00e9part apr\u00e8s 10h00, des frais suppl\u00e9mentaires seront factur\u00e9s !<\/p>\n\n<p><strong>12. Nombre de personnes<\/strong><br \/>Le nombre de personnes indiqu\u00e9 par \u00e9crit dans la description de la maison de vacances correspond au nombre maximum autoris\u00e9. Il est interdit d&rsquo;occuper la maison avec un nombre de personnes sup\u00e9rieur \u00e0 celui indiqu\u00e9 lors de la r\u00e9servation. Il est \u00e9galement interdit d&rsquo;installer une tente, une caravane ou un camping-car. En cas de non-respect de ces r\u00e8gles, le contrat de location est consid\u00e9r\u00e9 comme l\u00e9galement annul\u00e9 et l&rsquo;acc\u00e8s \u00e0 la maison de vacances sera refus\u00e9 sans que le client puisse pr\u00e9tendre \u00e0 un remboursement du loyer pay\u00e9.   <\/p>\n\n<p><strong>13.<\/strong><strong>\u00c9v\u00e9nements et rassemblements avec invit\u00e9s invit\u00e9s. <\/strong><br \/>La maison de vacances est destin\u00e9e \u00e0 vous et votre voyage groupe. Il est interdit d&rsquo;organiser des f\u00eates ou de consommer des drogues dans nos maisons de vacances ! \u00c9v\u00e9nements ou rassemblements avec invit\u00e9s autres que les personnes de la voyage<br \/>partie. Si cette condition n&rsquo;est pas respect\u00e9e, nous mettrons fin au contrat de location et facturerons.   <br \/>(nettoyage) co\u00fbts.<\/p>\n\n<p><strong>14. D\u00e9sagr\u00e9ments<\/strong><br \/>Il est possible que pendant votre s\u00e9jour, des travaux routiers soient effectu\u00e9s devant votre maison de vacances ou \u00e0 proximit\u00e9 imm\u00e9diate. Nous comprenons que cela puisse vous causer des d\u00e9sagr\u00e9ments. Spainholidays4u ne peut \u00eatre tenu responsable de ce type de d\u00e9sagr\u00e9ments, car nous n&rsquo;avons aucune influence sur ceux-ci. Il est \u00e9galement possible que pendant votre s\u00e9jour, l&rsquo;approvisionnement en eau ou en \u00e9lectricit\u00e9 soit temporairement perturb\u00e9. Spainholidays4u.com ne peut \u00eatre tenu responsable de cela non plus.    <\/p>\n\n<p><strong>15. R\u00e9clamations<\/strong><br \/>Si vous avez une r\u00e9clamation \u00e0 formuler \u00e0 votre arriv\u00e9e ou pendant votre s\u00e9jour, veuillez vous adresser \u00e0 notre personnel afin de lui donner la possibilit\u00e9 de r\u00e9soudre votre probl\u00e8me. Le locataire doit signaler toute r\u00e9clamation survenant \u00e0 son arriv\u00e9e dans la maison de vacances ou pendant son s\u00e9jour dans les 24 heures \u00e0 notre personnel. Spainholidays4u fera tout son possible pour r\u00e9soudre la r\u00e9clamation imm\u00e9diatement sur place. Vous devez \u00e0 tout moment donner \u00e0 spainholidays4u la possibilit\u00e9 de trouver une solution appropri\u00e9e \u00e0 la r\u00e9clamation. Un d\u00e9part anticip\u00e9 ou un d\u00e9m\u00e9nagement ind\u00e9pendant dans un autre logement lib\u00e8re Spainholidays4u de toute obligation d&rsquo;indemnisation. Spainholidays4u ne peut \u00eatre tenu responsable des pertes ou dommages caus\u00e9s par des actions, n\u00e9gligences ou omissions de nos partenaires contractuels.     <\/p>\n\n<p><strong>16. Taxe touristique<\/strong><br \/>\u00c0 partir du 1er novembre 2012, la Catalogne, premi\u00e8re et unique r\u00e9gion f\u00e9d\u00e9rale d&rsquo;Espagne, va introduire une taxe touristique. Spainholidays4u loue \u00e9galement des maisons de vacances dans cette r\u00e9gion. En ce qui concerne ces maisons de vacances, vous devez garder \u00e0 l&rsquo;esprit qu&rsquo;\u00e0 votre arriv\u00e9e \u00e0 notre agence, notre personnel vous demandera de payer cette taxe touristique. Ces taxes concernent \u00e0 la fois les touristes \u00e9trangers et les Espagnols qui passent leurs vacances en Catalogne.   <\/p>\n\n<p><strong>Ci-dessous, un aper\u00e7u des tarifs fiscaux<\/strong><br \/>Les appartements et les maisons de vacances co\u00fbtent 0,90 euro par nuit et par personne.<br \/>Les prix s&rsquo;entendent toujours par personne et par nuit pour les personnes \u00e2g\u00e9es de 16 ans et plus. Le s\u00e9jour est limit\u00e9 \u00e0 7 nuits maximum, jamais plus. La taxe de s\u00e9jour doit \u00eatre r\u00e9gl\u00e9e sur place, \u00e0 notre bureau.  <\/p>\n\n<p><strong>17. Conditions g\u00e9n\u00e9rales de location<\/strong><br \/>Une fois votre r\u00e9servation effectu\u00e9e, vous acceptez automatiquement avoir lu et compris les conditions g\u00e9n\u00e9rales et en approuver le contenu.<\/p>\n\n<p><strong>Spainholidays4u : conditions de location 2025<\/strong><br \/>Ra\u00edces Espa\u00f1olas Servicios Tur\u00edsticos S.L \u00c9tablie \u00e0 Calonge, Giroa, Espagne. Num\u00e9ro d&rsquo;enregistrement (NIF) B55227656 <\/p>\n","protected":false},"excerpt":{"rendered":"<p>1 R\u00e9servationVous pouvez r\u00e9server par t\u00e9l\u00e9phone ou par Internet (en ligne).Les r\u00e9servations sont contraignantes pour les deux partiesLa p\u00e9riode de location doit \u00eatre d&rsquo;au moins une semaine.Chaque commande de r\u00e9servation sera confirm\u00e9e par spainholidays4u au moyen d&rsquo;une pi\u00e8ce jointe de r\u00e9servation. Apr\u00e8s avoir re\u00e7u la confirmation, vous \u00eates tenu (oblig\u00e9) de payer 30 % du [&hellip;]<\/p>\n","protected":false},"author":1,"featured_media":0,"parent":0,"menu_order":0,"comment_status":"closed","ping_status":"closed","template":"","meta":{"_acf_changed":false,"footnotes":""},"class_list":["post-3675","page","type-page","status-publish","hentry"],"acf":[],"_links":{"self":[{"href":"https:\/\/spainholidays4u.com\/fr\/wp-json\/wp\/v2\/pages\/3675","targetHints":{"allow":["GET"]}}],"collection":[{"href":"https:\/\/spainholidays4u.com\/fr\/wp-json\/wp\/v2\/pages"}],"about":[{"href":"https:\/\/spainholidays4u.com\/fr\/wp-json\/wp\/v2\/types\/page"}],"author":[{"embeddable":true,"href":"https:\/\/spainholidays4u.com\/fr\/wp-json\/wp\/v2\/users\/1"}],"replies":[{"embeddable":true,"href":"https:\/\/spainholidays4u.com\/fr\/wp-json\/wp\/v2\/comments?post=3675"}],"version-history":[{"count":2,"href":"https:\/\/spainholidays4u.com\/fr\/wp-json\/wp\/v2\/pages\/3675\/revisions"}],"predecessor-version":[{"id":3678,"href":"https:\/\/spainholidays4u.com\/fr\/wp-json\/wp\/v2\/pages\/3675\/revisions\/3678"}],"wp:attachment":[{"href":"https:\/\/spainholidays4u.com\/fr\/wp-json\/wp\/v2\/media?parent=3675"}],"curies":[{"name":"wp","href":"https:\/\/api.w.org\/{rel}","templated":true}]}}