{"id":3655,"date":"2025-09-01T10:01:05","date_gmt":"2025-09-01T08:01:05","guid":{"rendered":"https:\/\/spainholidays4u.com\/service-de-location\/"},"modified":"2025-10-27T19:42:02","modified_gmt":"2025-10-27T17:42:02","slug":"service-de-location","status":"publish","type":"page","link":"https:\/\/spainholidays4u.com\/fr\/service-de-location\/","title":{"rendered":"Service de location"},"content":{"rendered":"\t\t<div data-elementor-type=\"wp-page\" data-elementor-id=\"3655\" class=\"elementor elementor-3655 elementor-2428\" data-elementor-post-type=\"page\">\n\t\t\t\t<div class=\"elementor-element elementor-element-3278058 e-flex e-con-boxed e-con e-parent\" data-id=\"3278058\" data-element_type=\"container\" data-e-type=\"container\" data-settings=\"{&quot;background_background&quot;:&quot;classic&quot;}\">\n\t\t\t\t\t<div class=\"e-con-inner\">\n\t\t\t\t\t<\/div>\n\t\t\t\t<\/div>\n\t\t<div class=\"elementor-element elementor-element-067e404 e-flex e-con-boxed e-con e-parent\" data-id=\"067e404\" data-element_type=\"container\" data-e-type=\"container\" data-settings=\"{&quot;background_background&quot;:&quot;classic&quot;}\">\n\t\t\t\t\t<div class=\"e-con-inner\">\n\t\t<div class=\"elementor-element elementor-element-2edfe85 e-con-full e-flex e-con e-child\" data-id=\"2edfe85\" data-element_type=\"container\" data-e-type=\"container\">\n\t\t\t\t<div class=\"elementor-element elementor-element-3e9dd82 elementor-widget elementor-widget-heading\" data-id=\"3e9dd82\" data-element_type=\"widget\" data-e-type=\"widget\" data-widget_type=\"heading.default\">\n\t\t\t\t<div class=\"elementor-widget-container\">\n\t\t\t\t\t<h2 class=\"elementor-heading-title elementor-size-default\">Service \u00e0 domicile<\/h2>\t\t\t\t<\/div>\n\t\t\t\t<\/div>\n\t\t\t\t<div class=\"elementor-element elementor-element-3cd5aa5 elementor-widget__width-inherit elementor-widget elementor-widget-text-editor\" data-id=\"3cd5aa5\" data-element_type=\"widget\" data-e-type=\"widget\" data-widget_type=\"text-editor.default\">\n\t\t\t\t<div class=\"elementor-widget-container\">\n\t\t\t\t\t\t\t\t\t<p>Vous pensez que le confort pendant vos vacances est important. <a href=\"https:\/\/www.spainholidays4u.com\/\">Spainholidays4u<\/a> se fera un plaisir de vous aider \u00e0 r\u00e9aliser cela.<\/p>\t\t\t\t\t\t\t\t<\/div>\n\t\t\t\t<\/div>\n\t\t\t\t<div class=\"elementor-element elementor-element-f42767e elementor-widget elementor-widget-heading\" data-id=\"f42767e\" data-element_type=\"widget\" data-e-type=\"widget\" data-widget_type=\"heading.default\">\n\t\t\t\t<div class=\"elementor-widget-container\">\n\t\t\t\t\t<h2 class=\"elementor-heading-title elementor-size-default\">Personnalis\u00e9 et assistance<\/h2>\t\t\t\t<\/div>\n\t\t\t\t<\/div>\n\t\t\t\t<div class=\"elementor-element elementor-element-214c3fd elementor-widget__width-inherit elementor-widget elementor-widget-text-editor\" data-id=\"214c3fd\" data-element_type=\"widget\" data-e-type=\"widget\" data-widget_type=\"text-editor.default\">\n\t\t\t\t<div class=\"elementor-widget-container\">\n\t\t\t\t\t\t\t\t\t<p>Pendant votre s\u00e9jour dans l&rsquo;un de nos h\u00e9bergements de vacances, spainholidays4u est \u00e0 votre disposition via un num\u00e9ro de t\u00e9l\u00e9phone et une adresse e-mail sp\u00e9ciaux. Vous rencontrez un probl\u00e8me dans votre maison de vacances, vous avez besoin de soins m\u00e9dicaux ou vous cherchez un taxi ? <br>Gr\u00e2ce \u00e0 notre gamme de services, vous pourrez entrer imm\u00e9diatement en contact avec les membres de notre personnel.<\/p>\t\t\t\t\t\t\t\t<\/div>\n\t\t\t\t<\/div>\n\t\t\t\t<div class=\"elementor-element elementor-element-cf33823 elementor-widget elementor-widget-heading\" data-id=\"cf33823\" data-element_type=\"widget\" data-e-type=\"widget\" data-widget_type=\"heading.default\">\n\t\t\t\t<div class=\"elementor-widget-container\">\n\t\t\t\t\t<h2 class=\"elementor-heading-title elementor-size-default\">Service de courses<\/h2>\t\t\t\t<\/div>\n\t\t\t\t<\/div>\n\t\t\t\t<div class=\"elementor-element elementor-element-e910bea elementor-widget__width-inherit elementor-widget elementor-widget-text-editor\" data-id=\"e910bea\" data-element_type=\"widget\" data-e-type=\"widget\" data-widget_type=\"text-editor.default\">\n\t\t\t\t<div class=\"elementor-widget-container\">\n\t\t\t\t\t\t\t\t\t<p>Les articles courants tels que papier toilette, savon, sacs poubelles, etc. sont fournis dans la maison, villa ou appartement de vacances. Les autres articles doivent \u00eatre achet\u00e9s par vos soins. Vous pouvez \u00e9galement faire appel \u00e0 notre service de courses. Dans ce cas, votre r\u00e9frig\u00e9rateur sera approvisionn\u00e9 \u00e0 l&rsquo;avance avec un pack de d\u00e9marrage. Veuillez nous contacter pour obtenir des informations sur cette option et les frais associ\u00e9s.    <\/p>\t\t\t\t\t\t\t\t<\/div>\n\t\t\t\t<\/div>\n\t\t\t\t<\/div>\n\t\t<div class=\"elementor-element elementor-element-6c6b177 e-con-full e-flex e-con e-child\" data-id=\"6c6b177\" data-element_type=\"container\" data-e-type=\"container\">\n\t\t\t\t<div class=\"elementor-element elementor-element-fbbd956 elementor-hidden-tablet elementor-widget elementor-widget-image\" data-id=\"fbbd956\" data-element_type=\"widget\" data-e-type=\"widget\" data-widget_type=\"image.default\">\n\t\t\t\t<div class=\"elementor-widget-container\">\n\t\t\t\t\t\t\t\t\t\t\t\t\t\t\t<img fetchpriority=\"high\" decoding=\"async\" width=\"1024\" height=\"1024\" src=\"https:\/\/spainholidays4u.com\/wp-content\/uploads\/2025\/09\/home-service-_1_.webp\" class=\"attachment-full size-full wp-image-3646\" alt=\"\" srcset=\"https:\/\/spainholidays4u.com\/wp-content\/uploads\/2025\/09\/home-service-_1_.webp 1024w, https:\/\/spainholidays4u.com\/wp-content\/uploads\/2025\/09\/home-service-_1_-300x300.webp 300w, https:\/\/spainholidays4u.com\/wp-content\/uploads\/2025\/09\/home-service-_1_-150x150.webp 150w, https:\/\/spainholidays4u.com\/wp-content\/uploads\/2025\/09\/home-service-_1_-768x768.webp 768w, https:\/\/spainholidays4u.com\/wp-content\/uploads\/2025\/09\/home-service-_1_-60x60.webp 60w, https:\/\/spainholidays4u.com\/wp-content\/uploads\/2025\/09\/home-service-_1_-600x600.webp 600w, https:\/\/spainholidays4u.com\/wp-content\/uploads\/2025\/09\/home-service-_1_-100x100.webp 100w\" sizes=\"(max-width: 1024px) 100vw, 1024px\" \/>\t\t\t\t\t\t\t\t\t\t\t\t\t\t\t<\/div>\n\t\t\t\t<\/div>\n\t\t\t\t<\/div>\n\t\t\t\t\t<\/div>\n\t\t\t\t<\/div>\n\t\t<div class=\"elementor-element elementor-element-1f28e24 e-flex e-con-boxed e-con e-parent\" data-id=\"1f28e24\" data-element_type=\"container\" data-e-type=\"container\" data-settings=\"{&quot;background_background&quot;:&quot;classic&quot;}\">\n\t\t\t\t\t<div class=\"e-con-inner\">\n\t\t<div class=\"elementor-element elementor-element-4f947d9 e-con-full e-flex e-con e-child\" data-id=\"4f947d9\" data-element_type=\"container\" data-e-type=\"container\">\n\t\t\t\t<div class=\"elementor-element elementor-element-04ac72a elementor-widget elementor-widget-heading\" data-id=\"04ac72a\" data-element_type=\"widget\" data-e-type=\"widget\" data-widget_type=\"heading.default\">\n\t\t\t\t<div class=\"elementor-widget-container\">\n\t\t\t\t\t<h2 class=\"elementor-heading-title elementor-size-default\">Nettoyage de la maison<\/h2>\t\t\t\t<\/div>\n\t\t\t\t<\/div>\n\t\t\t\t<div class=\"elementor-element elementor-element-228facd elementor-widget elementor-widget-text-editor\" data-id=\"228facd\" data-element_type=\"widget\" data-e-type=\"widget\" data-widget_type=\"text-editor.default\">\n\t\t\t\t<div class=\"elementor-widget-container\">\n\t\t\t\t\t\t\t\t\t<p class=\"p1\">Le logement sera propre et bien rang\u00e9 \u00e0 votre arriv\u00e9e. Si vous le souhaitez, nous pouvons \u00e9galement nettoyer votre maison de vacances pendant votre s\u00e9jour. Contactez-nous pour obtenir des informations sur cette option et les frais correspondants.  <\/p>\t\t\t\t\t\t\t\t<\/div>\n\t\t\t\t<\/div>\n\t\t\t\t<div class=\"elementor-element elementor-element-1081c18 elementor-widget elementor-widget-heading\" data-id=\"1081c18\" data-element_type=\"widget\" data-e-type=\"widget\" data-widget_type=\"heading.default\">\n\t\t\t\t<div class=\"elementor-widget-container\">\n\t\t\t\t\t<h2 class=\"elementor-heading-title elementor-size-default\">Linge de maison<\/h2>\t\t\t\t<\/div>\n\t\t\t\t<\/div>\n\t\t\t\t<div class=\"elementor-element elementor-element-8d4f4ad elementor-widget elementor-widget-text-editor\" data-id=\"8d4f4ad\" data-element_type=\"widget\" data-e-type=\"widget\" data-widget_type=\"text-editor.default\">\n\t\t\t\t<div class=\"elementor-widget-container\">\n\t\t\t\t\t\t\t\t\t<p class=\"p1\">Le linge de maison, la literie et les serviettes ne sont pas fournis de mani\u00e8re standard, sauf si cela est sp\u00e9cifiquement mentionn\u00e9 dans la description du logement. Si vous souhaitez que des draps propres soient mis sur les lits pendant votre s\u00e9jour, nous pouvons nous en occuper. Contactez-nous pour obtenir plus d&rsquo;informations et conna\u00eetre les tarifs correspondants.  <\/p>\t\t\t\t\t\t\t\t<\/div>\n\t\t\t\t<\/div>\n\t\t\t\t<\/div>\n\t\t<div class=\"elementor-element elementor-element-1ff1697 e-con-full e-flex e-con e-child\" data-id=\"1ff1697\" data-element_type=\"container\" data-e-type=\"container\">\n\t\t\t\t<div class=\"elementor-element elementor-element-89e1493 elementor-hidden-tablet elementor-widget elementor-widget-image\" data-id=\"89e1493\" data-element_type=\"widget\" data-e-type=\"widget\" data-widget_type=\"image.default\">\n\t\t\t\t<div class=\"elementor-widget-container\">\n\t\t\t\t\t\t\t\t\t\t\t\t\t\t\t<img decoding=\"async\" width=\"1920\" height=\"1280\" src=\"https:\/\/spainholidays4u.com\/wp-content\/uploads\/2025\/09\/hombre-haciendo-servicio-profesional-de-limpieza-del-hogar-_1_-_1_.webp\" class=\"attachment-full size-full wp-image-3647\" alt=\"\" srcset=\"https:\/\/spainholidays4u.com\/wp-content\/uploads\/2025\/09\/hombre-haciendo-servicio-profesional-de-limpieza-del-hogar-_1_-_1_.webp 1920w, https:\/\/spainholidays4u.com\/wp-content\/uploads\/2025\/09\/hombre-haciendo-servicio-profesional-de-limpieza-del-hogar-_1_-_1_-300x200.webp 300w, https:\/\/spainholidays4u.com\/wp-content\/uploads\/2025\/09\/hombre-haciendo-servicio-profesional-de-limpieza-del-hogar-_1_-_1_-1024x683.webp 1024w, https:\/\/spainholidays4u.com\/wp-content\/uploads\/2025\/09\/hombre-haciendo-servicio-profesional-de-limpieza-del-hogar-_1_-_1_-768x512.webp 768w, https:\/\/spainholidays4u.com\/wp-content\/uploads\/2025\/09\/hombre-haciendo-servicio-profesional-de-limpieza-del-hogar-_1_-_1_-1536x1024.webp 1536w, https:\/\/spainholidays4u.com\/wp-content\/uploads\/2025\/09\/hombre-haciendo-servicio-profesional-de-limpieza-del-hogar-_1_-_1_-240x160.webp 240w, https:\/\/spainholidays4u.com\/wp-content\/uploads\/2025\/09\/hombre-haciendo-servicio-profesional-de-limpieza-del-hogar-_1_-_1_-600x400.webp 600w\" sizes=\"(max-width: 1920px) 100vw, 1920px\" \/>\t\t\t\t\t\t\t\t\t\t\t\t\t\t\t<\/div>\n\t\t\t\t<\/div>\n\t\t\t\t<\/div>\n\t\t\t\t\t<\/div>\n\t\t\t\t<\/div>\n\t\t<div class=\"elementor-element elementor-element-c39ab65 e-flex e-con-boxed e-con e-parent\" data-id=\"c39ab65\" data-element_type=\"container\" data-e-type=\"container\" data-settings=\"{&quot;background_background&quot;:&quot;classic&quot;}\">\n\t\t\t\t\t<div class=\"e-con-inner\">\n\t\t<div class=\"elementor-element elementor-element-a395640 e-con-full e-flex e-con e-child\" data-id=\"a395640\" data-element_type=\"container\" data-e-type=\"container\" data-settings=\"{&quot;background_background&quot;:&quot;classic&quot;}\">\n\t\t<div class=\"elementor-element elementor-element-f88abe5 e-con-full e-flex e-con e-child\" data-id=\"f88abe5\" data-element_type=\"container\" data-e-type=\"container\">\n\t\t\t\t<div class=\"elementor-element elementor-element-9d0e502 elementor-widget elementor-widget-heading\" data-id=\"9d0e502\" data-element_type=\"widget\" data-e-type=\"widget\" data-widget_type=\"heading.default\">\n\t\t\t\t<div class=\"elementor-widget-container\">\n\t\t\t\t\t<h2 class=\"elementor-heading-title elementor-size-default\">Contact<\/h2>\t\t\t\t<\/div>\n\t\t\t\t<\/div>\n\t\t\t\t<div class=\"elementor-element elementor-element-539a1a0 elementor-widget__width-inherit elementor-widget elementor-widget-heading\" data-id=\"539a1a0\" data-element_type=\"widget\" data-e-type=\"widget\" data-widget_type=\"heading.default\">\n\t\t\t\t<div class=\"elementor-widget-container\">\n\t\t\t\t\t<h2 class=\"elementor-heading-title elementor-size-default\">Nous ferons tout notre possible pour rendre votre s\u00e9jour ici aussi confortable et agr\u00e9able que possible. <br>Si vous avez des souhaits particuliers, vous pouvez les indiquer lors de votre r\u00e9servation ou envoyer un e-mail s\u00e9par\u00e9 :<\/h2>\t\t\t\t<\/div>\n\t\t\t\t<\/div>\n\t\t\t\t<div class=\"elementor-element elementor-element-3b76fc7 elementor-widget elementor-widget-image\" data-id=\"3b76fc7\" data-element_type=\"widget\" data-e-type=\"widget\" data-widget_type=\"image.default\">\n\t\t\t\t<div class=\"elementor-widget-container\">\n\t\t\t\t\t\t\t\t\t\t\t\t\t\t\t\t<a href=\"mailto:info@spainholidays4u.com\">\n\t\t\t\t\t\t\t<img decoding=\"async\" width=\"159\" height=\"17\" src=\"https:\/\/spainholidays4u.com\/wp-content\/uploads\/2025\/09\/info@spainholidays4u.com_.png\" class=\"attachment-full size-full wp-image-3648\" alt=\"\" srcset=\"https:\/\/spainholidays4u.com\/wp-content\/uploads\/2025\/09\/info@spainholidays4u.com_.png 159w, https:\/\/spainholidays4u.com\/wp-content\/uploads\/2025\/09\/info@spainholidays4u.com_-150x17.png 150w\" sizes=\"(max-width: 159px) 100vw, 159px\" \/>\t\t\t\t\t\t\t\t<\/a>\n\t\t\t\t\t\t\t\t\t\t\t\t\t\t\t<\/div>\n\t\t\t\t<\/div>\n\t\t\t\t<\/div>\n\t\t\t\t<\/div>\n\t\t\t\t\t<\/div>\n\t\t\t\t<\/div>\n\t\t\t\t<\/div>\n\t\t","protected":false},"excerpt":{"rendered":"<p>Service \u00e0 domicile Vous pensez que le confort pendant vos vacances est important. Spainholidays4u se fera un plaisir de vous aider \u00e0 r\u00e9aliser cela. Personnalis\u00e9 et assistance Pendant votre s\u00e9jour dans l&rsquo;un de nos h\u00e9bergements de vacances, spainholidays4u est \u00e0 votre disposition via un num\u00e9ro de t\u00e9l\u00e9phone et une adresse e-mail sp\u00e9ciaux. Vous rencontrez un [&hellip;]<\/p>\n","protected":false},"author":1,"featured_media":0,"parent":0,"menu_order":0,"comment_status":"closed","ping_status":"closed","template":"","meta":{"_acf_changed":false,"footnotes":""},"class_list":["post-3655","page","type-page","status-publish","hentry"],"acf":[],"_links":{"self":[{"href":"https:\/\/spainholidays4u.com\/fr\/wp-json\/wp\/v2\/pages\/3655","targetHints":{"allow":["GET"]}}],"collection":[{"href":"https:\/\/spainholidays4u.com\/fr\/wp-json\/wp\/v2\/pages"}],"about":[{"href":"https:\/\/spainholidays4u.com\/fr\/wp-json\/wp\/v2\/types\/page"}],"author":[{"embeddable":true,"href":"https:\/\/spainholidays4u.com\/fr\/wp-json\/wp\/v2\/users\/1"}],"replies":[{"embeddable":true,"href":"https:\/\/spainholidays4u.com\/fr\/wp-json\/wp\/v2\/comments?post=3655"}],"version-history":[{"count":1,"href":"https:\/\/spainholidays4u.com\/fr\/wp-json\/wp\/v2\/pages\/3655\/revisions"}],"predecessor-version":[{"id":3657,"href":"https:\/\/spainholidays4u.com\/fr\/wp-json\/wp\/v2\/pages\/3655\/revisions\/3657"}],"wp:attachment":[{"href":"https:\/\/spainholidays4u.com\/fr\/wp-json\/wp\/v2\/media?parent=3655"}],"curies":[{"name":"wp","href":"https:\/\/api.w.org\/{rel}","templated":true}]}}