{"id":3604,"date":"2025-09-01T11:06:44","date_gmt":"2025-09-01T09:06:44","guid":{"rendered":"https:\/\/spainholidays4u.com\/animaux-domestiques-vacances-maisons\/"},"modified":"2025-10-27T19:25:40","modified_gmt":"2025-10-27T17:25:40","slug":"animaux-domestiques-vacances-maisons","status":"publish","type":"page","link":"https:\/\/spainholidays4u.com\/fr\/animaux-domestiques-vacances-maisons\/","title":{"rendered":"Animaux domestiques Vacances Maisons"},"content":{"rendered":"\t\t<div data-elementor-type=\"wp-page\" data-elementor-id=\"3604\" class=\"elementor elementor-3604 elementor-2465\" data-elementor-post-type=\"page\">\n\t\t\t\t<div class=\"elementor-element elementor-element-5ee7c19 e-flex e-con-boxed e-con e-parent\" data-id=\"5ee7c19\" data-element_type=\"container\" data-e-type=\"container\" data-settings=\"{&quot;background_background&quot;:&quot;classic&quot;}\">\n\t\t\t\t\t<div class=\"e-con-inner\">\n\t\t\t\t\t<\/div>\n\t\t\t\t<\/div>\n\t\t<div class=\"elementor-element elementor-element-d6712d0 e-flex e-con-boxed e-con e-parent\" data-id=\"d6712d0\" data-element_type=\"container\" data-e-type=\"container\" data-settings=\"{&quot;background_background&quot;:&quot;classic&quot;}\">\n\t\t\t\t\t<div class=\"e-con-inner\">\n\t\t<div class=\"elementor-element elementor-element-d22b9d0 e-con-full e-flex e-con e-child\" data-id=\"d22b9d0\" data-element_type=\"container\" data-e-type=\"container\">\n\t\t\t\t<div class=\"elementor-element elementor-element-c6559f8 elementor-widget elementor-widget-heading\" data-id=\"c6559f8\" data-element_type=\"widget\" data-e-type=\"widget\" data-widget_type=\"heading.default\">\n\t\t\t\t<div class=\"elementor-widget-container\">\n\t\t\t\t\t<h2 class=\"elementor-heading-title elementor-size-default\">Villas acceptant les animaux domestiques<\/h2>\t\t\t\t<\/div>\n\t\t\t\t<\/div>\n\t\t\t\t<div class=\"elementor-element elementor-element-c04d1ba elementor-widget__width-inherit elementor-widget elementor-widget-text-editor\" data-id=\"c04d1ba\" data-element_type=\"widget\" data-e-type=\"widget\" data-widget_type=\"text-editor.default\">\n\t\t\t\t<div class=\"elementor-widget-container\">\n\t\t\t\t\t\t\t\t\t<p>Louer une villa pour les vacances n&rsquo;est pas complet sans la pr\u00e9sence de votre compagnon \u00e0 quatre pattes. Heureusement, ce n&rsquo;est pas n\u00e9cessaire ! Spainholidays4u.com propose de nombreuses villas de vacances sur la <a href=\"https:\/\/www.spainholidays4u.com\/costa-brava-catalonia\/\">Costa Brava<\/a> o\u00f9 votre animal de compagnie est le bienvenu.<br>R\u00e9servez une maison de vacances \u00e0 proximit\u00e9 imm\u00e9diate de la for\u00eat, des montagnes ou de l&rsquo;int\u00e9rieur des terres, o\u00f9 vous pourrez vous promener avec votre chien.  <\/p><div class=\"flex flex-grow flex-col max-w-full\"><div class=\"min-h-[20px] text-message flex flex-col items-start gap-3 whitespace-pre-wrap break-words [.text-message+&amp;]:mt-5 overflow-x-auto\" data-message-author-role=\"assistant\" data-message-id=\"fc1bb2d3-3d3d-4ba1-874c-c6801f887127\"><div class=\"markdown prose w-full break-words dark:prose-invert light\"><p>Offrez-vous des vacances sans souci avec Spainholidays4u.com ! D\u00e9couvrez notre vaste s\u00e9lection de maisons de vacances dot\u00e9es de jardins priv\u00e9s et cl\u00f4tur\u00e9s, offrant un espace id\u00e9al pour que votre compagnon \u00e0 quatre pattes puisse s&rsquo;\u00e9battre librement. Pendant que votre chien profite de la libert\u00e9 en plein air, vous pouvez vous d\u00e9tendre au bord de la piscine, vous relaxer et savourer chaque instant de vos vacances bien m\u00e9rit\u00e9es. R\u00e9servez d\u00e8s maintenant pour une escapade inoubliable qui comblera \u00e0 la fois vous et votre animal de compagnie.   <\/p><\/div><\/div><\/div>\t\t\t\t\t\t\t\t<\/div>\n\t\t\t\t<\/div>\n\t\t\t\t<\/div>\n\t\t<div class=\"elementor-element elementor-element-34d2344 e-con-full e-flex e-con e-child\" data-id=\"34d2344\" data-element_type=\"container\" data-e-type=\"container\">\n\t\t\t\t<div class=\"elementor-element elementor-element-2c85d13 elementor-hidden-tablet elementor-widget elementor-widget-image\" data-id=\"2c85d13\" data-element_type=\"widget\" data-e-type=\"widget\" data-widget_type=\"image.default\">\n\t\t\t\t<div class=\"elementor-widget-container\">\n\t\t\t\t\t\t\t\t\t\t\t\t\t\t\t<img fetchpriority=\"high\" decoding=\"async\" width=\"1024\" height=\"1024\" src=\"https:\/\/spainholidays4u.com\/wp-content\/uploads\/2025\/09\/pets-house-_1_.webp\" class=\"attachment-full size-full wp-image-3602\" alt=\"\" srcset=\"https:\/\/spainholidays4u.com\/wp-content\/uploads\/2025\/09\/pets-house-_1_.webp 1024w, https:\/\/spainholidays4u.com\/wp-content\/uploads\/2025\/09\/pets-house-_1_-300x300.webp 300w, https:\/\/spainholidays4u.com\/wp-content\/uploads\/2025\/09\/pets-house-_1_-150x150.webp 150w, https:\/\/spainholidays4u.com\/wp-content\/uploads\/2025\/09\/pets-house-_1_-768x768.webp 768w, https:\/\/spainholidays4u.com\/wp-content\/uploads\/2025\/09\/pets-house-_1_-60x60.webp 60w, https:\/\/spainholidays4u.com\/wp-content\/uploads\/2025\/09\/pets-house-_1_-600x600.webp 600w, https:\/\/spainholidays4u.com\/wp-content\/uploads\/2025\/09\/pets-house-_1_-100x100.webp 100w\" sizes=\"(max-width: 1024px) 100vw, 1024px\" \/>\t\t\t\t\t\t\t\t\t\t\t\t\t\t\t<\/div>\n\t\t\t\t<\/div>\n\t\t\t\t<\/div>\n\t\t\t\t\t<\/div>\n\t\t\t\t<\/div>\n\t\t<div class=\"elementor-element elementor-element-cdff7bc e-flex e-con-boxed e-con e-parent\" data-id=\"cdff7bc\" data-element_type=\"container\" data-e-type=\"container\" data-settings=\"{&quot;background_background&quot;:&quot;classic&quot;}\">\n\t\t\t\t\t<div class=\"e-con-inner\">\n\t\t<div class=\"elementor-element elementor-element-92d2f2b e-con-full e-flex e-con e-child\" data-id=\"92d2f2b\" data-element_type=\"container\" data-e-type=\"container\">\n\t\t\t\t<div class=\"elementor-element elementor-element-6ad41ed elementor-widget elementor-widget-heading\" data-id=\"6ad41ed\" data-element_type=\"widget\" data-e-type=\"widget\" data-widget_type=\"heading.default\">\n\t\t\t\t<div class=\"elementor-widget-container\">\n\t\t\t\t\t<h2 class=\"elementor-heading-title elementor-size-default\">Maisons de vacances pour animaux Costa Brava<\/h2>\t\t\t\t<\/div>\n\t\t\t\t<\/div>\n\t\t\t\t<div class=\"elementor-element elementor-element-dc4290e elementor-widget__width-inherit elementor-widget elementor-widget-text-editor\" data-id=\"dc4290e\" data-element_type=\"widget\" data-e-type=\"widget\" data-widget_type=\"text-editor.default\">\n\t\t\t\t<div class=\"elementor-widget-container\">\n\t\t\t\t\t\t\t\t\t<p>Nous proposons un large choix de villas de vacances et de masias rurales dans la r\u00e9gion de la Costa Brava. Nous vous informons donc \u00e0 l&rsquo;avance si votre animal de compagnie est le bienvenu dans la location que vous avez choisie. Il vous suffit de consulter la description de la propri\u00e9t\u00e9 sur le site web. Trouvez et r\u00e9servez facilement les vacances id\u00e9ales pour toute la famille, y compris votre chien !   <\/p><p>Si, en plus de la description de la propri\u00e9t\u00e9, le co\u00fbt des animaux domestiques est indiqu\u00e9, votre animal est le bienvenu. Dans les autres cas, vous pouvez demander ou \u00eatre autoris\u00e9. Une exception  <\/p><p>* Assurez-vous que les chiens sont autoris\u00e9s sur la plage pendant la haute saison ! Cela n&rsquo;est pas autoris\u00e9 partout. Veillez \u00e0 ce que votre chien ou votre chat ait toujours sur lui une identification et un passeport pour animaux de compagnie. Ainsi, je peux \u00eatre s\u00fbr de passer des vacances sans souci en Espagne avec mon chien !   <\/p>\t\t\t\t\t\t\t\t<\/div>\n\t\t\t\t<\/div>\n\t\t\t\t<\/div>\n\t\t<div class=\"elementor-element elementor-element-0bebe1d e-con-full e-flex e-con e-child\" data-id=\"0bebe1d\" data-element_type=\"container\" data-e-type=\"container\">\n\t\t\t\t<div class=\"elementor-element elementor-element-b4f7a10 elementor-hidden-tablet elementor-widget elementor-widget-image\" data-id=\"b4f7a10\" data-element_type=\"widget\" data-e-type=\"widget\" data-widget_type=\"image.default\">\n\t\t\t\t<div class=\"elementor-widget-container\">\n\t\t\t\t\t\t\t\t\t\t\t\t\t\t\t<img decoding=\"async\" width=\"1920\" height=\"1280\" src=\"https:\/\/spainholidays4u.com\/wp-content\/uploads\/2025\/09\/perro-divirtiendose-en-la-playa-_1_-_1_.webp\" class=\"attachment-full size-full wp-image-3603\" alt=\"\" srcset=\"https:\/\/spainholidays4u.com\/wp-content\/uploads\/2025\/09\/perro-divirtiendose-en-la-playa-_1_-_1_.webp 1920w, https:\/\/spainholidays4u.com\/wp-content\/uploads\/2025\/09\/perro-divirtiendose-en-la-playa-_1_-_1_-300x200.webp 300w, https:\/\/spainholidays4u.com\/wp-content\/uploads\/2025\/09\/perro-divirtiendose-en-la-playa-_1_-_1_-1024x683.webp 1024w, https:\/\/spainholidays4u.com\/wp-content\/uploads\/2025\/09\/perro-divirtiendose-en-la-playa-_1_-_1_-768x512.webp 768w, https:\/\/spainholidays4u.com\/wp-content\/uploads\/2025\/09\/perro-divirtiendose-en-la-playa-_1_-_1_-1536x1024.webp 1536w, https:\/\/spainholidays4u.com\/wp-content\/uploads\/2025\/09\/perro-divirtiendose-en-la-playa-_1_-_1_-240x160.webp 240w, https:\/\/spainholidays4u.com\/wp-content\/uploads\/2025\/09\/perro-divirtiendose-en-la-playa-_1_-_1_-600x400.webp 600w\" sizes=\"(max-width: 1920px) 100vw, 1920px\" \/>\t\t\t\t\t\t\t\t\t\t\t\t\t\t\t<\/div>\n\t\t\t\t<\/div>\n\t\t\t\t<\/div>\n\t\t\t\t\t<\/div>\n\t\t\t\t<\/div>\n\t\t<div class=\"elementor-element elementor-element-bc3dfee e-flex e-con-boxed e-con e-parent\" data-id=\"bc3dfee\" data-element_type=\"container\" data-e-type=\"container\" data-settings=\"{&quot;background_background&quot;:&quot;classic&quot;}\">\n\t\t\t\t\t<div class=\"e-con-inner\">\n\t\t<div class=\"elementor-element elementor-element-d2c97e2 e-con-full e-flex e-con e-child\" data-id=\"d2c97e2\" data-element_type=\"container\" data-e-type=\"container\" data-settings=\"{&quot;background_background&quot;:&quot;classic&quot;}\">\n\t\t<div class=\"elementor-element elementor-element-dfb46f7 e-con-full e-flex e-con e-child\" data-id=\"dfb46f7\" data-element_type=\"container\" data-e-type=\"container\">\n\t\t\t\t<div class=\"elementor-element elementor-element-70d6d04 elementor-widget elementor-widget-heading\" data-id=\"70d6d04\" data-element_type=\"widget\" data-e-type=\"widget\" data-widget_type=\"heading.default\">\n\t\t\t\t<div class=\"elementor-widget-container\">\n\t\t\t\t\t<h2 class=\"elementor-heading-title elementor-size-default\">Plages acceptant les chiens en Espagne<\/h2>\t\t\t\t<\/div>\n\t\t\t\t<\/div>\n\t\t\t\t<div class=\"elementor-element elementor-element-ee0aa44 dd elementor-widget elementor-widget-html\" data-id=\"ee0aa44\" data-element_type=\"widget\" data-e-type=\"widget\" data-widget_type=\"html.default\">\n\t\t\t\t<div class=\"elementor-widget-container\">\n\t\t\t\t\t<iframe src=\"https:\/\/www.google.com\/maps\/d\/embed?mid=1AKEzPBB6ElmMcpr5fLmwOGrTpU0&amp;ehbc=2E312F\" width=\"640\" height=\"480\"><\/iframe>\t\t\t\t<\/div>\n\t\t\t\t<\/div>\n\t\t\t\t<\/div>\n\t\t\t\t<\/div>\n\t\t\t\t\t<\/div>\n\t\t\t\t<\/div>\n\t\t\t\t<\/div>\n\t\t","protected":false},"excerpt":{"rendered":"<p>Villas acceptant les animaux domestiques Louer une villa pour les vacances n&rsquo;est pas complet sans la pr\u00e9sence de votre compagnon \u00e0 quatre pattes. Heureusement, ce n&rsquo;est pas n\u00e9cessaire ! Spainholidays4u.com propose de nombreuses villas de vacances sur la Costa Brava o\u00f9 votre animal de compagnie est le bienvenu.R\u00e9servez une maison de vacances \u00e0 proximit\u00e9 imm\u00e9diate [&hellip;]<\/p>\n","protected":false},"author":1,"featured_media":0,"parent":0,"menu_order":0,"comment_status":"closed","ping_status":"closed","template":"","meta":{"_acf_changed":false,"footnotes":""},"class_list":["post-3604","page","type-page","status-publish","hentry"],"acf":[],"_links":{"self":[{"href":"https:\/\/spainholidays4u.com\/fr\/wp-json\/wp\/v2\/pages\/3604","targetHints":{"allow":["GET"]}}],"collection":[{"href":"https:\/\/spainholidays4u.com\/fr\/wp-json\/wp\/v2\/pages"}],"about":[{"href":"https:\/\/spainholidays4u.com\/fr\/wp-json\/wp\/v2\/types\/page"}],"author":[{"embeddable":true,"href":"https:\/\/spainholidays4u.com\/fr\/wp-json\/wp\/v2\/users\/1"}],"replies":[{"embeddable":true,"href":"https:\/\/spainholidays4u.com\/fr\/wp-json\/wp\/v2\/comments?post=3604"}],"version-history":[{"count":1,"href":"https:\/\/spainholidays4u.com\/fr\/wp-json\/wp\/v2\/pages\/3604\/revisions"}],"predecessor-version":[{"id":3606,"href":"https:\/\/spainholidays4u.com\/fr\/wp-json\/wp\/v2\/pages\/3604\/revisions\/3606"}],"wp:attachment":[{"href":"https:\/\/spainholidays4u.com\/fr\/wp-json\/wp\/v2\/media?parent=3604"}],"curies":[{"name":"wp","href":"https:\/\/api.w.org\/{rel}","templated":true}]}}