{"id":3599,"date":"2025-09-01T11:44:02","date_gmt":"2025-09-01T09:44:02","guid":{"rendered":"https:\/\/spainholidays4u.com\/informations-et-services\/"},"modified":"2025-10-27T19:24:27","modified_gmt":"2025-10-27T17:24:27","slug":"informations-et-services","status":"publish","type":"page","link":"https:\/\/spainholidays4u.com\/fr\/informations-et-services\/","title":{"rendered":"Informations et services"},"content":{"rendered":"\t\t<div data-elementor-type=\"wp-page\" data-elementor-id=\"3599\" class=\"elementor elementor-3599 elementor-2498\" data-elementor-post-type=\"page\">\n\t\t\t\t<div class=\"elementor-element elementor-element-0409362 e-flex e-con-boxed e-con e-parent\" data-id=\"0409362\" data-element_type=\"container\" data-e-type=\"container\" data-settings=\"{&quot;background_background&quot;:&quot;classic&quot;}\">\n\t\t\t\t\t<div class=\"e-con-inner\">\n\t\t\t\t\t<\/div>\n\t\t\t\t<\/div>\n\t\t<div class=\"elementor-element elementor-element-7d5e3c2 e-flex e-con-boxed e-con e-parent\" data-id=\"7d5e3c2\" data-element_type=\"container\" data-e-type=\"container\" data-settings=\"{&quot;background_background&quot;:&quot;classic&quot;}\">\n\t\t\t\t\t<div class=\"e-con-inner\">\n\t\t<div class=\"elementor-element elementor-element-647f3af e-con-full e-flex e-con e-child\" data-id=\"647f3af\" data-element_type=\"container\" data-e-type=\"container\">\n\t\t\t\t<div class=\"elementor-element elementor-element-7ce652c elementor-widget elementor-widget-heading\" data-id=\"7ce652c\" data-element_type=\"widget\" data-e-type=\"widget\" data-widget_type=\"heading.default\">\n\t\t\t\t<div class=\"elementor-widget-container\">\n\t\t\t\t\t<h2 class=\"elementor-heading-title elementor-size-default\">Informations et services<\/h2>\t\t\t\t<\/div>\n\t\t\t\t<\/div>\n\t\t\t\t<div class=\"elementor-element elementor-element-b389515 elementor-widget__width-inherit elementor-widget elementor-widget-text-editor\" data-id=\"b389515\" data-element_type=\"widget\" data-e-type=\"widget\" data-widget_type=\"text-editor.default\">\n\t\t\t\t<div class=\"elementor-widget-container\">\n\t\t\t\t\t\t\t\t\t<p>Il est g\u00e9n\u00e9ralement connu que depuis longtemps d\u00e9j\u00e0, l&rsquo;Espagne est l&rsquo;une des destinations de vacances les plus populaires du sud de l&rsquo;Europe. Louer une villa de vacances sur la <g id=\"gid_0\">Costa Brava<\/g> peut \u00eatre une solution int\u00e9ressante pour les grands groupes comme pour les familles. C&rsquo;est g\u00e9n\u00e9ralement moins cher que de louer une maison de vacances individuellement (pour soi-m\u00eame) ou de s\u00e9journer dans une chambre d&rsquo;h\u00f4tel.  <\/p><p>C&rsquo;est peut-\u00eatre la premi\u00e8re fois que vous louez une villa de vacances et vous ne savez pas exactement comment vous y prendre. Ou bien vous voyagez dans cette r\u00e9gion depuis des ann\u00e9es, mais vous ne savez toujours pas quel type de maison de vacances convient le mieux \u00e0 vous et \u00e0 vos compagnons de voyage. Nous serons heureux de r\u00e9pondre \u00e0 toutes vos questions \u00e0 ce sujet, alors n&rsquo;h\u00e9sitez pas \u00e0 appeler notre service d&rsquo;assistance.  <\/p><p>Chez Spainholidays4u, nous sommes toujours pr\u00eats et heureux de vous fournir des informations aussi d\u00e9taill\u00e9es que possible. Si vous avez une question concernant votre r\u00e9servation ou votre villa de vacances, vous pourriez tr\u00e8s probablement trouver la r\u00e9ponse imm\u00e9diatement dans a23&gt; \u00e0 la section contenant les questions fr\u00e9quemment pos\u00e9es sur notre <a href=\"https:\/\/www.spainholidays4u.com\/faq\/\">page F. A.Q.<\/a>. <\/p><p>Si la r\u00e9ponse \u00e0 votre question n&rsquo;a pas \u00e9t\u00e9 prise en compte dans la section susmentionn\u00e9e , nous vous conseillons d&rsquo; envoyer un e-mail \u00e0 <img decoding=\"async\" class=\"alignnone size-full wp-image-10999 entered litespeed-loaded\" src=\"https:\/\/www.spainholidays4u.com\/wp-content\/uploads\/info@spainholidays4u.com_.png\" sizes=\"(max-width: 159px) 100vw, 159px\" srcset=\"https:\/\/www.spainholidays4u.com\/wp-content\/uploads\/info@spainholidays4u.com_.png 159w, https:\/\/www.spainholidays4u.com\/wp-content\/uploads\/info@spainholidays4u.com_-150x17.png 150w\" alt=\"\" width=\"159\" height=\"17\" data-lazyloaded=\"1\" data-src=\"https:\/\/www.spainholidays4u.com\/wp-content\/uploads\/info@spainholidays4u.com_.png\" data-srcset=\"https:\/\/www.spainholidays4u.com\/wp-content\/uploads\/info@spainholidays4u.com_.png 159w, https:\/\/www.spainholidays4u.com\/wp-content\/uploads\/info@spainholidays4u.com_-150x17.png 150w\" data-sizes=\"(max-width: 159px) 100vw, 159px\" data-ll-status=\"loaded\"><\/p>\t\t\t\t\t\t\t\t<\/div>\n\t\t\t\t<\/div>\n\t\t\t\t<\/div>\n\t\t<div class=\"elementor-element elementor-element-39ba542 e-con-full e-flex e-con e-child\" data-id=\"39ba542\" data-element_type=\"container\" data-e-type=\"container\">\n\t\t\t\t<div class=\"elementor-element elementor-element-0c09926 elementor-hidden-tablet elementor-widget elementor-widget-image\" data-id=\"0c09926\" data-element_type=\"widget\" data-e-type=\"widget\" data-widget_type=\"image.default\">\n\t\t\t\t<div class=\"elementor-widget-container\">\n\t\t\t\t\t\t\t\t\t\t\t\t\t\t\t<img fetchpriority=\"high\" decoding=\"async\" width=\"1920\" height=\"1281\" src=\"https:\/\/spainholidays4u.com\/wp-content\/uploads\/2025\/09\/information-holidays.webp\" class=\"attachment-full size-full wp-image-3587\" alt=\"\" srcset=\"https:\/\/spainholidays4u.com\/wp-content\/uploads\/2025\/09\/information-holidays.webp 1920w, https:\/\/spainholidays4u.com\/wp-content\/uploads\/2025\/09\/information-holidays-300x200.webp 300w, https:\/\/spainholidays4u.com\/wp-content\/uploads\/2025\/09\/information-holidays-1024x683.webp 1024w, https:\/\/spainholidays4u.com\/wp-content\/uploads\/2025\/09\/information-holidays-768x512.webp 768w, https:\/\/spainholidays4u.com\/wp-content\/uploads\/2025\/09\/information-holidays-1536x1025.webp 1536w, https:\/\/spainholidays4u.com\/wp-content\/uploads\/2025\/09\/information-holidays-240x160.webp 240w, https:\/\/spainholidays4u.com\/wp-content\/uploads\/2025\/09\/information-holidays-600x400.webp 600w\" sizes=\"(max-width: 1920px) 100vw, 1920px\" \/>\t\t\t\t\t\t\t\t\t\t\t\t\t\t\t<\/div>\n\t\t\t\t<\/div>\n\t\t\t\t<\/div>\n\t\t\t\t\t<\/div>\n\t\t\t\t<\/div>\n\t\t<div class=\"elementor-element elementor-element-e4aa0a0 e-flex e-con-boxed e-con e-parent\" data-id=\"e4aa0a0\" data-element_type=\"container\" data-e-type=\"container\" data-settings=\"{&quot;background_background&quot;:&quot;classic&quot;}\">\n\t\t\t\t\t<div class=\"e-con-inner\">\n\t\t<div class=\"elementor-element elementor-element-7790daf e-con-full e-flex e-con e-child\" data-id=\"7790daf\" data-element_type=\"container\" data-e-type=\"container\" data-settings=\"{&quot;background_background&quot;:&quot;classic&quot;}\">\n\t\t<div class=\"elementor-element elementor-element-1275230 e-con-full e-flex e-con e-child\" data-id=\"1275230\" data-element_type=\"container\" data-e-type=\"container\">\n\t\t\t\t<div class=\"elementor-element elementor-element-2c79329 elementor-widget elementor-widget-heading\" data-id=\"2c79329\" data-element_type=\"widget\" data-e-type=\"widget\" data-widget_type=\"heading.default\">\n\t\t\t\t<div class=\"elementor-widget-container\">\n\t\t\t\t\t<h2 class=\"elementor-heading-title elementor-size-default\">Service client\u00e8le<\/h2>\t\t\t\t<\/div>\n\t\t\t\t<\/div>\n\t\t\t\t<div class=\"elementor-element elementor-element-42ff8d0 elementor-widget__width-inherit elementor-widget elementor-widget-text-editor\" data-id=\"42ff8d0\" data-element_type=\"widget\" data-e-type=\"widget\" data-widget_type=\"text-editor.default\">\n\t\t\t\t<div class=\"elementor-widget-container\">\n\t\t\t\t\t\t\t\t\t<p>Vous pouvez \u00e9galement poser vos questions en appelant notre service d&rsquo;assistance en Espagne au num\u00e9ro suivant :<br>Service d&rsquo;assistance Espagne 0034 -628 028 144<\/p><p>Du lundi au vendredi inclus, de 10 h \u00e0 22 h<br>Samedi : de 10 h \u00e0 21 h<br>Dimanche : de 11 h \u00e0 20 h<\/p>\t\t\t\t\t\t\t\t<\/div>\n\t\t\t\t<\/div>\n\t\t\t\t<\/div>\n\t\t\t\t<\/div>\n\t\t\t\t\t<\/div>\n\t\t\t\t<\/div>\n\t\t\t\t<\/div>\n\t\t","protected":false},"excerpt":{"rendered":"<p>Informations et services Il est g\u00e9n\u00e9ralement connu que depuis longtemps d\u00e9j\u00e0, l&rsquo;Espagne est l&rsquo;une des destinations de vacances les plus populaires du sud de l&rsquo;Europe. Louer une villa de vacances sur la Costa Brava peut \u00eatre une solution int\u00e9ressante pour les grands groupes comme pour les familles. C&rsquo;est g\u00e9n\u00e9ralement moins cher que de louer une [&hellip;]<\/p>\n","protected":false},"author":1,"featured_media":0,"parent":0,"menu_order":0,"comment_status":"closed","ping_status":"closed","template":"","meta":{"_acf_changed":false,"footnotes":""},"class_list":["post-3599","page","type-page","status-publish","hentry"],"acf":[],"_links":{"self":[{"href":"https:\/\/spainholidays4u.com\/fr\/wp-json\/wp\/v2\/pages\/3599","targetHints":{"allow":["GET"]}}],"collection":[{"href":"https:\/\/spainholidays4u.com\/fr\/wp-json\/wp\/v2\/pages"}],"about":[{"href":"https:\/\/spainholidays4u.com\/fr\/wp-json\/wp\/v2\/types\/page"}],"author":[{"embeddable":true,"href":"https:\/\/spainholidays4u.com\/fr\/wp-json\/wp\/v2\/users\/1"}],"replies":[{"embeddable":true,"href":"https:\/\/spainholidays4u.com\/fr\/wp-json\/wp\/v2\/comments?post=3599"}],"version-history":[{"count":1,"href":"https:\/\/spainholidays4u.com\/fr\/wp-json\/wp\/v2\/pages\/3599\/revisions"}],"predecessor-version":[{"id":3600,"href":"https:\/\/spainholidays4u.com\/fr\/wp-json\/wp\/v2\/pages\/3599\/revisions\/3600"}],"wp:attachment":[{"href":"https:\/\/spainholidays4u.com\/fr\/wp-json\/wp\/v2\/media?parent=3599"}],"curies":[{"name":"wp","href":"https:\/\/api.w.org\/{rel}","templated":true}]}}