{"id":3582,"date":"2025-10-27T18:47:32","date_gmt":"2025-10-27T16:47:32","guid":{"rendered":"https:\/\/spainholidays4u.com\/arrivee-2\/"},"modified":"2026-01-26T09:04:53","modified_gmt":"2026-01-26T07:04:53","slug":"arrivee-2","status":"publish","type":"page","link":"https:\/\/spainholidays4u.com\/fr\/arrivee-2\/","title":{"rendered":"Arriv\u00e9e"},"content":{"rendered":"\t\t<div data-elementor-type=\"wp-page\" data-elementor-id=\"3582\" class=\"elementor elementor-3582 elementor-3528\" data-elementor-post-type=\"page\">\n\t\t\t\t<div class=\"elementor-element elementor-element-e329952 e-flex e-con-boxed e-con e-parent\" data-id=\"e329952\" data-element_type=\"container\" data-e-type=\"container\" data-settings=\"{&quot;background_background&quot;:&quot;classic&quot;}\">\n\t\t\t\t\t<div class=\"e-con-inner\">\n\t\t\t\t\t<\/div>\n\t\t\t\t<\/div>\n\t\t<div class=\"elementor-element elementor-element-94749d4 e-flex e-con-boxed e-con e-parent\" data-id=\"94749d4\" data-element_type=\"container\" data-e-type=\"container\" data-settings=\"{&quot;background_background&quot;:&quot;classic&quot;}\">\n\t\t\t\t\t<div class=\"e-con-inner\">\n\t\t<div class=\"elementor-element elementor-element-fc27770 e-con-full e-flex e-con e-child\" data-id=\"fc27770\" data-element_type=\"container\" data-e-type=\"container\">\n\t\t\t\t<div class=\"elementor-element elementor-element-09b198c elementor-widget elementor-widget-heading\" data-id=\"09b198c\" data-element_type=\"widget\" data-e-type=\"widget\" data-widget_type=\"heading.default\">\n\t\t\t\t<div class=\"elementor-widget-container\">\n\t\t\t\t\t<h2 class=\"elementor-heading-title elementor-size-default\">Calonge<\/h2>\t\t\t\t<\/div>\n\t\t\t\t<\/div>\n\t\t\t\t<div class=\"elementor-element elementor-element-01da6fe elementor-widget__width-inherit elementor-widget elementor-widget-text-editor\" data-id=\"01da6fe\" data-element_type=\"widget\" data-e-type=\"widget\" data-widget_type=\"text-editor.default\">\n\t\t\t\t<div class=\"elementor-widget-container\">\n\t\t\t\t\t\t\t\t\t<p>Comment trouver le chemin vers votre maison de vacances ? Apr\u00e8s confirmation et paiement de votre h\u00e9bergement de vacances, vous recevrez un bon par e-mail contenant toutes les informations n\u00e9cessaires. \u00c0 votre arriv\u00e9e, nous serons heureux de vous informer (de vous donner quelques conseils) sur les environs et de vous expliquer le fonctionnement de la maison de vacances que vous avez lou\u00e9e. Depuis notre bureau \u00e0 Calonge \u2013 Costa Brava, nos employ\u00e9s vous accompagneront jusqu&rsquo;\u00e0 votre destination de vacances dans les meilleurs d\u00e9lais.  <\/p>\t\t\t\t\t\t\t\t<\/div>\n\t\t\t\t<\/div>\n\t\t\t\t<div class=\"elementor-element elementor-element-9a94c52 elementor-widget elementor-widget-heading\" data-id=\"9a94c52\" data-element_type=\"widget\" data-e-type=\"widget\" data-widget_type=\"heading.default\">\n\t\t\t\t<div class=\"elementor-widget-container\">\n\t\t\t\t\t<h2 class=\"elementor-heading-title elementor-size-default\">Avion<\/h2>\t\t\t\t<\/div>\n\t\t\t\t<\/div>\n\t\t\t\t<div class=\"elementor-element elementor-element-90eee01 elementor-widget__width-inherit elementor-widget elementor-widget-text-editor\" data-id=\"90eee01\" data-element_type=\"widget\" data-e-type=\"widget\" data-widget_type=\"text-editor.default\">\n\t\t\t\t<div class=\"elementor-widget-container\">\n\t\t\t\t\t\t\t\t\t<p>Bien s\u00fbr, il est \u00e9galement possible de voyager en avion. N&rsquo;oubliez pas de tenir compte des frais d&rsquo;a\u00e9roport ! Les montants peuvent varier consid\u00e9rablement d&rsquo;un a\u00e9roport \u00e0 l&rsquo;autre ! Pour rejoindre votre destination de vacances, vous pouvez prendre un vol pour l&rsquo;a\u00e9roport de G\u00e9rone ou de Barcelone. Pour plus d&rsquo;informations sur les vols : www.ryanair.com, www.vueling.com    <\/p>\t\t\t\t\t\t\t\t<\/div>\n\t\t\t\t<\/div>\n\t\t\t\t<\/div>\n\t\t<div class=\"elementor-element elementor-element-dc1387a e-con-full e-flex e-con e-child\" data-id=\"dc1387a\" data-element_type=\"container\" data-e-type=\"container\">\n\t\t\t\t<div class=\"elementor-element elementor-element-e79b2d5 elementor-hidden-tablet elementor-widget elementor-widget-image\" data-id=\"e79b2d5\" data-element_type=\"widget\" data-e-type=\"widget\" data-widget_type=\"image.default\">\n\t\t\t\t<div class=\"elementor-widget-container\">\n\t\t\t\t\t\t\t\t\t\t\t\t\t\t\t<img fetchpriority=\"high\" decoding=\"async\" width=\"1920\" height=\"1440\" src=\"https:\/\/spainholidays4u.com\/wp-content\/uploads\/2025\/10\/paisaje-con-avion-volando-en-el-cielo-_1_-_1_.webp\" class=\"attachment-full size-full wp-image-3577\" alt=\"\" srcset=\"https:\/\/spainholidays4u.com\/wp-content\/uploads\/2025\/10\/paisaje-con-avion-volando-en-el-cielo-_1_-_1_.webp 1920w, https:\/\/spainholidays4u.com\/wp-content\/uploads\/2025\/10\/paisaje-con-avion-volando-en-el-cielo-_1_-_1_-300x225.webp 300w, https:\/\/spainholidays4u.com\/wp-content\/uploads\/2025\/10\/paisaje-con-avion-volando-en-el-cielo-_1_-_1_-1024x768.webp 1024w, https:\/\/spainholidays4u.com\/wp-content\/uploads\/2025\/10\/paisaje-con-avion-volando-en-el-cielo-_1_-_1_-768x576.webp 768w, https:\/\/spainholidays4u.com\/wp-content\/uploads\/2025\/10\/paisaje-con-avion-volando-en-el-cielo-_1_-_1_-1536x1152.webp 1536w\" sizes=\"(max-width: 1920px) 100vw, 1920px\" \/>\t\t\t\t\t\t\t\t\t\t\t\t\t\t\t<\/div>\n\t\t\t\t<\/div>\n\t\t\t\t<\/div>\n\t\t\t\t\t<\/div>\n\t\t\t\t<\/div>\n\t\t<div class=\"elementor-element elementor-element-3a5823a e-flex e-con-boxed e-con e-parent\" data-id=\"3a5823a\" data-element_type=\"container\" data-e-type=\"container\" data-settings=\"{&quot;background_background&quot;:&quot;classic&quot;}\">\n\t\t\t\t\t<div class=\"e-con-inner\">\n\t\t<div class=\"elementor-element elementor-element-a355052 e-con-full e-flex e-con e-child\" data-id=\"a355052\" data-element_type=\"container\" data-e-type=\"container\" data-settings=\"{&quot;background_background&quot;:&quot;classic&quot;}\">\n\t\t<div class=\"elementor-element elementor-element-6b0145e e-con-full e-flex e-con e-child\" data-id=\"6b0145e\" data-element_type=\"container\" data-e-type=\"container\" data-settings=\"{&quot;background_background&quot;:&quot;classic&quot;}\">\n\t\t\t\t<\/div>\n\t\t<div class=\"elementor-element elementor-element-308df9f e-con-full e-flex e-con e-child\" data-id=\"308df9f\" data-element_type=\"container\" data-e-type=\"container\">\n\t\t\t\t<div class=\"elementor-element elementor-element-b18aebd elementor-widget elementor-widget-heading\" data-id=\"b18aebd\" data-element_type=\"widget\" data-e-type=\"widget\" data-widget_type=\"heading.default\">\n\t\t\t\t<div class=\"elementor-widget-container\">\n\t\t\t\t\t<h2 class=\"elementor-heading-title elementor-size-default\">Location de voiture<\/h2>\t\t\t\t<\/div>\n\t\t\t\t<\/div>\n\t\t\t\t<div class=\"elementor-element elementor-element-b10c0a6 elementor-widget__width-inherit elementor-widget elementor-widget-text-editor\" data-id=\"b10c0a6\" data-element_type=\"widget\" data-e-type=\"widget\" data-widget_type=\"text-editor.default\">\n\t\t\t\t<div class=\"elementor-widget-container\">\n\t\t\t\t\t\t\t\t\t<p>Vous pouvez <a href=\"https:\/\/www.spainholidays4u.com\/car-rental\/\">louer une voiture<\/a> directement \u00e0 l&rsquo;a\u00e9roport de Barcelone et de G\u00e9rone. En Espagne, les voitures de location sont toujours propos\u00e9es sans limitation du nombre de kilom\u00e8tres que vous allez parcourir. Veillez \u00e0 \u00eatre en possession d&rsquo;une carte de cr\u00e9dit lorsque vous allez chercher votre voiture de location !  <\/p>\t\t\t\t\t\t\t\t<\/div>\n\t\t\t\t<\/div>\n\t\t\t\t<div class=\"elementor-element elementor-element-5ef174b elementor-widget elementor-widget-heading\" data-id=\"5ef174b\" data-element_type=\"widget\" data-e-type=\"widget\" data-widget_type=\"heading.default\">\n\t\t\t\t<div class=\"elementor-widget-container\">\n\t\t\t\t\t<h2 class=\"elementor-heading-title elementor-size-default\">Assurance voyage<\/h2>\t\t\t\t<\/div>\n\t\t\t\t<\/div>\n\t\t\t\t<div class=\"elementor-element elementor-element-402aa75 elementor-widget__width-inherit elementor-widget elementor-widget-text-editor\" data-id=\"402aa75\" data-element_type=\"widget\" data-e-type=\"widget\" data-widget_type=\"text-editor.default\">\n\t\t\t\t<div class=\"elementor-widget-container\">\n\t\t\t\t\t\t\t\t\t<p>Nous vous recommandons de souscrire une assurance voyage et annulation solide.<\/p>\t\t\t\t\t\t\t\t<\/div>\n\t\t\t\t<\/div>\n\t\t\t\t<\/div>\n\t\t\t\t<\/div>\n\t\t\t\t\t<\/div>\n\t\t\t\t<\/div>\n\t\t<div class=\"elementor-element elementor-element-a2e4cb2 e-flex e-con-boxed e-con e-parent\" data-id=\"a2e4cb2\" data-element_type=\"container\" data-e-type=\"container\" data-settings=\"{&quot;background_background&quot;:&quot;classic&quot;}\">\n\t\t\t\t\t<div class=\"e-con-inner\">\n\t\t<div class=\"elementor-element elementor-element-4e2fa93 e-con-full e-flex e-con e-child\" data-id=\"4e2fa93\" data-element_type=\"container\" data-e-type=\"container\">\n\t\t\t\t<div class=\"elementor-element elementor-element-97c184f elementor-widget elementor-widget-heading\" data-id=\"97c184f\" data-element_type=\"widget\" data-e-type=\"widget\" data-widget_type=\"heading.default\">\n\t\t\t\t<div class=\"elementor-widget-container\">\n\t\t\t\t\t<h2 class=\"elementor-heading-title elementor-size-default\">Transferts depuis l'a\u00e9roport de G\u00e9rone \u2013 Barcelone<\/h2>\t\t\t\t<\/div>\n\t\t\t\t<\/div>\n\t\t\t\t<div class=\"elementor-element elementor-element-31f8b9d elementor-widget elementor-widget-text-editor\" data-id=\"31f8b9d\" data-element_type=\"widget\" data-e-type=\"widget\" data-widget_type=\"text-editor.default\">\n\t\t\t\t<div class=\"elementor-widget-container\">\n\t\t\t\t\t\t\t\t\t<p class=\"p1\">Profitez de votre transfert priv\u00e9 depuis l&rsquo;a\u00e9roport de G\u00e9rone jusqu&rsquo;\u00e0 votre lieu de vacances. Service de transfert depuis l&rsquo;a\u00e9roport vers les environs de Calonge ou inversement.<\/p>\t\t\t\t\t\t\t\t<\/div>\n\t\t\t\t<\/div>\n\t\t\t\t<div class=\"elementor-element elementor-element-a5d3a71 elementor-widget elementor-widget-heading\" data-id=\"a5d3a71\" data-element_type=\"widget\" data-e-type=\"widget\" data-widget_type=\"heading.default\">\n\t\t\t\t<div class=\"elementor-widget-container\">\n\t\t\t\t\t<h3 class=\"elementor-heading-title elementor-size-default\">Tarifs depuis l'a\u00e9roport de G\u00e9rone :<\/h3>\t\t\t\t<\/div>\n\t\t\t\t<\/div>\n\t\t\t\t<div class=\"elementor-element elementor-element-c62ca0a elementor-widget elementor-widget-text-editor\" data-id=\"c62ca0a\" data-element_type=\"widget\" data-e-type=\"widget\" data-widget_type=\"text-editor.default\">\n\t\t\t\t<div class=\"elementor-widget-container\">\n\t\t\t\t\t\t\t\t\t<p class=\"p1\"><b>4 personnes :<\/b> 65,00 \u20ac<\/p>\t\t\t\t\t\t\t\t<\/div>\n\t\t\t\t<\/div>\n\t\t\t\t<div class=\"elementor-element elementor-element-670eaa0 elementor-widget elementor-widget-heading\" data-id=\"670eaa0\" data-element_type=\"widget\" data-e-type=\"widget\" data-widget_type=\"heading.default\">\n\t\t\t\t<div class=\"elementor-widget-container\">\n\t\t\t\t\t<h3 class=\"elementor-heading-title elementor-size-default\">Tarifs depuis l'a\u00e9roport de Barcelone :<\/h3>\t\t\t\t<\/div>\n\t\t\t\t<\/div>\n\t\t\t\t<div class=\"elementor-element elementor-element-be21183 elementor-widget elementor-widget-text-editor\" data-id=\"be21183\" data-element_type=\"widget\" data-e-type=\"widget\" data-widget_type=\"text-editor.default\">\n\t\t\t\t<div class=\"elementor-widget-container\">\n\t\t\t\t\t\t\t\t\t<p class=\"p1\"><b>4 personnes :<\/b> 175,00 \u20ac<\/p>\t\t\t\t\t\t\t\t<\/div>\n\t\t\t\t<\/div>\n\t\t\t\t<div class=\"elementor-element elementor-element-dd8b400 elementor-widget elementor-widget-text-editor\" data-id=\"dd8b400\" data-element_type=\"widget\" data-e-type=\"widget\" data-widget_type=\"text-editor.default\">\n\t\t\t\t<div class=\"elementor-widget-container\">\n\t\t\t\t\t\t\t\t\t<p class=\"p1\">\u00cates-vous int\u00e9ress\u00e9 ? Veuillez l&rsquo;indiquer sur le formulaire de r\u00e9servation en pr\u00e9cisant vos donn\u00e9es de vol. <\/p>\t\t\t\t\t\t\t\t<\/div>\n\t\t\t\t<\/div>\n\t\t\t\t<\/div>\n\t\t<div class=\"elementor-element elementor-element-6313680 e-con-full e-flex e-con e-child\" data-id=\"6313680\" data-element_type=\"container\" data-e-type=\"container\">\n\t\t\t\t<div class=\"elementor-element elementor-element-a134123 elementor-hidden-tablet elementor-widget elementor-widget-image\" data-id=\"a134123\" data-element_type=\"widget\" data-e-type=\"widget\" data-widget_type=\"image.default\">\n\t\t\t\t<div class=\"elementor-widget-container\">\n\t\t\t\t\t\t\t\t\t\t\t\t\t\t\t<img decoding=\"async\" width=\"1920\" height=\"1280\" src=\"https:\/\/spainholidays4u.com\/wp-content\/uploads\/2025\/10\/arrival-transfer-private.webp\" class=\"attachment-full size-full wp-image-3579\" alt=\"\" srcset=\"https:\/\/spainholidays4u.com\/wp-content\/uploads\/2025\/10\/arrival-transfer-private.webp 1920w, https:\/\/spainholidays4u.com\/wp-content\/uploads\/2025\/10\/arrival-transfer-private-300x200.webp 300w, https:\/\/spainholidays4u.com\/wp-content\/uploads\/2025\/10\/arrival-transfer-private-1024x683.webp 1024w, https:\/\/spainholidays4u.com\/wp-content\/uploads\/2025\/10\/arrival-transfer-private-768x512.webp 768w, https:\/\/spainholidays4u.com\/wp-content\/uploads\/2025\/10\/arrival-transfer-private-1536x1024.webp 1536w\" sizes=\"(max-width: 1920px) 100vw, 1920px\" \/>\t\t\t\t\t\t\t\t\t\t\t\t\t\t\t<\/div>\n\t\t\t\t<\/div>\n\t\t\t\t<\/div>\n\t\t\t\t\t<\/div>\n\t\t\t\t<\/div>\n\t\t<div class=\"elementor-element elementor-element-ccce71d e-flex e-con-boxed e-con e-parent\" data-id=\"ccce71d\" data-element_type=\"container\" data-e-type=\"container\" data-settings=\"{&quot;background_background&quot;:&quot;classic&quot;}\">\n\t\t\t\t\t<div class=\"e-con-inner\">\n\t\t<div class=\"elementor-element elementor-element-d2b6fd3 e-con-full e-flex e-con e-child\" data-id=\"d2b6fd3\" data-element_type=\"container\" data-e-type=\"container\">\n\t\t\t\t<div class=\"elementor-element elementor-element-3431be5 elementor-widget elementor-widget-heading\" data-id=\"3431be5\" data-element_type=\"widget\" data-e-type=\"widget\" data-widget_type=\"heading.default\">\n\t\t\t\t<div class=\"elementor-widget-container\">\n\t\t\t\t\t<h2 class=\"elementor-heading-title elementor-size-default\">Arriv\u00e9e \u00e0 Calonge<\/h2>\t\t\t\t<\/div>\n\t\t\t\t<\/div>\n\t\t\t\t<div class=\"elementor-element elementor-element-084b65d elementor-widget elementor-widget-heading\" data-id=\"084b65d\" data-element_type=\"widget\" data-e-type=\"widget\" data-widget_type=\"heading.default\">\n\t\t\t\t<div class=\"elementor-widget-container\">\n\t\t\t\t\t<h3 class=\"elementor-heading-title elementor-size-default\">Les samedis noirs<\/h3>\t\t\t\t<\/div>\n\t\t\t\t<\/div>\n\t\t\t\t<div class=\"elementor-element elementor-element-505bacd elementor-widget elementor-widget-text-editor\" data-id=\"505bacd\" data-element_type=\"widget\" data-e-type=\"widget\" data-widget_type=\"text-editor.default\">\n\t\t\t\t<div class=\"elementor-widget-container\">\n\t\t\t\t\t\t\t\t\t<p>Les \u00ab samedis noirs \u00bb d\u00e9signent les jours o\u00f9 le trafic routier est particuli\u00e8rement dense et congestionn\u00e9 en France, notamment pendant la p\u00e9riode des vacances d&rsquo;\u00e9t\u00e9. Ce sont les jours o\u00f9 des millions de touristes fran\u00e7ais et \u00e9trangers partent ou reviennent de leurs lieux de vacances, ce qui entra\u00eene des embouteillages monstres et des temps de trajet tr\u00e8s longs. <\/p><p>En r\u00e9sum\u00e9, les samedis noirs en France sont des jours o\u00f9 la circulation routi\u00e8re est tr\u00e8s dense pendant la haute saison estivale. a8&gt; \u00e9t\u00e9 vacances saison. Les voyageurs sont encourag\u00e9s \u00e0 planifier leurs voyages avec soin, envisager d&rsquo;autres modes de transport, et se tenir inform\u00e9s des conditions de circulation afin de rendre leur voyage aussi agr\u00e9able que possible. <\/p><p><span class=\"HwtZe\" lang=\"en\"><span class=\"jCAhz ChMk0b\"><span class=\"ryNqvb\">Chaque ann\u00e9e, le service fran\u00e7ais d&rsquo;information routi\u00e8re <a href=\"https:\/\/www.bison-fute.gouv.fr\/index,langen.html\" target=\"_blank\" rel=\"noopener\">Bison<\/a> Fut\u00e9 publie un \u00ab calendrier des jours de forte affluence \u00bb indiquant les samedis noirs. <\/span><\/span><br><span class=\"jCAhz ChMk0b\"><span class=\"ryNqvb\">Cependant, gardez \u00e0 l&rsquo;esprit que presque tous les week-ends d&rsquo;\u00e9t\u00e9 sont des p\u00e9riodes de forte affluence pour les d\u00e9placements. <\/span><\/span><\/span><\/p>\t\t\t\t\t\t\t\t<\/div>\n\t\t\t\t<\/div>\n\t\t\t\t<\/div>\n\t\t<div class=\"elementor-element elementor-element-61b62a7 e-con-full e-flex e-con e-child\" data-id=\"61b62a7\" data-element_type=\"container\" data-e-type=\"container\">\n\t\t\t\t<div class=\"elementor-element elementor-element-03d6ec6 elementor-hidden-tablet elementor-widget elementor-widget-image\" data-id=\"03d6ec6\" data-element_type=\"widget\" data-e-type=\"widget\" data-widget_type=\"image.default\">\n\t\t\t\t<div class=\"elementor-widget-container\">\n\t\t\t\t\t\t\t\t\t\t\t\t\t\t\t<img decoding=\"async\" width=\"1920\" height=\"1080\" src=\"https:\/\/spainholidays4u.com\/wp-content\/uploads\/2025\/10\/mujer-de-tiro-medio-con-mochila-en-la-estacion-de-autobuses-1-1.jpg\" class=\"attachment-full size-full wp-image-3580\" alt=\"\" srcset=\"https:\/\/spainholidays4u.com\/wp-content\/uploads\/2025\/10\/mujer-de-tiro-medio-con-mochila-en-la-estacion-de-autobuses-1-1.jpg 1920w, https:\/\/spainholidays4u.com\/wp-content\/uploads\/2025\/10\/mujer-de-tiro-medio-con-mochila-en-la-estacion-de-autobuses-1-1-300x169.jpg 300w, https:\/\/spainholidays4u.com\/wp-content\/uploads\/2025\/10\/mujer-de-tiro-medio-con-mochila-en-la-estacion-de-autobuses-1-1-1024x576.jpg 1024w, https:\/\/spainholidays4u.com\/wp-content\/uploads\/2025\/10\/mujer-de-tiro-medio-con-mochila-en-la-estacion-de-autobuses-1-1-768x432.jpg 768w, https:\/\/spainholidays4u.com\/wp-content\/uploads\/2025\/10\/mujer-de-tiro-medio-con-mochila-en-la-estacion-de-autobuses-1-1-1536x864.jpg 1536w\" sizes=\"(max-width: 1920px) 100vw, 1920px\" \/>\t\t\t\t\t\t\t\t\t\t\t\t\t\t\t<\/div>\n\t\t\t\t<\/div>\n\t\t\t\t<\/div>\n\t\t\t\t\t<\/div>\n\t\t\t\t<\/div>\n\t\t<div class=\"elementor-element elementor-element-a304478 e-flex e-con-boxed e-con e-parent\" data-id=\"a304478\" data-element_type=\"container\" data-e-type=\"container\" data-settings=\"{&quot;background_background&quot;:&quot;classic&quot;}\">\n\t\t\t\t\t<div class=\"e-con-inner\">\n\t\t<div class=\"elementor-element elementor-element-f35c0e6 e-con-full e-flex e-con e-child\" data-id=\"f35c0e6\" data-element_type=\"container\" data-e-type=\"container\">\n\t\t\t\t<div class=\"elementor-element elementor-element-5a87ee1 elementor-widget elementor-widget-heading\" data-id=\"5a87ee1\" data-element_type=\"widget\" data-e-type=\"widget\" data-widget_type=\"heading.default\">\n\t\t\t\t<div class=\"elementor-widget-container\">\n\t\t\t\t\t<h2 class=\"elementor-heading-title elementor-size-default\">Conseils avant le d\u00e9part<\/h2>\t\t\t\t<\/div>\n\t\t\t\t<\/div>\n\t\t\t\t<div class=\"elementor-element elementor-element-1481537 elementor-widget elementor-widget-text-editor\" data-id=\"1481537\" data-element_type=\"widget\" data-e-type=\"widget\" data-widget_type=\"text-editor.default\">\n\t\t\t\t<div class=\"elementor-widget-container\">\n\t\t\t\t\t\t\t\t\t<p><span id=\"result_box\" class=\"short_text\" lang=\"en\"><span class=\"\">Avant le d\u00e9part, v\u00e9rifiez que votre voiture <span id=\"result_box\" class=\"\" lang=\"en\">est pr\u00eate pour <span class=\"gt-baf-word-clickable\">le voyage<\/span><\/span><\/span><\/span><br>Niveau d&rsquo;huile et pression des pneus. <br>N&rsquo;oubliez pas d&#8217;emporter votre carte d&rsquo;assurance automobile.<br>V\u00e9rifiez la validit\u00e9 de vos documents de voyage et de votre permis de conduire.<br>Avez-vous souscrit une assurance voyage et annulation ?<br>Notez les num\u00e9ros de t\u00e9l\u00e9phone importants auxquels vos proches peuvent vous joindre. <br>Si vous souhaitez vous arr\u00eater pour d\u00e9jeuner sur le bord de l&rsquo;autoroute, veillez \u00e0 garer votre voiture sur une aire clairement d\u00e9limit\u00e9e.<\/p>\t\t\t\t\t\t\t\t<\/div>\n\t\t\t\t<\/div>\n\t\t\t\t<\/div>\n\t\t<div class=\"elementor-element elementor-element-6d6d424 e-con-full e-flex e-con e-child\" data-id=\"6d6d424\" data-element_type=\"container\" data-e-type=\"container\">\n\t\t\t\t<div class=\"elementor-element elementor-element-7995ce0 elementor-hidden-tablet elementor-widget elementor-widget-image\" data-id=\"7995ce0\" data-element_type=\"widget\" data-e-type=\"widget\" data-widget_type=\"image.default\">\n\t\t\t\t<div class=\"elementor-widget-container\">\n\t\t\t\t\t\t\t\t\t\t\t\t\t\t\t<img loading=\"lazy\" decoding=\"async\" width=\"1024\" height=\"1024\" src=\"https:\/\/spainholidays4u.com\/wp-content\/uploads\/2025\/10\/unnamed-1-1.png\" class=\"attachment-full size-full wp-image-3581\" alt=\"\" srcset=\"https:\/\/spainholidays4u.com\/wp-content\/uploads\/2025\/10\/unnamed-1-1.png 1024w, https:\/\/spainholidays4u.com\/wp-content\/uploads\/2025\/10\/unnamed-1-1-300x300.png 300w, https:\/\/spainholidays4u.com\/wp-content\/uploads\/2025\/10\/unnamed-1-1-150x150.png 150w, https:\/\/spainholidays4u.com\/wp-content\/uploads\/2025\/10\/unnamed-1-1-768x768.png 768w\" sizes=\"(max-width: 1024px) 100vw, 1024px\" \/>\t\t\t\t\t\t\t\t\t\t\t\t\t\t\t<\/div>\n\t\t\t\t<\/div>\n\t\t\t\t<\/div>\n\t\t\t\t\t<\/div>\n\t\t\t\t<\/div>\n\t\t\t\t<\/div>\n\t\t","protected":false},"excerpt":{"rendered":"<p>Calonge Comment trouver le chemin vers votre maison de vacances ? Apr\u00e8s confirmation et paiement de votre h\u00e9bergement de vacances, vous recevrez un bon par e-mail contenant toutes les informations n\u00e9cessaires. \u00c0 votre arriv\u00e9e, nous serons heureux de vous informer (de vous donner quelques conseils) sur les environs et de vous expliquer le fonctionnement de [&hellip;]<\/p>\n","protected":false},"author":1,"featured_media":0,"parent":0,"menu_order":0,"comment_status":"closed","ping_status":"closed","template":"","meta":{"_acf_changed":false,"footnotes":""},"class_list":["post-3582","page","type-page","status-publish","hentry"],"acf":[],"_links":{"self":[{"href":"https:\/\/spainholidays4u.com\/fr\/wp-json\/wp\/v2\/pages\/3582","targetHints":{"allow":["GET"]}}],"collection":[{"href":"https:\/\/spainholidays4u.com\/fr\/wp-json\/wp\/v2\/pages"}],"about":[{"href":"https:\/\/spainholidays4u.com\/fr\/wp-json\/wp\/v2\/types\/page"}],"author":[{"embeddable":true,"href":"https:\/\/spainholidays4u.com\/fr\/wp-json\/wp\/v2\/users\/1"}],"replies":[{"embeddable":true,"href":"https:\/\/spainholidays4u.com\/fr\/wp-json\/wp\/v2\/comments?post=3582"}],"version-history":[{"count":1,"href":"https:\/\/spainholidays4u.com\/fr\/wp-json\/wp\/v2\/pages\/3582\/revisions"}],"predecessor-version":[{"id":3583,"href":"https:\/\/spainholidays4u.com\/fr\/wp-json\/wp\/v2\/pages\/3582\/revisions\/3583"}],"wp:attachment":[{"href":"https:\/\/spainholidays4u.com\/fr\/wp-json\/wp\/v2\/media?parent=3582"}],"curies":[{"name":"wp","href":"https:\/\/api.w.org\/{rel}","templated":true}]}}