{"id":3478,"date":"2025-10-27T11:56:27","date_gmt":"2025-10-27T09:56:27","guid":{"rendered":"https:\/\/spainholidays4u.com\/costa-brava-catalogne\/"},"modified":"2025-10-27T18:11:20","modified_gmt":"2025-10-27T16:11:20","slug":"costa-brava-catalogne","status":"publish","type":"page","link":"https:\/\/spainholidays4u.com\/fr\/costa-brava-catalogne\/","title":{"rendered":"Costa Brava Catalogne"},"content":{"rendered":"\t\t<div data-elementor-type=\"wp-page\" data-elementor-id=\"3478\" class=\"elementor elementor-3478 elementor-3077\" data-elementor-post-type=\"page\">\n\t\t\t\t<div class=\"elementor-element elementor-element-e6749aa e-flex e-con-boxed e-con e-parent\" data-id=\"e6749aa\" data-element_type=\"container\" data-e-type=\"container\" data-settings=\"{&quot;background_background&quot;:&quot;classic&quot;}\">\n\t\t\t\t\t<div class=\"e-con-inner\">\n\t\t\t\t\t<\/div>\n\t\t\t\t<\/div>\n\t\t<div class=\"elementor-element elementor-element-639cf51 e-flex e-con-boxed e-con e-parent\" data-id=\"639cf51\" data-element_type=\"container\" data-e-type=\"container\" data-settings=\"{&quot;background_background&quot;:&quot;classic&quot;}\">\n\t\t\t\t\t<div class=\"e-con-inner\">\n\t\t<div class=\"elementor-element elementor-element-cacff11 e-con-full e-flex e-con e-child\" data-id=\"cacff11\" data-element_type=\"container\" data-e-type=\"container\">\n\t\t\t\t<div class=\"elementor-element elementor-element-4c48d3c elementor-widget elementor-widget-heading\" data-id=\"4c48d3c\" data-element_type=\"widget\" data-e-type=\"widget\" data-widget_type=\"heading.default\">\n\t\t\t\t<div class=\"elementor-widget-container\">\n\t\t\t\t\t<h2 class=\"elementor-heading-title elementor-size-default\">Costa Brava : une destination de choix pour des millions de touristes chaque ann\u00e9e !<\/h2>\t\t\t\t<\/div>\n\t\t\t\t<\/div>\n\t\t\t\t<div class=\"elementor-element elementor-element-3689796 elementor-widget__width-inherit elementor-widget elementor-widget-text-editor\" data-id=\"3689796\" data-element_type=\"widget\" data-e-type=\"widget\" data-widget_type=\"text-editor.default\">\n\t\t\t\t<div class=\"elementor-widget-container\">\n\t\t\t\t\t\t\t\t\t<p>Ann\u00e9e apr\u00e8s ann\u00e9e, la Costa Brava captive le c\u0153ur de millions de touristes, s&rsquo;imposant comme une destination de choix pour ceux qui recherchent le soleil, la mer et une beaut\u00e9 incomparable. Nich\u00e9e le long du magnifique littoral m\u00e9diterran\u00e9en, cette r\u00e9gion enchanteresse offre une multitude d&rsquo;exp\u00e9riences pour tous les types de voyageurs. <\/p><p>Depuis les plages immacul\u00e9es aux sables dor\u00e9s jusqu&rsquo;aux charmantes villes c\u00f4ti\u00e8res impr\u00e9gn\u00e9es a7&gt; de charmantes villes c\u00f4ti\u00e8res impr\u00e9gn\u00e9es d&rsquo; histoire, <strong>la Costa Brava<\/strong> offre a15&gt; un irr\u00e9sistible m\u00e9lange de merveilles naturelles et tr\u00e9sors culturels. Les touristes affluent pour explorer la culture locale dynamique, se d\u00e9lecter de la d\u00e9licieuse cuisine m\u00e9diterran\u00e9enne, et se pr\u00e9lasser de l&rsquo; chaleureuse hospitalit\u00e9 qui caract\u00e9rise ce joyau espagnol. <\/p><p>Avec un large \u00e9ventail d&rsquo;activit\u00e9s, la Costa Brava comble aussi bien les amateurs d&rsquo;aventure que ceux qui recherchent la d\u00e9tente. Sports nautiques, randonn\u00e9es panoramiques et excursions culturelles vous attendent, promettant des vacances inoubliables pour les visiteurs de tous \u00e2ges. <\/p><p>Embarquez pour un voyage o\u00f9 chaque journ\u00e9e ensoleill\u00e9e et chaque nuit \u00e9toil\u00e9e contribuent \u00e0 une exp\u00e9rience m\u00e9morable. La Costa Brava vous attend, pr\u00eate \u00e0 vous accueillir dans un monde d&rsquo;une beaut\u00e9 incomparable et aux possibilit\u00e9s infinies. Explorez, profitez et cr\u00e9ez des souvenirs inoubliables dans ce paradis c\u00f4tier captivant.  <\/p>\t\t\t\t\t\t\t\t<\/div>\n\t\t\t\t<\/div>\n\t\t\t\t<\/div>\n\t\t\t\t\t<\/div>\n\t\t\t\t<\/div>\n\t\t<div class=\"elementor-element elementor-element-f7c47d2 e-flex e-con-boxed e-con e-parent\" data-id=\"f7c47d2\" data-element_type=\"container\" data-e-type=\"container\" data-settings=\"{&quot;background_background&quot;:&quot;classic&quot;}\">\n\t\t\t\t\t<div class=\"e-con-inner\">\n\t\t<div class=\"elementor-element elementor-element-695ec8a e-con-full e-flex e-con e-child\" data-id=\"695ec8a\" data-element_type=\"container\" data-e-type=\"container\" data-settings=\"{&quot;background_background&quot;:&quot;classic&quot;}\">\n\t\t<div class=\"elementor-element elementor-element-cca59ca e-con-full e-flex e-con e-child\" data-id=\"cca59ca\" data-element_type=\"container\" data-e-type=\"container\" data-settings=\"{&quot;background_background&quot;:&quot;classic&quot;}\">\n\t\t\t\t<div class=\"elementor-element elementor-element-ba43683 elementor-arrows-position-outside elementor-widget elementor-widget-n-carousel\" data-id=\"ba43683\" data-element_type=\"widget\" data-e-type=\"widget\" data-settings=\"{&quot;carousel_items&quot;:[{&quot;slide_title&quot;:&quot;Salvador Dali&quot;,&quot;_id&quot;:&quot;3519e80&quot;},{&quot;slide_title&quot;:&quot;Playing Golf&quot;,&quot;_id&quot;:&quot;bbea940&quot;},{&quot;slide_title&quot;:&quot;Wine-growing region Empord\\u00e0&quot;,&quot;_id&quot;:&quot;841bcd2&quot;},{&quot;slide_title&quot;:&quot;Capmany&quot;,&quot;_id&quot;:&quot;6dfc21c&quot;},{&quot;slide_title&quot;:&quot;Best Hiking Trails in Catalonia&quot;,&quot;_id&quot;:&quot;e07d91c&quot;},{&quot;slide_title&quot;:&quot;Lake Banyoles&quot;,&quot;_id&quot;:&quot;034ea49&quot;}],&quot;slides_to_show&quot;:&quot;1&quot;,&quot;slides_to_show_tablet&quot;:&quot;1&quot;,&quot;slides_to_show_mobile&quot;:&quot;1&quot;,&quot;autoplay&quot;:&quot;yes&quot;,&quot;autoplay_speed&quot;:5000,&quot;pause_on_hover&quot;:&quot;yes&quot;,&quot;pause_on_interaction&quot;:&quot;yes&quot;,&quot;infinite&quot;:&quot;yes&quot;,&quot;speed&quot;:500,&quot;offset_sides&quot;:&quot;none&quot;,&quot;arrows&quot;:&quot;yes&quot;,&quot;image_spacing_custom&quot;:{&quot;unit&quot;:&quot;px&quot;,&quot;size&quot;:10,&quot;sizes&quot;:[]},&quot;image_spacing_custom_laptop&quot;:{&quot;unit&quot;:&quot;px&quot;,&quot;size&quot;:&quot;&quot;,&quot;sizes&quot;:[]},&quot;image_spacing_custom_tablet&quot;:{&quot;unit&quot;:&quot;px&quot;,&quot;size&quot;:&quot;&quot;,&quot;sizes&quot;:[]},&quot;image_spacing_custom_mobile_extra&quot;:{&quot;unit&quot;:&quot;px&quot;,&quot;size&quot;:&quot;&quot;,&quot;sizes&quot;:[]},&quot;image_spacing_custom_mobile&quot;:{&quot;unit&quot;:&quot;px&quot;,&quot;size&quot;:&quot;&quot;,&quot;sizes&quot;:[]}}\" data-widget_type=\"nested-carousel.default\">\n\t\t\t\t<div class=\"elementor-widget-container\">\n\t\t\t\t\t\t\t<div class=\"e-n-carousel swiper\" role=\"region\" aria-roledescription=\"carousel\" aria-label=\"Carousel\" dir=\"ltr\">\n\t\t\t<div class=\"swiper-wrapper\" aria-live=\"off\">\n\t\t\t\t\t\t\t\t\t\t<div class=\"swiper-slide\" data-slide=\"1\" role=\"group\" aria-roledescription=\"slide\" aria-label=\"1 sur 6\">\n\t\t\t\t\t\t\t<div class=\"elementor-element elementor-element-8fb85bf e-flex e-con-boxed e-con e-child\" data-id=\"8fb85bf\" data-element_type=\"container\" data-e-type=\"container\">\n\t\t\t\t\t<div class=\"e-con-inner\">\n\t\t\t\t<div class=\"elementor-element elementor-element-139bdc4 elementor-vertical-align-middle elementor-widget elementor-widget-image-box\" data-id=\"139bdc4\" data-element_type=\"widget\" data-e-type=\"widget\" data-widget_type=\"image-box.default\">\n\t\t\t\t<div class=\"elementor-widget-container\">\n\t\t\t\t\t<div class=\"elementor-image-box-wrapper\"><div class=\"elementor-image-box-content\"><h3 class=\"elementor-image-box-title\">Salvador Dali<\/h3><p class=\"elementor-image-box-description\">N\u00e9 \u00e0 Figueres, juste au pied des Pyr\u00e9n\u00e9es, Dali est devenu l'un des peintres surr\u00e9alistes les plus renomm\u00e9s, influen\u00e7ant m\u00eame Freud lui-m\u00eame. La fondation Dali comprend trois mus\u00e9es, consacr\u00e9s \u00e0 son art, sa vie et son histoire, \u00e0 Figueres, P\u00fabol et Port Lligat. <\/p><\/div><\/div>\t\t\t\t<\/div>\n\t\t\t\t<\/div>\n\t\t\t\t\t<\/div>\n\t\t\t\t<\/div>\n\t\t\t\t\t\t\t\t<\/div>\n\t\t\t\t\t\t\t\t\t\t\t<div class=\"swiper-slide\" data-slide=\"2\" role=\"group\" aria-roledescription=\"slide\" aria-label=\"2 sur 6\">\n\t\t\t\t\t\t\t<div class=\"elementor-element elementor-element-5715f99 e-flex e-con-boxed e-con e-child\" data-id=\"5715f99\" data-element_type=\"container\" data-e-type=\"container\">\n\t\t\t\t\t<div class=\"e-con-inner\">\n\t\t\t\t<div class=\"elementor-element elementor-element-a5895fc elementor-vertical-align-middle elementor-widget elementor-widget-image-box\" data-id=\"a5895fc\" data-element_type=\"widget\" data-e-type=\"widget\" data-widget_type=\"image-box.default\">\n\t\t\t\t<div class=\"elementor-widget-container\">\n\t\t\t\t\t<div class=\"elementor-image-box-wrapper\"><div class=\"elementor-image-box-content\"><h3 class=\"elementor-image-box-title\">Jouer au golf<\/h3><p class=\"elementor-image-box-description\">Si vous aimez jouer au golf dans un climat agr\u00e9able, vous vous en donnerez \u00e0 c\u0153ur joie sur la Costa Brava. Il y a suffisamment de parcours en bord de mer et \u00e0 l'int\u00e9rieur des terres (11x18 trous) pour satisfaire tout le monde : par exemple Serres de Pals, Girona Golf, Peralada Golf, Golf Costa Brava et le meilleur parcours d'Espagne, PGA Catalunya. <\/p><\/div><\/div>\t\t\t\t<\/div>\n\t\t\t\t<\/div>\n\t\t\t\t\t<\/div>\n\t\t\t\t<\/div>\n\t\t\t\t\t\t\t\t<\/div>\n\t\t\t\t\t\t\t\t\t\t\t<div class=\"swiper-slide\" data-slide=\"3\" role=\"group\" aria-roledescription=\"slide\" aria-label=\"3 sur 6\">\n\t\t\t\t\t\t\t<div class=\"elementor-element elementor-element-c153d06 e-flex e-con-boxed e-con e-child\" data-id=\"c153d06\" data-element_type=\"container\" data-e-type=\"container\">\n\t\t\t\t\t<div class=\"e-con-inner\">\n\t\t\t\t<div class=\"elementor-element elementor-element-02f0aec elementor-vertical-align-middle elementor-widget elementor-widget-image-box\" data-id=\"02f0aec\" data-element_type=\"widget\" data-e-type=\"widget\" data-widget_type=\"image-box.default\">\n\t\t\t\t<div class=\"elementor-widget-container\">\n\t\t\t\t\t<div class=\"elementor-image-box-wrapper\"><div class=\"elementor-image-box-content\"><h3 class=\"elementor-image-box-title\">R\u00e9gion viticole Empord\u00e0<\/h3><p class=\"elementor-image-box-description\">La r\u00e9gion viticole est concentr\u00e9e dans l'Empord\u00e0, o\u00f9 sont produits des vins AOC de grande qualit\u00e9. La Catalogne est \u00e9galement le berceau du cava. Elle regorge de vignobles et de caves \u00e0 d\u00e9couvrir, ainsi que de plusieurs producteurs artisanaux d'huile d'olive.   <\/p><\/div><\/div>\t\t\t\t<\/div>\n\t\t\t\t<\/div>\n\t\t\t\t\t<\/div>\n\t\t\t\t<\/div>\n\t\t\t\t\t\t\t\t<\/div>\n\t\t\t\t\t\t\t\t\t\t\t<div class=\"swiper-slide\" data-slide=\"4\" role=\"group\" aria-roledescription=\"slide\" aria-label=\"4 sur 6\">\n\t\t\t\t\t\t\t<div class=\"elementor-element elementor-element-2c47782 e-flex e-con-boxed e-con e-child\" data-id=\"2c47782\" data-element_type=\"container\" data-e-type=\"container\">\n\t\t\t\t\t<div class=\"e-con-inner\">\n\t\t\t\t<div class=\"elementor-element elementor-element-2c6c7ca elementor-vertical-align-middle elementor-widget elementor-widget-image-box\" data-id=\"2c6c7ca\" data-element_type=\"widget\" data-e-type=\"widget\" data-widget_type=\"image-box.default\">\n\t\t\t\t<div class=\"elementor-widget-container\">\n\t\t\t\t\t<div class=\"elementor-image-box-wrapper\"><div class=\"elementor-image-box-content\"><h3 class=\"elementor-image-box-title\">Capmany<\/h3><p class=\"elementor-image-box-description\">Caves \u00e0 vin (vins en f\u00fbt, cava, mus\u00e9e du champagne). Production de vin depuis 1764. <\/p><\/div><\/div>\t\t\t\t<\/div>\n\t\t\t\t<\/div>\n\t\t\t\t\t<\/div>\n\t\t\t\t<\/div>\n\t\t\t\t\t\t\t\t<\/div>\n\t\t\t\t\t\t\t\t\t\t\t<div class=\"swiper-slide\" data-slide=\"5\" role=\"group\" aria-roledescription=\"slide\" aria-label=\"5 sur 6\">\n\t\t\t\t\t\t\t<div class=\"elementor-element elementor-element-e53f52f e-flex e-con-boxed e-con e-child\" data-id=\"e53f52f\" data-element_type=\"container\" data-e-type=\"container\">\n\t\t\t\t\t<div class=\"e-con-inner\">\n\t\t\t\t<div class=\"elementor-element elementor-element-a83e686 elementor-vertical-align-middle elementor-widget elementor-widget-image-box\" data-id=\"a83e686\" data-element_type=\"widget\" data-e-type=\"widget\" data-widget_type=\"image-box.default\">\n\t\t\t\t<div class=\"elementor-widget-container\">\n\t\t\t\t\t<div class=\"elementor-image-box-wrapper\"><div class=\"elementor-image-box-content\"><h3 class=\"elementor-image-box-title\">Les meilleurs sentiers de randonn\u00e9e en Catalogne<\/h3><p class=\"elementor-image-box-description\">Saviez-vous que la Catalogne est le meilleur endroit pour faire de belles randonn\u00e9es ? Avec plusieurs parcs nationaux, des cascades et des sentiers de randonn\u00e9e, la Catalogne offre certains des plus magnifiques paysages qui soient ! Retrouvez le contact avec la nature et consultez la liste des sites \u00e0 a34&gt; certaines des meilleures r\u00e9gions pour se promener dans la campagne.  <\/p><\/div><\/div>\t\t\t\t<\/div>\n\t\t\t\t<\/div>\n\t\t\t\t\t<\/div>\n\t\t\t\t<\/div>\n\t\t\t\t\t\t\t\t<\/div>\n\t\t\t\t\t\t\t\t\t\t\t<div class=\"swiper-slide\" data-slide=\"6\" role=\"group\" aria-roledescription=\"slide\" aria-label=\"6 sur 6\">\n\t\t\t\t\t\t\t<div class=\"elementor-element elementor-element-a51b7fb e-flex e-con-boxed e-con e-child\" data-id=\"a51b7fb\" data-element_type=\"container\" data-e-type=\"container\">\n\t\t\t\t\t<div class=\"e-con-inner\">\n\t\t\t\t<div class=\"elementor-element elementor-element-0b4f35a elementor-vertical-align-middle elementor-widget elementor-widget-image-box\" data-id=\"0b4f35a\" data-element_type=\"widget\" data-e-type=\"widget\" data-widget_type=\"image-box.default\">\n\t\t\t\t<div class=\"elementor-widget-container\">\n\t\t\t\t\t<div class=\"elementor-image-box-wrapper\"><div class=\"elementor-image-box-content\"><h3 class=\"elementor-image-box-title\">Lac de Banyoles - Location de cano\u00ebs\/bateaux, randonn\u00e9e p\u00e9destre<\/h3><p class=\"elementor-image-box-description\">\u00c0 deux pas de G\u00e9rone se trouve la ville de Banyoles, qui abrite le plus grand lac naturel de Catalogne, o\u00f9 se sont d\u00e9roul\u00e9es les \u00e9preuves d'aviron des Jeux olympiques de Barcelone. Faites de l'aviron, du canot, de la natation, du jogging ou simplement une promenade autour du lac, long de 8 kilom\u00e8tres, et terminez par un verre ou un repas dans l'un des caf\u00e9s-restaurants au bord du lac. <\/p><\/div><\/div>\t\t\t\t<\/div>\n\t\t\t\t<\/div>\n\t\t\t\t\t<\/div>\n\t\t\t\t<\/div>\n\t\t\t\t\t\t\t\t<\/div>\n\t\t\t\t\t\t\t\t<\/div>\n\t\t<\/div>\n\t\t\t\t\t<div class=\"elementor-swiper-button elementor-swiper-button-prev\" role=\"button\" tabindex=\"0\" aria-label=\"Pr\u00e9c\u00e9dent\">\n\t\t\t\t<i aria-hidden=\"true\" class=\"eicon-chevron-left\"><\/i>\t\t\t<\/div>\n\t\t\t<div class=\"elementor-swiper-button elementor-swiper-button-next\" role=\"button\" tabindex=\"0\" aria-label=\"Suivant\">\n\t\t\t\t<i aria-hidden=\"true\" class=\"eicon-chevron-right\"><\/i>\t\t\t<\/div>\n\t\t\t\t\t\t<\/div>\n\t\t\t\t<\/div>\n\t\t\t\t<\/div>\n\t\t<div class=\"elementor-element elementor-element-fd30887 e-con-full e-flex e-con e-child\" data-id=\"fd30887\" data-element_type=\"container\" data-e-type=\"container\">\n\t\t\t\t<div class=\"elementor-element elementor-element-14e057d elementor-widget elementor-widget-heading\" data-id=\"14e057d\" data-element_type=\"widget\" data-e-type=\"widget\" data-widget_type=\"heading.default\">\n\t\t\t\t<div class=\"elementor-widget-container\">\n\t\t\t\t\t<h2 class=\"elementor-heading-title elementor-size-default\">D\u00e9couvrez la Costa Brava<\/h2>\t\t\t\t<\/div>\n\t\t\t\t<\/div>\n\t\t\t\t<div class=\"elementor-element elementor-element-2927e98 elementor-widget__width-inherit elementor-widget elementor-widget-text-editor\" data-id=\"2927e98\" data-element_type=\"widget\" data-e-type=\"widget\" data-widget_type=\"text-editor.default\">\n\t\t\t\t<div class=\"elementor-widget-container\">\n\t\t\t\t\t\t\t\t\t<p>Visitez les stations baln\u00e9aires de Palam\u00f3s ou Platja d&rsquo;Aro, toutes deux anim\u00e9es et conviviales, surtout pendant la saison estivale. Vous y trouverez des rues commer\u00e7antes anim\u00e9es, ainsi que d&rsquo;innombrables restaurants locaux et internationaux, des petits bars confortables, des salons et des terrasses de caf\u00e9, o\u00f9 vous pourrez profiter du soleil, de la mer et de la sangria ! Platja d&rsquo;Aro est le centre de la vie nocturne et des discoth\u00e8ques de toute la province.  <\/p><p>Il existe \u00e9galement une grande vari\u00e9t\u00e9 d&rsquo;activit\u00e9s pour tous les go\u00fbts : sports nautiques, visites culturelles des nombreux villages m\u00e9di\u00e9vaux de l&rsquo;arri\u00e8re-pays, activit\u00e9s de plein air. Voici quelques id\u00e9es : <\/p>\t\t\t\t\t\t\t\t<\/div>\n\t\t\t\t<\/div>\n\t\t\t\t<\/div>\n\t\t\t\t<\/div>\n\t\t\t\t\t<\/div>\n\t\t\t\t<\/div>\n\t\t<div class=\"elementor-element elementor-element-bf642d2 e-flex e-con-boxed e-con e-parent\" data-id=\"bf642d2\" data-element_type=\"container\" data-e-type=\"container\" data-settings=\"{&quot;background_background&quot;:&quot;classic&quot;}\">\n\t\t\t\t\t<div class=\"e-con-inner\">\n\t\t<div class=\"elementor-element elementor-element-fe66748 e-con-full e-flex e-con e-child\" data-id=\"fe66748\" data-element_type=\"container\" data-e-type=\"container\">\n\t\t\t\t<div class=\"elementor-element elementor-element-6a054cd elementor-widget elementor-widget-heading\" data-id=\"6a054cd\" data-element_type=\"widget\" data-e-type=\"widget\" data-widget_type=\"heading.default\">\n\t\t\t\t<div class=\"elementor-widget-container\">\n\t\t\t\t\t<h2 class=\"elementor-heading-title elementor-size-default\">Gastronomie<\/h2>\t\t\t\t<\/div>\n\t\t\t\t<\/div>\n\t\t\t\t<div class=\"elementor-element elementor-element-fedde86 elementor-widget elementor-widget-text-editor\" data-id=\"fedde86\" data-element_type=\"widget\" data-e-type=\"widget\" data-widget_type=\"text-editor.default\">\n\t\t\t\t<div class=\"elementor-widget-container\">\n\t\t\t\t\t\t\t\t\t<p>La Catalogne est sans conteste le centre gastronomique mondial, avec plus d&rsquo;\u00e9toiles Michelin par habitant dans la province de G\u00e9rone que partout ailleurs. La ville de G\u00e9rone abrite actuellement le meilleur restaurant du monde, Can Roca. Dans un segment l\u00e9g\u00e8rement inf\u00e9rieur, les restaurants locaux proposent tous les jours de la semaine un menu del dia, g\u00e9n\u00e9ralement compos\u00e9 de trois plats avec pain et vin compris, pour un prix compris entre 9 et 14 euros.  <\/p><p>La cuisine est d&rsquo;inspiration m\u00e9diterran\u00e9enne, avec beaucoup de poisson frais et de fruits de mer (par exemple les c\u00e9l\u00e8bres crevettes de Palam\u00f3s, les anchois de L&rsquo;Escala) repr\u00e9sentant la Mer, m\u00e9lang\u00e9s avec la viande de porc, la volaille, la saucisse et le lapin de la Muntanya (montagnes) et le typique dessert cr\u00e8me br\u00fbl\u00e9e (crema catalana). Le menu est g\u00e9n\u00e9ralement disponible jusqu&rsquo;\u00e0 16 h, donc le soir manger est mieux retard\u00e9 jusqu&rsquo;\u00e0 apr\u00e8s 20 ou 21 heures, en accord avec la coutume catalane. <\/p><h4>Restaurants \u00e9toil\u00e9s Michelin<\/h4><p>El Celler de Can Roca*** (972 22 21 57).<br>Miramar**, Llan\u00e7\u00e0 (972 38 01 32).<br>Les Cols**, Olot (972 269 209).<br>Casamar*, Llafranc (972 30 01 04).<br>La Cuina de Can Simon*, Tossa de Mar (972 34 12 69).<br>Ca l&rsquo;Enric*, La Vall de Bianya (972 29 00 15).<br>Ca l&rsquo;Arpa*, Banyoles (972 57 23 53).<br>Bo.Tic*, Cor\u00e7\u00e0 (972 63 08 69).<br>Massana* (972 21 38 20).<br>Fonda Xesc*, Gombr\u00e9n (972 73 04 04).<br>Tinars*, Llagostera (972 830 626).<br>Les Magn\u00f2lies*, Arb\u00facies (972 860 879).<br>Els Brancs*, Roses (972 256 008).<br>Emporium*, Castell\u00f3 d&rsquo;Emp\u00faries (972 250 593).<br>Castell de Perellada*, Perelada.<br>Terra*, S&rsquo;Agar\u00f3 , Platja d&rsquo;Aro (972 825 166).<\/p>\t\t\t\t\t\t\t\t<\/div>\n\t\t\t\t<\/div>\n\t\t\t\t<div class=\"elementor-element elementor-element-1c4c8f1 elementor-mobile_extra-align-justify elementor-widget elementor-widget-button\" data-id=\"1c4c8f1\" data-element_type=\"widget\" data-e-type=\"widget\" data-widget_type=\"button.default\">\n\t\t\t\t<div class=\"elementor-widget-container\">\n\t\t\t\t\t\t\t\t\t<div class=\"elementor-button-wrapper\">\n\t\t\t\t\t<a class=\"elementor-button elementor-button-link elementor-size-sm\" href=\"https:\/\/spainholidays4u.com\/fr\/location-maison-vacances-costa-brava\/\">\n\t\t\t\t\t\t<span class=\"elementor-button-content-wrapper\">\n\t\t\t\t\t\t\t\t\t<span class=\"elementor-button-text\">VOIR NOS PROPRI\u00c9T\u00c9S<\/span>\n\t\t\t\t\t<\/span>\n\t\t\t\t\t<\/a>\n\t\t\t\t<\/div>\n\t\t\t\t\t\t\t\t<\/div>\n\t\t\t\t<\/div>\n\t\t\t\t<\/div>\n\t\t\t\t\t<\/div>\n\t\t\t\t<\/div>\n\t\t<div class=\"elementor-element elementor-element-6465379 e-flex e-con-boxed e-con e-parent\" data-id=\"6465379\" data-element_type=\"container\" data-e-type=\"container\" data-settings=\"{&quot;background_background&quot;:&quot;classic&quot;}\">\n\t\t\t\t\t<div class=\"e-con-inner\">\n\t\t\t\t<div class=\"elementor-element elementor-element-ea742b8 elementor-widget elementor-widget-html\" data-id=\"ea742b8\" data-element_type=\"widget\" data-e-type=\"widget\" data-widget_type=\"html.default\">\n\t\t\t\t<div class=\"elementor-widget-container\">\n\t\t\t\t\t<h4><strong>Water world<\/strong><\/h4>\nD\u00e9couvrez le monde aquatique, avec ses kamikazes, ses toboggans, ses piscines \u00e0 vagues, son \u00e9norme roue \u00e0 aubes, sa montagne extr\u00eame, sa rivi\u00e8re de rafting, sa montagne aquatique, son tourbillon et, pour les plus petits, son \u00eele pour enfants et son lagon familial.<strong>\n<\/strong>\n<div data-tiqets-widget=\"discovery\" data-cards-layout=\"horizontal\" data-content-type=\"venue\" data-content-ids=\"192433\" data-language=\"en\" data-currency=\"GBP\" data-partner=\"spainholidays4u.com\"><\/div>\n<script defer src=\"https:\/\/widgets.tiqets.com\/loader.js\"><\/script>\n\n&nbsp;\n<h4><strong>Barcelone<\/strong><\/h4>\nUne visite fascinante du stade et du mus\u00e9e du l\u00e9gendaire club de football FC Barcelone ; la magnifique cath\u00e9drale de Gaudi, la \u00ab Sagrada Familia \u00bb ; les fontaines illumin\u00e9es \u00e0 couper le souffle de Montjuich. Profitez de la visite guid\u00e9e de la ville et prenez le temps de d\u00e9couvrir la ville par vous-m\u00eame. \n<div data-tiqets-widget=\"discovery\" data-cards-layout=\"horizontal\" data-content-type=\"venue\" data-content-ids=\"224102\" data-language=\"en\" data-currency=\"GBP\" data-partner=\"spainholidays4u.com\"><\/div>\n<script defer src=\"https:\/\/widgets.tiqets.com\/loader.js\"><\/script>\n\n<strong>G\u00e9rone<\/strong>\nG\u00e9rone est depuis longtemps la porte d'entr\u00e9e de l'Espagne (capitale provinciale). La cath\u00e9drale avec son escalier ext\u00e9rieur colossal et sa tapisserie du XIIe si\u00e8cle qui raconte l'histoire de la cr\u00e9ation, l'ancien quartier juif au nord de la rue de la For\u00e7a, les bains arabes (banys arabs) avec leurs arches de style roman tardif et le monast\u00e8re de Sant Pere de Galligants sont les sites les plus remarquables de cette ville. \n<h2><span class=\"HwtZe\" lang=\"en\"><span class=\"jCAhz ChMk0b\"><span class=\"ryNqvb\">Les plus belles vues Costa brava\n<\/span><\/span><\/span><\/span><\/h2>\n<div data-tiqets-widget=\"discovery\" data-cards-layout=\"responsive\" data-content-type=\"product\" data-item_count=\"20\" data-destination-type=\"city\" data-destination-id=\"66342\" data-language=\"en\" data-currency=\"GBP\" data-partner=\"spainholidays4u.com\"><\/div>\n<script defer src=\"https:\/\/widgets.tiqets.com\/loader.js\"><\/script>\t\t\t\t<\/div>\n\t\t\t\t<\/div>\n\t\t\t\t\t<\/div>\n\t\t\t\t<\/div>\n\t\t\t\t<\/div>\n\t\t","protected":false},"excerpt":{"rendered":"<p>Costa Brava : une destination de choix pour des millions de touristes chaque ann\u00e9e ! Ann\u00e9e apr\u00e8s ann\u00e9e, la Costa Brava captive le c\u0153ur de millions de touristes, s&rsquo;imposant comme une destination de choix pour ceux qui recherchent le soleil, la mer et une beaut\u00e9 incomparable. Nich\u00e9e le long du magnifique littoral m\u00e9diterran\u00e9en, cette r\u00e9gion [&hellip;]<\/p>\n","protected":false},"author":1,"featured_media":0,"parent":0,"menu_order":0,"comment_status":"closed","ping_status":"closed","template":"","meta":{"_acf_changed":false,"footnotes":""},"class_list":["post-3478","page","type-page","status-publish","hentry"],"acf":[],"_links":{"self":[{"href":"https:\/\/spainholidays4u.com\/fr\/wp-json\/wp\/v2\/pages\/3478","targetHints":{"allow":["GET"]}}],"collection":[{"href":"https:\/\/spainholidays4u.com\/fr\/wp-json\/wp\/v2\/pages"}],"about":[{"href":"https:\/\/spainholidays4u.com\/fr\/wp-json\/wp\/v2\/types\/page"}],"author":[{"embeddable":true,"href":"https:\/\/spainholidays4u.com\/fr\/wp-json\/wp\/v2\/users\/1"}],"replies":[{"embeddable":true,"href":"https:\/\/spainholidays4u.com\/fr\/wp-json\/wp\/v2\/comments?post=3478"}],"version-history":[{"count":1,"href":"https:\/\/spainholidays4u.com\/fr\/wp-json\/wp\/v2\/pages\/3478\/revisions"}],"predecessor-version":[{"id":3479,"href":"https:\/\/spainholidays4u.com\/fr\/wp-json\/wp\/v2\/pages\/3478\/revisions\/3479"}],"wp:attachment":[{"href":"https:\/\/spainholidays4u.com\/fr\/wp-json\/wp\/v2\/media?parent=3478"}],"curies":[{"name":"wp","href":"https:\/\/api.w.org\/{rel}","templated":true}]}}