{"id":3446,"date":"2025-08-28T19:15:52","date_gmt":"2025-08-28T17:15:52","guid":{"rendered":"https:\/\/spainholidays4u.com\/location-de-voiture\/"},"modified":"2025-10-27T17:48:56","modified_gmt":"2025-10-27T15:48:56","slug":"location-de-voiture","status":"publish","type":"page","link":"https:\/\/spainholidays4u.com\/fr\/location-de-voiture\/","title":{"rendered":"Location de voiture"},"content":{"rendered":"\t\t<div data-elementor-type=\"wp-page\" data-elementor-id=\"3446\" class=\"elementor elementor-3446 elementor-2376\" data-elementor-post-type=\"page\">\n\t\t\t\t<div class=\"elementor-element elementor-element-039b24e e-flex e-con-boxed e-con e-parent\" data-id=\"039b24e\" data-element_type=\"container\" data-e-type=\"container\" data-settings=\"{&quot;background_background&quot;:&quot;classic&quot;}\">\n\t\t\t\t\t<div class=\"e-con-inner\">\n\t\t\t\t\t<\/div>\n\t\t\t\t<\/div>\n\t\t<div class=\"elementor-element elementor-element-bcbb536 e-flex e-con-boxed e-con e-parent\" data-id=\"bcbb536\" data-element_type=\"container\" data-e-type=\"container\" data-settings=\"{&quot;background_background&quot;:&quot;classic&quot;}\">\n\t\t\t\t\t<div class=\"e-con-inner\">\n\t\t<div class=\"elementor-element elementor-element-7b33ff3 e-con-full e-flex e-con e-child\" data-id=\"7b33ff3\" data-element_type=\"container\" data-e-type=\"container\">\n\t\t\t\t<div class=\"elementor-element elementor-element-3cc39bf elementor-widget elementor-widget-heading\" data-id=\"3cc39bf\" data-element_type=\"widget\" data-e-type=\"widget\" data-widget_type=\"heading.default\">\n\t\t\t\t<div class=\"elementor-widget-container\">\n\t\t\t\t\t<h2 class=\"elementor-heading-title elementor-size-default\">Costa Brava, Espagne<\/h2>\t\t\t\t<\/div>\n\t\t\t\t<\/div>\n\t\t\t\t<div class=\"elementor-element elementor-element-a2e3f5c elementor-widget__width-inherit elementor-widget elementor-widget-text-editor\" data-id=\"a2e3f5c\" data-element_type=\"widget\" data-e-type=\"widget\" data-widget_type=\"text-editor.default\">\n\t\t\t\t<div class=\"elementor-widget-container\">\n\t\t\t\t\t\t\t\t\t<p>Location de voitures Costa Brava, Espagne, est un moyen pratique d&rsquo;explorer cette magnifique r\u00e9gion c\u00f4ti\u00e8re . <a href=\"https:\/\/www.spainholidays4u.com\/costa-brava-catalonia\/\">La Costa Brava<\/a> est connue pour ses magnifiques plages, ses charmants villages, et ses paysages pittoresques, et disposer d&rsquo;une voiture vous donnera vous la flexibilit\u00e9 de d\u00e9couvrir ses tr\u00e9sors cach\u00e9s \u00bb. <br>C&rsquo;est une bonne id\u00e9e de r\u00e9server votre location de voiture \u00e0 l&rsquo;avance, surtout si vous visitez pendant la haute saison touristique (g\u00e9n\u00e9ralement l&rsquo;\u00e9t\u00e9). Cela vous garantit d&rsquo;obtenir le type de voiture que vous souhaitez et souvent conduit \u00e0 de meilleurs tarifs. <\/p><p>Pour louer une voiture en Espagne, vous devez g\u00e9n\u00e9ralement avoir a5&gt; avoir au moins 21 ans et \u00eatre titulaire d&rsquo;un permis de conduire valide. Certaines agences peuvent exiger un \u00e2ge minimum de 25 ans pour certaines cat\u00e9gories de voitures, et un permis de conduire international (IDP) pourrait \u00eatre exig\u00e9 si votre permis n&rsquo;est pas en espagnol ou en anglais. <\/p>\t\t\t\t\t\t\t\t<\/div>\n\t\t\t\t<\/div>\n\t\t\t\t<div class=\"elementor-element elementor-element-e298e92 elementor-widget elementor-widget-heading\" data-id=\"e298e92\" data-element_type=\"widget\" data-e-type=\"widget\" data-widget_type=\"heading.default\">\n\t\t\t\t<div class=\"elementor-widget-container\">\n\t\t\t\t\t<h3 class=\"elementor-heading-title elementor-size-default\">Inspectez la voiture :<\/h3>\t\t\t\t<\/div>\n\t\t\t\t<\/div>\n\t\t\t\t<div class=\"elementor-element elementor-element-68ffd4e elementor-widget__width-inherit elementor-widget elementor-widget-text-editor\" data-id=\"68ffd4e\" data-element_type=\"widget\" data-e-type=\"widget\" data-widget_type=\"text-editor.default\">\n\t\t\t\t<div class=\"elementor-widget-container\">\n\t\t\t\t\t\t\t\t\t<p>Avant de prendre la route, inspectez minutieusement la voiture afin de d\u00e9tecter tout dommage pr\u00e9existant et assurez-vous qu&rsquo;il est correctement document\u00e9 aupr\u00e8s de l&rsquo;agence de location afin d&rsquo;\u00e9viter d&rsquo;en \u00eatre tenu responsable lors de la restitution du v\u00e9hicule.<\/p>\t\t\t\t\t\t\t\t<\/div>\n\t\t\t\t<\/div>\n\t\t\t\t<div class=\"elementor-element elementor-element-efa67e2 elementor-widget elementor-widget-heading\" data-id=\"efa67e2\" data-element_type=\"widget\" data-e-type=\"widget\" data-widget_type=\"heading.default\">\n\t\t\t\t<div class=\"elementor-widget-container\">\n\t\t\t\t\t<h3 class=\"elementor-heading-title elementor-size-default\">Restitution du v\u00e9hicule : <\/h3>\t\t\t\t<\/div>\n\t\t\t\t<\/div>\n\t\t\t\t<div class=\"elementor-element elementor-element-e41f09e elementor-widget__width-inherit elementor-widget elementor-widget-text-editor\" data-id=\"e41f09e\" data-element_type=\"widget\" data-e-type=\"widget\" data-widget_type=\"text-editor.default\">\n\t\t\t\t<div class=\"elementor-widget-container\">\n\t\t\t\t\t\t\t\t\t<p>Rendez la voiture \u00e0 l&rsquo;heure et dans le m\u00eame \u00e9tat que lorsque vous l&rsquo;avez prise en charge. Pr\u00e9parez-vous \u00e0 une inspection finale et assurez-vous d&rsquo;avoir tous vos effets personnels avec vous. <\/p>\t\t\t\t\t\t\t\t<\/div>\n\t\t\t\t<\/div>\n\t\t\t\t<\/div>\n\t\t<div class=\"elementor-element elementor-element-bc79822 e-con-full e-flex e-con e-child\" data-id=\"bc79822\" data-element_type=\"container\" data-e-type=\"container\">\n\t\t\t\t<div class=\"elementor-element elementor-element-fbd26ad elementor-hidden-tablet elementor-widget elementor-widget-image\" data-id=\"fbd26ad\" data-element_type=\"widget\" data-e-type=\"widget\" data-widget_type=\"image.default\">\n\t\t\t\t<div class=\"elementor-widget-container\">\n\t\t\t\t\t\t\t\t\t\t\t\t\t\t\t<img fetchpriority=\"high\" decoding=\"async\" width=\"1000\" height=\"1500\" src=\"https:\/\/spainholidays4u.com\/wp-content\/uploads\/2025\/08\/about-spainholidays4u.jpg\" class=\"attachment-full size-full wp-image-3396\" alt=\"\" srcset=\"https:\/\/spainholidays4u.com\/wp-content\/uploads\/2025\/08\/about-spainholidays4u.jpg 1000w, https:\/\/spainholidays4u.com\/wp-content\/uploads\/2025\/08\/about-spainholidays4u-200x300.jpg 200w, https:\/\/spainholidays4u.com\/wp-content\/uploads\/2025\/08\/about-spainholidays4u-683x1024.jpg 683w, https:\/\/spainholidays4u.com\/wp-content\/uploads\/2025\/08\/about-spainholidays4u-768x1152.jpg 768w, https:\/\/spainholidays4u.com\/wp-content\/uploads\/2025\/08\/about-spainholidays4u-600x900.jpg 600w\" sizes=\"(max-width: 1000px) 100vw, 1000px\" \/>\t\t\t\t\t\t\t\t\t\t\t\t\t\t\t<\/div>\n\t\t\t\t<\/div>\n\t\t\t\t<\/div>\n\t\t\t\t\t<\/div>\n\t\t\t\t<\/div>\n\t\t<div class=\"elementor-element elementor-element-e58f939 e-flex e-con-boxed e-con e-parent\" data-id=\"e58f939\" data-element_type=\"container\" data-e-type=\"container\" data-settings=\"{&quot;background_background&quot;:&quot;classic&quot;}\">\n\t\t\t\t\t<div class=\"e-con-inner\">\n\t\t<div class=\"elementor-element elementor-element-d4370db e-con-full e-flex e-con e-child\" data-id=\"d4370db\" data-element_type=\"container\" data-e-type=\"container\">\n\t\t\t\t<div class=\"elementor-element elementor-element-fdaeed9 elementor-widget elementor-widget-heading\" data-id=\"fdaeed9\" data-element_type=\"widget\" data-e-type=\"widget\" data-widget_type=\"heading.default\">\n\t\t\t\t<div class=\"elementor-widget-container\">\n\t\t\t\t\t<h2 class=\"elementor-heading-title elementor-size-default\">Rechercher des locations de voitures<\/h2>\t\t\t\t<\/div>\n\t\t\t\t<\/div>\n\t\t\t\t<div class=\"elementor-element elementor-element-e494b59 elementor-widget elementor-widget-text-editor\" data-id=\"e494b59\" data-element_type=\"widget\" data-e-type=\"widget\" data-widget_type=\"text-editor.default\">\n\t\t\t\t<div class=\"elementor-widget-container\">\n\t\t\t\t\t\t\t\t\t<p>Easyterra vous permet de louer une voiture dans 30 000 destinations \u00e0 travers le monde. Easyterra collabore avec plus de 800 soci\u00e9t\u00e9s de location de voitures r\u00e9put\u00e9es dans le monde entier. Cela inclut des marques de location de voitures bien connues telles que Hertz, Budget, Sixt et Avis. Easyterra travaille \u00e9galement avec des fournisseurs de location de voitures locaux plus petits, afin de toujours pouvoir proposer des offres adapt\u00e9es aux besoins de chacun.   <\/p><p>Louer une voiture sur la Costa Brava vous offre la libert\u00e9 d&rsquo;explorer la r\u00e9gion \u00e0 votre rythme, vous permettant de visiter facilement ses villes c\u00f4ti\u00e8res pittoresques, ses plages et ses attractions naturelles. Bon voyage ! <\/p>\t\t\t\t\t\t\t\t<\/div>\n\t\t\t\t<\/div>\n\t\t\t\t<\/div>\n\t\t<div class=\"elementor-element elementor-element-7f57e16 e-con-full e-flex e-con e-child\" data-id=\"7f57e16\" data-element_type=\"container\" data-e-type=\"container\">\n\t\t\t\t<div class=\"elementor-element elementor-element-04a5592 elementor-hidden-tablet elementor-widget elementor-widget-image\" data-id=\"04a5592\" data-element_type=\"widget\" data-e-type=\"widget\" data-widget_type=\"image.default\">\n\t\t\t\t<div class=\"elementor-widget-container\">\n\t\t\t\t\t\t\t\t\t\t\t\t\t\t\t<img decoding=\"async\" width=\"2000\" height=\"1125\" src=\"https:\/\/spainholidays4u.com\/wp-content\/uploads\/2025\/08\/2148732197-1.jpg\" class=\"attachment-full size-full wp-image-3417\" alt=\"\" srcset=\"https:\/\/spainholidays4u.com\/wp-content\/uploads\/2025\/08\/2148732197-1.jpg 2000w, https:\/\/spainholidays4u.com\/wp-content\/uploads\/2025\/08\/2148732197-1-300x169.jpg 300w, https:\/\/spainholidays4u.com\/wp-content\/uploads\/2025\/08\/2148732197-1-1024x576.jpg 1024w, https:\/\/spainholidays4u.com\/wp-content\/uploads\/2025\/08\/2148732197-1-768x432.jpg 768w, https:\/\/spainholidays4u.com\/wp-content\/uploads\/2025\/08\/2148732197-1-1536x864.jpg 1536w, https:\/\/spainholidays4u.com\/wp-content\/uploads\/2025\/08\/2148732197-1-805x453.jpg 805w, https:\/\/spainholidays4u.com\/wp-content\/uploads\/2025\/08\/2148732197-1-600x338.jpg 600w\" sizes=\"(max-width: 2000px) 100vw, 2000px\" \/>\t\t\t\t\t\t\t\t\t\t\t\t\t\t\t<\/div>\n\t\t\t\t<\/div>\n\t\t\t\t<\/div>\n\t\t\t\t\t<\/div>\n\t\t\t\t<\/div>\n\t\t\t\t<\/div>\n\t\t","protected":false},"excerpt":{"rendered":"<p>Costa Brava, Espagne Location de voitures Costa Brava, Espagne, est un moyen pratique d&rsquo;explorer cette magnifique r\u00e9gion c\u00f4ti\u00e8re . La Costa Brava est connue pour ses magnifiques plages, ses charmants villages, et ses paysages pittoresques, et disposer d&rsquo;une voiture vous donnera vous la flexibilit\u00e9 de d\u00e9couvrir ses tr\u00e9sors cach\u00e9s \u00bb. C&rsquo;est une bonne id\u00e9e de [&hellip;]<\/p>\n","protected":false},"author":1,"featured_media":0,"parent":0,"menu_order":0,"comment_status":"closed","ping_status":"closed","template":"","meta":{"_acf_changed":false,"footnotes":""},"class_list":["post-3446","page","type-page","status-publish","hentry"],"acf":[],"_links":{"self":[{"href":"https:\/\/spainholidays4u.com\/fr\/wp-json\/wp\/v2\/pages\/3446","targetHints":{"allow":["GET"]}}],"collection":[{"href":"https:\/\/spainholidays4u.com\/fr\/wp-json\/wp\/v2\/pages"}],"about":[{"href":"https:\/\/spainholidays4u.com\/fr\/wp-json\/wp\/v2\/types\/page"}],"author":[{"embeddable":true,"href":"https:\/\/spainholidays4u.com\/fr\/wp-json\/wp\/v2\/users\/1"}],"replies":[{"embeddable":true,"href":"https:\/\/spainholidays4u.com\/fr\/wp-json\/wp\/v2\/comments?post=3446"}],"version-history":[{"count":1,"href":"https:\/\/spainholidays4u.com\/fr\/wp-json\/wp\/v2\/pages\/3446\/revisions"}],"predecessor-version":[{"id":3447,"href":"https:\/\/spainholidays4u.com\/fr\/wp-json\/wp\/v2\/pages\/3446\/revisions\/3447"}],"wp:attachment":[{"href":"https:\/\/spainholidays4u.com\/fr\/wp-json\/wp\/v2\/media?parent=3446"}],"curies":[{"name":"wp","href":"https:\/\/api.w.org\/{rel}","templated":true}]}}