{"id":3393,"date":"2025-07-14T20:45:30","date_gmt":"2025-07-14T18:45:30","guid":{"rendered":"https:\/\/spainholidays4u.com\/a-propos-de-nous\/"},"modified":"2026-03-26T15:53:00","modified_gmt":"2026-03-26T13:53:00","slug":"a-propos-de-nous","status":"publish","type":"page","link":"https:\/\/spainholidays4u.com\/fr\/a-propos-de-nous\/","title":{"rendered":"\u00c0 propos de nous"},"content":{"rendered":"\t\t<div data-elementor-type=\"wp-page\" data-elementor-id=\"3393\" class=\"elementor elementor-3393 elementor-239\" data-elementor-post-type=\"page\">\n\t\t\t\t<main class=\"elementor-element elementor-element-d2cf34d e-flex e-con-boxed e-con e-parent\" data-id=\"d2cf34d\" data-element_type=\"container\" data-e-type=\"container\" data-settings=\"{&quot;background_background&quot;:&quot;classic&quot;}\">\n\t\t\t\t\t<div class=\"e-con-inner\">\n\t\t\t\t\t<\/div>\n\t\t\t\t<\/main>\n\t\t<div class=\"elementor-element elementor-element-0a59e86 e-flex e-con-boxed e-con e-parent\" data-id=\"0a59e86\" data-element_type=\"container\" data-e-type=\"container\" data-settings=\"{&quot;background_background&quot;:&quot;classic&quot;}\">\n\t\t\t\t\t<div class=\"e-con-inner\">\n\t\t<div class=\"elementor-element elementor-element-00042b9 e-con-full e-flex e-con e-child\" data-id=\"00042b9\" data-element_type=\"container\" data-e-type=\"container\">\n\t\t\t\t<div class=\"elementor-element elementor-element-db8cab6 elementor-widget elementor-widget-heading\" data-id=\"db8cab6\" data-element_type=\"widget\" data-e-type=\"widget\" data-widget_type=\"heading.default\">\n\t\t\t\t<div class=\"elementor-widget-container\">\n\t\t\t\t\t<h2 class=\"elementor-heading-title elementor-size-default\">Bienvenue sur Spainholidays4u<\/h2>\t\t\t\t<\/div>\n\t\t\t\t<\/div>\n\t\t\t\t<div class=\"elementor-element elementor-element-612479b elementor-widget__width-inherit elementor-widget elementor-widget-text-editor\" data-id=\"612479b\" data-element_type=\"widget\" data-e-type=\"widget\" data-widget_type=\"text-editor.default\">\n\t\t\t\t<div class=\"elementor-widget-container\">\n\t\t\t\t\t\t\t\t\t<p>Spainholidays4u est le sp\u00e9cialiste des vacances pour un s\u00e9jour agr\u00e9able dans une maison de vacances de luxe. En 2005, nous avons commenc\u00e9 \u00e0 louer des maisons de vacances sur la Costa Brava, en Espagne. Ce qui a commenc\u00e9 comme un hobby s&rsquo;est transform\u00e9 en une entreprise \u00e0 part enti\u00e8re proposant un large choix de maisons et d&rsquo;appartements de vacances en Catalogne. Notre bureau est situ\u00e9 \u00e0 Calonge, un petit village de la <a href=\"https:\/\/www.spainholidays4u.com\/costa-brava-catalonia\/\">Costa Brava<\/a>.   <\/p>\t\t\t\t\t\t\t\t<\/div>\n\t\t\t\t<\/div>\n\t\t\t\t<\/div>\n\t\t<div class=\"elementor-element elementor-element-804f1d1 e-con-full e-flex e-con e-child\" data-id=\"804f1d1\" data-element_type=\"container\" data-e-type=\"container\">\n\t\t\t\t<div class=\"elementor-element elementor-element-84201fc elementor-widget elementor-widget-image\" data-id=\"84201fc\" data-element_type=\"widget\" data-e-type=\"widget\" data-widget_type=\"image.default\">\n\t\t\t\t<div class=\"elementor-widget-container\">\n\t\t\t\t\t\t\t\t\t\t\t\t\t\t\t<img fetchpriority=\"high\" decoding=\"async\" width=\"1667\" height=\"834\" src=\"https:\/\/spainholidays4u.com\/wp-content\/uploads\/2025\/06\/spainholidays4u.png\" class=\"attachment-full size-full wp-image-3388\" alt=\"\" srcset=\"https:\/\/spainholidays4u.com\/wp-content\/uploads\/2025\/06\/spainholidays4u.png 1667w, https:\/\/spainholidays4u.com\/wp-content\/uploads\/2025\/06\/spainholidays4u-600x300.png 600w, https:\/\/spainholidays4u.com\/wp-content\/uploads\/2025\/06\/spainholidays4u-300x150.png 300w, https:\/\/spainholidays4u.com\/wp-content\/uploads\/2025\/06\/spainholidays4u-1024x512.png 1024w, https:\/\/spainholidays4u.com\/wp-content\/uploads\/2025\/06\/spainholidays4u-768x384.png 768w, https:\/\/spainholidays4u.com\/wp-content\/uploads\/2025\/06\/spainholidays4u-1536x768.png 1536w\" sizes=\"(max-width: 1667px) 100vw, 1667px\" \/>\t\t\t\t\t\t\t\t\t\t\t\t\t\t\t<\/div>\n\t\t\t\t<\/div>\n\t\t\t\t<\/div>\n\t\t\t\t\t<\/div>\n\t\t\t\t<\/div>\n\t\t<div class=\"elementor-element elementor-element-8eac75b e-flex e-con-boxed e-con e-parent\" data-id=\"8eac75b\" data-element_type=\"container\" data-e-type=\"container\" data-settings=\"{&quot;background_background&quot;:&quot;classic&quot;}\">\n\t\t\t\t\t<div class=\"e-con-inner\">\n\t\t<div class=\"elementor-element elementor-element-5853f5c e-con-full e-flex e-con e-child\" data-id=\"5853f5c\" data-element_type=\"container\" data-e-type=\"container\" data-settings=\"{&quot;background_background&quot;:&quot;classic&quot;}\">\n\t\t<div class=\"elementor-element elementor-element-a89828f e-con-full e-flex e-con e-child\" data-id=\"a89828f\" data-element_type=\"container\" data-e-type=\"container\" data-settings=\"{&quot;background_background&quot;:&quot;classic&quot;}\">\n\t\t\t\t<div class=\"elementor-element elementor-element-c7069c6 elementor-arrows-position-outside elementor-widget elementor-widget-n-carousel\" data-id=\"c7069c6\" data-element_type=\"widget\" data-e-type=\"widget\" data-settings=\"{&quot;carousel_items&quot;:[{&quot;slide_title&quot;:&quot;Carlos&quot;,&quot;_id&quot;:&quot;3519e80&quot;},{&quot;slide_title&quot;:&quot;Lotte&quot;,&quot;_id&quot;:&quot;bbea940&quot;},{&quot;slide_title&quot;:&quot;Jeremy&quot;,&quot;_id&quot;:&quot;841bcd2&quot;}],&quot;slides_to_show&quot;:&quot;1&quot;,&quot;slides_to_show_tablet&quot;:&quot;1&quot;,&quot;slides_to_show_mobile&quot;:&quot;1&quot;,&quot;autoplay&quot;:&quot;yes&quot;,&quot;autoplay_speed&quot;:5000,&quot;pause_on_hover&quot;:&quot;yes&quot;,&quot;pause_on_interaction&quot;:&quot;yes&quot;,&quot;infinite&quot;:&quot;yes&quot;,&quot;speed&quot;:500,&quot;offset_sides&quot;:&quot;none&quot;,&quot;arrows&quot;:&quot;yes&quot;,&quot;image_spacing_custom&quot;:{&quot;unit&quot;:&quot;px&quot;,&quot;size&quot;:10,&quot;sizes&quot;:[]},&quot;image_spacing_custom_laptop&quot;:{&quot;unit&quot;:&quot;px&quot;,&quot;size&quot;:&quot;&quot;,&quot;sizes&quot;:[]},&quot;image_spacing_custom_tablet&quot;:{&quot;unit&quot;:&quot;px&quot;,&quot;size&quot;:&quot;&quot;,&quot;sizes&quot;:[]},&quot;image_spacing_custom_mobile_extra&quot;:{&quot;unit&quot;:&quot;px&quot;,&quot;size&quot;:&quot;&quot;,&quot;sizes&quot;:[]},&quot;image_spacing_custom_mobile&quot;:{&quot;unit&quot;:&quot;px&quot;,&quot;size&quot;:&quot;&quot;,&quot;sizes&quot;:[]}}\" data-widget_type=\"nested-carousel.default\">\n\t\t\t\t<div class=\"elementor-widget-container\">\n\t\t\t\t\t\t\t<div class=\"e-n-carousel swiper\" role=\"region\" aria-roledescription=\"carousel\" aria-label=\"Carousel\" dir=\"ltr\">\n\t\t\t<div class=\"swiper-wrapper\" aria-live=\"off\">\n\t\t\t\t\t\t\t\t\t\t<div class=\"swiper-slide\" data-slide=\"1\" role=\"group\" aria-roledescription=\"slide\" aria-label=\"1 sur 3\">\n\t\t\t\t\t\t\t<div class=\"elementor-element elementor-element-d9e0316 e-flex e-con-boxed e-con e-child\" data-id=\"d9e0316\" data-element_type=\"container\" data-e-type=\"container\">\n\t\t\t\t\t<div class=\"e-con-inner\">\n\t\t\t\t<div class=\"elementor-element elementor-element-6d6cfee elementor-position-left elementor-vertical-align-middle elementor-widget elementor-widget-image-box\" data-id=\"6d6cfee\" data-element_type=\"widget\" data-e-type=\"widget\" data-widget_type=\"image-box.default\">\n\t\t\t\t<div class=\"elementor-widget-container\">\n\t\t\t\t\t<div class=\"elementor-image-box-wrapper\"><figure class=\"elementor-image-box-img\"><img decoding=\"async\" width=\"500\" height=\"500\" src=\"https:\/\/spainholidays4u.com\/wp-content\/uploads\/2025\/08\/carlos-spainholidays4u-v.png\" class=\"attachment-full size-full wp-image-3389\" alt=\"\" srcset=\"https:\/\/spainholidays4u.com\/wp-content\/uploads\/2025\/08\/carlos-spainholidays4u-v.png 500w, https:\/\/spainholidays4u.com\/wp-content\/uploads\/2025\/08\/carlos-spainholidays4u-v-300x300.png 300w, https:\/\/spainholidays4u.com\/wp-content\/uploads\/2025\/08\/carlos-spainholidays4u-v-150x150.png 150w, https:\/\/spainholidays4u.com\/wp-content\/uploads\/2025\/08\/carlos-spainholidays4u-v-60x60.png 60w, https:\/\/spainholidays4u.com\/wp-content\/uploads\/2025\/08\/carlos-spainholidays4u-v-100x100.png 100w\" sizes=\"(max-width: 500px) 100vw, 500px\" \/><\/figure><div class=\"elementor-image-box-content\"><h3 class=\"elementor-image-box-title\">Carlos<\/h3><p class=\"elementor-image-box-description\">Carlos est notre directeur g\u00e9n\u00e9ral, le sourire de l'entreprise et l'un de vos interlocuteurs directs.<br> <\/p><\/div><\/div>\t\t\t\t<\/div>\n\t\t\t\t<\/div>\n\t\t\t\t\t<\/div>\n\t\t\t\t<\/div>\n\t\t\t\t\t\t\t\t<\/div>\n\t\t\t\t\t\t\t\t\t\t\t<div class=\"swiper-slide\" data-slide=\"2\" role=\"group\" aria-roledescription=\"slide\" aria-label=\"2 sur 3\">\n\t\t\t\t\t\t\t<div class=\"elementor-element elementor-element-c49641f e-flex e-con-boxed e-con e-child\" data-id=\"c49641f\" data-element_type=\"container\" data-e-type=\"container\">\n\t\t\t\t\t<div class=\"e-con-inner\">\n\t\t\t\t<div class=\"elementor-element elementor-element-d3152d2 elementor-position-left elementor-vertical-align-middle elementor-widget elementor-widget-image-box\" data-id=\"d3152d2\" data-element_type=\"widget\" data-e-type=\"widget\" data-widget_type=\"image-box.default\">\n\t\t\t\t<div class=\"elementor-widget-container\">\n\t\t\t\t\t<div class=\"elementor-image-box-wrapper\"><figure class=\"elementor-image-box-img\"><img decoding=\"async\" width=\"500\" height=\"500\" src=\"https:\/\/spainholidays4u.com\/wp-content\/uploads\/2025\/08\/lotte-spainholidays4u.png\" class=\"attachment-full size-full wp-image-3390\" alt=\"\" srcset=\"https:\/\/spainholidays4u.com\/wp-content\/uploads\/2025\/08\/lotte-spainholidays4u.png 500w, https:\/\/spainholidays4u.com\/wp-content\/uploads\/2025\/08\/lotte-spainholidays4u-300x300.png 300w, https:\/\/spainholidays4u.com\/wp-content\/uploads\/2025\/08\/lotte-spainholidays4u-150x150.png 150w, https:\/\/spainholidays4u.com\/wp-content\/uploads\/2025\/08\/lotte-spainholidays4u-60x60.png 60w, https:\/\/spainholidays4u.com\/wp-content\/uploads\/2025\/08\/lotte-spainholidays4u-100x100.png 100w\" sizes=\"(max-width: 500px) 100vw, 500px\" \/><\/figure><div class=\"elementor-image-box-content\"><h3 class=\"elementor-image-box-title\">Lotte<\/h3><p class=\"elementor-image-box-description\">Nous accueillerons tous nos clients personnellement dans nos bureaux \u00e0 Calonge ou directement \u00e0 votre maison de vacances. Vous pourrez ainsi profiter pleinement de votre s\u00e9jour.<br> <\/p><\/div><\/div>\t\t\t\t<\/div>\n\t\t\t\t<\/div>\n\t\t\t\t\t<\/div>\n\t\t\t\t<\/div>\n\t\t\t\t\t\t\t\t<\/div>\n\t\t\t\t\t\t\t\t\t\t\t<div class=\"swiper-slide\" data-slide=\"3\" role=\"group\" aria-roledescription=\"slide\" aria-label=\"3 sur 3\">\n\t\t\t\t\t\t\t<div class=\"elementor-element elementor-element-5aff99a e-flex e-con-boxed e-con e-child\" data-id=\"5aff99a\" data-element_type=\"container\" data-e-type=\"container\">\n\t\t\t\t\t<div class=\"e-con-inner\">\n\t\t\t\t<div class=\"elementor-element elementor-element-ccaa613 elementor-position-left elementor-vertical-align-middle elementor-widget elementor-widget-image-box\" data-id=\"ccaa613\" data-element_type=\"widget\" data-e-type=\"widget\" data-widget_type=\"image-box.default\">\n\t\t\t\t<div class=\"elementor-widget-container\">\n\t\t\t\t\t<div class=\"elementor-image-box-wrapper\"><figure class=\"elementor-image-box-img\"><img loading=\"lazy\" decoding=\"async\" width=\"500\" height=\"500\" src=\"https:\/\/spainholidays4u.com\/wp-content\/uploads\/2025\/08\/jeremy-spainholidays4u.png\" class=\"attachment-full size-full wp-image-3391\" alt=\"\" srcset=\"https:\/\/spainholidays4u.com\/wp-content\/uploads\/2025\/08\/jeremy-spainholidays4u.png 500w, https:\/\/spainholidays4u.com\/wp-content\/uploads\/2025\/08\/jeremy-spainholidays4u-300x300.png 300w, https:\/\/spainholidays4u.com\/wp-content\/uploads\/2025\/08\/jeremy-spainholidays4u-150x150.png 150w, https:\/\/spainholidays4u.com\/wp-content\/uploads\/2025\/08\/jeremy-spainholidays4u-60x60.png 60w, https:\/\/spainholidays4u.com\/wp-content\/uploads\/2025\/08\/jeremy-spainholidays4u-100x100.png 100w\" sizes=\"(max-width: 500px) 100vw, 500px\" \/><\/figure><div class=\"elementor-image-box-content\"><h3 class=\"elementor-image-box-title\">Jeremy<\/h3><p class=\"elementor-image-box-description\">Jeremy veille \u00e0 ce que l'effet \u00ab waouh \u00bb soit au rendez-vous \u00e0 chaque fois que des invit\u00e9s arrivent \u00e0 la maison. <\/p><\/div><\/div>\t\t\t\t<\/div>\n\t\t\t\t<\/div>\n\t\t\t\t\t<\/div>\n\t\t\t\t<\/div>\n\t\t\t\t\t\t\t\t<\/div>\n\t\t\t\t\t\t\t\t<\/div>\n\t\t<\/div>\n\t\t\t\t\t<div class=\"elementor-swiper-button elementor-swiper-button-prev\" role=\"button\" tabindex=\"0\" aria-label=\"Pr\u00e9c\u00e9dent\">\n\t\t\t\t<i aria-hidden=\"true\" class=\"eicon-chevron-left\"><\/i>\t\t\t<\/div>\n\t\t\t<div class=\"elementor-swiper-button elementor-swiper-button-next\" role=\"button\" tabindex=\"0\" aria-label=\"Suivant\">\n\t\t\t\t<i aria-hidden=\"true\" class=\"eicon-chevron-right\"><\/i>\t\t\t<\/div>\n\t\t\t\t\t\t<\/div>\n\t\t\t\t<\/div>\n\t\t\t\t<\/div>\n\t\t<div class=\"elementor-element elementor-element-c600c69 e-con-full e-flex e-con e-child\" data-id=\"c600c69\" data-element_type=\"container\" data-e-type=\"container\">\n\t\t\t\t<div class=\"elementor-element elementor-element-8b95db4 elementor-widget elementor-widget-heading\" data-id=\"8b95db4\" data-element_type=\"widget\" data-e-type=\"widget\" data-widget_type=\"heading.default\">\n\t\t\t\t<div class=\"elementor-widget-container\">\n\t\t\t\t\t<h2 class=\"elementor-heading-title elementor-size-default\">Une v\u00e9ritable entreprise familiale<\/h2>\t\t\t\t<\/div>\n\t\t\t\t<\/div>\n\t\t\t\t<div class=\"elementor-element elementor-element-2c4d461 elementor-widget__width-inherit elementor-widget elementor-widget-text-editor\" data-id=\"2c4d461\" data-element_type=\"widget\" data-e-type=\"widget\" data-widget_type=\"text-editor.default\">\n\t\t\t\t<div class=\"elementor-widget-container\">\n\t\t\t\t\t\t\t\t\t<p>Nous sommes une v\u00e9ritable entreprise familiale qui, depuis 2013, a accueilli de nombreuses familles venues du monde entier pour passer des vacances inoubliables dans notre large gamme de locations de vacances.<br> Vous trouverez donc sur notre site web un aper\u00e7u clair de toutes les maisons de vacances uniques en Espagne.<\/p><p>Nous accueillerons tous nos clients personnellement dans nos bureaux \u00e0 Calonge ou directement \u00e0 votre maison de vacances. Vous pourrez ainsi profiter pleinement de votre s\u00e9jour.<br>  <\/p>\t\t\t\t\t\t\t\t<\/div>\n\t\t\t\t<\/div>\n\t\t\t\t<\/div>\n\t\t\t\t<\/div>\n\t\t\t\t\t<\/div>\n\t\t\t\t<\/div>\n\t\t<div class=\"elementor-element elementor-element-f75a87f e-flex e-con-boxed e-con e-parent\" data-id=\"f75a87f\" data-element_type=\"container\" data-e-type=\"container\" data-settings=\"{&quot;background_background&quot;:&quot;classic&quot;}\">\n\t\t\t\t\t<div class=\"e-con-inner\">\n\t\t<div class=\"elementor-element elementor-element-402af5b e-con-full e-flex e-con e-child\" data-id=\"402af5b\" data-element_type=\"container\" data-e-type=\"container\">\n\t\t\t\t<div class=\"elementor-element elementor-element-e12246a elementor-widget elementor-widget-heading\" data-id=\"e12246a\" data-element_type=\"widget\" data-e-type=\"widget\" data-widget_type=\"heading.default\">\n\t\t\t\t<div class=\"elementor-widget-container\">\n\t\t\t\t\t<h2 class=\"elementor-heading-title elementor-size-default\">Costa Brava vacances locations<\/h2>\t\t\t\t<\/div>\n\t\t\t\t<\/div>\n\t\t\t\t<div class=\"elementor-element elementor-element-8e2d9e5 elementor-widget elementor-widget-text-editor\" data-id=\"8e2d9e5\" data-element_type=\"widget\" data-e-type=\"widget\" data-widget_type=\"text-editor.default\">\n\t\t\t\t<div class=\"elementor-widget-container\">\n\t\t\t\t\t\t\t\t\t<p class=\"p1\">Chez Spainholidays4u, nous pensons que les vacances doivent \u00eatre comme un retour \u00e0 la maison : relaxantes, accueillantes et sans souci. En tant qu&rsquo;entreprise familiale fi\u00e8re de ses racines, nous proposons depuis 2005 des locations de vacances sur la Costa Brava, alliant notre expertise locale \u00e0 un engagement profond en faveur d&rsquo;un service personnalis\u00e9. Ce qui a commenc\u00e9 comme un petit projet passionn\u00e9 est devenu une r\u00e9f\u00e9rence dans le domaine de la location de vacances, avec une s\u00e9lection rigoureuse de magnifiques villas et appartements dans toute la Catalogne.  <\/p><p class=\"p1\">Gr\u00e2ce \u00e0 nos racines dans le charmant village de Calonge, nous sommes plus qu&rsquo;une simple agence de location : nous sommes vos h\u00f4tes locaux. Notre \u00e9quipe soud\u00e9e est toujours pr\u00eate \u00e0 partager ses bons plans sur les meilleures plages, les meilleurs restaurants et les joyaux cach\u00e9s que la Costa Brava a \u00e0 offrir. Que vous planifiez une escapade romantique ou des vacances en famille, nous veillons \u00e0 ce que vous ne r\u00e9serviez pas seulement une maison, mais que vous viviez une exp\u00e9rience unique.  <\/p><p class=\"p1\">Nous sommes tr\u00e8s fiers d&rsquo;accueillir personnellement nos clients et de veiller \u00e0 ce que chaque s\u00e9jour commence avec le sourire : lits fra\u00eechement faits, tout le n\u00e9cessaire \u00e0 disposition et assistance disponible 24h\/24 et 7j\/7 si n\u00e9cessaire. Lorsque vous r\u00e9servez avec Spainholidays4u, vous n&rsquo;\u00eates pas qu&rsquo;un simple num\u00e9ro, vous faites partie de notre famille de vacances. Laissez-nous vous aider \u00e0 cr\u00e9er des souvenirs inoubliables sur la c\u00f4te la plus \u00e9poustouflante d&rsquo;Espagne.  <\/p>\t\t\t\t\t\t\t\t<\/div>\n\t\t\t\t<\/div>\n\t\t\t\t<div class=\"elementor-element elementor-element-cc54b71 elementor-mobile_extra-align-justify elementor-widget elementor-widget-button\" data-id=\"cc54b71\" data-element_type=\"widget\" data-e-type=\"widget\" data-widget_type=\"button.default\">\n\t\t\t\t<div class=\"elementor-widget-container\">\n\t\t\t\t\t\t\t\t\t<div class=\"elementor-button-wrapper\">\n\t\t\t\t\t<a class=\"elementor-button elementor-button-link elementor-size-sm\" href=\"https:\/\/spainholidays4u.com\/fr\/location-maison-vacances-costa-brava\/\">\n\t\t\t\t\t\t<span class=\"elementor-button-content-wrapper\">\n\t\t\t\t\t\t\t\t\t<span class=\"elementor-button-text\">VOIR NOS PROPRI\u00c9T\u00c9S<\/span>\n\t\t\t\t\t<\/span>\n\t\t\t\t\t<\/a>\n\t\t\t\t<\/div>\n\t\t\t\t\t\t\t\t<\/div>\n\t\t\t\t<\/div>\n\t\t\t\t<\/div>\n\t\t<div class=\"elementor-element elementor-element-aa231b8 e-con-full e-flex e-con e-child\" data-id=\"aa231b8\" data-element_type=\"container\" data-e-type=\"container\">\n\t\t\t\t<div class=\"elementor-element elementor-element-cea403d elementor-hidden-tablet elementor-widget elementor-widget-image\" data-id=\"cea403d\" data-element_type=\"widget\" data-e-type=\"widget\" data-widget_type=\"image.default\">\n\t\t\t\t<div class=\"elementor-widget-container\">\n\t\t\t\t\t\t\t\t\t\t\t\t\t\t\t<img loading=\"lazy\" decoding=\"async\" width=\"1058\" height=\"887\" src=\"https:\/\/spainholidays4u.com\/wp-content\/uploads\/2025\/10\/aboutsh4u.png\" class=\"attachment-full size-full wp-image-3392\" alt=\"\" srcset=\"https:\/\/spainholidays4u.com\/wp-content\/uploads\/2025\/10\/aboutsh4u.png 1058w, https:\/\/spainholidays4u.com\/wp-content\/uploads\/2025\/10\/aboutsh4u-300x252.png 300w, https:\/\/spainholidays4u.com\/wp-content\/uploads\/2025\/10\/aboutsh4u-1024x858.png 1024w, https:\/\/spainholidays4u.com\/wp-content\/uploads\/2025\/10\/aboutsh4u-768x644.png 768w\" sizes=\"(max-width: 1058px) 100vw, 1058px\" \/>\t\t\t\t\t\t\t\t\t\t\t\t\t\t\t<\/div>\n\t\t\t\t<\/div>\n\t\t\t\t<\/div>\n\t\t\t\t\t<\/div>\n\t\t\t\t<\/div>\n\t\t\t\t<\/div>\n\t\t","protected":false},"excerpt":{"rendered":"<p>Bienvenue sur Spainholidays4u Spainholidays4u est le sp\u00e9cialiste des vacances pour un s\u00e9jour agr\u00e9able dans une maison de vacances de luxe. En 2005, nous avons commenc\u00e9 \u00e0 louer des maisons de vacances sur la Costa Brava, en Espagne. Ce qui a commenc\u00e9 comme un hobby s&rsquo;est transform\u00e9 en une entreprise \u00e0 part enti\u00e8re proposant un large [&hellip;]<\/p>\n","protected":false},"author":1,"featured_media":0,"parent":0,"menu_order":0,"comment_status":"closed","ping_status":"closed","template":"","meta":{"_acf_changed":false,"footnotes":""},"class_list":["post-3393","page","type-page","status-publish","hentry"],"acf":[],"_links":{"self":[{"href":"https:\/\/spainholidays4u.com\/fr\/wp-json\/wp\/v2\/pages\/3393","targetHints":{"allow":["GET"]}}],"collection":[{"href":"https:\/\/spainholidays4u.com\/fr\/wp-json\/wp\/v2\/pages"}],"about":[{"href":"https:\/\/spainholidays4u.com\/fr\/wp-json\/wp\/v2\/types\/page"}],"author":[{"embeddable":true,"href":"https:\/\/spainholidays4u.com\/fr\/wp-json\/wp\/v2\/users\/1"}],"replies":[{"embeddable":true,"href":"https:\/\/spainholidays4u.com\/fr\/wp-json\/wp\/v2\/comments?post=3393"}],"version-history":[{"count":5,"href":"https:\/\/spainholidays4u.com\/fr\/wp-json\/wp\/v2\/pages\/3393\/revisions"}],"predecessor-version":[{"id":4472,"href":"https:\/\/spainholidays4u.com\/fr\/wp-json\/wp\/v2\/pages\/3393\/revisions\/4472"}],"wp:attachment":[{"href":"https:\/\/spainholidays4u.com\/fr\/wp-json\/wp\/v2\/media?parent=3393"}],"curies":[{"name":"wp","href":"https:\/\/api.w.org\/{rel}","templated":true}]}}