{"id":4419,"date":"2026-01-16T18:01:09","date_gmt":"2026-01-16T16:01:09","guid":{"rendered":"https:\/\/spainholidays4u.com\/descargo-de-responsabilidad\/"},"modified":"2026-01-16T18:17:53","modified_gmt":"2026-01-16T16:17:53","slug":"descargo-de-responsabilidad","status":"publish","type":"page","link":"https:\/\/spainholidays4u.com\/es\/descargo-de-responsabilidad\/","title":{"rendered":"Descargo de responsabilidad"},"content":{"rendered":"\n<p>La informaci\u00f3n contenida en este sitio web de Spainholidays4u \/ Ra\u00edces Espa\u00f1olas Servicios Tur\u00edsticos ha sido elaborada con el mayor cuidado posible. No obstante, no se puede garantizar que toda la informaci\u00f3n sea completa, correcta y actualizada en todo momento. No se pueden derivar derechos del contenido de este sitio web.  <\/p>\n\n<p>Spainholidays4u \/ Ra\u00edces Espa\u00f1olas Servicios Tur\u00edsticos no acepta responsabilidad alguna por da\u00f1os directos o indirectos derivados del uso de este sitio web o de la informaci\u00f3n obtenida a trav\u00e9s del mismo, incluidos los da\u00f1os derivados de inexactitudes, informaci\u00f3n incompleta o la indisponibilidad temporal del sitio web.<\/p>\n\n<p>Todos los alojamientos, precios, disponibilidades y servicios de mantenimiento indicados est\u00e1n sujetos a cambios. Pueden producirse errores en textos, precios o disponibilidades y estos no dan derecho a compensaci\u00f3n ni a cancelaci\u00f3n sin costes. <\/p>\n\n<p>En el caso de alquileres tur\u00edsticos, Spainholidays4u \/ Ra\u00edces Espa\u00f1olas Servicios Tur\u00edsticos act\u00faa como intermediario y\/o gestor en nombre del propietario del alojamiento, salvo que se indique expresamente lo contrario. Spainholidays4u \/ Ra\u00edces Espa\u00f1olas Servicios Tur\u00edsticos no es responsable de los actos u omisiones de los propietarios de los alojamientos, inquilinos o terceros. <\/p>\n\n<p>Los servicios de mantenimiento y gesti\u00f3n se realizan seg\u00fan el mejor criterio y capacidad. Spainholidays4u \/ Ra\u00edces Espa\u00f1olas Servicios Tur\u00edsticos no es responsable de los da\u00f1os derivados del desgaste normal, fuerza mayor, condiciones meteorol\u00f3gicas o actos de terceros. <\/p>\n\n<p>Este sitio web puede contener enlaces a sitios web externos. Spainholidays4u \/ Ra\u00edces Espa\u00f1olas Servicios Tur\u00edsticos no tiene control sobre el contenido de dichos sitios y no es responsable de su contenido ni de su funcionamiento. <\/p>\n\n<p>Todos los textos, fotograf\u00edas y dem\u00e1s materiales de este sitio web son propiedad de Spainholidays4u \/ Ra\u00edces Espa\u00f1olas Servicios Tur\u00edsticos, salvo que se indique lo contrario. Su uso sin autorizaci\u00f3n previa por escrito no est\u00e1 permitido. <\/p>\n\n<p>A este sitio web y a este aviso legal se les aplica la legislaci\u00f3n espa\u00f1ola. Los litigios se someter\u00e1n al tribunal competente en Espa\u00f1a. <\/p>\n","protected":false},"excerpt":{"rendered":"<p>La informaci\u00f3n contenida en este sitio web de Spainholidays4u \/ Ra\u00edces Espa\u00f1olas Servicios Tur\u00edsticos ha sido elaborada con el mayor cuidado posible. No obstante, no se puede garantizar que toda la informaci\u00f3n sea completa, correcta y actualizada en todo momento. No se pueden derivar derechos del contenido de este sitio web. Spainholidays4u \/ Ra\u00edces Espa\u00f1olas [&hellip;]<\/p>\n","protected":false},"author":1,"featured_media":0,"parent":0,"menu_order":0,"comment_status":"closed","ping_status":"closed","template":"","meta":{"_acf_changed":false,"footnotes":""},"class_list":["post-4419","page","type-page","status-publish","hentry"],"acf":[],"_links":{"self":[{"href":"https:\/\/spainholidays4u.com\/es\/wp-json\/wp\/v2\/pages\/4419","targetHints":{"allow":["GET"]}}],"collection":[{"href":"https:\/\/spainholidays4u.com\/es\/wp-json\/wp\/v2\/pages"}],"about":[{"href":"https:\/\/spainholidays4u.com\/es\/wp-json\/wp\/v2\/types\/page"}],"author":[{"embeddable":true,"href":"https:\/\/spainholidays4u.com\/es\/wp-json\/wp\/v2\/users\/1"}],"replies":[{"embeddable":true,"href":"https:\/\/spainholidays4u.com\/es\/wp-json\/wp\/v2\/comments?post=4419"}],"version-history":[{"count":1,"href":"https:\/\/spainholidays4u.com\/es\/wp-json\/wp\/v2\/pages\/4419\/revisions"}],"predecessor-version":[{"id":4420,"href":"https:\/\/spainholidays4u.com\/es\/wp-json\/wp\/v2\/pages\/4419\/revisions\/4420"}],"wp:attachment":[{"href":"https:\/\/spainholidays4u.com\/es\/wp-json\/wp\/v2\/media?parent=4419"}],"curies":[{"name":"wp","href":"https:\/\/api.w.org\/{rel}","templated":true}]}}