{"id":3545,"date":"2025-10-27T18:47:32","date_gmt":"2025-10-27T16:47:32","guid":{"rendered":"https:\/\/spainholidays4u.com\/llegada\/"},"modified":"2026-01-26T09:04:53","modified_gmt":"2026-01-26T07:04:53","slug":"llegada","status":"publish","type":"page","link":"https:\/\/spainholidays4u.com\/es\/llegada\/","title":{"rendered":"Llegada"},"content":{"rendered":"\t\t<div data-elementor-type=\"wp-page\" data-elementor-id=\"3545\" class=\"elementor elementor-3545 elementor-3528\" data-elementor-post-type=\"page\">\n\t\t\t\t<div class=\"elementor-element elementor-element-e329952 e-flex e-con-boxed e-con e-parent\" data-id=\"e329952\" data-element_type=\"container\" data-e-type=\"container\" data-settings=\"{&quot;background_background&quot;:&quot;classic&quot;}\">\n\t\t\t\t\t<div class=\"e-con-inner\">\n\t\t\t\t\t<\/div>\n\t\t\t\t<\/div>\n\t\t<div class=\"elementor-element elementor-element-94749d4 e-flex e-con-boxed e-con e-parent\" data-id=\"94749d4\" data-element_type=\"container\" data-e-type=\"container\" data-settings=\"{&quot;background_background&quot;:&quot;classic&quot;}\">\n\t\t\t\t\t<div class=\"e-con-inner\">\n\t\t<div class=\"elementor-element elementor-element-fc27770 e-con-full e-flex e-con e-child\" data-id=\"fc27770\" data-element_type=\"container\" data-e-type=\"container\">\n\t\t\t\t<div class=\"elementor-element elementor-element-09b198c elementor-widget elementor-widget-heading\" data-id=\"09b198c\" data-element_type=\"widget\" data-e-type=\"widget\" data-widget_type=\"heading.default\">\n\t\t\t\t<div class=\"elementor-widget-container\">\n\t\t\t\t\t<h2 class=\"elementor-heading-title elementor-size-default\">Calonge<\/h2>\t\t\t\t<\/div>\n\t\t\t\t<\/div>\n\t\t\t\t<div class=\"elementor-element elementor-element-01da6fe elementor-widget__width-inherit elementor-widget elementor-widget-text-editor\" data-id=\"01da6fe\" data-element_type=\"widget\" data-e-type=\"widget\" data-widget_type=\"text-editor.default\">\n\t\t\t\t<div class=\"elementor-widget-container\">\n\t\t\t\t\t\t\t\t\t<p>\u00bfC\u00f3mo encontrar el camino a su casa de vacaciones? Tras la confirmaci\u00f3n y el pago de su alojamiento vacacional, recibir\u00e1 un vale por correo electr\u00f3nico con toda la informaci\u00f3n necesaria. A su llegada, estaremos encantados de informarle (y darle algunos consejos) sobre el entorno y explicarle todo lo que necesita saber sobre la casa de vacaciones que ha alquilado. Desde nuestra oficina en Calonge, en la Costa Brava, nuestros empleados le acompa\u00f1ar\u00e1n a su destino de vacaciones lo antes posible.  <\/p>\t\t\t\t\t\t\t\t<\/div>\n\t\t\t\t<\/div>\n\t\t\t\t<div class=\"elementor-element elementor-element-9a94c52 elementor-widget elementor-widget-heading\" data-id=\"9a94c52\" data-element_type=\"widget\" data-e-type=\"widget\" data-widget_type=\"heading.default\">\n\t\t\t\t<div class=\"elementor-widget-container\">\n\t\t\t\t\t<h2 class=\"elementor-heading-title elementor-size-default\">Avi\u00f3n<\/h2>\t\t\t\t<\/div>\n\t\t\t\t<\/div>\n\t\t\t\t<div class=\"elementor-element elementor-element-90eee01 elementor-widget__width-inherit elementor-widget elementor-widget-text-editor\" data-id=\"90eee01\" data-element_type=\"widget\" data-e-type=\"widget\" data-widget_type=\"text-editor.default\">\n\t\t\t\t<div class=\"elementor-widget-container\">\n\t\t\t\t\t\t\t\t\t<p>Por supuesto, tambi\u00e9n es posible viajar en avi\u00f3n. \u00a1No olvide prestar atenci\u00f3n al recargo aeroportuario! \u00a1Las cantidades pueden variar bastante de un aeropuerto a otro! Para llegar a su destino de vacaciones, puede volar al aeropuerto de Girona o Barcelona. Para m\u00e1s informaci\u00f3n sobre vuelos: www.ryanair.com, www.vueling.com    <\/p>\t\t\t\t\t\t\t\t<\/div>\n\t\t\t\t<\/div>\n\t\t\t\t<\/div>\n\t\t<div class=\"elementor-element elementor-element-dc1387a e-con-full e-flex e-con e-child\" data-id=\"dc1387a\" data-element_type=\"container\" data-e-type=\"container\">\n\t\t\t\t<div class=\"elementor-element elementor-element-e79b2d5 elementor-hidden-tablet elementor-widget elementor-widget-image\" data-id=\"e79b2d5\" data-element_type=\"widget\" data-e-type=\"widget\" data-widget_type=\"image.default\">\n\t\t\t\t<div class=\"elementor-widget-container\">\n\t\t\t\t\t\t\t\t\t\t\t\t\t\t\t<img fetchpriority=\"high\" decoding=\"async\" width=\"1920\" height=\"1440\" src=\"https:\/\/spainholidays4u.com\/wp-content\/uploads\/2025\/10\/paisaje-con-avion-volando-en-el-cielo-_1_-_1_.webp\" class=\"attachment-full size-full wp-image-3540\" alt=\"\" srcset=\"https:\/\/spainholidays4u.com\/wp-content\/uploads\/2025\/10\/paisaje-con-avion-volando-en-el-cielo-_1_-_1_.webp 1920w, https:\/\/spainholidays4u.com\/wp-content\/uploads\/2025\/10\/paisaje-con-avion-volando-en-el-cielo-_1_-_1_-300x225.webp 300w, https:\/\/spainholidays4u.com\/wp-content\/uploads\/2025\/10\/paisaje-con-avion-volando-en-el-cielo-_1_-_1_-1024x768.webp 1024w, https:\/\/spainholidays4u.com\/wp-content\/uploads\/2025\/10\/paisaje-con-avion-volando-en-el-cielo-_1_-_1_-768x576.webp 768w, https:\/\/spainholidays4u.com\/wp-content\/uploads\/2025\/10\/paisaje-con-avion-volando-en-el-cielo-_1_-_1_-1536x1152.webp 1536w\" sizes=\"(max-width: 1920px) 100vw, 1920px\" \/>\t\t\t\t\t\t\t\t\t\t\t\t\t\t\t<\/div>\n\t\t\t\t<\/div>\n\t\t\t\t<\/div>\n\t\t\t\t\t<\/div>\n\t\t\t\t<\/div>\n\t\t<div class=\"elementor-element elementor-element-3a5823a e-flex e-con-boxed e-con e-parent\" data-id=\"3a5823a\" data-element_type=\"container\" data-e-type=\"container\" data-settings=\"{&quot;background_background&quot;:&quot;classic&quot;}\">\n\t\t\t\t\t<div class=\"e-con-inner\">\n\t\t<div class=\"elementor-element elementor-element-a355052 e-con-full e-flex e-con e-child\" data-id=\"a355052\" data-element_type=\"container\" data-e-type=\"container\" data-settings=\"{&quot;background_background&quot;:&quot;classic&quot;}\">\n\t\t<div class=\"elementor-element elementor-element-6b0145e e-con-full e-flex e-con e-child\" data-id=\"6b0145e\" data-element_type=\"container\" data-e-type=\"container\" data-settings=\"{&quot;background_background&quot;:&quot;classic&quot;}\">\n\t\t\t\t<\/div>\n\t\t<div class=\"elementor-element elementor-element-308df9f e-con-full e-flex e-con e-child\" data-id=\"308df9f\" data-element_type=\"container\" data-e-type=\"container\">\n\t\t\t\t<div class=\"elementor-element elementor-element-b18aebd elementor-widget elementor-widget-heading\" data-id=\"b18aebd\" data-element_type=\"widget\" data-e-type=\"widget\" data-widget_type=\"heading.default\">\n\t\t\t\t<div class=\"elementor-widget-container\">\n\t\t\t\t\t<h2 class=\"elementor-heading-title elementor-size-default\">Alquiler de coches<\/h2>\t\t\t\t<\/div>\n\t\t\t\t<\/div>\n\t\t\t\t<div class=\"elementor-element elementor-element-b10c0a6 elementor-widget__width-inherit elementor-widget elementor-widget-text-editor\" data-id=\"b10c0a6\" data-element_type=\"widget\" data-e-type=\"widget\" data-widget_type=\"text-editor.default\">\n\t\t\t\t<div class=\"elementor-widget-container\">\n\t\t\t\t\t\t\t\t\t<p>Puedes <a href=\"https:\/\/www.spainholidays4u.com\/car-rental\/\">alquilar un coche<\/a> directamente en los aeropuertos de Barcelona y Girona. En Espa\u00f1a, los coches de alquiler siempre se ofrecen sin l\u00edmite de kil\u00f3metros. \u00a1Aseg\u00farate de llevar una tarjeta de cr\u00e9dito cuando vayas a recoger tu coche de alquiler!  <\/p>\t\t\t\t\t\t\t\t<\/div>\n\t\t\t\t<\/div>\n\t\t\t\t<div class=\"elementor-element elementor-element-5ef174b elementor-widget elementor-widget-heading\" data-id=\"5ef174b\" data-element_type=\"widget\" data-e-type=\"widget\" data-widget_type=\"heading.default\">\n\t\t\t\t<div class=\"elementor-widget-container\">\n\t\t\t\t\t<h2 class=\"elementor-heading-title elementor-size-default\">Seguro de viaje<\/h2>\t\t\t\t<\/div>\n\t\t\t\t<\/div>\n\t\t\t\t<div class=\"elementor-element elementor-element-402aa75 elementor-widget__width-inherit elementor-widget elementor-widget-text-editor\" data-id=\"402aa75\" data-element_type=\"widget\" data-e-type=\"widget\" data-widget_type=\"text-editor.default\">\n\t\t\t\t<div class=\"elementor-widget-container\">\n\t\t\t\t\t\t\t\t\t<p>Nosotros recomendamos que contrate un buen seguro &#8211; y cancelaci\u00f3n seguro.<\/p>\t\t\t\t\t\t\t\t<\/div>\n\t\t\t\t<\/div>\n\t\t\t\t<\/div>\n\t\t\t\t<\/div>\n\t\t\t\t\t<\/div>\n\t\t\t\t<\/div>\n\t\t<div class=\"elementor-element elementor-element-a2e4cb2 e-flex e-con-boxed e-con e-parent\" data-id=\"a2e4cb2\" data-element_type=\"container\" data-e-type=\"container\" data-settings=\"{&quot;background_background&quot;:&quot;classic&quot;}\">\n\t\t\t\t\t<div class=\"e-con-inner\">\n\t\t<div class=\"elementor-element elementor-element-4e2fa93 e-con-full e-flex e-con e-child\" data-id=\"4e2fa93\" data-element_type=\"container\" data-e-type=\"container\">\n\t\t\t\t<div class=\"elementor-element elementor-element-97c184f elementor-widget elementor-widget-heading\" data-id=\"97c184f\" data-element_type=\"widget\" data-e-type=\"widget\" data-widget_type=\"heading.default\">\n\t\t\t\t<div class=\"elementor-widget-container\">\n\t\t\t\t\t<h2 class=\"elementor-heading-title elementor-size-default\">Traslados desde Girona \u2013 Aeropuerto de Barcelona<\/h2>\t\t\t\t<\/div>\n\t\t\t\t<\/div>\n\t\t\t\t<div class=\"elementor-element elementor-element-31f8b9d elementor-widget elementor-widget-text-editor\" data-id=\"31f8b9d\" data-element_type=\"widget\" data-e-type=\"widget\" data-widget_type=\"text-editor.default\">\n\t\t\t\t<div class=\"elementor-widget-container\">\n\t\t\t\t\t\t\t\t\t<p class=\"p1\">Disfrute de su traslado privado desde el aeropuerto de Girona directamente hasta su destino vacacional. Servicio de traslado desde el aeropuerto hasta los alrededores de Calonge o viceversa.<\/p>\t\t\t\t\t\t\t\t<\/div>\n\t\t\t\t<\/div>\n\t\t\t\t<div class=\"elementor-element elementor-element-a5d3a71 elementor-widget elementor-widget-heading\" data-id=\"a5d3a71\" data-element_type=\"widget\" data-e-type=\"widget\" data-widget_type=\"heading.default\">\n\t\t\t\t<div class=\"elementor-widget-container\">\n\t\t\t\t\t<h3 class=\"elementor-heading-title elementor-size-default\">Tarifas desde el aeropuerto de Girona:<\/h3>\t\t\t\t<\/div>\n\t\t\t\t<\/div>\n\t\t\t\t<div class=\"elementor-element elementor-element-c62ca0a elementor-widget elementor-widget-text-editor\" data-id=\"c62ca0a\" data-element_type=\"widget\" data-e-type=\"widget\" data-widget_type=\"text-editor.default\">\n\t\t\t\t<div class=\"elementor-widget-container\">\n\t\t\t\t\t\t\t\t\t<p class=\"p1\"><b>4 personas:<\/b> 65,00 \u20ac<\/p>\t\t\t\t\t\t\t\t<\/div>\n\t\t\t\t<\/div>\n\t\t\t\t<div class=\"elementor-element elementor-element-670eaa0 elementor-widget elementor-widget-heading\" data-id=\"670eaa0\" data-element_type=\"widget\" data-e-type=\"widget\" data-widget_type=\"heading.default\">\n\t\t\t\t<div class=\"elementor-widget-container\">\n\t\t\t\t\t<h3 class=\"elementor-heading-title elementor-size-default\">Tarifas desde el aeropuerto de Barcelona:<\/h3>\t\t\t\t<\/div>\n\t\t\t\t<\/div>\n\t\t\t\t<div class=\"elementor-element elementor-element-be21183 elementor-widget elementor-widget-text-editor\" data-id=\"be21183\" data-element_type=\"widget\" data-e-type=\"widget\" data-widget_type=\"text-editor.default\">\n\t\t\t\t<div class=\"elementor-widget-container\">\n\t\t\t\t\t\t\t\t\t<p class=\"p1\"><b>4 personas:<\/b> 175,00 \u20ac<\/p>\t\t\t\t\t\t\t\t<\/div>\n\t\t\t\t<\/div>\n\t\t\t\t<div class=\"elementor-element elementor-element-dd8b400 elementor-widget elementor-widget-text-editor\" data-id=\"dd8b400\" data-element_type=\"widget\" data-e-type=\"widget\" data-widget_type=\"text-editor.default\">\n\t\t\t\t<div class=\"elementor-widget-container\">\n\t\t\t\t\t\t\t\t\t<p class=\"p1\">\u00bfLe interesa? Ind\u00edquelo en el formulario de reserva, indicando los datos de su vuelo. <\/p>\t\t\t\t\t\t\t\t<\/div>\n\t\t\t\t<\/div>\n\t\t\t\t<\/div>\n\t\t<div class=\"elementor-element elementor-element-6313680 e-con-full e-flex e-con e-child\" data-id=\"6313680\" data-element_type=\"container\" data-e-type=\"container\">\n\t\t\t\t<div class=\"elementor-element elementor-element-a134123 elementor-hidden-tablet elementor-widget elementor-widget-image\" data-id=\"a134123\" data-element_type=\"widget\" data-e-type=\"widget\" data-widget_type=\"image.default\">\n\t\t\t\t<div class=\"elementor-widget-container\">\n\t\t\t\t\t\t\t\t\t\t\t\t\t\t\t<img decoding=\"async\" width=\"1920\" height=\"1280\" src=\"https:\/\/spainholidays4u.com\/wp-content\/uploads\/2025\/10\/arrival-transfer-private.webp\" class=\"attachment-full size-full wp-image-3542\" alt=\"\" srcset=\"https:\/\/spainholidays4u.com\/wp-content\/uploads\/2025\/10\/arrival-transfer-private.webp 1920w, https:\/\/spainholidays4u.com\/wp-content\/uploads\/2025\/10\/arrival-transfer-private-300x200.webp 300w, https:\/\/spainholidays4u.com\/wp-content\/uploads\/2025\/10\/arrival-transfer-private-1024x683.webp 1024w, https:\/\/spainholidays4u.com\/wp-content\/uploads\/2025\/10\/arrival-transfer-private-768x512.webp 768w, https:\/\/spainholidays4u.com\/wp-content\/uploads\/2025\/10\/arrival-transfer-private-1536x1024.webp 1536w\" sizes=\"(max-width: 1920px) 100vw, 1920px\" \/>\t\t\t\t\t\t\t\t\t\t\t\t\t\t\t<\/div>\n\t\t\t\t<\/div>\n\t\t\t\t<\/div>\n\t\t\t\t\t<\/div>\n\t\t\t\t<\/div>\n\t\t<div class=\"elementor-element elementor-element-ccce71d e-flex e-con-boxed e-con e-parent\" data-id=\"ccce71d\" data-element_type=\"container\" data-e-type=\"container\" data-settings=\"{&quot;background_background&quot;:&quot;classic&quot;}\">\n\t\t\t\t\t<div class=\"e-con-inner\">\n\t\t<div class=\"elementor-element elementor-element-d2b6fd3 e-con-full e-flex e-con e-child\" data-id=\"d2b6fd3\" data-element_type=\"container\" data-e-type=\"container\">\n\t\t\t\t<div class=\"elementor-element elementor-element-3431be5 elementor-widget elementor-widget-heading\" data-id=\"3431be5\" data-element_type=\"widget\" data-e-type=\"widget\" data-widget_type=\"heading.default\">\n\t\t\t\t<div class=\"elementor-widget-container\">\n\t\t\t\t\t<h2 class=\"elementor-heading-title elementor-size-default\">Llegada a Calonge<\/h2>\t\t\t\t<\/div>\n\t\t\t\t<\/div>\n\t\t\t\t<div class=\"elementor-element elementor-element-084b65d elementor-widget elementor-widget-heading\" data-id=\"084b65d\" data-element_type=\"widget\" data-e-type=\"widget\" data-widget_type=\"heading.default\">\n\t\t\t\t<div class=\"elementor-widget-container\">\n\t\t\t\t\t<h3 class=\"elementor-heading-title elementor-size-default\">S\u00e1bados negros<\/h3>\t\t\t\t<\/div>\n\t\t\t\t<\/div>\n\t\t\t\t<div class=\"elementor-element elementor-element-505bacd elementor-widget elementor-widget-text-editor\" data-id=\"505bacd\" data-element_type=\"widget\" data-e-type=\"widget\" data-widget_type=\"text-editor.default\">\n\t\t\t\t<div class=\"elementor-widget-container\">\n\t\t\t\t\t\t\t\t\t<p>Los \u00abs\u00e1bados negros\u00bb (Samedis Noirs) hacen referencia a los famosos d\u00edas de tr\u00e1fico intenso y atascos en las carreteras francesas, especialmente durante la temporada de vacaciones de verano. Son los d\u00edas en los que millones de turistas franceses y extranjeros se dirigen a sus destinos vacacionales o regresan de ellos, lo que provoca atascos masivos y largos tiempos de viaje. <\/p><p>En resumen, los s\u00e1bados negros en Francia son d\u00edas de intenso congestionamiento vial durante la temporada alta de vacaciones de verano. Se recomienda a los viajeros que planifiquen cuidadosamente sus viajes, consideren medios de transporte alternativos y se mantengan informados sobre las condiciones del tr\u00e1fico para que su viaje sea lo m\u00e1s fluido posible. <\/p><p><span class=\"HwtZe\" lang=\"en\"><span class=\"jCAhz ChMk0b\"><span class=\"ryNqvb\">Cada a\u00f1o, el servicio franc\u00e9s de tr\u00e1fico <a href=\"https:\/\/www.bison-fute.gouv.fr\/index,langen.html\" target=\"_blank\" rel=\"noopener\">Bison<\/a> Fut\u00e9 crea un \u00abcalendario de d\u00edas festivos\u00bb en el que se indican los s\u00e1bados negros. <\/span><\/span><br><span class=\"jCAhz ChMk0b\"><span class=\"ryNqvb\">Sin embargo, hay que tener en cuenta que casi todos los fines de semana de verano son d\u00edas de mucho tr\u00e1fico. <\/span><\/span><\/span><\/p>\t\t\t\t\t\t\t\t<\/div>\n\t\t\t\t<\/div>\n\t\t\t\t<\/div>\n\t\t<div class=\"elementor-element elementor-element-61b62a7 e-con-full e-flex e-con e-child\" data-id=\"61b62a7\" data-element_type=\"container\" data-e-type=\"container\">\n\t\t\t\t<div class=\"elementor-element elementor-element-03d6ec6 elementor-hidden-tablet elementor-widget elementor-widget-image\" data-id=\"03d6ec6\" data-element_type=\"widget\" data-e-type=\"widget\" data-widget_type=\"image.default\">\n\t\t\t\t<div class=\"elementor-widget-container\">\n\t\t\t\t\t\t\t\t\t\t\t\t\t\t\t<img decoding=\"async\" width=\"1920\" height=\"1080\" src=\"https:\/\/spainholidays4u.com\/wp-content\/uploads\/2025\/10\/mujer-de-tiro-medio-con-mochila-en-la-estacion-de-autobuses-1-1.jpg\" class=\"attachment-full size-full wp-image-3543\" alt=\"\" srcset=\"https:\/\/spainholidays4u.com\/wp-content\/uploads\/2025\/10\/mujer-de-tiro-medio-con-mochila-en-la-estacion-de-autobuses-1-1.jpg 1920w, https:\/\/spainholidays4u.com\/wp-content\/uploads\/2025\/10\/mujer-de-tiro-medio-con-mochila-en-la-estacion-de-autobuses-1-1-300x169.jpg 300w, https:\/\/spainholidays4u.com\/wp-content\/uploads\/2025\/10\/mujer-de-tiro-medio-con-mochila-en-la-estacion-de-autobuses-1-1-1024x576.jpg 1024w, https:\/\/spainholidays4u.com\/wp-content\/uploads\/2025\/10\/mujer-de-tiro-medio-con-mochila-en-la-estacion-de-autobuses-1-1-768x432.jpg 768w, https:\/\/spainholidays4u.com\/wp-content\/uploads\/2025\/10\/mujer-de-tiro-medio-con-mochila-en-la-estacion-de-autobuses-1-1-1536x864.jpg 1536w\" sizes=\"(max-width: 1920px) 100vw, 1920px\" \/>\t\t\t\t\t\t\t\t\t\t\t\t\t\t\t<\/div>\n\t\t\t\t<\/div>\n\t\t\t\t<\/div>\n\t\t\t\t\t<\/div>\n\t\t\t\t<\/div>\n\t\t<div class=\"elementor-element elementor-element-a304478 e-flex e-con-boxed e-con e-parent\" data-id=\"a304478\" data-element_type=\"container\" data-e-type=\"container\" data-settings=\"{&quot;background_background&quot;:&quot;classic&quot;}\">\n\t\t\t\t\t<div class=\"e-con-inner\">\n\t\t<div class=\"elementor-element elementor-element-f35c0e6 e-con-full e-flex e-con e-child\" data-id=\"f35c0e6\" data-element_type=\"container\" data-e-type=\"container\">\n\t\t\t\t<div class=\"elementor-element elementor-element-5a87ee1 elementor-widget elementor-widget-heading\" data-id=\"5a87ee1\" data-element_type=\"widget\" data-e-type=\"widget\" data-widget_type=\"heading.default\">\n\t\t\t\t<div class=\"elementor-widget-container\">\n\t\t\t\t\t<h2 class=\"elementor-heading-title elementor-size-default\">Sugerencias antes de la salida<\/h2>\t\t\t\t<\/div>\n\t\t\t\t<\/div>\n\t\t\t\t<div class=\"elementor-element elementor-element-1481537 elementor-widget elementor-widget-text-editor\" data-id=\"1481537\" data-element_type=\"widget\" data-e-type=\"widget\" data-widget_type=\"text-editor.default\">\n\t\t\t\t<div class=\"elementor-widget-container\">\n\t\t\t\t\t\t\t\t\t<p><span id=\"result_box\" class=\"short_text\" lang=\"en\"><span class=\"\">Comprueba antes de salir que tu coche <span id=\"result_box\" class=\"\" lang=\"en\">est\u00e1 listo para <span class=\"gt-baf-word-clickable\">el viaje<\/span><\/span><\/span><\/span><br>el nivel de aceite y la presi\u00f3n de los neum\u00e1ticos. <br>No olvide llevar consigo la tarjeta del seguro del coche.<br>Compruebe la validez de sus documentos de viaje y de su permiso de conducir.<br>\u00bfHa contratado un seguro de viaje y de cancelaci\u00f3n?<br>Anote los n\u00fameros de tel\u00e9fono importantes en los que sus familiares puedan localizarle. <br>Si desea parar a comer junto a la autopista, aseg\u00farese de que su coche est\u00e1 aparcado en un lugar claramente se\u00f1alizado.<\/p>\t\t\t\t\t\t\t\t<\/div>\n\t\t\t\t<\/div>\n\t\t\t\t<\/div>\n\t\t<div class=\"elementor-element elementor-element-6d6d424 e-con-full e-flex e-con e-child\" data-id=\"6d6d424\" data-element_type=\"container\" data-e-type=\"container\">\n\t\t\t\t<div class=\"elementor-element elementor-element-7995ce0 elementor-hidden-tablet elementor-widget elementor-widget-image\" data-id=\"7995ce0\" data-element_type=\"widget\" data-e-type=\"widget\" data-widget_type=\"image.default\">\n\t\t\t\t<div class=\"elementor-widget-container\">\n\t\t\t\t\t\t\t\t\t\t\t\t\t\t\t<img loading=\"lazy\" decoding=\"async\" width=\"1024\" height=\"1024\" src=\"https:\/\/spainholidays4u.com\/wp-content\/uploads\/2025\/10\/unnamed-1-1.png\" class=\"attachment-full size-full wp-image-3544\" alt=\"\" srcset=\"https:\/\/spainholidays4u.com\/wp-content\/uploads\/2025\/10\/unnamed-1-1.png 1024w, https:\/\/spainholidays4u.com\/wp-content\/uploads\/2025\/10\/unnamed-1-1-300x300.png 300w, https:\/\/spainholidays4u.com\/wp-content\/uploads\/2025\/10\/unnamed-1-1-150x150.png 150w, https:\/\/spainholidays4u.com\/wp-content\/uploads\/2025\/10\/unnamed-1-1-768x768.png 768w\" sizes=\"(max-width: 1024px) 100vw, 1024px\" \/>\t\t\t\t\t\t\t\t\t\t\t\t\t\t\t<\/div>\n\t\t\t\t<\/div>\n\t\t\t\t<\/div>\n\t\t\t\t\t<\/div>\n\t\t\t\t<\/div>\n\t\t\t\t<\/div>\n\t\t","protected":false},"excerpt":{"rendered":"<p>Calonge \u00bfC\u00f3mo encontrar el camino a su casa de vacaciones? Tras la confirmaci\u00f3n y el pago de su alojamiento vacacional, recibir\u00e1 un vale por correo electr\u00f3nico con toda la informaci\u00f3n necesaria. A su llegada, estaremos encantados de informarle (y darle algunos consejos) sobre el entorno y explicarle todo lo que necesita saber sobre la casa [&hellip;]<\/p>\n","protected":false},"author":1,"featured_media":0,"parent":0,"menu_order":0,"comment_status":"closed","ping_status":"closed","template":"","meta":{"_acf_changed":false,"footnotes":""},"class_list":["post-3545","page","type-page","status-publish","hentry"],"acf":[],"_links":{"self":[{"href":"https:\/\/spainholidays4u.com\/es\/wp-json\/wp\/v2\/pages\/3545","targetHints":{"allow":["GET"]}}],"collection":[{"href":"https:\/\/spainholidays4u.com\/es\/wp-json\/wp\/v2\/pages"}],"about":[{"href":"https:\/\/spainholidays4u.com\/es\/wp-json\/wp\/v2\/types\/page"}],"author":[{"embeddable":true,"href":"https:\/\/spainholidays4u.com\/es\/wp-json\/wp\/v2\/users\/1"}],"replies":[{"embeddable":true,"href":"https:\/\/spainholidays4u.com\/es\/wp-json\/wp\/v2\/comments?post=3545"}],"version-history":[{"count":1,"href":"https:\/\/spainholidays4u.com\/es\/wp-json\/wp\/v2\/pages\/3545\/revisions"}],"predecessor-version":[{"id":3546,"href":"https:\/\/spainholidays4u.com\/es\/wp-json\/wp\/v2\/pages\/3545\/revisions\/3546"}],"wp:attachment":[{"href":"https:\/\/spainholidays4u.com\/es\/wp-json\/wp\/v2\/media?parent=3545"}],"curies":[{"name":"wp","href":"https:\/\/api.w.org\/{rel}","templated":true}]}}