{"id":3512,"date":"2025-09-01T10:01:05","date_gmt":"2025-09-01T08:01:05","guid":{"rendered":"https:\/\/spainholidays4u.com\/servicio-de-alquiler\/"},"modified":"2025-10-27T18:36:51","modified_gmt":"2025-10-27T16:36:51","slug":"servicio-de-alquiler","status":"publish","type":"page","link":"https:\/\/spainholidays4u.com\/es\/servicio-de-alquiler\/","title":{"rendered":"Servicio de alquiler"},"content":{"rendered":"\t\t<div data-elementor-type=\"wp-page\" data-elementor-id=\"3512\" class=\"elementor elementor-3512 elementor-2428\" data-elementor-post-type=\"page\">\n\t\t\t\t<div class=\"elementor-element elementor-element-3278058 e-flex e-con-boxed e-con e-parent\" data-id=\"3278058\" data-element_type=\"container\" data-e-type=\"container\" data-settings=\"{&quot;background_background&quot;:&quot;classic&quot;}\">\n\t\t\t\t\t<div class=\"e-con-inner\">\n\t\t\t\t\t<\/div>\n\t\t\t\t<\/div>\n\t\t<div class=\"elementor-element elementor-element-067e404 e-flex e-con-boxed e-con e-parent\" data-id=\"067e404\" data-element_type=\"container\" data-e-type=\"container\" data-settings=\"{&quot;background_background&quot;:&quot;classic&quot;}\">\n\t\t\t\t\t<div class=\"e-con-inner\">\n\t\t<div class=\"elementor-element elementor-element-2edfe85 e-con-full e-flex e-con e-child\" data-id=\"2edfe85\" data-element_type=\"container\" data-e-type=\"container\">\n\t\t\t\t<div class=\"elementor-element elementor-element-3e9dd82 elementor-widget elementor-widget-heading\" data-id=\"3e9dd82\" data-element_type=\"widget\" data-e-type=\"widget\" data-widget_type=\"heading.default\">\n\t\t\t\t<div class=\"elementor-widget-container\">\n\t\t\t\t\t<h2 class=\"elementor-heading-title elementor-size-default\">Servicio a domicilio<\/h2>\t\t\t\t<\/div>\n\t\t\t\t<\/div>\n\t\t\t\t<div class=\"elementor-element elementor-element-3cd5aa5 elementor-widget__width-inherit elementor-widget elementor-widget-text-editor\" data-id=\"3cd5aa5\" data-element_type=\"widget\" data-e-type=\"widget\" data-widget_type=\"text-editor.default\">\n\t\t\t\t<div class=\"elementor-widget-container\">\n\t\t\t\t\t\t\t\t\t<p>Usted considera que la comodidad durante sus vacaciones es importante. <a href=\"https:\/\/www.spainholidays4u.com\/\">Spainholidays4u<\/a> estar\u00e1 encantado de hacerlo posible por usted.<\/p>\t\t\t\t\t\t\t\t<\/div>\n\t\t\t\t<\/div>\n\t\t\t\t<div class=\"elementor-element elementor-element-f42767e elementor-widget elementor-widget-heading\" data-id=\"f42767e\" data-element_type=\"widget\" data-e-type=\"widget\" data-widget_type=\"heading.default\">\n\t\t\t\t<div class=\"elementor-widget-container\">\n\t\t\t\t\t<h2 class=\"elementor-heading-title elementor-size-default\">Trato personalizado y asistencia<\/h2>\t\t\t\t<\/div>\n\t\t\t\t<\/div>\n\t\t\t\t<div class=\"elementor-element elementor-element-214c3fd elementor-widget__width-inherit elementor-widget elementor-widget-text-editor\" data-id=\"214c3fd\" data-element_type=\"widget\" data-e-type=\"widget\" data-widget_type=\"text-editor.default\">\n\t\t\t\t<div class=\"elementor-widget-container\">\n\t\t\t\t\t\t\t\t\t<p>Durante su estancia en uno de nuestros alojamientos vacacionales, spainholidays4u estar\u00e1 a su disposici\u00f3n a trav\u00e9s de un n\u00famero de tel\u00e9fono y una direcci\u00f3n de correo electr\u00f3nico especiales. \u00bfTiene alg\u00fan problema en su casa de vacaciones, necesita asistencia m\u00e9dica o busca un taxi? <br>A trav\u00e9s de nuestra l\u00ednea de servicio, podr\u00e1 ponerse en contacto con nuestro personal de inmediato.<\/p>\t\t\t\t\t\t\t\t<\/div>\n\t\t\t\t<\/div>\n\t\t\t\t<div class=\"elementor-element elementor-element-cf33823 elementor-widget elementor-widget-heading\" data-id=\"cf33823\" data-element_type=\"widget\" data-e-type=\"widget\" data-widget_type=\"heading.default\">\n\t\t\t\t<div class=\"elementor-widget-container\">\n\t\t\t\t\t<h2 class=\"elementor-heading-title elementor-size-default\">Servicio de recados<\/h2>\t\t\t\t<\/div>\n\t\t\t\t<\/div>\n\t\t\t\t<div class=\"elementor-element elementor-element-e910bea elementor-widget__width-inherit elementor-widget elementor-widget-text-editor\" data-id=\"e910bea\" data-element_type=\"widget\" data-e-type=\"widget\" data-widget_type=\"text-editor.default\">\n\t\t\t\t<div class=\"elementor-widget-container\">\n\t\t\t\t\t\t\t\t\t<p>Los art\u00edculos b\u00e1sicos habituales, como papel higi\u00e9nico, jab\u00f3n, bolsas de basura, etc., est\u00e1n disponibles en la casa, villa o apartamento de vacaciones. El resto de art\u00edculos deber\u00e1 comprarlos usted mismo. Tambi\u00e9n puede utilizar nuestro servicio de compras. En ese caso, su frigor\u00edfico se llenar\u00e1 con un paquete inicial por adelantado. P\u00f3ngase en contacto con nosotros para obtener informaci\u00f3n sobre esta opci\u00f3n y los costes asociados.    <\/p>\t\t\t\t\t\t\t\t<\/div>\n\t\t\t\t<\/div>\n\t\t\t\t<\/div>\n\t\t<div class=\"elementor-element elementor-element-6c6b177 e-con-full e-flex e-con e-child\" data-id=\"6c6b177\" data-element_type=\"container\" data-e-type=\"container\">\n\t\t\t\t<div class=\"elementor-element elementor-element-fbbd956 elementor-hidden-tablet elementor-widget elementor-widget-image\" data-id=\"fbbd956\" data-element_type=\"widget\" data-e-type=\"widget\" data-widget_type=\"image.default\">\n\t\t\t\t<div class=\"elementor-widget-container\">\n\t\t\t\t\t\t\t\t\t\t\t\t\t\t\t<img fetchpriority=\"high\" decoding=\"async\" width=\"1024\" height=\"1024\" src=\"https:\/\/spainholidays4u.com\/wp-content\/uploads\/2025\/09\/home-service-_1_.webp\" class=\"attachment-full size-full wp-image-3509\" alt=\"\" srcset=\"https:\/\/spainholidays4u.com\/wp-content\/uploads\/2025\/09\/home-service-_1_.webp 1024w, https:\/\/spainholidays4u.com\/wp-content\/uploads\/2025\/09\/home-service-_1_-300x300.webp 300w, https:\/\/spainholidays4u.com\/wp-content\/uploads\/2025\/09\/home-service-_1_-150x150.webp 150w, https:\/\/spainholidays4u.com\/wp-content\/uploads\/2025\/09\/home-service-_1_-768x768.webp 768w, https:\/\/spainholidays4u.com\/wp-content\/uploads\/2025\/09\/home-service-_1_-60x60.webp 60w, https:\/\/spainholidays4u.com\/wp-content\/uploads\/2025\/09\/home-service-_1_-600x600.webp 600w, https:\/\/spainholidays4u.com\/wp-content\/uploads\/2025\/09\/home-service-_1_-100x100.webp 100w\" sizes=\"(max-width: 1024px) 100vw, 1024px\" \/>\t\t\t\t\t\t\t\t\t\t\t\t\t\t\t<\/div>\n\t\t\t\t<\/div>\n\t\t\t\t<\/div>\n\t\t\t\t\t<\/div>\n\t\t\t\t<\/div>\n\t\t<div class=\"elementor-element elementor-element-1f28e24 e-flex e-con-boxed e-con e-parent\" data-id=\"1f28e24\" data-element_type=\"container\" data-e-type=\"container\" data-settings=\"{&quot;background_background&quot;:&quot;classic&quot;}\">\n\t\t\t\t\t<div class=\"e-con-inner\">\n\t\t<div class=\"elementor-element elementor-element-4f947d9 e-con-full e-flex e-con e-child\" data-id=\"4f947d9\" data-element_type=\"container\" data-e-type=\"container\">\n\t\t\t\t<div class=\"elementor-element elementor-element-04ac72a elementor-widget elementor-widget-heading\" data-id=\"04ac72a\" data-element_type=\"widget\" data-e-type=\"widget\" data-widget_type=\"heading.default\">\n\t\t\t\t<div class=\"elementor-widget-container\">\n\t\t\t\t\t<h2 class=\"elementor-heading-title elementor-size-default\">Limpieza de la casa<\/h2>\t\t\t\t<\/div>\n\t\t\t\t<\/div>\n\t\t\t\t<div class=\"elementor-element elementor-element-228facd elementor-widget elementor-widget-text-editor\" data-id=\"228facd\" data-element_type=\"widget\" data-e-type=\"widget\" data-widget_type=\"text-editor.default\">\n\t\t\t\t<div class=\"elementor-widget-container\">\n\t\t\t\t\t\t\t\t\t<p class=\"p1\">El alojamiento estar\u00e1 limpio y ordenado a su llegada. Si lo desea, tambi\u00e9n podemos limpiar su casa de vacaciones durante su estancia. P\u00f3ngase en contacto con nosotros para obtener informaci\u00f3n sobre esta opci\u00f3n y los costes correspondientes.  <\/p>\t\t\t\t\t\t\t\t<\/div>\n\t\t\t\t<\/div>\n\t\t\t\t<div class=\"elementor-element elementor-element-1081c18 elementor-widget elementor-widget-heading\" data-id=\"1081c18\" data-element_type=\"widget\" data-e-type=\"widget\" data-widget_type=\"heading.default\">\n\t\t\t\t<div class=\"elementor-widget-container\">\n\t\t\t\t\t<h2 class=\"elementor-heading-title elementor-size-default\">Lino<\/h2>\t\t\t\t<\/div>\n\t\t\t\t<\/div>\n\t\t\t\t<div class=\"elementor-element elementor-element-8d4f4ad elementor-widget elementor-widget-text-editor\" data-id=\"8d4f4ad\" data-element_type=\"widget\" data-e-type=\"widget\" data-widget_type=\"text-editor.default\">\n\t\t\t\t<div class=\"elementor-widget-container\">\n\t\t\t\t\t\t\t\t\t<p class=\"p1\">La ropa de cama y las toallas no se incluyen de forma est\u00e1ndar, salvo que se indique espec\u00edficamente en la descripci\u00f3n del alojamiento. Si desea que se cambien las s\u00e1banas durante su estancia, podemos encargarnos de ello. P\u00f3ngase en contacto con nosotros para obtener m\u00e1s informaci\u00f3n y conocer los precios correspondientes.  <\/p>\t\t\t\t\t\t\t\t<\/div>\n\t\t\t\t<\/div>\n\t\t\t\t<\/div>\n\t\t<div class=\"elementor-element elementor-element-1ff1697 e-con-full e-flex e-con e-child\" data-id=\"1ff1697\" data-element_type=\"container\" data-e-type=\"container\">\n\t\t\t\t<div class=\"elementor-element elementor-element-89e1493 elementor-hidden-tablet elementor-widget elementor-widget-image\" data-id=\"89e1493\" data-element_type=\"widget\" data-e-type=\"widget\" data-widget_type=\"image.default\">\n\t\t\t\t<div class=\"elementor-widget-container\">\n\t\t\t\t\t\t\t\t\t\t\t\t\t\t\t<img decoding=\"async\" width=\"1920\" height=\"1280\" src=\"https:\/\/spainholidays4u.com\/wp-content\/uploads\/2025\/09\/hombre-haciendo-servicio-profesional-de-limpieza-del-hogar-_1_-_1_.webp\" class=\"attachment-full size-full wp-image-3510\" alt=\"\" srcset=\"https:\/\/spainholidays4u.com\/wp-content\/uploads\/2025\/09\/hombre-haciendo-servicio-profesional-de-limpieza-del-hogar-_1_-_1_.webp 1920w, https:\/\/spainholidays4u.com\/wp-content\/uploads\/2025\/09\/hombre-haciendo-servicio-profesional-de-limpieza-del-hogar-_1_-_1_-300x200.webp 300w, https:\/\/spainholidays4u.com\/wp-content\/uploads\/2025\/09\/hombre-haciendo-servicio-profesional-de-limpieza-del-hogar-_1_-_1_-1024x683.webp 1024w, https:\/\/spainholidays4u.com\/wp-content\/uploads\/2025\/09\/hombre-haciendo-servicio-profesional-de-limpieza-del-hogar-_1_-_1_-768x512.webp 768w, https:\/\/spainholidays4u.com\/wp-content\/uploads\/2025\/09\/hombre-haciendo-servicio-profesional-de-limpieza-del-hogar-_1_-_1_-1536x1024.webp 1536w, https:\/\/spainholidays4u.com\/wp-content\/uploads\/2025\/09\/hombre-haciendo-servicio-profesional-de-limpieza-del-hogar-_1_-_1_-240x160.webp 240w, https:\/\/spainholidays4u.com\/wp-content\/uploads\/2025\/09\/hombre-haciendo-servicio-profesional-de-limpieza-del-hogar-_1_-_1_-600x400.webp 600w\" sizes=\"(max-width: 1920px) 100vw, 1920px\" \/>\t\t\t\t\t\t\t\t\t\t\t\t\t\t\t<\/div>\n\t\t\t\t<\/div>\n\t\t\t\t<\/div>\n\t\t\t\t\t<\/div>\n\t\t\t\t<\/div>\n\t\t<div class=\"elementor-element elementor-element-c39ab65 e-flex e-con-boxed e-con e-parent\" data-id=\"c39ab65\" data-element_type=\"container\" data-e-type=\"container\" data-settings=\"{&quot;background_background&quot;:&quot;classic&quot;}\">\n\t\t\t\t\t<div class=\"e-con-inner\">\n\t\t<div class=\"elementor-element elementor-element-a395640 e-con-full e-flex e-con e-child\" data-id=\"a395640\" data-element_type=\"container\" data-e-type=\"container\" data-settings=\"{&quot;background_background&quot;:&quot;classic&quot;}\">\n\t\t<div class=\"elementor-element elementor-element-f88abe5 e-con-full e-flex e-con e-child\" data-id=\"f88abe5\" data-element_type=\"container\" data-e-type=\"container\">\n\t\t\t\t<div class=\"elementor-element elementor-element-9d0e502 elementor-widget elementor-widget-heading\" data-id=\"9d0e502\" data-element_type=\"widget\" data-e-type=\"widget\" data-widget_type=\"heading.default\">\n\t\t\t\t<div class=\"elementor-widget-container\">\n\t\t\t\t\t<h2 class=\"elementor-heading-title elementor-size-default\">Contacto<\/h2>\t\t\t\t<\/div>\n\t\t\t\t<\/div>\n\t\t\t\t<div class=\"elementor-element elementor-element-539a1a0 elementor-widget__width-inherit elementor-widget elementor-widget-heading\" data-id=\"539a1a0\" data-element_type=\"widget\" data-e-type=\"widget\" data-widget_type=\"heading.default\">\n\t\t\t\t<div class=\"elementor-widget-container\">\n\t\t\t\t\t<h2 class=\"elementor-heading-title elementor-size-default\">Haremos todo lo posible para que su estancia aqu\u00ed sea lo m\u00e1s c\u00f3moda y agradable posible. <br>Si tiene alguna petici\u00f3n espec\u00edfica, puede indicarla junto con su reserva o enviarla por correo electr\u00f3nico por separado:<\/h2>\t\t\t\t<\/div>\n\t\t\t\t<\/div>\n\t\t\t\t<div class=\"elementor-element elementor-element-3b76fc7 elementor-widget elementor-widget-image\" data-id=\"3b76fc7\" data-element_type=\"widget\" data-e-type=\"widget\" data-widget_type=\"image.default\">\n\t\t\t\t<div class=\"elementor-widget-container\">\n\t\t\t\t\t\t\t\t\t\t\t\t\t\t\t\t<a href=\"mailto:info@spainholidays4u.com\">\n\t\t\t\t\t\t\t<img decoding=\"async\" width=\"159\" height=\"17\" src=\"https:\/\/spainholidays4u.com\/wp-content\/uploads\/2025\/09\/info@spainholidays4u.com_.png\" class=\"attachment-full size-full wp-image-3511\" alt=\"\" srcset=\"https:\/\/spainholidays4u.com\/wp-content\/uploads\/2025\/09\/info@spainholidays4u.com_.png 159w, https:\/\/spainholidays4u.com\/wp-content\/uploads\/2025\/09\/info@spainholidays4u.com_-150x17.png 150w\" sizes=\"(max-width: 159px) 100vw, 159px\" \/>\t\t\t\t\t\t\t\t<\/a>\n\t\t\t\t\t\t\t\t\t\t\t\t\t\t\t<\/div>\n\t\t\t\t<\/div>\n\t\t\t\t<\/div>\n\t\t\t\t<\/div>\n\t\t\t\t\t<\/div>\n\t\t\t\t<\/div>\n\t\t\t\t<\/div>\n\t\t","protected":false},"excerpt":{"rendered":"<p>Servicio a domicilio Usted considera que la comodidad durante sus vacaciones es importante. Spainholidays4u estar\u00e1 encantado de hacerlo posible por usted. Trato personalizado y asistencia Durante su estancia en uno de nuestros alojamientos vacacionales, spainholidays4u estar\u00e1 a su disposici\u00f3n a trav\u00e9s de un n\u00famero de tel\u00e9fono y una direcci\u00f3n de correo electr\u00f3nico especiales. \u00bfTiene alg\u00fan [&hellip;]<\/p>\n","protected":false},"author":1,"featured_media":0,"parent":0,"menu_order":0,"comment_status":"closed","ping_status":"closed","template":"","meta":{"_acf_changed":false,"footnotes":""},"class_list":["post-3512","page","type-page","status-publish","hentry"],"acf":[],"_links":{"self":[{"href":"https:\/\/spainholidays4u.com\/es\/wp-json\/wp\/v2\/pages\/3512","targetHints":{"allow":["GET"]}}],"collection":[{"href":"https:\/\/spainholidays4u.com\/es\/wp-json\/wp\/v2\/pages"}],"about":[{"href":"https:\/\/spainholidays4u.com\/es\/wp-json\/wp\/v2\/types\/page"}],"author":[{"embeddable":true,"href":"https:\/\/spainholidays4u.com\/es\/wp-json\/wp\/v2\/users\/1"}],"replies":[{"embeddable":true,"href":"https:\/\/spainholidays4u.com\/es\/wp-json\/wp\/v2\/comments?post=3512"}],"version-history":[{"count":1,"href":"https:\/\/spainholidays4u.com\/es\/wp-json\/wp\/v2\/pages\/3512\/revisions"}],"predecessor-version":[{"id":3514,"href":"https:\/\/spainholidays4u.com\/es\/wp-json\/wp\/v2\/pages\/3512\/revisions\/3514"}],"wp:attachment":[{"href":"https:\/\/spainholidays4u.com\/es\/wp-json\/wp\/v2\/media?parent=3512"}],"curies":[{"name":"wp","href":"https:\/\/api.w.org\/{rel}","templated":true}]}}