{"id":3505,"date":"2025-08-21T19:56:18","date_gmt":"2025-08-21T17:56:18","guid":{"rendered":"https:\/\/spainholidays4u.com\/condiciones-de-alquiler\/"},"modified":"2025-10-27T18:34:43","modified_gmt":"2025-10-27T16:34:43","slug":"condiciones-de-alquiler","status":"publish","type":"page","link":"https:\/\/spainholidays4u.com\/es\/condiciones-de-alquiler\/","title":{"rendered":"Condiciones de alquiler"},"content":{"rendered":"\n<p><strong>1 Reserva<\/strong><br \/>Puede reservar por tel\u00e9fono o por Internet (online).<br \/>Las reservas son vinculantes para ambas partes<br \/>El periodo de alquiler debe ser de al menos una semana.<br \/>Cada reserva ser\u00e1 confirmada por spainholidays4u mediante un anexo de reserva. Una vez recibida la confirmaci\u00f3n, usted est\u00e1 obligado a pagar el 30 % del importe del alquiler en un plazo de 7 d\u00edas. Solo despu\u00e9s de que hayamos recibido su pago inicial de acuerdo con lo acordado, su reserva ser\u00e1 definitiva. El resto del importe del alquiler debe ingresarse en nuestra cuenta bancaria a m\u00e1s tardar 8 semanas antes del comienzo del per\u00edodo de alquiler. En caso de una reserva a corto plazo, deber\u00e1 pagar el importe total del alquiler de una sola vez. Tenemos derecho a cancelar la reserva si el pago no se ha realizado a tiempo. Para su verificaci\u00f3n a su llegada, deber\u00e1 mostrar el formulario de reserva y un documento de identidad v\u00e1lido a nuestro personal in situ.      <\/p>\n\n<p><strong>2. Modificaci\u00f3n de las condiciones generales<\/strong><br \/>Spainholidays4u se reserva el derecho a modificar estas condiciones generales en cualquier momento sin previo aviso, y usted acepta que el uso de este sitio web est\u00e1 sujeto a las condiciones generales vigentes en cada momento.<\/p>\n\n<p><strong>3. Cancelaci\u00f3n<\/strong><br \/>La cancelaci\u00f3n es posible dentro de los 8 d\u00edas posteriores a la fecha de reserva.<br \/>Si se cancela despu\u00e9s de 8 d\u00edas y hasta 8 semanas antes del inicio del<br \/>per\u00edodo de alquiler, se cobrar\u00e1 el 30 % del importe del alquiler. <br \/>Si se cancela entre 8 y 4 semanas antes del inicio del periodo de alquiler<br \/>, se cobrar\u00e1 el 60 % del importe del alquiler.<br \/>Todas las cancelaciones deben realizarse por correo electr\u00f3nico o carta.<br \/>Se aplicar\u00e1 una tasa administrativa de 35 \u20ac a todas las cancelaciones.<\/p>\n\n<p><strong>3.1<\/strong> <strong>Cancelaci\u00f3n por parte de Spainholidays4u<\/strong><br \/>Si, en cualquier situaci\u00f3n, Spainholidays4u decide cancelar una reserva de una casa de vacaciones alquilada, se notificar\u00e1 directamente y, cuando sea posible, se ofrecer\u00e1 una alternativa. Si no se acepta la alternativa, Spainholidays4u reembolsar\u00e1 inmediatamente al arrendatario los pagos ya realizados. El arrendatario renuncia entonces a cualquier derecho que no sea el reembolso de los gastos pagados.  <\/p>\n\n<p><strong>4. Responsabilidad<\/strong><br \/>Spainholidays4u solo act\u00faa como intermediario entre el propietario y el inquilino y, por lo tanto, no se hace responsable ante el inquilino en caso de accidente, lesi\u00f3n o da\u00f1o que se produzca durante el periodo de alquiler. Spainholidays4u se reserva el derecho a rechazar hu\u00e9spedes o cancelar reservas si existe una raz\u00f3n v\u00e1lida para ello. En cualquier caso, la responsabilidad de Spainholidays4u no podr\u00e1 exceder el importe del alquiler pagado por el inquilino. Spainholidays4u no se hace responsable en ning\u00fan caso de los da\u00f1os y\/o gastos sufridos por el inquilino. Spainholidays4u no se hace responsable de los errores no imputables que puedan aparecer en la descripci\u00f3n del sitio web de Spainholidays4u o en los portales de anuncios publicados en Internet.     <\/p>\n\n<p><strong>5. Da\u00f1os<\/strong><br \/>Durante su estancia en la casa de vacaciones, usted y\/o sus acompa\u00f1antes, en calidad de inquilinos, son plenamente responsables de la casa de vacaciones alquilada. Los da\u00f1os causados deber\u00e1n abonarse al propietario in situ. Spainholidays4u no se hace responsable de las p\u00e9rdidas, robos, da\u00f1os o lesiones causados directa o indirectamente por usted. Spainholidays4u.com tampoco se hace responsable de los da\u00f1os causados por desastres naturales, agresiones, huelgas y similares.   <\/p>\n\n<p><strong>6.1 Fianza<\/strong><br \/>Antes de la llegada, deber\u00e1 abonar una fianza, que se le devolver\u00e1 en su cuenta bancaria o postal en un plazo de 10 d\u00edas laborables tras su salida (\u00faltimo d\u00eda de alquiler). Si despu\u00e9s de su estancia se detectara alg\u00fan da\u00f1o o rotura, los gastos de reparaci\u00f3n se deducir\u00e1n de su dep\u00f3sito. El importe del dep\u00f3sito se indica en la confirmaci\u00f3n de la reserva. Adem\u00e1s, deber\u00e1 identificarse a su llegada mediante su pasaporte o documento de identidad.   <\/p>\n\n<p><strong>6.2 J\u00f3venes<\/strong><br \/>En el caso de grupos de j\u00f3venes, el importe habitual del dep\u00f3sito se incrementar\u00e1 en 100 euros por persona. Adem\u00e1s, se aplicar\u00e1n los gastos de limpieza final obligatoria y a cargo del hu\u00e9sped. El dep\u00f3sito se devolver\u00e1 en sus cuentas bancarias o postales en un plazo de 10 d\u00edas h\u00e1biles tras la salida y tras comprobar el estado del alojamiento utilizado.  <\/p>\n\n<p><strong>6.3 Restricci\u00f3n de edad<\/strong><br \/>Varios alojamientos no est\u00e1n disponibles para j\u00f3venes o grupos de j\u00f3venes. Si a la llegada se comprueba que, no obstante, un grupo de personas con una edad media inferior a 25 a\u00f1os ha realizado una reserva, se les denegar\u00e1 la entrada y no se les reembolsar\u00e1 ning\u00fan importe. <\/p>\n\n<p><strong>7. Seguro <\/strong><br \/>Le recomendamos que contrate un seguro de viaje completo y\/o un seguro de cancelaci\u00f3n.<\/p>\n\n<p><strong>8.1 Inquilino<\/strong><br \/>Entre las 22:00 y las 7:00 horas, le rogamos que no haga ruido ni ponga m\u00fasica que impida a los vecinos locales descansar por la noche. En caso de que se compruebe que el inquilino ha causado molestias, Spainholidays4u tiene el derecho y la autoridad de cancelar el contrato de alquiler inmediatamente sin restituci\u00f3n alguna del importe del alquiler pagado o del dep\u00f3sito. <\/p>\n\n<p><strong>Al abandonar (hacer el check-out) el alojamiento, el inquilino debe asegurarse de que:<\/strong><br \/>Debe depositar los residuos dom\u00e9sticos en los contenedores designados para cada tipo: vidrio, papel, envases de pl\u00e1stico y cartones de bebidas,<br \/>La vajilla, los cubiertos y los utensilios de cocina deben dejarse limpios en el lugar destinado a tal fin.<br \/>El lavavajillas debe vaciarse y dejarse limpio.<br \/>Hay que quitar la ropa de cama.<br \/>La barbacoa\/chimenea debe dejarse limpia y vac\u00eda.<br \/>El jard\u00edn y la terraza deben estar libres de basura (como colillas de cigarrillos).<br \/>Los muebles de jard\u00edn deben volver a colocarse en los lugares donde se colocaron el primer d\u00eda del alquiler.<\/p>\n\n<p>Se podr\u00e1n cobrar gastos de limpieza adicionales si el propietario (arrendador) y\/o el responsable de spainholiday4u consideran que la vivienda no est\u00e1 limpia. \u00a1Se cobrar\u00e1n gastos adicionales por dejar residuos en la vivienda! <\/p>\n\n<p><strong>8.2. Responsabilidades del inquilino<\/strong><br \/>El inquilino es responsable de un buen trato de la propiedad alquilada y a10&gt; y es por consiguiente responsable de los posibles da\u00f1os causados por el inquilino o compa\u00f1eros de viaje durante su estancia.<\/p>\n\n<p><strong>9. Mascotas<\/strong><br \/>Las mascotas no est\u00e1n permitidas en todas partes. Usted puede recuperar informaci\u00f3n sobre esto esto en la descripci\u00f3n de la casa de vacaciones. <\/p>\n\n<p><strong>10. Ropa de cama<\/strong><br \/>Se puede alquilar ropa de cama si no se ofrece con la casa de vacaciones. Por favor, ind\u00edquenos si prefiere este servicio cuando haga su reserva. Tendr\u00e1 que traer usted mismo toallas, pa\u00f1os de cocina, etc., a menos que se indique lo contrario. No est\u00e1 permitido dormir en las camas sin usar ropa de cama.   <\/p>\n\n<p><strong>11.1 Horario de apertura<\/strong><br \/>Fuera de la temporada alta, es posible (puede ocurrir) que en determinados d\u00edas u horas las instalaciones mencionadas en nuestro sitio web, como por ejemplo: piscinas, restaurantes o tiendas, est\u00e9n (temporalmente) cerradas. Spainholidays4u no se hace responsable del hecho de que, independientemente del motivo, durante sus vacaciones no haya podido acceder a determinadas instalaciones. <\/p>\n\n<p><strong>11.2 Llegada y salida<\/strong><br \/>Podr\u00e1 disponer de su villa\/apartamento vacacional el primer d\u00eda del alquiler entre las 16:00 y las 20:00 horas. Los gastos de una llegada que se produzca despu\u00e9s de las 20:00 horas (previo aviso) ascender\u00e1n a 50 euros. La villa\/apartamento de vacaciones deber\u00e1 quedar libre el d\u00eda de salida antes de las 10:00 horas de la ma\u00f1ana.<br \/>En caso de salida despu\u00e9s de las 10:00 horas, se cobrar\u00e1n gastos adicionales.<\/p>\n\n<p><strong>12. N\u00famero de personas<\/strong><br \/>El n\u00famero de personas que se ha indicado por escrito en la descripci\u00f3n de la casa de vacaciones es el n\u00famero m\u00e1ximo permitido. No se permite la ocupaci\u00f3n con m\u00e1s personas que las indicadas durante la reserva. Tampoco se permite colocar una tienda de campa\u00f1a, una caravana o una autocaravana. En caso de incumplimiento de estas normas, el contrato de alquiler se considerar\u00e1 legalmente anulado y se denegar\u00e1 la entrada a la vivienda vacacional sin que el cliente pueda reclamar la devoluci\u00f3n del alquiler pagado.   <\/p>\n\n<p><strong>13.<\/strong><strong>Eventos y reuniones con invitados.<\/strong><br \/>La casa de vacaciones est\u00e1 destinada a usted y a sus acompa\u00f1antes. \u00a1No est\u00e1 permitido organizar fiestas ni consumir drogas en nuestras casas de vacaciones! Eventos o reuniones con invitados que no sean personas del grupo de viajeros<br \/>. Si no se cumple esta norma, rescindiremos el contrato de alquiler y cobraremos los gastos.   <br \/>(limpieza) costes.<\/p>\n\n<p><strong>14. Inconvenientes<\/strong><br \/>Es posible que durante su estancia frente a su casa de vacaciones o en las inmediaciones se est\u00e9n realizando obras en la carretera. Entendemos que esto puede causarle molestias. Spainholidays4u no se hace responsable de este tipo de inconvenientes, ya que no tenemos ninguna influencia sobre ellos. Tambi\u00e9n es posible que durante su estancia se produzcan cortes temporales en el suministro de agua o electricidad. Spainholidays4u.com tampoco se hace responsable de ello.    <\/p>\n\n<p><strong>15. Reclamaciones<\/strong><br \/>Si tiene alguna reclamaci\u00f3n a su llegada o durante su estancia, dir\u00edjase a nuestro personal para que puedan resolverla. El inquilino deber\u00e1 comunicar cualquier reclamaci\u00f3n que surja a su llegada a la casa de vacaciones o durante su estancia en un plazo m\u00e1ximo de 24 horas a nuestro personal. Spainholidays4u har\u00e1 todo lo posible por resolver la queja inmediatamente in situ. Debe dar a spainholidays4u en todo momento la oportunidad de encontrar una soluci\u00f3n adecuada a la queja. La salida anticipada o el traslado independiente a otro alojamiento liberar\u00e1 a Spainholidays4u de cualquier obligaci\u00f3n de indemnizaci\u00f3n. Spainholidays4u no se hace responsable de las p\u00e9rdidas o da\u00f1os causados por acciones, negligencias u omisiones de nuestros socios contractuales.     <\/p>\n\n<p><strong>16. Impuesto tur\u00edstico<\/strong><br \/>A partir de noviembre de 2012, Catalu\u00f1a, como primera y \u00fanica regi\u00f3n federal de Espa\u00f1a, va a introducir un impuesto tur\u00edstico. Spainholidays4u tambi\u00e9n alquila casas de vacaciones en esta regi\u00f3n. En lo que respecta a estas casas de vacaciones, deber\u00e1 tener en cuenta que, a su llegada a nuestra oficina, nuestro personal le pedir\u00e1 que abone este impuesto tur\u00edstico. Estos impuestos se aplican tanto a los turistas extranjeros como a los espa\u00f1oles que pasan sus vacaciones en Catalu\u00f1a.   <\/p>\n\n<p><strong>A continuaci\u00f3n una encuesta de los precios precios<\/strong><br \/>pisos y casas de vacaciones cuestan 0,90 euros por noche\/persona. <br \/>Los precios son siempre por persona por noche para personas con la edad de 16 a\u00f1os y mayores. En el m\u00e1ximo 7 noches se est\u00e1n liquidando, as\u00ed que nunca m\u00e1s. El impuesto tur\u00edstico tiene que pagarse en nuestra oficina en el lugar.  <\/p>\n\n<p><strong>17. General rental conditions<\/strong><br \/>When you finish your reservation, you herewith automatically accept that you have read and understood the general conditions and that you agree with the contents of these conditions.<\/p>\n\n<p><strong>Spainholidays4u: rental conditions 2025<\/strong><br \/>Ra\u00edces Espa\u00f1olas Servicios Tur\u00edsticos S.L Established in Calonge, Giroa, Spain. Registration number (NIF) B55227656 <\/p>\n","protected":false},"excerpt":{"rendered":"<p>1 ReservaPuede reservar por tel\u00e9fono o por Internet (online).Las reservas son vinculantes para ambas partesEl periodo de alquiler debe ser de al menos una semana.Cada reserva ser\u00e1 confirmada por spainholidays4u mediante un anexo de reserva. Una vez recibida la confirmaci\u00f3n, usted est\u00e1 obligado a pagar el 30 % del importe del alquiler en un plazo [&hellip;]<\/p>\n","protected":false},"author":1,"featured_media":0,"parent":0,"menu_order":0,"comment_status":"closed","ping_status":"closed","template":"","meta":{"_acf_changed":false,"footnotes":""},"class_list":["post-3505","page","type-page","status-publish","hentry"],"acf":[],"_links":{"self":[{"href":"https:\/\/spainholidays4u.com\/es\/wp-json\/wp\/v2\/pages\/3505","targetHints":{"allow":["GET"]}}],"collection":[{"href":"https:\/\/spainholidays4u.com\/es\/wp-json\/wp\/v2\/pages"}],"about":[{"href":"https:\/\/spainholidays4u.com\/es\/wp-json\/wp\/v2\/types\/page"}],"author":[{"embeddable":true,"href":"https:\/\/spainholidays4u.com\/es\/wp-json\/wp\/v2\/users\/1"}],"replies":[{"embeddable":true,"href":"https:\/\/spainholidays4u.com\/es\/wp-json\/wp\/v2\/comments?post=3505"}],"version-history":[{"count":2,"href":"https:\/\/spainholidays4u.com\/es\/wp-json\/wp\/v2\/pages\/3505\/revisions"}],"predecessor-version":[{"id":3508,"href":"https:\/\/spainholidays4u.com\/es\/wp-json\/wp\/v2\/pages\/3505\/revisions\/3508"}],"wp:attachment":[{"href":"https:\/\/spainholidays4u.com\/es\/wp-json\/wp\/v2\/media?parent=3505"}],"curies":[{"name":"wp","href":"https:\/\/api.w.org\/{rel}","templated":true}]}}