{"id":3475,"date":"2025-06-11T05:13:04","date_gmt":"2025-06-11T03:13:04","guid":{"rendered":"https:\/\/spainholidays4u.com\/politica-de-privacidad\/"},"modified":"2025-10-27T18:11:15","modified_gmt":"2025-10-27T16:11:15","slug":"politica-de-privacidad","status":"publish","type":"page","link":"https:\/\/spainholidays4u.com\/es\/politica-de-privacidad\/","title":{"rendered":"Pol\u00edtica de privacidad"},"content":{"rendered":"\n<p><strong>1. DETAILS OF THE DATA CONTROLLER<\/strong><\/p>\n\n<p>Nombre de la empresa: RAICES ESPA\u00d1OLAS SERVICIOS TURISTICOS SL (el \u00abResponsable del tratamiento\u00bb)<\/p>\n\n<p>N\u00famero de identificaci\u00f3n fiscal: B55227656<\/p>\n\n<p>Direcci\u00f3n comercial: C\/ DE LA RUTLLA N\u00ba14 \u2013 17251 \u2013 CALONGE \u2013 GIRONA<\/p>\n\n<p>Tel\u00e9fono: 628028144<\/p>\n\n<p>Correo electr\u00f3nico para asuntos relacionados con la protecci\u00f3n de datos: carlos@spainholidays4u.com<\/p>\n\n<p><strong>1.1. Normativa aplicable<\/strong><\/p>\n\n<p>Nuestra Pol\u00edtica de Privacidad ha sido dise\u00f1ada de conformidad con el Reglamento General de Protecci\u00f3n de Datos de la UE 2016\/679 del Parlamento Europeo y del Consejo, de 27 de abril de 2016, y con la Ley Org\u00e1nica 3\/2018, de 5 de diciembre, de Protecci\u00f3n de Datos Personales y Garant\u00eda de los Derechos Digitales.<\/p>\n\n<p>Al proporcionarnos sus datos, usted declara que ha le\u00eddo y conoce la presente Pol\u00edtica de Privacidad, dando su consentimiento claro y expl\u00edcito al tratamiento de sus datos personales para los fines y en los t\u00e9rminos aqu\u00ed establecidos.<\/p>\n\n<p>La Empresa podr\u00e1 modificar la presente Pol\u00edtica de Privacidad para adaptarla a novedades legislativas o jurisprudenciales o a interpretaciones de la Agencia Espa\u00f1ola de Protecci\u00f3n de Datos. Las presentes condiciones de privacidad podr\u00e1n ser complementadas por el Aviso Legal, la Pol\u00edtica de Cookies y las Condiciones Generales de Contrataci\u00f3n, cuando proceda. <\/p>\n\n<p><strong>1.2. Nuestro responsable de protecci\u00f3n de datos<\/strong><\/p>\n\n<p>LOPDMONTOLIU I SERVEIS SL<\/p>\n\n<p>N\u00famero de identificaci\u00f3n fiscal: B55261804<\/p>\n\n<p>Contacto tel\u00e9fono: 625459540<\/p>\n\n<p>Email: info@lopdmontoliu.es<\/p>\n\n<p><strong>2. FINALIDAD DEL TRATAMIENTO DE DATOS PERSONALES<\/strong><\/p>\n\n<p>El tratamiento que realizamos de sus datos personales tiene las siguientes finalidades:<\/p>\n\n<ul class=\"wp-block-list\">\n<li>Proporcionarle informaci\u00f3n relacionada con los productos y\/o servicios ofrecidos por nuestra entidad, tal y como se detalla en este sitio web.<\/li>\n\n\n\n<li>Para llevar a cabo la contrataci\u00f3n de nuestros servicios mediante la aceptaci\u00f3n del presupuesto correspondiente y\/o la firma de un contrato comercial.<\/li>\n\n\n\n<li>Para enviarle usted noticias y actualizaciones sobre nuestra empresa y nuestros productos\/servicios a trav\u00e9s de correo electr\u00f3nico y\/o correo postal.<\/li>\n<\/ul>\n\n<p><strong>2.1. Retenci\u00f3n de datos Periodo<\/strong><\/p>\n\n<p>Conservaremos sus datos personales desde el momento en que nos d\u00e9 su consentimiento hasta que lo revoque o solicite su limitaci\u00f3n. En tales casos, mantendremos sus datos bloqueados durante el per\u00edodo exigido por la ley. <\/p>\n\n<p><strong>3. BASE LEGAL Y DATOS RECOPILADOS<\/strong><\/p>\n\n<p>La base legal para el tratamiento de sus datos es el consentimiento expl\u00edcito otorgado mediante una acci\u00f3n afirmativa positiva (rellenando el formulario correspondiente y marcando la casilla de aceptaci\u00f3n) en el momento en que usted proporciona sus datos personales.<\/p>\n\n<p><strong>3.1. Consentimiento para el tratamiento de sus datos<\/strong><\/p>\n\n<p>Al rellenar los formularios, marcar la \u00abAcepto la Pol\u00edtica de Privacidad\u00bb y y haciendo clic para enviar los datos, o mediante a18&gt; enviando correos electr\u00f3nicos a la Empresa a trav\u00e9s de las direcciones designadas, el Usuario declara haber le\u00eddo y aceptado expresamente esta Pol\u00edtica de a34&gt; Pol\u00edtica de privacidad, dando su claro y expl\u00edcito consentimiento a la a42&gt; tratamiento de sus datos personales de acuerdo con los fines indicados.<\/p>\n\n<p><strong>3.2. Categor\u00edas de datos<\/strong><\/p>\n\n<p>Los datos recopilados pertenecen a la categor\u00eda de datos identificativos, tales como: nombre y apellidos, n\u00famero de tel\u00e9fono, direcci\u00f3n postal, empresa, direcci\u00f3n de correo electr\u00f3nico y la direcci\u00f3n IP desde la que se accede al formulario.<\/p>\n\n<p><strong>4. MEDIDAS DE SEGURIDAD<\/strong><\/p>\n\n<p>Como parte de nuestro compromiso de garantizar la seguridad y confidencialidad de a10&gt; sus datos personales, le informamos que hemos adoptado las a17&gt; adoptado las necesarias t\u00e9cnicas y organizativas medidas para garantizar la seguridad de los datos personales y evitar su alteraci\u00f3n, p\u00e9rdida, tratamiento no autorizado tratamiento, o acceso, de acuerdo con el estado de la tecnolog\u00eda, la naturaleza de los datos almacenados, y los riesgos a los que est\u00e1n expuestos, conforme a lo dispuesto en el art\u00edculo 32 del Reglamento (UE) 679\/2016 (RGPD).<\/p>\n\n<p><strong>5. DIVULGACI\u00d3N DE DATOS<\/strong><\/p>\n\n<p>No se prev\u00e9n transferencias de datos ni transferencias internacionales de datos, salvo las autorizadas por la legislaci\u00f3n fiscal, mercantil y de telecomunicaciones, y en los casos en que lo exija una autoridad judicial.<\/p>\n\n<p><strong>6. DERECHOS DEL USUARIO<\/strong><\/p>\n\n<p>Cualquier interesado tiene derecho a obtener confirmaci\u00f3n sobre si estamos tratando datos personales que le conciernen. Los interesados tienen derecho a acceder a sus datos personales y a solicitar la rectificaci\u00f3n de los datos inexactos o, en su caso, solicitar su supresi\u00f3n cuando los datos ya no sean necesarios para los fines para los que fueron recogidos. <\/p>\n\n<p>En determinadas circunstancias, los interesados podr\u00e1n solicitar la limitaci\u00f3n del tratamiento, en cuyo caso nosotros solo conservaremos los datos para ejercer el derecho de supresi\u00f3n a14&gt; los datos para el ejercicio o la defensa de reclamaciones.<\/p>\n\n<p>Por razones relacionadas con su situaci\u00f3n espec\u00edfica situaci\u00f3n, los interesados podr\u00e1n oponerse al tratamiento de sus datos. El responsable del tratamiento deber\u00e1 detener tratamiento de los datos a menos que existan razones leg\u00edtimas y aplazamiento o ejercicio de los derechos de los interesados o de &lt; a25&gt; para el ejercicio o la defensa de posibles reclamaciones. <\/p>\n\n<p>De acuerdo con la legislaci\u00f3n vigente, usted tiene los siguientes derechos: derecho a solicitar el acceso, rectificaci\u00f3n, supresi\u00f3n, limitaci\u00f3n, oposici\u00f3n, portabilidad de sus datos y a revocar el consentimiento. Tambi\u00e9n tiene derecho a presentar una reclamaci\u00f3n ante la Agencia Espa\u00f1ola de Protecci\u00f3n de Datos. <\/p>\n\n<p><strong>6.1. C\u00f3mo ejercer tus derechos<\/strong><\/p>\n\n<p>Para ejercer sus derechos, p\u00f3ngase en contacto con el responsable del tratamiento y solicite el formulario correspondiente. Tambi\u00e9n puede ponerse en contacto con la autoridad de control para obtener m\u00e1s informaci\u00f3n. <\/p>\n\n<p>Datos de contacto para ejercer sus derechos: tel\u00e9fono 628028144 y correo electr\u00f3nico carlos@spainholidays4u.com.<\/p>\n\n<p>Por favor, adjunte una copia de un documento que nos permita identificarle.<\/p>\n\n<p><strong>7. CONSENTIMIENTO PARA RECIBIR COMUNICACIONES ELECTR\u00d3NICAS<\/strong><\/p>\n\n<p>Asimismo, de conformidad con la Ley 34\/2002, de 11 de julio, de Servicios de la Sociedad de la Informaci\u00f3n y de Comercio Electr\u00f3nico, al completar el formulario de recogida de datos y marcar la casilla \u00abAcepto\u00bb, usted da su consentimiento expl\u00edcito para recibir informaci\u00f3n sobre la Empresa por correo electr\u00f3nico, tel\u00e9fono, fax u otros medios electr\u00f3nicos.<\/p>\n","protected":false},"excerpt":{"rendered":"<p>1. DETAILS OF THE DATA CONTROLLER Nombre de la empresa: RAICES ESPA\u00d1OLAS SERVICIOS TURISTICOS SL (el \u00abResponsable del tratamiento\u00bb) N\u00famero de identificaci\u00f3n fiscal: B55227656 Direcci\u00f3n comercial: C\/ DE LA RUTLLA N\u00ba14 \u2013 17251 \u2013 CALONGE \u2013 GIRONA Tel\u00e9fono: 628028144 Correo electr\u00f3nico para asuntos relacionados con la protecci\u00f3n de datos: carlos@spainholidays4u.com 1.1. Normativa aplicable Nuestra Pol\u00edtica [&hellip;]<\/p>\n","protected":false},"author":1,"featured_media":0,"parent":0,"menu_order":0,"comment_status":"closed","ping_status":"closed","template":"","meta":{"_acf_changed":false,"footnotes":""},"class_list":["post-3475","page","type-page","status-publish","hentry"],"acf":[],"_links":{"self":[{"href":"https:\/\/spainholidays4u.com\/es\/wp-json\/wp\/v2\/pages\/3475","targetHints":{"allow":["GET"]}}],"collection":[{"href":"https:\/\/spainholidays4u.com\/es\/wp-json\/wp\/v2\/pages"}],"about":[{"href":"https:\/\/spainholidays4u.com\/es\/wp-json\/wp\/v2\/types\/page"}],"author":[{"embeddable":true,"href":"https:\/\/spainholidays4u.com\/es\/wp-json\/wp\/v2\/users\/1"}],"replies":[{"embeddable":true,"href":"https:\/\/spainholidays4u.com\/es\/wp-json\/wp\/v2\/comments?post=3475"}],"version-history":[{"count":1,"href":"https:\/\/spainholidays4u.com\/es\/wp-json\/wp\/v2\/pages\/3475\/revisions"}],"predecessor-version":[{"id":3476,"href":"https:\/\/spainholidays4u.com\/es\/wp-json\/wp\/v2\/pages\/3475\/revisions\/3476"}],"wp:attachment":[{"href":"https:\/\/spainholidays4u.com\/es\/wp-json\/wp\/v2\/media?parent=3475"}],"curies":[{"name":"wp","href":"https:\/\/api.w.org\/{rel}","templated":true}]}}