{"id":3472,"date":"2025-09-01T11:06:44","date_gmt":"2025-09-01T09:06:44","guid":{"rendered":"https:\/\/spainholidays4u.com\/casas-de-vacaciones-para-mascotas\/"},"modified":"2025-10-27T18:06:19","modified_gmt":"2025-10-27T16:06:19","slug":"casas-de-vacaciones-para-mascotas","status":"publish","type":"page","link":"https:\/\/spainholidays4u.com\/es\/casas-de-vacaciones-para-mascotas\/","title":{"rendered":"Casas de vacaciones para mascotas"},"content":{"rendered":"\t\t<div data-elementor-type=\"wp-page\" data-elementor-id=\"3472\" class=\"elementor elementor-3472 elementor-2465\" data-elementor-post-type=\"page\">\n\t\t\t\t<div class=\"elementor-element elementor-element-5ee7c19 e-flex e-con-boxed e-con e-parent\" data-id=\"5ee7c19\" data-element_type=\"container\" data-e-type=\"container\" data-settings=\"{&quot;background_background&quot;:&quot;classic&quot;}\">\n\t\t\t\t\t<div class=\"e-con-inner\">\n\t\t\t\t\t<\/div>\n\t\t\t\t<\/div>\n\t\t<div class=\"elementor-element elementor-element-d6712d0 e-flex e-con-boxed e-con e-parent\" data-id=\"d6712d0\" data-element_type=\"container\" data-e-type=\"container\" data-settings=\"{&quot;background_background&quot;:&quot;classic&quot;}\">\n\t\t\t\t\t<div class=\"e-con-inner\">\n\t\t<div class=\"elementor-element elementor-element-d22b9d0 e-con-full e-flex e-con e-child\" data-id=\"d22b9d0\" data-element_type=\"container\" data-e-type=\"container\">\n\t\t\t\t<div class=\"elementor-element elementor-element-c6559f8 elementor-widget elementor-widget-heading\" data-id=\"c6559f8\" data-element_type=\"widget\" data-e-type=\"widget\" data-widget_type=\"heading.default\">\n\t\t\t\t<div class=\"elementor-widget-container\">\n\t\t\t\t\t<h2 class=\"elementor-heading-title elementor-size-default\">Villas que admiten mascotas<\/h2>\t\t\t\t<\/div>\n\t\t\t\t<\/div>\n\t\t\t\t<div class=\"elementor-element elementor-element-c04d1ba elementor-widget__width-inherit elementor-widget elementor-widget-text-editor\" data-id=\"c04d1ba\" data-element_type=\"widget\" data-e-type=\"widget\" data-widget_type=\"text-editor.default\">\n\t\t\t\t<div class=\"elementor-widget-container\">\n\t\t\t\t\t\t\t\t\t<p>Las vacaciones en una villa de alquiler no est\u00e1n completas sin la presencia de tu amigo de cuatro patas. Afortunadamente, \u00a1esto tampoco es necesario! Spainholidays4u.com ofrece muchas villas de vacaciones en la <a href=\"https:\/\/www.spainholidays4u.com\/costa-brava-catalonia\/\">Costa Brava<\/a> donde tu mascota es bienvenida.<br>Reserva una casa de vacaciones en las inmediaciones del bosque, las monta\u00f1as o el interior, donde podr\u00e1s pasear con tu perro.  <\/p><div class=\"flex flex-grow flex-col max-w-full\"><div class=\"min-h-[20px] text-message flex flex-col items-start gap-3 whitespace-pre-wrap break-words [.text-message+&amp;]:mt-5 overflow-x-auto\" data-message-author-role=\"assistant\" data-message-id=\"fc1bb2d3-3d3d-4ba1-874c-c6801f887127\"><div class=\"markdown prose w-full break-words dark:prose-invert light\"><p>\u00a1Disfrute de unas vacaciones sin preocupaciones con Spainholidays4u.com! Descubra nuestra amplia selecci\u00f3n de casas de vacaciones con jardines privados y vallas, que ofrecen el espacio perfecto para que su mascota pueda corretear libremente. Mientras su perro disfruta de la libertad al aire libre, usted podr\u00e1 relajarse junto a la piscina, descansar y saborear cada momento de sus merecidas vacaciones. Reserve ahora para disfrutar de una escapada inolvidable tanto para usted como para su querida mascota.   <\/p><\/div><\/div><\/div>\t\t\t\t\t\t\t\t<\/div>\n\t\t\t\t<\/div>\n\t\t\t\t<\/div>\n\t\t<div class=\"elementor-element elementor-element-34d2344 e-con-full e-flex e-con e-child\" data-id=\"34d2344\" data-element_type=\"container\" data-e-type=\"container\">\n\t\t\t\t<div class=\"elementor-element elementor-element-2c85d13 elementor-hidden-tablet elementor-widget elementor-widget-image\" data-id=\"2c85d13\" data-element_type=\"widget\" data-e-type=\"widget\" data-widget_type=\"image.default\">\n\t\t\t\t<div class=\"elementor-widget-container\">\n\t\t\t\t\t\t\t\t\t\t\t\t\t\t\t<img fetchpriority=\"high\" decoding=\"async\" width=\"1024\" height=\"1024\" src=\"https:\/\/spainholidays4u.com\/wp-content\/uploads\/2025\/09\/pets-house-_1_.webp\" class=\"attachment-full size-full wp-image-3470\" alt=\"\" srcset=\"https:\/\/spainholidays4u.com\/wp-content\/uploads\/2025\/09\/pets-house-_1_.webp 1024w, https:\/\/spainholidays4u.com\/wp-content\/uploads\/2025\/09\/pets-house-_1_-300x300.webp 300w, https:\/\/spainholidays4u.com\/wp-content\/uploads\/2025\/09\/pets-house-_1_-150x150.webp 150w, https:\/\/spainholidays4u.com\/wp-content\/uploads\/2025\/09\/pets-house-_1_-768x768.webp 768w, https:\/\/spainholidays4u.com\/wp-content\/uploads\/2025\/09\/pets-house-_1_-60x60.webp 60w, https:\/\/spainholidays4u.com\/wp-content\/uploads\/2025\/09\/pets-house-_1_-600x600.webp 600w, https:\/\/spainholidays4u.com\/wp-content\/uploads\/2025\/09\/pets-house-_1_-100x100.webp 100w\" sizes=\"(max-width: 1024px) 100vw, 1024px\" \/>\t\t\t\t\t\t\t\t\t\t\t\t\t\t\t<\/div>\n\t\t\t\t<\/div>\n\t\t\t\t<\/div>\n\t\t\t\t\t<\/div>\n\t\t\t\t<\/div>\n\t\t<div class=\"elementor-element elementor-element-cdff7bc e-flex e-con-boxed e-con e-parent\" data-id=\"cdff7bc\" data-element_type=\"container\" data-e-type=\"container\" data-settings=\"{&quot;background_background&quot;:&quot;classic&quot;}\">\n\t\t\t\t\t<div class=\"e-con-inner\">\n\t\t<div class=\"elementor-element elementor-element-92d2f2b e-con-full e-flex e-con e-child\" data-id=\"92d2f2b\" data-element_type=\"container\" data-e-type=\"container\">\n\t\t\t\t<div class=\"elementor-element elementor-element-6ad41ed elementor-widget elementor-widget-heading\" data-id=\"6ad41ed\" data-element_type=\"widget\" data-e-type=\"widget\" data-widget_type=\"heading.default\">\n\t\t\t\t<div class=\"elementor-widget-container\">\n\t\t\t\t\t<h2 class=\"elementor-heading-title elementor-size-default\">Mascotas vacaciones casas Costa Brava<\/h2>\t\t\t\t<\/div>\n\t\t\t\t<\/div>\n\t\t\t\t<div class=\"elementor-element elementor-element-dc4290e elementor-widget__width-inherit elementor-widget elementor-widget-text-editor\" data-id=\"dc4290e\" data-element_type=\"widget\" data-e-type=\"widget\" data-widget_type=\"text-editor.default\">\n\t\t\t\t<div class=\"elementor-widget-container\">\n\t\t\t\t\t\t\t\t\t<p>Ofrecemos una amplia gama de diferentes tipos de vacaciones villas y mas\u00edas rurales en la Costa Brava zona. Por lo tanto le rogamos que nos informe con antelaci\u00f3n si su mas\u00eda a20&gt; mascota es bienvenida en su seleccionado alojamiento. Tanto si usted busca en la descripci\u00f3n de la propiedad en la p\u00e1gina web. As\u00ed que es muy f\u00e1cil encontrar y reservar las perfectas vacaciones para toda toda la familia y el perro!   <\/p><p>Si adem\u00e1s de la descripci\u00f3n de la propiedad, el art\u00edculo sobre mascotas tiene un precio, su mascota es bienvenida. En otros casos, puede preguntar o puede ser. Una excepci\u00f3n.  <\/p><p><strong>*<\/strong> \u00a1Aseg\u00farate de que se admiten perros en la playa durante la temporada alta! No se admiten en todos los lugares. Aseg\u00farate de que tu perro o gato lleve siempre consigo su identificaci\u00f3n y pasaporte para animales de compa\u00f1\u00eda. \u00a1As\u00ed podr\u00e9 disfrutar de unas vacaciones sin preocupaciones en Espa\u00f1a con mi perro!   <\/p>\t\t\t\t\t\t\t\t<\/div>\n\t\t\t\t<\/div>\n\t\t\t\t<\/div>\n\t\t<div class=\"elementor-element elementor-element-0bebe1d e-con-full e-flex e-con e-child\" data-id=\"0bebe1d\" data-element_type=\"container\" data-e-type=\"container\">\n\t\t\t\t<div class=\"elementor-element elementor-element-b4f7a10 elementor-hidden-tablet elementor-widget elementor-widget-image\" data-id=\"b4f7a10\" data-element_type=\"widget\" data-e-type=\"widget\" data-widget_type=\"image.default\">\n\t\t\t\t<div class=\"elementor-widget-container\">\n\t\t\t\t\t\t\t\t\t\t\t\t\t\t\t<img decoding=\"async\" width=\"1920\" height=\"1280\" src=\"https:\/\/spainholidays4u.com\/wp-content\/uploads\/2025\/09\/perro-divirtiendose-en-la-playa-_1_-_1_.webp\" class=\"attachment-full size-full wp-image-3471\" alt=\"\" srcset=\"https:\/\/spainholidays4u.com\/wp-content\/uploads\/2025\/09\/perro-divirtiendose-en-la-playa-_1_-_1_.webp 1920w, https:\/\/spainholidays4u.com\/wp-content\/uploads\/2025\/09\/perro-divirtiendose-en-la-playa-_1_-_1_-300x200.webp 300w, https:\/\/spainholidays4u.com\/wp-content\/uploads\/2025\/09\/perro-divirtiendose-en-la-playa-_1_-_1_-1024x683.webp 1024w, https:\/\/spainholidays4u.com\/wp-content\/uploads\/2025\/09\/perro-divirtiendose-en-la-playa-_1_-_1_-768x512.webp 768w, https:\/\/spainholidays4u.com\/wp-content\/uploads\/2025\/09\/perro-divirtiendose-en-la-playa-_1_-_1_-1536x1024.webp 1536w, https:\/\/spainholidays4u.com\/wp-content\/uploads\/2025\/09\/perro-divirtiendose-en-la-playa-_1_-_1_-240x160.webp 240w, https:\/\/spainholidays4u.com\/wp-content\/uploads\/2025\/09\/perro-divirtiendose-en-la-playa-_1_-_1_-600x400.webp 600w\" sizes=\"(max-width: 1920px) 100vw, 1920px\" \/>\t\t\t\t\t\t\t\t\t\t\t\t\t\t\t<\/div>\n\t\t\t\t<\/div>\n\t\t\t\t<\/div>\n\t\t\t\t\t<\/div>\n\t\t\t\t<\/div>\n\t\t<div class=\"elementor-element elementor-element-bc3dfee e-flex e-con-boxed e-con e-parent\" data-id=\"bc3dfee\" data-element_type=\"container\" data-e-type=\"container\" data-settings=\"{&quot;background_background&quot;:&quot;classic&quot;}\">\n\t\t\t\t\t<div class=\"e-con-inner\">\n\t\t<div class=\"elementor-element elementor-element-d2c97e2 e-con-full e-flex e-con e-child\" data-id=\"d2c97e2\" data-element_type=\"container\" data-e-type=\"container\" data-settings=\"{&quot;background_background&quot;:&quot;classic&quot;}\">\n\t\t<div class=\"elementor-element elementor-element-dfb46f7 e-con-full e-flex e-con e-child\" data-id=\"dfb46f7\" data-element_type=\"container\" data-e-type=\"container\">\n\t\t\t\t<div class=\"elementor-element elementor-element-70d6d04 elementor-widget elementor-widget-heading\" data-id=\"70d6d04\" data-element_type=\"widget\" data-e-type=\"widget\" data-widget_type=\"heading.default\">\n\t\t\t\t<div class=\"elementor-widget-container\">\n\t\t\t\t\t<h2 class=\"elementor-heading-title elementor-size-default\">Playas aptas para perros en Espa\u00f1a<\/h2>\t\t\t\t<\/div>\n\t\t\t\t<\/div>\n\t\t\t\t<div class=\"elementor-element elementor-element-ee0aa44 dd elementor-widget elementor-widget-html\" data-id=\"ee0aa44\" data-element_type=\"widget\" data-e-type=\"widget\" data-widget_type=\"html.default\">\n\t\t\t\t<div class=\"elementor-widget-container\">\n\t\t\t\t\t<iframe src=\"https:\/\/www.google.com\/maps\/d\/embed?mid=1AKEzPBB6ElmMcpr5fLmwOGrTpU0&amp;ehbc=2E312F\" width=\"640\" height=\"480\"><\/iframe>\t\t\t\t<\/div>\n\t\t\t\t<\/div>\n\t\t\t\t<\/div>\n\t\t\t\t<\/div>\n\t\t\t\t\t<\/div>\n\t\t\t\t<\/div>\n\t\t\t\t<\/div>\n\t\t","protected":false},"excerpt":{"rendered":"<p>Villas que admiten mascotas Las vacaciones en una villa de alquiler no est\u00e1n completas sin la presencia de tu amigo de cuatro patas. Afortunadamente, \u00a1esto tampoco es necesario! Spainholidays4u.com ofrece muchas villas de vacaciones en la Costa Brava donde tu mascota es bienvenida.Reserva una casa de vacaciones en las inmediaciones del bosque, las monta\u00f1as o [&hellip;]<\/p>\n","protected":false},"author":1,"featured_media":0,"parent":0,"menu_order":0,"comment_status":"closed","ping_status":"closed","template":"","meta":{"_acf_changed":false,"footnotes":""},"class_list":["post-3472","page","type-page","status-publish","hentry"],"acf":[],"_links":{"self":[{"href":"https:\/\/spainholidays4u.com\/es\/wp-json\/wp\/v2\/pages\/3472","targetHints":{"allow":["GET"]}}],"collection":[{"href":"https:\/\/spainholidays4u.com\/es\/wp-json\/wp\/v2\/pages"}],"about":[{"href":"https:\/\/spainholidays4u.com\/es\/wp-json\/wp\/v2\/types\/page"}],"author":[{"embeddable":true,"href":"https:\/\/spainholidays4u.com\/es\/wp-json\/wp\/v2\/users\/1"}],"replies":[{"embeddable":true,"href":"https:\/\/spainholidays4u.com\/es\/wp-json\/wp\/v2\/comments?post=3472"}],"version-history":[{"count":1,"href":"https:\/\/spainholidays4u.com\/es\/wp-json\/wp\/v2\/pages\/3472\/revisions"}],"predecessor-version":[{"id":3474,"href":"https:\/\/spainholidays4u.com\/es\/wp-json\/wp\/v2\/pages\/3472\/revisions\/3474"}],"wp:attachment":[{"href":"https:\/\/spainholidays4u.com\/es\/wp-json\/wp\/v2\/media?parent=3472"}],"curies":[{"name":"wp","href":"https:\/\/api.w.org\/{rel}","templated":true}]}}