{"id":3467,"date":"2025-09-01T11:44:02","date_gmt":"2025-09-01T09:44:02","guid":{"rendered":"https:\/\/spainholidays4u.com\/informacion-y-servicio\/"},"modified":"2025-10-27T18:04:13","modified_gmt":"2025-10-27T16:04:13","slug":"informacion-y-servicio","status":"publish","type":"page","link":"https:\/\/spainholidays4u.com\/es\/informacion-y-servicio\/","title":{"rendered":"Informaci\u00f3n y Servicio"},"content":{"rendered":"\t\t<div data-elementor-type=\"wp-page\" data-elementor-id=\"3467\" class=\"elementor elementor-3467 elementor-2498\" data-elementor-post-type=\"page\">\n\t\t\t\t<div class=\"elementor-element elementor-element-0409362 e-flex e-con-boxed e-con e-parent\" data-id=\"0409362\" data-element_type=\"container\" data-e-type=\"container\" data-settings=\"{&quot;background_background&quot;:&quot;classic&quot;}\">\n\t\t\t\t\t<div class=\"e-con-inner\">\n\t\t\t\t\t<\/div>\n\t\t\t\t<\/div>\n\t\t<div class=\"elementor-element elementor-element-7d5e3c2 e-flex e-con-boxed e-con e-parent\" data-id=\"7d5e3c2\" data-element_type=\"container\" data-e-type=\"container\" data-settings=\"{&quot;background_background&quot;:&quot;classic&quot;}\">\n\t\t\t\t\t<div class=\"e-con-inner\">\n\t\t<div class=\"elementor-element elementor-element-647f3af e-con-full e-flex e-con e-child\" data-id=\"647f3af\" data-element_type=\"container\" data-e-type=\"container\">\n\t\t\t\t<div class=\"elementor-element elementor-element-7ce652c elementor-widget elementor-widget-heading\" data-id=\"7ce652c\" data-element_type=\"widget\" data-e-type=\"widget\" data-widget_type=\"heading.default\">\n\t\t\t\t<div class=\"elementor-widget-container\">\n\t\t\t\t\t<h2 class=\"elementor-heading-title elementor-size-default\">Informaci\u00f3n y Servicio<\/h2>\t\t\t\t<\/div>\n\t\t\t\t<\/div>\n\t\t\t\t<div class=\"elementor-element elementor-element-b389515 elementor-widget__width-inherit elementor-widget elementor-widget-text-editor\" data-id=\"b389515\" data-element_type=\"widget\" data-e-type=\"widget\" data-widget_type=\"text-editor.default\">\n\t\t\t\t<div class=\"elementor-widget-container\">\n\t\t\t\t\t\t\t\t\t<p>Es bien sabido que, desde tiempos inmemoriales, Espa\u00f1a es uno de los destinos vacacionales m\u00e1s populares del sur de Europa. Alquilar una villa vacacional en la <g id=\"gid_0\">Costa Brava<\/g> puede ser una soluci\u00f3n ideal tanto para grupos grandes como para familias. Por lo general, es m\u00e1s barato que alquilar una casa de vacaciones individualmente (por cuenta propia) o alojarse en una habitaci\u00f3n de hotel.  <\/p><p>Quiz\u00e1s sea la primera vez que alquila una villa vacacional y no sabe exactamente c\u00f3mo hacerlo. O tal vez lleve a\u00f1os viajando a esta zona, pero a\u00fan tiene dudas sobre qu\u00e9 tipo de casa vacacional es la m\u00e1s adecuada para usted y sus acompa\u00f1antes. Estaremos encantados de responder a cualquier pregunta que pueda tener sobre este tema, as\u00ed que no dude en llamar a nuestro servicio de atenci\u00f3n al cliente.  <\/p><p>En Spainholidays4u siempre estamos dispuestos y encantados de informarle con el mayor detalle posible. Si tiene alguna pregunta sobre su reserva o sobre su villa de vacaciones, es muy probable que encuentre la respuesta de inmediato en la secci\u00f3n de preguntas frecuentes de nuestra p\u00e1gina <a href=\"https:\/\/www.spainholidays4u.com\/faq\/\">F.A.Q.<\/a>. <\/p><p>Si la respuesta a tu pregunta no ha sido tomada en la secci\u00f3n mencionada anteriormente, le recomendamos que env\u00ede un correo electr\u00f3nico a <img decoding=\"async\" class=\"alignnone size-full wp-image-10999 entered litespeed-loaded\" src=\"https:\/\/www.spainholidays4u.com\/wp-content\/uploads\/info@spainholidays4u.com_.png\" sizes=\"(max-width: 159px) 100vw, 159px\" srcset=\"https:\/\/www.spainholidays4u.com\/wp-content\/uploads\/info@spainholidays4u.com_.png 159w, https:\/\/www.spainholidays4u.com\/wp-content\/uploads\/info@spainholidays4u.com_-150x17.png 150w\" alt=\"\" width=\"159\" height=\"17\" data-lazyloaded=\"1\" data-src=\"https:\/\/www.spainholidays4u.com\/wp-content\/uploads\/info@spainholidays4u.com_.png\" data-srcset=\"https:\/\/www.spainholidays4u.com\/wp-content\/uploads\/info@spainholidays4u.com_.png 159w, https:\/\/www.spainholidays4u.com\/wp-content\/uploads\/info@spainholidays4u.com_-150x17.png 150w\" data-sizes=\"(max-width: 159px) 100vw, 159px\" data-ll-status=\"loaded\"><\/p>\t\t\t\t\t\t\t\t<\/div>\n\t\t\t\t<\/div>\n\t\t\t\t<\/div>\n\t\t<div class=\"elementor-element elementor-element-39ba542 e-con-full e-flex e-con e-child\" data-id=\"39ba542\" data-element_type=\"container\" data-e-type=\"container\">\n\t\t\t\t<div class=\"elementor-element elementor-element-0c09926 elementor-hidden-tablet elementor-widget elementor-widget-image\" data-id=\"0c09926\" data-element_type=\"widget\" data-e-type=\"widget\" data-widget_type=\"image.default\">\n\t\t\t\t<div class=\"elementor-widget-container\">\n\t\t\t\t\t\t\t\t\t\t\t\t\t\t\t<img fetchpriority=\"high\" decoding=\"async\" width=\"1920\" height=\"1281\" src=\"https:\/\/spainholidays4u.com\/wp-content\/uploads\/2025\/09\/information-holidays.webp\" class=\"attachment-full size-full wp-image-3465\" alt=\"\" srcset=\"https:\/\/spainholidays4u.com\/wp-content\/uploads\/2025\/09\/information-holidays.webp 1920w, https:\/\/spainholidays4u.com\/wp-content\/uploads\/2025\/09\/information-holidays-300x200.webp 300w, https:\/\/spainholidays4u.com\/wp-content\/uploads\/2025\/09\/information-holidays-1024x683.webp 1024w, https:\/\/spainholidays4u.com\/wp-content\/uploads\/2025\/09\/information-holidays-768x512.webp 768w, https:\/\/spainholidays4u.com\/wp-content\/uploads\/2025\/09\/information-holidays-1536x1025.webp 1536w, https:\/\/spainholidays4u.com\/wp-content\/uploads\/2025\/09\/information-holidays-240x160.webp 240w, https:\/\/spainholidays4u.com\/wp-content\/uploads\/2025\/09\/information-holidays-600x400.webp 600w\" sizes=\"(max-width: 1920px) 100vw, 1920px\" \/>\t\t\t\t\t\t\t\t\t\t\t\t\t\t\t<\/div>\n\t\t\t\t<\/div>\n\t\t\t\t<\/div>\n\t\t\t\t\t<\/div>\n\t\t\t\t<\/div>\n\t\t<div class=\"elementor-element elementor-element-e4aa0a0 e-flex e-con-boxed e-con e-parent\" data-id=\"e4aa0a0\" data-element_type=\"container\" data-e-type=\"container\" data-settings=\"{&quot;background_background&quot;:&quot;classic&quot;}\">\n\t\t\t\t\t<div class=\"e-con-inner\">\n\t\t<div class=\"elementor-element elementor-element-7790daf e-con-full e-flex e-con e-child\" data-id=\"7790daf\" data-element_type=\"container\" data-e-type=\"container\" data-settings=\"{&quot;background_background&quot;:&quot;classic&quot;}\">\n\t\t<div class=\"elementor-element elementor-element-1275230 e-con-full e-flex e-con e-child\" data-id=\"1275230\" data-element_type=\"container\" data-e-type=\"container\">\n\t\t\t\t<div class=\"elementor-element elementor-element-2c79329 elementor-widget elementor-widget-heading\" data-id=\"2c79329\" data-element_type=\"widget\" data-e-type=\"widget\" data-widget_type=\"heading.default\">\n\t\t\t\t<div class=\"elementor-widget-container\">\n\t\t\t\t\t<h2 class=\"elementor-heading-title elementor-size-default\">Cliente Servicio<\/h2>\t\t\t\t<\/div>\n\t\t\t\t<\/div>\n\t\t\t\t<div class=\"elementor-element elementor-element-42ff8d0 elementor-widget__width-inherit elementor-widget elementor-widget-text-editor\" data-id=\"42ff8d0\" data-element_type=\"widget\" data-e-type=\"widget\" data-widget_type=\"text-editor.default\">\n\t\t\t\t<div class=\"elementor-widget-container\">\n\t\t\t\t\t\t\t\t\t<p>Usted puede tambi\u00e9n formular su pregunta(s) llamando a nuestro servicio de asistencia en Espa\u00f1a marcando el siguiente n\u00famero: <br>Servicio de asistencia Espa\u00f1a 0034 -628 028 144<\/p><p>De lunes a viernes, de 10:00 a 22:00 horas. S\u00e1bado: de 10:00 a 21:00 horas. Domingo: de 11:00 a 20:00 horas.<\/p>\t\t\t\t\t\t\t\t<\/div>\n\t\t\t\t<\/div>\n\t\t\t\t<\/div>\n\t\t\t\t<\/div>\n\t\t\t\t\t<\/div>\n\t\t\t\t<\/div>\n\t\t\t\t<\/div>\n\t\t","protected":false},"excerpt":{"rendered":"<p>Informaci\u00f3n y Servicio Es bien sabido que, desde tiempos inmemoriales, Espa\u00f1a es uno de los destinos vacacionales m\u00e1s populares del sur de Europa. Alquilar una villa vacacional en la Costa Brava puede ser una soluci\u00f3n ideal tanto para grupos grandes como para familias. Por lo general, es m\u00e1s barato que alquilar una casa de vacaciones [&hellip;]<\/p>\n","protected":false},"author":1,"featured_media":0,"parent":0,"menu_order":0,"comment_status":"closed","ping_status":"closed","template":"","meta":{"_acf_changed":false,"footnotes":""},"class_list":["post-3467","page","type-page","status-publish","hentry"],"acf":[],"_links":{"self":[{"href":"https:\/\/spainholidays4u.com\/es\/wp-json\/wp\/v2\/pages\/3467","targetHints":{"allow":["GET"]}}],"collection":[{"href":"https:\/\/spainholidays4u.com\/es\/wp-json\/wp\/v2\/pages"}],"about":[{"href":"https:\/\/spainholidays4u.com\/es\/wp-json\/wp\/v2\/types\/page"}],"author":[{"embeddable":true,"href":"https:\/\/spainholidays4u.com\/es\/wp-json\/wp\/v2\/users\/1"}],"replies":[{"embeddable":true,"href":"https:\/\/spainholidays4u.com\/es\/wp-json\/wp\/v2\/comments?post=3467"}],"version-history":[{"count":1,"href":"https:\/\/spainholidays4u.com\/es\/wp-json\/wp\/v2\/pages\/3467\/revisions"}],"predecessor-version":[{"id":3468,"href":"https:\/\/spainholidays4u.com\/es\/wp-json\/wp\/v2\/pages\/3467\/revisions\/3468"}],"wp:attachment":[{"href":"https:\/\/spainholidays4u.com\/es\/wp-json\/wp\/v2\/media?parent=3467"}],"curies":[{"name":"wp","href":"https:\/\/api.w.org\/{rel}","templated":true}]}}