{"id":3455,"date":"2025-10-27T11:56:27","date_gmt":"2025-10-27T09:56:27","guid":{"rendered":"https:\/\/spainholidays4u.com\/costa-brava-catalonia\/"},"modified":"2025-10-27T17:54:51","modified_gmt":"2025-10-27T15:54:51","slug":"costa-brava-catalonia","status":"publish","type":"page","link":"https:\/\/spainholidays4u.com\/es\/costa-brava-catalonia\/","title":{"rendered":"Costa Brava Catalonia"},"content":{"rendered":"\t\t<div data-elementor-type=\"wp-page\" data-elementor-id=\"3455\" class=\"elementor elementor-3455 elementor-3077\" data-elementor-post-type=\"page\">\n\t\t\t\t<div class=\"elementor-element elementor-element-e6749aa e-flex e-con-boxed e-con e-parent\" data-id=\"e6749aa\" data-element_type=\"container\" data-e-type=\"container\" data-settings=\"{&quot;background_background&quot;:&quot;classic&quot;}\">\n\t\t\t\t\t<div class=\"e-con-inner\">\n\t\t\t\t\t<\/div>\n\t\t\t\t<\/div>\n\t\t<div class=\"elementor-element elementor-element-639cf51 e-flex e-con-boxed e-con e-parent\" data-id=\"639cf51\" data-element_type=\"container\" data-e-type=\"container\" data-settings=\"{&quot;background_background&quot;:&quot;classic&quot;}\">\n\t\t\t\t\t<div class=\"e-con-inner\">\n\t\t<div class=\"elementor-element elementor-element-cacff11 e-con-full e-flex e-con e-child\" data-id=\"cacff11\" data-element_type=\"container\" data-e-type=\"container\">\n\t\t\t\t<div class=\"elementor-element elementor-element-4c48d3c elementor-widget elementor-widget-heading\" data-id=\"4c48d3c\" data-element_type=\"widget\" data-e-type=\"widget\" data-widget_type=\"heading.default\">\n\t\t\t\t<div class=\"elementor-widget-container\">\n\t\t\t\t\t<h2 class=\"elementor-heading-title elementor-size-default\">Costa Brava: \u00a1Un destino de elecci\u00f3n para millones de turistas cada a\u00f1o!<\/h2>\t\t\t\t<\/div>\n\t\t\t\t<\/div>\n\t\t\t\t<div class=\"elementor-element elementor-element-3689796 elementor-widget__width-inherit elementor-widget elementor-widget-text-editor\" data-id=\"3689796\" data-element_type=\"widget\" data-e-type=\"widget\" data-widget_type=\"text-editor.default\">\n\t\t\t\t<div class=\"elementor-widget-container\">\n\t\t\t\t\t\t\t\t\t<p>A\u00f1o tras a\u00f1o, la Costa Brava cautiva los corazones de millones de turistas, convirti\u00e9ndose en un destino de primer orden para quienes buscan sol, mar y una belleza sin igual. Ubicada a lo largo de la impresionante costa mediterr\u00e1nea, esta encantadora regi\u00f3n ofrece una gran variedad de experiencias para todo tipo de viajeros. <\/p><p>Desde playas v\u00edrgenes de arena dorada hasta encantadoras localidades costeras cargadas de historia, la Costa Brava ofrece una irresistible combinaci\u00f3n de maravillas naturales y tesoros culturales. Los turistas acuden en masa para explorar la vibrante cultura local, deleitarse con la deliciosa gastronom\u00eda mediterr\u00e1nea y disfrutar de la c\u00e1lida hospitalidad que caracteriza a esta joya espa\u00f1ola. <\/p><p>Con una variada gama de actividades, la Costa Brava satisface tanto a los amantes de la aventura como a los entusiastas y a quienes buscan tranquilidad. a7&gt; amantes de la aventura como a aquellos que anhelan relajarse. Deportes acu\u00e1ticos, paseos por paisajes, y excursiones culturales le esperan, prometiendo unas vacaciones inolvidables para los visitantes de todas las edades. <\/p><p>Emb\u00e1rcate en un viaje donde cada d\u00eda ba\u00f1ado por el sol y a7&gt; noche estrellada contribuyen a una experiencia memorable. La Costa Brava te espera, lista para dar la bienvenida a ti a un mundo de incomparable belleza y infinitas posibilidades. Explora, disfruta, y crea recuerdos imborrables en este cautivador para\u00edso costero.  <\/p>\t\t\t\t\t\t\t\t<\/div>\n\t\t\t\t<\/div>\n\t\t\t\t<\/div>\n\t\t\t\t\t<\/div>\n\t\t\t\t<\/div>\n\t\t<div class=\"elementor-element elementor-element-f7c47d2 e-flex e-con-boxed e-con e-parent\" data-id=\"f7c47d2\" data-element_type=\"container\" data-e-type=\"container\" data-settings=\"{&quot;background_background&quot;:&quot;classic&quot;}\">\n\t\t\t\t\t<div class=\"e-con-inner\">\n\t\t<div class=\"elementor-element elementor-element-695ec8a e-con-full e-flex e-con e-child\" data-id=\"695ec8a\" data-element_type=\"container\" data-e-type=\"container\" data-settings=\"{&quot;background_background&quot;:&quot;classic&quot;}\">\n\t\t<div class=\"elementor-element elementor-element-cca59ca e-con-full e-flex e-con e-child\" data-id=\"cca59ca\" data-element_type=\"container\" data-e-type=\"container\" data-settings=\"{&quot;background_background&quot;:&quot;classic&quot;}\">\n\t\t\t\t<div class=\"elementor-element elementor-element-ba43683 elementor-arrows-position-outside elementor-widget elementor-widget-n-carousel\" data-id=\"ba43683\" data-element_type=\"widget\" data-e-type=\"widget\" data-settings=\"{&quot;carousel_items&quot;:[{&quot;slide_title&quot;:&quot;Salvador Dali&quot;,&quot;_id&quot;:&quot;3519e80&quot;},{&quot;slide_title&quot;:&quot;Playing Golf&quot;,&quot;_id&quot;:&quot;bbea940&quot;},{&quot;slide_title&quot;:&quot;Wine-growing region Empord\\u00e0&quot;,&quot;_id&quot;:&quot;841bcd2&quot;},{&quot;slide_title&quot;:&quot;Capmany&quot;,&quot;_id&quot;:&quot;6dfc21c&quot;},{&quot;slide_title&quot;:&quot;Best Hiking Trails in Catalonia&quot;,&quot;_id&quot;:&quot;e07d91c&quot;},{&quot;slide_title&quot;:&quot;Lake Banyoles&quot;,&quot;_id&quot;:&quot;034ea49&quot;}],&quot;slides_to_show&quot;:&quot;1&quot;,&quot;slides_to_show_tablet&quot;:&quot;1&quot;,&quot;slides_to_show_mobile&quot;:&quot;1&quot;,&quot;autoplay&quot;:&quot;yes&quot;,&quot;autoplay_speed&quot;:5000,&quot;pause_on_hover&quot;:&quot;yes&quot;,&quot;pause_on_interaction&quot;:&quot;yes&quot;,&quot;infinite&quot;:&quot;yes&quot;,&quot;speed&quot;:500,&quot;offset_sides&quot;:&quot;none&quot;,&quot;arrows&quot;:&quot;yes&quot;,&quot;image_spacing_custom&quot;:{&quot;unit&quot;:&quot;px&quot;,&quot;size&quot;:10,&quot;sizes&quot;:[]},&quot;image_spacing_custom_laptop&quot;:{&quot;unit&quot;:&quot;px&quot;,&quot;size&quot;:&quot;&quot;,&quot;sizes&quot;:[]},&quot;image_spacing_custom_tablet&quot;:{&quot;unit&quot;:&quot;px&quot;,&quot;size&quot;:&quot;&quot;,&quot;sizes&quot;:[]},&quot;image_spacing_custom_mobile_extra&quot;:{&quot;unit&quot;:&quot;px&quot;,&quot;size&quot;:&quot;&quot;,&quot;sizes&quot;:[]},&quot;image_spacing_custom_mobile&quot;:{&quot;unit&quot;:&quot;px&quot;,&quot;size&quot;:&quot;&quot;,&quot;sizes&quot;:[]}}\" data-widget_type=\"nested-carousel.default\">\n\t\t\t\t<div class=\"elementor-widget-container\">\n\t\t\t\t\t\t\t<div class=\"e-n-carousel swiper\" role=\"region\" aria-roledescription=\"carousel\" aria-label=\"Carousel\" dir=\"ltr\">\n\t\t\t<div class=\"swiper-wrapper\" aria-live=\"off\">\n\t\t\t\t\t\t\t\t\t\t<div class=\"swiper-slide\" data-slide=\"1\" role=\"group\" aria-roledescription=\"slide\" aria-label=\"1 of 6\">\n\t\t\t\t\t\t\t<div class=\"elementor-element elementor-element-8fb85bf e-flex e-con-boxed e-con e-child\" data-id=\"8fb85bf\" data-element_type=\"container\" data-e-type=\"container\">\n\t\t\t\t\t<div class=\"e-con-inner\">\n\t\t\t\t<div class=\"elementor-element elementor-element-139bdc4 elementor-vertical-align-middle elementor-widget elementor-widget-image-box\" data-id=\"139bdc4\" data-element_type=\"widget\" data-e-type=\"widget\" data-widget_type=\"image-box.default\">\n\t\t\t\t<div class=\"elementor-widget-container\">\n\t\t\t\t\t<div class=\"elementor-image-box-wrapper\"><div class=\"elementor-image-box-content\"><h3 class=\"elementor-image-box-title\">Salvador Dal\u00ed<\/h3><p class=\"elementor-image-box-description\">Nacido en Figueres, justo al pie de los Pirineos, Dal\u00ed se convirti\u00f3 en uno de los pintores surrealistas m\u00e1s famosos, llegando incluso a influir en el propio Freud. La Fundaci\u00f3n Dal\u00ed comprende tres museos, dedicados a su arte, su vida y su historia, en Figueres, P\u00fabol y Port Lligat. <\/p><\/div><\/div>\t\t\t\t<\/div>\n\t\t\t\t<\/div>\n\t\t\t\t\t<\/div>\n\t\t\t\t<\/div>\n\t\t\t\t\t\t\t\t<\/div>\n\t\t\t\t\t\t\t\t\t\t\t<div class=\"swiper-slide\" data-slide=\"2\" role=\"group\" aria-roledescription=\"slide\" aria-label=\"2 of 6\">\n\t\t\t\t\t\t\t<div class=\"elementor-element elementor-element-5715f99 e-flex e-con-boxed e-con e-child\" data-id=\"5715f99\" data-element_type=\"container\" data-e-type=\"container\">\n\t\t\t\t\t<div class=\"e-con-inner\">\n\t\t\t\t<div class=\"elementor-element elementor-element-a5895fc elementor-vertical-align-middle elementor-widget elementor-widget-image-box\" data-id=\"a5895fc\" data-element_type=\"widget\" data-e-type=\"widget\" data-widget_type=\"image-box.default\">\n\t\t\t\t<div class=\"elementor-widget-container\">\n\t\t\t\t\t<div class=\"elementor-image-box-wrapper\"><div class=\"elementor-image-box-content\"><h3 class=\"elementor-image-box-title\">Jugar al golf<\/h3><p class=\"elementor-image-box-description\">Quienes disfruten golpeando la pelota en un campo de golf con un clima maravilloso, lo har\u00e1n a sus anchas en la Costa Brava. Hay m\u00e1s que suficientes campos de golf (11 de 18 hoyos) para satisfacer a todos los gustos: por ejemplo, Serres de Pals, Girona Golf, Peralada Golf, Golf Costa Brava y el mejor campo de Espa\u00f1a, PGA Catalunya. <\/p><\/div><\/div>\t\t\t\t<\/div>\n\t\t\t\t<\/div>\n\t\t\t\t\t<\/div>\n\t\t\t\t<\/div>\n\t\t\t\t\t\t\t\t<\/div>\n\t\t\t\t\t\t\t\t\t\t\t<div class=\"swiper-slide\" data-slide=\"3\" role=\"group\" aria-roledescription=\"slide\" aria-label=\"3 of 6\">\n\t\t\t\t\t\t\t<div class=\"elementor-element elementor-element-c153d06 e-flex e-con-boxed e-con e-child\" data-id=\"c153d06\" data-element_type=\"container\" data-e-type=\"container\">\n\t\t\t\t\t<div class=\"e-con-inner\">\n\t\t\t\t<div class=\"elementor-element elementor-element-02f0aec elementor-vertical-align-middle elementor-widget elementor-widget-image-box\" data-id=\"02f0aec\" data-element_type=\"widget\" data-e-type=\"widget\" data-widget_type=\"image-box.default\">\n\t\t\t\t<div class=\"elementor-widget-container\">\n\t\t\t\t\t<div class=\"elementor-image-box-wrapper\"><div class=\"elementor-image-box-content\"><h3 class=\"elementor-image-box-title\">Regi\u00f3n vin\u00edcola del Empord\u00e0<\/h3><p class=\"elementor-image-box-description\">La zona vin\u00edcola de la regi\u00f3n se concentra en el Empord\u00e0, donde se producen vinos de alta calidad con denominaci\u00f3n de origen. Catalu\u00f1a es tambi\u00e9n la cuna del cava. Hay numerosos vi\u00f1edos y bodegas que explorar. Tambi\u00e9n hay varios productores artesanales de aceite de oliva.   <\/p><\/div><\/div>\t\t\t\t<\/div>\n\t\t\t\t<\/div>\n\t\t\t\t\t<\/div>\n\t\t\t\t<\/div>\n\t\t\t\t\t\t\t\t<\/div>\n\t\t\t\t\t\t\t\t\t\t\t<div class=\"swiper-slide\" data-slide=\"4\" role=\"group\" aria-roledescription=\"slide\" aria-label=\"4 of 6\">\n\t\t\t\t\t\t\t<div class=\"elementor-element elementor-element-2c47782 e-flex e-con-boxed e-con e-child\" data-id=\"2c47782\" data-element_type=\"container\" data-e-type=\"container\">\n\t\t\t\t\t<div class=\"e-con-inner\">\n\t\t\t\t<div class=\"elementor-element elementor-element-2c6c7ca elementor-vertical-align-middle elementor-widget elementor-widget-image-box\" data-id=\"2c6c7ca\" data-element_type=\"widget\" data-e-type=\"widget\" data-widget_type=\"image-box.default\">\n\t\t\t\t<div class=\"elementor-widget-container\">\n\t\t\t\t\t<div class=\"elementor-image-box-wrapper\"><div class=\"elementor-image-box-content\"><h3 class=\"elementor-image-box-title\">Capmany<\/h3><p class=\"elementor-image-box-description\">Bodegas de vino (vinos fuera de la barrica, cava. Museo del champ\u00e1n). Producci\u00f3n de vino desde 1764. <\/p><\/div><\/div>\t\t\t\t<\/div>\n\t\t\t\t<\/div>\n\t\t\t\t\t<\/div>\n\t\t\t\t<\/div>\n\t\t\t\t\t\t\t\t<\/div>\n\t\t\t\t\t\t\t\t\t\t\t<div class=\"swiper-slide\" data-slide=\"5\" role=\"group\" aria-roledescription=\"slide\" aria-label=\"5 of 6\">\n\t\t\t\t\t\t\t<div class=\"elementor-element elementor-element-e53f52f e-flex e-con-boxed e-con e-child\" data-id=\"e53f52f\" data-element_type=\"container\" data-e-type=\"container\">\n\t\t\t\t\t<div class=\"e-con-inner\">\n\t\t\t\t<div class=\"elementor-element elementor-element-a83e686 elementor-vertical-align-middle elementor-widget elementor-widget-image-box\" data-id=\"a83e686\" data-element_type=\"widget\" data-e-type=\"widget\" data-widget_type=\"image-box.default\">\n\t\t\t\t<div class=\"elementor-widget-container\">\n\t\t\t\t\t<div class=\"elementor-image-box-wrapper\"><div class=\"elementor-image-box-content\"><h3 class=\"elementor-image-box-title\">Las mejores rutas de senderismo en Catalu\u00f1a<\/h3><p class=\"elementor-image-box-description\">\u00bfSab\u00edas que Catalu\u00f1a es el mejor lugar para hacer senderismo? Con varios parques nacionales, cascadas y senderos naturales, Catalu\u00f1a cuenta con algunos de los paisajes m\u00e1s impresionantes de la zona. Vuelve a la naturaleza y echa un vistazo a la lista para ver algunas de las mejores zonas para pasear por el campo.  <\/p><\/div><\/div>\t\t\t\t<\/div>\n\t\t\t\t<\/div>\n\t\t\t\t\t<\/div>\n\t\t\t\t<\/div>\n\t\t\t\t\t\t\t\t<\/div>\n\t\t\t\t\t\t\t\t\t\t\t<div class=\"swiper-slide\" data-slide=\"6\" role=\"group\" aria-roledescription=\"slide\" aria-label=\"6 of 6\">\n\t\t\t\t\t\t\t<div class=\"elementor-element elementor-element-a51b7fb e-flex e-con-boxed e-con e-child\" data-id=\"a51b7fb\" data-element_type=\"container\" data-e-type=\"container\">\n\t\t\t\t\t<div class=\"e-con-inner\">\n\t\t\t\t<div class=\"elementor-element elementor-element-0b4f35a elementor-vertical-align-middle elementor-widget elementor-widget-image-box\" data-id=\"0b4f35a\" data-element_type=\"widget\" data-e-type=\"widget\" data-widget_type=\"image-box.default\">\n\t\t\t\t<div class=\"elementor-widget-container\">\n\t\t\t\t\t<div class=\"elementor-image-box-wrapper\"><div class=\"elementor-image-box-content\"><h3 class=\"elementor-image-box-title\">Lago de Banyoles - Alquiler de canoas\/barcos, Senderismo (excursiones a pie)<\/h3><p class=\"elementor-image-box-description\">A un paso de Girona se encuentra la localidad de Banyoles, con el lago natural m\u00e1s grande de Catalu\u00f1a, donde se celebraron las pruebas de remo de los Juegos Ol\u00edmpicos de Barcelona. Rema, nada, corre o simplemente pasea por sus 8 kil\u00f3metros de per\u00edmetro y termina con una copa o una comida en uno de los caf\u00e9s-restaurantes a orillas del lago. <\/p><\/div><\/div>\t\t\t\t<\/div>\n\t\t\t\t<\/div>\n\t\t\t\t\t<\/div>\n\t\t\t\t<\/div>\n\t\t\t\t\t\t\t\t<\/div>\n\t\t\t\t\t\t\t\t<\/div>\n\t\t<\/div>\n\t\t\t\t\t<div class=\"elementor-swiper-button elementor-swiper-button-prev\" role=\"button\" tabindex=\"0\" aria-label=\"Anterior\">\n\t\t\t\t<i aria-hidden=\"true\" class=\"eicon-chevron-left\"><\/i>\t\t\t<\/div>\n\t\t\t<div class=\"elementor-swiper-button elementor-swiper-button-next\" role=\"button\" tabindex=\"0\" aria-label=\"Siguiente\">\n\t\t\t\t<i aria-hidden=\"true\" class=\"eicon-chevron-right\"><\/i>\t\t\t<\/div>\n\t\t\t\t\t\t<\/div>\n\t\t\t\t<\/div>\n\t\t\t\t<\/div>\n\t\t<div class=\"elementor-element elementor-element-fd30887 e-con-full e-flex e-con e-child\" data-id=\"fd30887\" data-element_type=\"container\" data-e-type=\"container\">\n\t\t\t\t<div class=\"elementor-element elementor-element-14e057d elementor-widget elementor-widget-heading\" data-id=\"14e057d\" data-element_type=\"widget\" data-e-type=\"widget\" data-widget_type=\"heading.default\">\n\t\t\t\t<div class=\"elementor-widget-container\">\n\t\t\t\t\t<h2 class=\"elementor-heading-title elementor-size-default\">Descubre la Costa Brava<\/h2>\t\t\t\t<\/div>\n\t\t\t\t<\/div>\n\t\t\t\t<div class=\"elementor-element elementor-element-2927e98 elementor-widget__width-inherit elementor-widget elementor-widget-text-editor\" data-id=\"2927e98\" data-element_type=\"widget\" data-e-type=\"widget\" data-widget_type=\"text-editor.default\">\n\t\t\t\t<div class=\"elementor-widget-container\">\n\t\t\t\t\t\t\t\t\t<p>Visite los centros tur\u00edsticos costeros de Palam\u00f3s o Platja d\u2019Aro, ambos con un ambiente relajado pero animado atmosferas, especialmente en la temporada estival. Aqu\u00ed encontrar\u00e1s peque\u00f1as y concurridas calles comerciales, as\u00ed como innumerables restaurantes locales e internacionales, acogedores peque\u00f1os bares, salones y terrazas de cafeter\u00edas , donde puedes disfrutar del sol, el mar y la sangr\u00eda! Platja d\u2019Aro es el a44&gt; centro de discotecas y vida nocturna para toda la provincia.  <\/p><p>Hay tambi\u00e9n una gran variedad de entretenimiento disponible para una gran variedad de gustos: deportes acu\u00e1ticos, <br>visitas culturales a los numerosos pueblos medievales del interior, actividades al aire libre. Aqu\u00ed hay algunas ideas: <\/p>\t\t\t\t\t\t\t\t<\/div>\n\t\t\t\t<\/div>\n\t\t\t\t<\/div>\n\t\t\t\t<\/div>\n\t\t\t\t\t<\/div>\n\t\t\t\t<\/div>\n\t\t<div class=\"elementor-element elementor-element-bf642d2 e-flex e-con-boxed e-con e-parent\" data-id=\"bf642d2\" data-element_type=\"container\" data-e-type=\"container\" data-settings=\"{&quot;background_background&quot;:&quot;classic&quot;}\">\n\t\t\t\t\t<div class=\"e-con-inner\">\n\t\t<div class=\"elementor-element elementor-element-fe66748 e-con-full e-flex e-con e-child\" data-id=\"fe66748\" data-element_type=\"container\" data-e-type=\"container\">\n\t\t\t\t<div class=\"elementor-element elementor-element-6a054cd elementor-widget elementor-widget-heading\" data-id=\"6a054cd\" data-element_type=\"widget\" data-e-type=\"widget\" data-widget_type=\"heading.default\">\n\t\t\t\t<div class=\"elementor-widget-container\">\n\t\t\t\t\t<h2 class=\"elementor-heading-title elementor-size-default\">Gastronom\u00eda<\/h2>\t\t\t\t<\/div>\n\t\t\t\t<\/div>\n\t\t\t\t<div class=\"elementor-element elementor-element-fedde86 elementor-widget elementor-widget-text-editor\" data-id=\"fedde86\" data-element_type=\"widget\" data-e-type=\"widget\" data-widget_type=\"text-editor.default\">\n\t\t\t\t<div class=\"elementor-widget-container\">\n\t\t\t\t\t\t\t\t\t<p>Catalu\u00f1a es sin duda el centro gastron\u00f3mico del mundo, con m\u00e1s estrellas Michelin per c\u00e1pita en la provincia de Girona que en cualquier otro lugar. La ciudad de Girona alberga actualmente el mejor restaurante del mundo, Can Roca. En el extremo ligeramente inferior del mercado, los d\u00edas laborables los restaurantes locales de todas partes ofrecen un men\u00fa del d\u00eda para el almuerzo, que suele consistir en tres platos con pan y vino incluidos por entre 9 y 14 euros.  <\/p><p>La cocina es de estilo mediterr\u00e1neo, con abundancia de pescado y marisco fresco (por ejemplo, las famosas gambas de Palam\u00f3s o las anchoas de L&#8217;Escala) que representan el mar, mezclados con carne de cerdo, aves, embutidos y conejo de la monta\u00f1a, y el t\u00edpico postre cr\u00e8me br\u00fbl\u00e9e (crema catalana). El men\u00fa suele estar disponible hasta las 4 de la tarde, por lo que es mejor retrasar la cena hasta despu\u00e9s de las 8 o 9 de la noche, siguiendo la costumbre catalana. <\/p><h4>Restaurantes con estrella Michelin<\/h4><p>El Celler de Can Roca*** (972 22 21 57).<br>Miramar**, Llan\u00e7\u00e0 (972 38 01 32).<br>Les Cols**, Olot (972 269 209).<br>Casamar*, Llafranc (972 30 01 04).<br>La Cuina de Can Simon*, Tossa de Mar (972 34 12 69).<br>Ca l&#8217;Enric*, La Vall de Bianya (972 29 00 15).<br>Ca l&#8217;Arpa*, Banyoles (972 57 23 53).<br>Bo.Tic*, Cor\u00e7\u00e0 (972 63 08 69).<br>Massana* (972 21 38 20).<br>Fonda Xesc*, Gombr\u00e9n (972 73 04 04).<br>Tinars*, Llagostera (972 830 626).<br>Les Magn\u00f2lies*, Arb\u00facies (972 860 879).<br>Els Brancs*, Roses (972 256 008).<br>Emporium*, Castell\u00f3 d&#8217;Emp\u00faries (972 250 593).<br>Castell de Perellada*, Perelada.<br>Terra*, S&#8217;Agar\u00f3 , Platja d&#8217;Aro (972 825 166).<\/p>\t\t\t\t\t\t\t\t<\/div>\n\t\t\t\t<\/div>\n\t\t\t\t<div class=\"elementor-element elementor-element-1c4c8f1 elementor-mobile_extra-align-justify elementor-widget elementor-widget-button\" data-id=\"1c4c8f1\" data-element_type=\"widget\" data-e-type=\"widget\" data-widget_type=\"button.default\">\n\t\t\t\t<div class=\"elementor-widget-container\">\n\t\t\t\t\t\t\t\t\t<div class=\"elementor-button-wrapper\">\n\t\t\t\t\t<a class=\"elementor-button elementor-button-link elementor-size-sm\" href=\"https:\/\/spainholidays4u.com\/es\/casas-de-vacaciones-en-la-costa-brava\/\">\n\t\t\t\t\t\t<span class=\"elementor-button-content-wrapper\">\n\t\t\t\t\t\t\t\t\t<span class=\"elementor-button-text\">VER NUESTRAS PROPIEDADES<\/span>\n\t\t\t\t\t<\/span>\n\t\t\t\t\t<\/a>\n\t\t\t\t<\/div>\n\t\t\t\t\t\t\t\t<\/div>\n\t\t\t\t<\/div>\n\t\t\t\t<\/div>\n\t\t\t\t\t<\/div>\n\t\t\t\t<\/div>\n\t\t<div class=\"elementor-element elementor-element-6465379 e-flex e-con-boxed e-con e-parent\" data-id=\"6465379\" data-element_type=\"container\" data-e-type=\"container\" data-settings=\"{&quot;background_background&quot;:&quot;classic&quot;}\">\n\t\t\t\t\t<div class=\"e-con-inner\">\n\t\t\t\t<div class=\"elementor-element elementor-element-ea742b8 elementor-widget elementor-widget-html\" data-id=\"ea742b8\" data-element_type=\"widget\" data-e-type=\"widget\" data-widget_type=\"html.default\">\n\t\t\t\t<div class=\"elementor-widget-container\">\n\t\t\t\t\t<h4><strong>Agua mundo<\/strong><\/h4>\nDescubre el mundo acu\u00e1tico , con sus kamikazes, toboganes, piscinas de olas , enorme noria de agua, monta\u00f1a extrema, rafting en el r\u00edo, monta\u00f1a de agua, el torrente v\u00f3rtice y, para los peque\u00f1os ni\u00f1os isla y familia y ni\u00f1os isla ni\u00f1os isla y familia laguna.<strong>\n<\/strong>\n<div data-tiqets-widget=\"discovery\" data-cards-layout=\"horizontal\" data-content-type=\"venue\" data-content-ids=\"192433\" data-language=\"en\" data-currency=\"GBP\" data-partner=\"spainholidays4u.com\"><\/div>\n<script defer src=\"https:\/\/widgets.tiqets.com\/loader.js\"><\/script>\n\n&nbsp;\n<h4><strong>Barcelona<\/strong><\/h4>\nUna fascinante visita al estadio y al museo del legendario club de f\u00fatbol FC Barcelona. a8&gt; legendario club de f\u00fatbol FC Barcelona; la hermosa catedral de Gaud\u00ed, la \u00abSagrada Familia\u00bb; las impresionantes fuentes iluminadas de Montju\u00efc. disfrute de la ciudad y t\u00f3mese algo de tiempo para descubrir la ciudad por tu cuenta. \n<div data-tiqets-widget=\"discovery\" data-cards-layout=\"horizontal\" data-content-type=\"venue\" data-content-ids=\"224102\" data-language=\"en\" data-currency=\"GBP\" data-partner=\"spainholidays4u.com\"><\/div>\n<script defer src=\"https:\/\/widgets.tiqets.com\/loader.js\"><\/script>\n\n<strong>Girona<\/strong>\nGirona es desde antiguo la puerta de entrada a Espa\u00f1a (capital de provincia). La catedral, con su colosal escalinata exterior y el tapiz del siglo XII que narra la historia de la creaci\u00f3n, el antiguo barrio jud\u00edo al norte de la calle de la For\u00e7a, los ba\u00f1os \u00e1rabes (banys arabs) con sus arcos tardorromanos y el monasterio de Sant Pere de Galligants son los lugares m\u00e1s destacados de esta ciudad. \n<h2><span class=\"HwtZe\" lang=\"en\"><span class=\"jCAhz ChMk0b\"><span class=\"ryNqvb\">Las m\u00e1s bellas vistas Costa Brava\n<\/span><\/span><\/span><\/span><\/h2>\n<div data-tiqets-widget=\"discovery\" data-cards-layout=\"responsive\" data-content-type=\"product\" data-item_count=\"20\" data-destination-type=\"city\" data-destination-id=\"66342\" data-language=\"en\" data-currency=\"GBP\" data-partner=\"spainholidays4u.com\"><\/div>\n<script defer src=\"https:\/\/widgets.tiqets.com\/loader.js\"><\/script>\t\t\t\t<\/div>\n\t\t\t\t<\/div>\n\t\t\t\t\t<\/div>\n\t\t\t\t<\/div>\n\t\t\t\t<\/div>\n\t\t","protected":false},"excerpt":{"rendered":"<p>Costa Brava: \u00a1Un destino de elecci\u00f3n para millones de turistas cada a\u00f1o! A\u00f1o tras a\u00f1o, la Costa Brava cautiva los corazones de millones de turistas, convirti\u00e9ndose en un destino de primer orden para quienes buscan sol, mar y una belleza sin igual. Ubicada a lo largo de la impresionante costa mediterr\u00e1nea, esta encantadora regi\u00f3n ofrece [&hellip;]<\/p>\n","protected":false},"author":1,"featured_media":0,"parent":0,"menu_order":0,"comment_status":"closed","ping_status":"closed","template":"","meta":{"_acf_changed":false,"footnotes":""},"class_list":["post-3455","page","type-page","status-publish","hentry"],"acf":[],"_links":{"self":[{"href":"https:\/\/spainholidays4u.com\/es\/wp-json\/wp\/v2\/pages\/3455","targetHints":{"allow":["GET"]}}],"collection":[{"href":"https:\/\/spainholidays4u.com\/es\/wp-json\/wp\/v2\/pages"}],"about":[{"href":"https:\/\/spainholidays4u.com\/es\/wp-json\/wp\/v2\/types\/page"}],"author":[{"embeddable":true,"href":"https:\/\/spainholidays4u.com\/es\/wp-json\/wp\/v2\/users\/1"}],"replies":[{"embeddable":true,"href":"https:\/\/spainholidays4u.com\/es\/wp-json\/wp\/v2\/comments?post=3455"}],"version-history":[{"count":1,"href":"https:\/\/spainholidays4u.com\/es\/wp-json\/wp\/v2\/pages\/3455\/revisions"}],"predecessor-version":[{"id":3456,"href":"https:\/\/spainholidays4u.com\/es\/wp-json\/wp\/v2\/pages\/3455\/revisions\/3456"}],"wp:attachment":[{"href":"https:\/\/spainholidays4u.com\/es\/wp-json\/wp\/v2\/media?parent=3455"}],"curies":[{"name":"wp","href":"https:\/\/api.w.org\/{rel}","templated":true}]}}