{"id":3444,"date":"2025-08-28T19:15:52","date_gmt":"2025-08-28T17:15:52","guid":{"rendered":"https:\/\/spainholidays4u.com\/alquiler-de-coches\/"},"modified":"2025-10-27T17:43:09","modified_gmt":"2025-10-27T15:43:09","slug":"alquiler-de-coches","status":"publish","type":"page","link":"https:\/\/spainholidays4u.com\/es\/alquiler-de-coches\/","title":{"rendered":"Alquiler de coches"},"content":{"rendered":"\t\t<div data-elementor-type=\"wp-page\" data-elementor-id=\"3444\" class=\"elementor elementor-3444 elementor-2376\" data-elementor-post-type=\"page\">\n\t\t\t\t<div class=\"elementor-element elementor-element-039b24e e-flex e-con-boxed e-con e-parent\" data-id=\"039b24e\" data-element_type=\"container\" data-e-type=\"container\" data-settings=\"{&quot;background_background&quot;:&quot;classic&quot;}\">\n\t\t\t\t\t<div class=\"e-con-inner\">\n\t\t\t\t\t<\/div>\n\t\t\t\t<\/div>\n\t\t<div class=\"elementor-element elementor-element-bcbb536 e-flex e-con-boxed e-con e-parent\" data-id=\"bcbb536\" data-element_type=\"container\" data-e-type=\"container\" data-settings=\"{&quot;background_background&quot;:&quot;classic&quot;}\">\n\t\t\t\t\t<div class=\"e-con-inner\">\n\t\t<div class=\"elementor-element elementor-element-7b33ff3 e-con-full e-flex e-con e-child\" data-id=\"7b33ff3\" data-element_type=\"container\" data-e-type=\"container\">\n\t\t\t\t<div class=\"elementor-element elementor-element-3cc39bf elementor-widget elementor-widget-heading\" data-id=\"3cc39bf\" data-element_type=\"widget\" data-e-type=\"widget\" data-widget_type=\"heading.default\">\n\t\t\t\t<div class=\"elementor-widget-container\">\n\t\t\t\t\t<h2 class=\"elementor-heading-title elementor-size-default\">Costa Brava, Espa\u00f1a<\/h2>\t\t\t\t<\/div>\n\t\t\t\t<\/div>\n\t\t\t\t<div class=\"elementor-element elementor-element-a2e3f5c elementor-widget__width-inherit elementor-widget elementor-widget-text-editor\" data-id=\"a2e3f5c\" data-element_type=\"widget\" data-e-type=\"widget\" data-widget_type=\"text-editor.default\">\n\t\t\t\t<div class=\"elementor-widget-container\">\n\t\t\t\t\t\t\t\t\t<p>El alquiler de coches en la Costa Brava, Espa\u00f1a, es una forma c\u00f3moda de explorar esta hermosa regi\u00f3n costera. <a href=\"https:\/\/www.spainholidays4u.com\/costa-brava-catalonia\/\">La Costa Brava<\/a> es conocida por sus impresionantes playas, sus encantadores pueblos y sus paisajes pintorescos, y disponer de un coche le dar\u00e1 la flexibilidad necesaria para descubrir sus tesoros ocultos. <br>Es recomendable reservar el coche de alquiler con antelaci\u00f3n, especialmente si visita la zona durante la temporada alta tur\u00edstica (normalmente en verano). De este modo, se asegurar\u00e1 de conseguir el tipo de coche que desea y, a menudo, obtendr\u00e1 mejores tarifas. <\/p><p>Para alquilar un coche en Espa\u00f1a, t\u00fa normalmente necesitas tener al menos 21 a\u00f1os de edad y disponer de un permiso de conducir v\u00e1lido. Algunas agencias pueden tener un requisito de edad m\u00ednima de 25 para 21 ciertas categor\u00edas de ciertos tipos de veh\u00edculos y ciertas categor\u00edas de veh\u00edculos, y un Permiso Internacional de Conducci\u00f3n (IDP) podr\u00eda ser necesario si su permiso no est\u00e1 en espa\u00f1ol o ingl\u00e9s. <\/p>\t\t\t\t\t\t\t\t<\/div>\n\t\t\t\t<\/div>\n\t\t\t\t<div class=\"elementor-element elementor-element-e298e92 elementor-widget elementor-widget-heading\" data-id=\"e298e92\" data-element_type=\"widget\" data-e-type=\"widget\" data-widget_type=\"heading.default\">\n\t\t\t\t<div class=\"elementor-widget-container\">\n\t\t\t\t\t<h3 class=\"elementor-heading-title elementor-size-default\">Inspeccione el coche:<\/h3>\t\t\t\t<\/div>\n\t\t\t\t<\/div>\n\t\t\t\t<div class=\"elementor-element elementor-element-68ffd4e elementor-widget__width-inherit elementor-widget elementor-widget-text-editor\" data-id=\"68ffd4e\" data-element_type=\"widget\" data-e-type=\"widget\" data-widget_type=\"text-editor.default\">\n\t\t\t\t<div class=\"elementor-widget-container\">\n\t\t\t\t\t\t\t\t\t<p>Antes de salir con el coche, inspecciona minuciosamente el veh\u00edculo para detectar cualquier da\u00f1o preexistente y aseg\u00farate de que quede debidamente documentado en la agencia de alquiler para evitar que te hagan responsable de ello cuando devuelvas el coche.<\/p>\t\t\t\t\t\t\t\t<\/div>\n\t\t\t\t<\/div>\n\t\t\t\t<div class=\"elementor-element elementor-element-efa67e2 elementor-widget elementor-widget-heading\" data-id=\"efa67e2\" data-element_type=\"widget\" data-e-type=\"widget\" data-widget_type=\"heading.default\">\n\t\t\t\t<div class=\"elementor-widget-container\">\n\t\t\t\t\t<h3 class=\"elementor-heading-title elementor-size-default\">Devoluci\u00f3n del coche: <\/h3>\t\t\t\t<\/div>\n\t\t\t\t<\/div>\n\t\t\t\t<div class=\"elementor-element elementor-element-e41f09e elementor-widget__width-inherit elementor-widget elementor-widget-text-editor\" data-id=\"e41f09e\" data-element_type=\"widget\" data-e-type=\"widget\" data-widget_type=\"text-editor.default\">\n\t\t\t\t<div class=\"elementor-widget-container\">\n\t\t\t\t\t\t\t\t\t<p>Devuelva el coche a tiempo y en las mismas condiciones en las que lo recogi\u00f3. Prep\u00e1rese para una inspecci\u00f3n final y aseg\u00farese de que lleva consigo todas sus pertenencias. <\/p>\t\t\t\t\t\t\t\t<\/div>\n\t\t\t\t<\/div>\n\t\t\t\t<\/div>\n\t\t<div class=\"elementor-element elementor-element-bc79822 e-con-full e-flex e-con e-child\" data-id=\"bc79822\" data-element_type=\"container\" data-e-type=\"container\">\n\t\t\t\t<div class=\"elementor-element elementor-element-fbd26ad elementor-hidden-tablet elementor-widget elementor-widget-image\" data-id=\"fbd26ad\" data-element_type=\"widget\" data-e-type=\"widget\" data-widget_type=\"image.default\">\n\t\t\t\t<div class=\"elementor-widget-container\">\n\t\t\t\t\t\t\t\t\t\t\t\t\t\t\t<img fetchpriority=\"high\" decoding=\"async\" width=\"1000\" height=\"1500\" src=\"https:\/\/spainholidays4u.com\/wp-content\/uploads\/2025\/08\/about-spainholidays4u.jpg\" class=\"attachment-full size-full wp-image-3434\" alt=\"\" srcset=\"https:\/\/spainholidays4u.com\/wp-content\/uploads\/2025\/08\/about-spainholidays4u.jpg 1000w, https:\/\/spainholidays4u.com\/wp-content\/uploads\/2025\/08\/about-spainholidays4u-200x300.jpg 200w, https:\/\/spainholidays4u.com\/wp-content\/uploads\/2025\/08\/about-spainholidays4u-683x1024.jpg 683w, https:\/\/spainholidays4u.com\/wp-content\/uploads\/2025\/08\/about-spainholidays4u-768x1152.jpg 768w, https:\/\/spainholidays4u.com\/wp-content\/uploads\/2025\/08\/about-spainholidays4u-600x900.jpg 600w\" sizes=\"(max-width: 1000px) 100vw, 1000px\" \/>\t\t\t\t\t\t\t\t\t\t\t\t\t\t\t<\/div>\n\t\t\t\t<\/div>\n\t\t\t\t<\/div>\n\t\t\t\t\t<\/div>\n\t\t\t\t<\/div>\n\t\t<div class=\"elementor-element elementor-element-e58f939 e-flex e-con-boxed e-con e-parent\" data-id=\"e58f939\" data-element_type=\"container\" data-e-type=\"container\" data-settings=\"{&quot;background_background&quot;:&quot;classic&quot;}\">\n\t\t\t\t\t<div class=\"e-con-inner\">\n\t\t<div class=\"elementor-element elementor-element-d4370db e-con-full e-flex e-con e-child\" data-id=\"d4370db\" data-element_type=\"container\" data-e-type=\"container\">\n\t\t\t\t<div class=\"elementor-element elementor-element-fdaeed9 elementor-widget elementor-widget-heading\" data-id=\"fdaeed9\" data-element_type=\"widget\" data-e-type=\"widget\" data-widget_type=\"heading.default\">\n\t\t\t\t<div class=\"elementor-widget-container\">\n\t\t\t\t\t<h2 class=\"elementor-heading-title elementor-size-default\">Buscar por alquiler de coches<\/h2>\t\t\t\t<\/div>\n\t\t\t\t<\/div>\n\t\t\t\t<div class=\"elementor-element elementor-element-e494b59 elementor-widget elementor-widget-text-editor\" data-id=\"e494b59\" data-element_type=\"widget\" data-e-type=\"widget\" data-widget_type=\"text-editor.default\">\n\t\t\t\t<div class=\"elementor-widget-container\">\n\t\t\t\t\t\t\t\t\t<p>Easyterra te permite alquilar un coche en 30 000 destinos de todo el mundo. Easyterra colabora con m\u00e1s de 800 empresas de alquiler de coches de renombre en todo el mundo. Entre ellas se incluyen marcas de alquiler de coches tan conocidas como Hertz, Budget, Sixt y Avis. Easyterra tambi\u00e9n trabaja con proveedores locales de alquiler de coches m\u00e1s peque\u00f1os, por lo que siempre puede ofrecer una buena oferta que se adapte a las necesidades de cada uno.   <\/p><p>Alquilar un coche en la Costa Brava te ofrece la libertad de explorar la regi\u00f3n a tu propio ritmo, permiti\u00e9ndote visitar f\u00e1cilmente sus pintorescos pueblos costeros, playas y atracciones naturales. \u00a1Disfruta de tu viaje! <\/p>\t\t\t\t\t\t\t\t<\/div>\n\t\t\t\t<\/div>\n\t\t\t\t<\/div>\n\t\t<div class=\"elementor-element elementor-element-7f57e16 e-con-full e-flex e-con e-child\" data-id=\"7f57e16\" data-element_type=\"container\" data-e-type=\"container\">\n\t\t\t\t<div class=\"elementor-element elementor-element-04a5592 elementor-hidden-tablet elementor-widget elementor-widget-image\" data-id=\"04a5592\" data-element_type=\"widget\" data-e-type=\"widget\" data-widget_type=\"image.default\">\n\t\t\t\t<div class=\"elementor-widget-container\">\n\t\t\t\t\t\t\t\t\t\t\t\t\t\t\t<img decoding=\"async\" width=\"2000\" height=\"1125\" src=\"https:\/\/spainholidays4u.com\/wp-content\/uploads\/2025\/08\/2148732197-1.jpg\" class=\"attachment-full size-full wp-image-3443\" alt=\"\" srcset=\"https:\/\/spainholidays4u.com\/wp-content\/uploads\/2025\/08\/2148732197-1.jpg 2000w, https:\/\/spainholidays4u.com\/wp-content\/uploads\/2025\/08\/2148732197-1-300x169.jpg 300w, https:\/\/spainholidays4u.com\/wp-content\/uploads\/2025\/08\/2148732197-1-1024x576.jpg 1024w, https:\/\/spainholidays4u.com\/wp-content\/uploads\/2025\/08\/2148732197-1-768x432.jpg 768w, https:\/\/spainholidays4u.com\/wp-content\/uploads\/2025\/08\/2148732197-1-1536x864.jpg 1536w, https:\/\/spainholidays4u.com\/wp-content\/uploads\/2025\/08\/2148732197-1-805x453.jpg 805w, https:\/\/spainholidays4u.com\/wp-content\/uploads\/2025\/08\/2148732197-1-600x338.jpg 600w\" sizes=\"(max-width: 2000px) 100vw, 2000px\" \/>\t\t\t\t\t\t\t\t\t\t\t\t\t\t\t<\/div>\n\t\t\t\t<\/div>\n\t\t\t\t<\/div>\n\t\t\t\t\t<\/div>\n\t\t\t\t<\/div>\n\t\t\t\t<\/div>\n\t\t","protected":false},"excerpt":{"rendered":"<p>Costa Brava, Espa\u00f1a El alquiler de coches en la Costa Brava, Espa\u00f1a, es una forma c\u00f3moda de explorar esta hermosa regi\u00f3n costera. La Costa Brava es conocida por sus impresionantes playas, sus encantadores pueblos y sus paisajes pintorescos, y disponer de un coche le dar\u00e1 la flexibilidad necesaria para descubrir sus tesoros ocultos. Es recomendable [&hellip;]<\/p>\n","protected":false},"author":1,"featured_media":0,"parent":0,"menu_order":0,"comment_status":"closed","ping_status":"closed","template":"","meta":{"_acf_changed":false,"footnotes":""},"class_list":["post-3444","page","type-page","status-publish","hentry"],"acf":[],"_links":{"self":[{"href":"https:\/\/spainholidays4u.com\/es\/wp-json\/wp\/v2\/pages\/3444","targetHints":{"allow":["GET"]}}],"collection":[{"href":"https:\/\/spainholidays4u.com\/es\/wp-json\/wp\/v2\/pages"}],"about":[{"href":"https:\/\/spainholidays4u.com\/es\/wp-json\/wp\/v2\/types\/page"}],"author":[{"embeddable":true,"href":"https:\/\/spainholidays4u.com\/es\/wp-json\/wp\/v2\/users\/1"}],"replies":[{"embeddable":true,"href":"https:\/\/spainholidays4u.com\/es\/wp-json\/wp\/v2\/comments?post=3444"}],"version-history":[{"count":1,"href":"https:\/\/spainholidays4u.com\/es\/wp-json\/wp\/v2\/pages\/3444\/revisions"}],"predecessor-version":[{"id":3445,"href":"https:\/\/spainholidays4u.com\/es\/wp-json\/wp\/v2\/pages\/3444\/revisions\/3445"}],"wp:attachment":[{"href":"https:\/\/spainholidays4u.com\/es\/wp-json\/wp\/v2\/media?parent=3444"}],"curies":[{"name":"wp","href":"https:\/\/api.w.org\/{rel}","templated":true}]}}