{"id":3431,"date":"2025-07-14T20:45:30","date_gmt":"2025-07-14T18:45:30","guid":{"rendered":"https:\/\/spainholidays4u.com\/sobre-nosotros\/"},"modified":"2026-03-26T15:53:00","modified_gmt":"2026-03-26T13:53:00","slug":"sobre-nosotros","status":"publish","type":"page","link":"https:\/\/spainholidays4u.com\/es\/sobre-nosotros\/","title":{"rendered":"Sobre nosotros"},"content":{"rendered":"\t\t<div data-elementor-type=\"wp-page\" data-elementor-id=\"3431\" class=\"elementor elementor-3431 elementor-239\" data-elementor-post-type=\"page\">\n\t\t\t\t<main class=\"elementor-element elementor-element-d2cf34d e-flex e-con-boxed e-con e-parent\" data-id=\"d2cf34d\" data-element_type=\"container\" data-e-type=\"container\" data-settings=\"{&quot;background_background&quot;:&quot;classic&quot;}\">\n\t\t\t\t\t<div class=\"e-con-inner\">\n\t\t\t\t\t<\/div>\n\t\t\t\t<\/main>\n\t\t<div class=\"elementor-element elementor-element-0a59e86 e-flex e-con-boxed e-con e-parent\" data-id=\"0a59e86\" data-element_type=\"container\" data-e-type=\"container\" data-settings=\"{&quot;background_background&quot;:&quot;classic&quot;}\">\n\t\t\t\t\t<div class=\"e-con-inner\">\n\t\t<div class=\"elementor-element elementor-element-00042b9 e-con-full e-flex e-con e-child\" data-id=\"00042b9\" data-element_type=\"container\" data-e-type=\"container\">\n\t\t\t\t<div class=\"elementor-element elementor-element-db8cab6 elementor-widget elementor-widget-heading\" data-id=\"db8cab6\" data-element_type=\"widget\" data-e-type=\"widget\" data-widget_type=\"heading.default\">\n\t\t\t\t<div class=\"elementor-widget-container\">\n\t\t\t\t\t<h2 class=\"elementor-heading-title elementor-size-default\">Welcome to Spainholidays4u<\/h2>\t\t\t\t<\/div>\n\t\t\t\t<\/div>\n\t\t\t\t<div class=\"elementor-element elementor-element-612479b elementor-widget__width-inherit elementor-widget elementor-widget-text-editor\" data-id=\"612479b\" data-element_type=\"widget\" data-e-type=\"widget\" data-widget_type=\"text-editor.default\">\n\t\t\t\t<div class=\"elementor-widget-container\">\n\t\t\t\t\t\t\t\t\t<p>Spainholidays4u es el especialista en vacaciones para una agradable estancia en una lujosa casa de vacaciones. En 2005 nosotros comenzamos con el alquiler de casas de vacaciones en la Costa Brava en Espa\u00f1a. Lo que empez\u00f3 como un hobby ha crecido hasta convertirse en una empresa con una muy amplia gama de casas de vacaciones y apartamentos en Catalu\u00f1a. Nuestra oficina est\u00e1 situada en Calonge, un peque\u00f1o pueblo en la <a href=\"https:\/\/www.spainholidays4u.com\/costa-brava-catalonia\/\">Costa Brava<\/a>.   <\/p>\t\t\t\t\t\t\t\t<\/div>\n\t\t\t\t<\/div>\n\t\t\t\t<\/div>\n\t\t<div class=\"elementor-element elementor-element-804f1d1 e-con-full e-flex e-con e-child\" data-id=\"804f1d1\" data-element_type=\"container\" data-e-type=\"container\">\n\t\t\t\t<div class=\"elementor-element elementor-element-84201fc elementor-widget elementor-widget-image\" data-id=\"84201fc\" data-element_type=\"widget\" data-e-type=\"widget\" data-widget_type=\"image.default\">\n\t\t\t\t<div class=\"elementor-widget-container\">\n\t\t\t\t\t\t\t\t\t\t\t\t\t\t\t<img fetchpriority=\"high\" decoding=\"async\" width=\"1667\" height=\"834\" src=\"https:\/\/spainholidays4u.com\/wp-content\/uploads\/2025\/06\/spainholidays4u.png\" class=\"attachment-full size-full wp-image-3426\" alt=\"\" srcset=\"https:\/\/spainholidays4u.com\/wp-content\/uploads\/2025\/06\/spainholidays4u.png 1667w, https:\/\/spainholidays4u.com\/wp-content\/uploads\/2025\/06\/spainholidays4u-600x300.png 600w, https:\/\/spainholidays4u.com\/wp-content\/uploads\/2025\/06\/spainholidays4u-300x150.png 300w, https:\/\/spainholidays4u.com\/wp-content\/uploads\/2025\/06\/spainholidays4u-1024x512.png 1024w, https:\/\/spainholidays4u.com\/wp-content\/uploads\/2025\/06\/spainholidays4u-768x384.png 768w, https:\/\/spainholidays4u.com\/wp-content\/uploads\/2025\/06\/spainholidays4u-1536x768.png 1536w\" sizes=\"(max-width: 1667px) 100vw, 1667px\" \/>\t\t\t\t\t\t\t\t\t\t\t\t\t\t\t<\/div>\n\t\t\t\t<\/div>\n\t\t\t\t<\/div>\n\t\t\t\t\t<\/div>\n\t\t\t\t<\/div>\n\t\t<div class=\"elementor-element elementor-element-8eac75b e-flex e-con-boxed e-con e-parent\" data-id=\"8eac75b\" data-element_type=\"container\" data-e-type=\"container\" data-settings=\"{&quot;background_background&quot;:&quot;classic&quot;}\">\n\t\t\t\t\t<div class=\"e-con-inner\">\n\t\t<div class=\"elementor-element elementor-element-5853f5c e-con-full e-flex e-con e-child\" data-id=\"5853f5c\" data-element_type=\"container\" data-e-type=\"container\" data-settings=\"{&quot;background_background&quot;:&quot;classic&quot;}\">\n\t\t<div class=\"elementor-element elementor-element-a89828f e-con-full e-flex e-con e-child\" data-id=\"a89828f\" data-element_type=\"container\" data-e-type=\"container\" data-settings=\"{&quot;background_background&quot;:&quot;classic&quot;}\">\n\t\t\t\t<div class=\"elementor-element elementor-element-c7069c6 elementor-arrows-position-outside elementor-widget elementor-widget-n-carousel\" data-id=\"c7069c6\" data-element_type=\"widget\" data-e-type=\"widget\" data-settings=\"{&quot;carousel_items&quot;:[{&quot;slide_title&quot;:&quot;Carlos&quot;,&quot;_id&quot;:&quot;3519e80&quot;},{&quot;slide_title&quot;:&quot;Lotte&quot;,&quot;_id&quot;:&quot;bbea940&quot;},{&quot;slide_title&quot;:&quot;Jeremy&quot;,&quot;_id&quot;:&quot;841bcd2&quot;}],&quot;slides_to_show&quot;:&quot;1&quot;,&quot;slides_to_show_tablet&quot;:&quot;1&quot;,&quot;slides_to_show_mobile&quot;:&quot;1&quot;,&quot;autoplay&quot;:&quot;yes&quot;,&quot;autoplay_speed&quot;:5000,&quot;pause_on_hover&quot;:&quot;yes&quot;,&quot;pause_on_interaction&quot;:&quot;yes&quot;,&quot;infinite&quot;:&quot;yes&quot;,&quot;speed&quot;:500,&quot;offset_sides&quot;:&quot;none&quot;,&quot;arrows&quot;:&quot;yes&quot;,&quot;image_spacing_custom&quot;:{&quot;unit&quot;:&quot;px&quot;,&quot;size&quot;:10,&quot;sizes&quot;:[]},&quot;image_spacing_custom_laptop&quot;:{&quot;unit&quot;:&quot;px&quot;,&quot;size&quot;:&quot;&quot;,&quot;sizes&quot;:[]},&quot;image_spacing_custom_tablet&quot;:{&quot;unit&quot;:&quot;px&quot;,&quot;size&quot;:&quot;&quot;,&quot;sizes&quot;:[]},&quot;image_spacing_custom_mobile_extra&quot;:{&quot;unit&quot;:&quot;px&quot;,&quot;size&quot;:&quot;&quot;,&quot;sizes&quot;:[]},&quot;image_spacing_custom_mobile&quot;:{&quot;unit&quot;:&quot;px&quot;,&quot;size&quot;:&quot;&quot;,&quot;sizes&quot;:[]}}\" data-widget_type=\"nested-carousel.default\">\n\t\t\t\t<div class=\"elementor-widget-container\">\n\t\t\t\t\t\t\t<div class=\"e-n-carousel swiper\" role=\"region\" aria-roledescription=\"carousel\" aria-label=\"Carousel\" dir=\"ltr\">\n\t\t\t<div class=\"swiper-wrapper\" aria-live=\"off\">\n\t\t\t\t\t\t\t\t\t\t<div class=\"swiper-slide\" data-slide=\"1\" role=\"group\" aria-roledescription=\"slide\" aria-label=\"1 of 3\">\n\t\t\t\t\t\t\t<div class=\"elementor-element elementor-element-d9e0316 e-flex e-con-boxed e-con e-child\" data-id=\"d9e0316\" data-element_type=\"container\" data-e-type=\"container\">\n\t\t\t\t\t<div class=\"e-con-inner\">\n\t\t\t\t<div class=\"elementor-element elementor-element-6d6cfee elementor-position-left elementor-vertical-align-middle elementor-widget elementor-widget-image-box\" data-id=\"6d6cfee\" data-element_type=\"widget\" data-e-type=\"widget\" data-widget_type=\"image-box.default\">\n\t\t\t\t<div class=\"elementor-widget-container\">\n\t\t\t\t\t<div class=\"elementor-image-box-wrapper\"><figure class=\"elementor-image-box-img\"><img decoding=\"async\" width=\"500\" height=\"500\" src=\"https:\/\/spainholidays4u.com\/wp-content\/uploads\/2025\/08\/carlos-spainholidays4u-v.png\" class=\"attachment-full size-full wp-image-3427\" alt=\"\" srcset=\"https:\/\/spainholidays4u.com\/wp-content\/uploads\/2025\/08\/carlos-spainholidays4u-v.png 500w, https:\/\/spainholidays4u.com\/wp-content\/uploads\/2025\/08\/carlos-spainholidays4u-v-300x300.png 300w, https:\/\/spainholidays4u.com\/wp-content\/uploads\/2025\/08\/carlos-spainholidays4u-v-150x150.png 150w, https:\/\/spainholidays4u.com\/wp-content\/uploads\/2025\/08\/carlos-spainholidays4u-v-60x60.png 60w, https:\/\/spainholidays4u.com\/wp-content\/uploads\/2025\/08\/carlos-spainholidays4u-v-100x100.png 100w\" sizes=\"(max-width: 500px) 100vw, 500px\" \/><\/figure><div class=\"elementor-image-box-content\"><h3 class=\"elementor-image-box-title\">Carlos<\/h3><p class=\"elementor-image-box-description\">Carlos es nuestro director general, la sonrisa de la empresa y uno de sus directo punto de contacto. <\/p><\/div><\/div>\t\t\t\t<\/div>\n\t\t\t\t<\/div>\n\t\t\t\t\t<\/div>\n\t\t\t\t<\/div>\n\t\t\t\t\t\t\t\t<\/div>\n\t\t\t\t\t\t\t\t\t\t\t<div class=\"swiper-slide\" data-slide=\"2\" role=\"group\" aria-roledescription=\"slide\" aria-label=\"2 of 3\">\n\t\t\t\t\t\t\t<div class=\"elementor-element elementor-element-c49641f e-flex e-con-boxed e-con e-child\" data-id=\"c49641f\" data-element_type=\"container\" data-e-type=\"container\">\n\t\t\t\t\t<div class=\"e-con-inner\">\n\t\t\t\t<div class=\"elementor-element elementor-element-d3152d2 elementor-position-left elementor-vertical-align-middle elementor-widget elementor-widget-image-box\" data-id=\"d3152d2\" data-element_type=\"widget\" data-e-type=\"widget\" data-widget_type=\"image-box.default\">\n\t\t\t\t<div class=\"elementor-widget-container\">\n\t\t\t\t\t<div class=\"elementor-image-box-wrapper\"><figure class=\"elementor-image-box-img\"><img decoding=\"async\" width=\"500\" height=\"500\" src=\"https:\/\/spainholidays4u.com\/wp-content\/uploads\/2025\/08\/lotte-spainholidays4u.png\" class=\"attachment-full size-full wp-image-3428\" alt=\"\" srcset=\"https:\/\/spainholidays4u.com\/wp-content\/uploads\/2025\/08\/lotte-spainholidays4u.png 500w, https:\/\/spainholidays4u.com\/wp-content\/uploads\/2025\/08\/lotte-spainholidays4u-300x300.png 300w, https:\/\/spainholidays4u.com\/wp-content\/uploads\/2025\/08\/lotte-spainholidays4u-150x150.png 150w, https:\/\/spainholidays4u.com\/wp-content\/uploads\/2025\/08\/lotte-spainholidays4u-60x60.png 60w, https:\/\/spainholidays4u.com\/wp-content\/uploads\/2025\/08\/lotte-spainholidays4u-100x100.png 100w\" sizes=\"(max-width: 500px) 100vw, 500px\" \/><\/figure><div class=\"elementor-image-box-content\"><h3 class=\"elementor-image-box-title\">Lotte<\/h3><p class=\"elementor-image-box-description\">Nuestro coordinador de reservas se encarga de todas las reservas y se asegurar\u00e1 hacer que todos los hu\u00e9spedes se sientan bienvenidos garantizando un tranquilo check-in. Dedicados a asegurarnos de que todo todo est\u00e9 perfectamente organizado para una c\u00f3moda y agradable experiencia. <\/p><\/div><\/div>\t\t\t\t<\/div>\n\t\t\t\t<\/div>\n\t\t\t\t\t<\/div>\n\t\t\t\t<\/div>\n\t\t\t\t\t\t\t\t<\/div>\n\t\t\t\t\t\t\t\t\t\t\t<div class=\"swiper-slide\" data-slide=\"3\" role=\"group\" aria-roledescription=\"slide\" aria-label=\"3 of 3\">\n\t\t\t\t\t\t\t<div class=\"elementor-element elementor-element-5aff99a e-flex e-con-boxed e-con e-child\" data-id=\"5aff99a\" data-element_type=\"container\" data-e-type=\"container\">\n\t\t\t\t\t<div class=\"e-con-inner\">\n\t\t\t\t<div class=\"elementor-element elementor-element-ccaa613 elementor-position-left elementor-vertical-align-middle elementor-widget elementor-widget-image-box\" data-id=\"ccaa613\" data-element_type=\"widget\" data-e-type=\"widget\" data-widget_type=\"image-box.default\">\n\t\t\t\t<div class=\"elementor-widget-container\">\n\t\t\t\t\t<div class=\"elementor-image-box-wrapper\"><figure class=\"elementor-image-box-img\"><img loading=\"lazy\" decoding=\"async\" width=\"500\" height=\"500\" src=\"https:\/\/spainholidays4u.com\/wp-content\/uploads\/2025\/08\/jeremy-spainholidays4u.png\" class=\"attachment-full size-full wp-image-3429\" alt=\"\" srcset=\"https:\/\/spainholidays4u.com\/wp-content\/uploads\/2025\/08\/jeremy-spainholidays4u.png 500w, https:\/\/spainholidays4u.com\/wp-content\/uploads\/2025\/08\/jeremy-spainholidays4u-300x300.png 300w, https:\/\/spainholidays4u.com\/wp-content\/uploads\/2025\/08\/jeremy-spainholidays4u-150x150.png 150w, https:\/\/spainholidays4u.com\/wp-content\/uploads\/2025\/08\/jeremy-spainholidays4u-60x60.png 60w, https:\/\/spainholidays4u.com\/wp-content\/uploads\/2025\/08\/jeremy-spainholidays4u-100x100.png 100w\" sizes=\"(max-width: 500px) 100vw, 500px\" \/><\/figure><div class=\"elementor-image-box-content\"><h3 class=\"elementor-image-box-title\">Jeremy<\/h3><p class=\"elementor-image-box-description\">Jeremy se asegura de que el efecto sorpresa est\u00e9 presente cada vez que los invitados llegan a la casa. <\/p><\/div><\/div>\t\t\t\t<\/div>\n\t\t\t\t<\/div>\n\t\t\t\t\t<\/div>\n\t\t\t\t<\/div>\n\t\t\t\t\t\t\t\t<\/div>\n\t\t\t\t\t\t\t\t<\/div>\n\t\t<\/div>\n\t\t\t\t\t<div class=\"elementor-swiper-button elementor-swiper-button-prev\" role=\"button\" tabindex=\"0\" aria-label=\"Anterior\">\n\t\t\t\t<i aria-hidden=\"true\" class=\"eicon-chevron-left\"><\/i>\t\t\t<\/div>\n\t\t\t<div class=\"elementor-swiper-button elementor-swiper-button-next\" role=\"button\" tabindex=\"0\" aria-label=\"Siguiente\">\n\t\t\t\t<i aria-hidden=\"true\" class=\"eicon-chevron-right\"><\/i>\t\t\t<\/div>\n\t\t\t\t\t\t<\/div>\n\t\t\t\t<\/div>\n\t\t\t\t<\/div>\n\t\t<div class=\"elementor-element elementor-element-c600c69 e-con-full e-flex e-con e-child\" data-id=\"c600c69\" data-element_type=\"container\" data-e-type=\"container\">\n\t\t\t\t<div class=\"elementor-element elementor-element-8b95db4 elementor-widget elementor-widget-heading\" data-id=\"8b95db4\" data-element_type=\"widget\" data-e-type=\"widget\" data-widget_type=\"heading.default\">\n\t\t\t\t<div class=\"elementor-widget-container\">\n\t\t\t\t\t<h2 class=\"elementor-heading-title elementor-size-default\">Una aut\u00e9ntica empresa familiar<\/h2>\t\t\t\t<\/div>\n\t\t\t\t<\/div>\n\t\t\t\t<div class=\"elementor-element elementor-element-2c4d461 elementor-widget__width-inherit elementor-widget elementor-widget-text-editor\" data-id=\"2c4d461\" data-element_type=\"widget\" data-e-type=\"widget\" data-widget_type=\"text-editor.default\">\n\t\t\t\t<div class=\"elementor-widget-container\">\n\t\t\t\t\t\t\t\t\t<p>Somos una aut\u00e9ntica empresa familiar que, desde 2013, ha acogido a numerosas familias de todo el mundo que han disfrutado de unas vacaciones inolvidables en nuestra amplia gama de propiedades de alquiler vacacional. Por lo tanto, en nuestra p\u00e1gina web encontrar\u00e1 una clara descripci\u00f3n general de todas las casas de vacaciones \u00fanicas en Espa\u00f1a. <\/p><p>Nosotros recibiremos a todos nuestros hu\u00e9spedes personalmente en nuestra oficina en Calonge o directamente en su casa de vacaciones. Para que usted pueda disfrutar de una maravillosa estancia.  <\/p>\t\t\t\t\t\t\t\t<\/div>\n\t\t\t\t<\/div>\n\t\t\t\t<\/div>\n\t\t\t\t<\/div>\n\t\t\t\t\t<\/div>\n\t\t\t\t<\/div>\n\t\t<div class=\"elementor-element elementor-element-f75a87f e-flex e-con-boxed e-con e-parent\" data-id=\"f75a87f\" data-element_type=\"container\" data-e-type=\"container\" data-settings=\"{&quot;background_background&quot;:&quot;classic&quot;}\">\n\t\t\t\t\t<div class=\"e-con-inner\">\n\t\t<div class=\"elementor-element elementor-element-402af5b e-con-full e-flex e-con e-child\" data-id=\"402af5b\" data-element_type=\"container\" data-e-type=\"container\">\n\t\t\t\t<div class=\"elementor-element elementor-element-e12246a elementor-widget elementor-widget-heading\" data-id=\"e12246a\" data-element_type=\"widget\" data-e-type=\"widget\" data-widget_type=\"heading.default\">\n\t\t\t\t<div class=\"elementor-widget-container\">\n\t\t\t\t\t<h2 class=\"elementor-heading-title elementor-size-default\">Alquileres vacacionales en la Costa Brava<\/h2>\t\t\t\t<\/div>\n\t\t\t\t<\/div>\n\t\t\t\t<div class=\"elementor-element elementor-element-8e2d9e5 elementor-widget elementor-widget-text-editor\" data-id=\"8e2d9e5\" data-element_type=\"widget\" data-e-type=\"widget\" data-widget_type=\"text-editor.default\">\n\t\t\t\t<div class=\"elementor-widget-container\">\n\t\t\t\t\t\t\t\t\t<p class=\"p1\">En Spainholidays4u creemos que unas vacaciones deben ser como volver a casa: relajantes, acogedoras y sin preocupaciones. Como orgullosa empresa familiar, llevamos desde 2005 ofreciendo alquileres vacacionales en la Costa Brava, combinando nuestra experiencia local con un profundo compromiso con el servicio personalizado. Lo que comenz\u00f3 como un peque\u00f1o proyecto apasionante se ha convertido en una marca de confianza en el sector del alquiler vacacional, con una selecci\u00f3n cuidadosamente elegida de hermosas villas y apartamentos en toda Catalu\u00f1a.  <\/p><p class=\"p1\">Gracias a nuestras ra\u00edces en el encantador pueblo de Calonge, somos m\u00e1s que una simple agencia de alquiler: somos tus anfitriones locales. Nuestro equipo, muy unido, est\u00e1 siempre dispuesto a compartir consejos de expertos en las mejores playas, en las sobre las mejores playas, restaurantes, y joyas ocultas que la Costa Brava tiene para ofrecer. Tanto si est\u00e1s planeando una escapada rom\u00e1ntica como si unas vacaciones en familia, nosotros nos aseguramos de que no solo reserve una casa, sino disfrutando de un destino.  <\/p><p class=\"p1\">Nos enorgullece dar la bienvenida a nuestros hu\u00e9spedes personalmente y asegurarnos de que cada estancia comience con una sonrisa: camas reci\u00e9n hechas, todo lo necesario a su disposici\u00f3n y asistencia las 24 horas del d\u00eda, los 7 d\u00edas de la semana, si es necesario. Cuando reserva con Spainholidays4u, no es solo un n\u00famero, es parte de nuestra familia vacacional. D\u00e9jenos ayudarle a crear recuerdos imborrables en la costa m\u00e1s impresionante de Espa\u00f1a.  <\/p>\t\t\t\t\t\t\t\t<\/div>\n\t\t\t\t<\/div>\n\t\t\t\t<div class=\"elementor-element elementor-element-cc54b71 elementor-mobile_extra-align-justify elementor-widget elementor-widget-button\" data-id=\"cc54b71\" data-element_type=\"widget\" data-e-type=\"widget\" data-widget_type=\"button.default\">\n\t\t\t\t<div class=\"elementor-widget-container\">\n\t\t\t\t\t\t\t\t\t<div class=\"elementor-button-wrapper\">\n\t\t\t\t\t<a class=\"elementor-button elementor-button-link elementor-size-sm\" href=\"https:\/\/spainholidays4u.com\/es\/casas-de-vacaciones-en-la-costa-brava\/\">\n\t\t\t\t\t\t<span class=\"elementor-button-content-wrapper\">\n\t\t\t\t\t\t\t\t\t<span class=\"elementor-button-text\">VER NUESTRAS PROPIEDADES<\/span>\n\t\t\t\t\t<\/span>\n\t\t\t\t\t<\/a>\n\t\t\t\t<\/div>\n\t\t\t\t\t\t\t\t<\/div>\n\t\t\t\t<\/div>\n\t\t\t\t<\/div>\n\t\t<div class=\"elementor-element elementor-element-aa231b8 e-con-full e-flex e-con e-child\" data-id=\"aa231b8\" data-element_type=\"container\" data-e-type=\"container\">\n\t\t\t\t<div class=\"elementor-element elementor-element-cea403d elementor-hidden-tablet elementor-widget elementor-widget-image\" data-id=\"cea403d\" data-element_type=\"widget\" data-e-type=\"widget\" data-widget_type=\"image.default\">\n\t\t\t\t<div class=\"elementor-widget-container\">\n\t\t\t\t\t\t\t\t\t\t\t\t\t\t\t<img loading=\"lazy\" decoding=\"async\" width=\"1058\" height=\"887\" src=\"https:\/\/spainholidays4u.com\/wp-content\/uploads\/2025\/10\/aboutsh4u.png\" class=\"attachment-full size-full wp-image-3430\" alt=\"\" srcset=\"https:\/\/spainholidays4u.com\/wp-content\/uploads\/2025\/10\/aboutsh4u.png 1058w, https:\/\/spainholidays4u.com\/wp-content\/uploads\/2025\/10\/aboutsh4u-300x252.png 300w, https:\/\/spainholidays4u.com\/wp-content\/uploads\/2025\/10\/aboutsh4u-1024x858.png 1024w, https:\/\/spainholidays4u.com\/wp-content\/uploads\/2025\/10\/aboutsh4u-768x644.png 768w\" sizes=\"(max-width: 1058px) 100vw, 1058px\" \/>\t\t\t\t\t\t\t\t\t\t\t\t\t\t\t<\/div>\n\t\t\t\t<\/div>\n\t\t\t\t<\/div>\n\t\t\t\t\t<\/div>\n\t\t\t\t<\/div>\n\t\t\t\t<\/div>\n\t\t","protected":false},"excerpt":{"rendered":"<p>Welcome to Spainholidays4u Spainholidays4u es el especialista en vacaciones para una agradable estancia en una lujosa casa de vacaciones. En 2005 nosotros comenzamos con el alquiler de casas de vacaciones en la Costa Brava en Espa\u00f1a. Lo que empez\u00f3 como un hobby ha crecido hasta convertirse en una empresa con una muy amplia gama de [&hellip;]<\/p>\n","protected":false},"author":1,"featured_media":0,"parent":0,"menu_order":0,"comment_status":"closed","ping_status":"closed","template":"","meta":{"_acf_changed":false,"footnotes":""},"class_list":["post-3431","page","type-page","status-publish","hentry"],"acf":[],"_links":{"self":[{"href":"https:\/\/spainholidays4u.com\/es\/wp-json\/wp\/v2\/pages\/3431","targetHints":{"allow":["GET"]}}],"collection":[{"href":"https:\/\/spainholidays4u.com\/es\/wp-json\/wp\/v2\/pages"}],"about":[{"href":"https:\/\/spainholidays4u.com\/es\/wp-json\/wp\/v2\/types\/page"}],"author":[{"embeddable":true,"href":"https:\/\/spainholidays4u.com\/es\/wp-json\/wp\/v2\/users\/1"}],"replies":[{"embeddable":true,"href":"https:\/\/spainholidays4u.com\/es\/wp-json\/wp\/v2\/comments?post=3431"}],"version-history":[{"count":5,"href":"https:\/\/spainholidays4u.com\/es\/wp-json\/wp\/v2\/pages\/3431\/revisions"}],"predecessor-version":[{"id":4471,"href":"https:\/\/spainholidays4u.com\/es\/wp-json\/wp\/v2\/pages\/3431\/revisions\/4471"}],"wp:attachment":[{"href":"https:\/\/spainholidays4u.com\/es\/wp-json\/wp\/v2\/media?parent=3431"}],"curies":[{"name":"wp","href":"https:\/\/api.w.org\/{rel}","templated":true}]}}