{"id":4417,"date":"2026-01-16T18:01:09","date_gmt":"2026-01-16T16:01:09","guid":{"rendered":"https:\/\/spainholidays4u.com\/haftungsausschluss\/"},"modified":"2026-01-16T18:14:47","modified_gmt":"2026-01-16T16:14:47","slug":"haftungsausschluss","status":"publish","type":"page","link":"https:\/\/spainholidays4u.com\/de\/haftungsausschluss\/","title":{"rendered":"Haftungsausschluss"},"content":{"rendered":"\n<p>Die Informationen auf dieser Website von Spainholidays4u \/ Ra\u00edces Espa\u00f1olas Servicios Tur\u00edsticos wurden mit gr\u00f6\u00dftm\u00f6glicher Sorgfalt zusammengestellt. Dennoch kann nicht garantiert werden, dass alle Informationen jederzeit vollst\u00e4ndig, richtig und aktuell sind. Aus dem Inhalt dieser Website k\u00f6nnen keine Rechte abgeleitet werden.  <\/p>\n\n<p>Spainholidays4u \/ Ra\u00edces Espa\u00f1olas Servicios Tur\u00edsticos \u00fcbernimmt keine Haftung f\u00fcr direkte oder indirekte Sch\u00e4den, die aus der Nutzung dieser Website oder der \u00fcber diese Website erhaltenen Informationen entstehen, einschlie\u00dflich Sch\u00e4den aufgrund von Unrichtigkeiten, Unvollst\u00e4ndigkeiten oder vor\u00fcbergehender Nichtverf\u00fcgbarkeit der Website.<\/p>\n\n<p>Alle angegebenen Unterk\u00fcnfte, Preise, Verf\u00fcgbarkeiten und Wartungsleistungen k\u00f6nnen \u00c4nderungen unterliegen. Fehler in Texten, Preisen oder Verf\u00fcgbarkeiten k\u00f6nnen auftreten und begr\u00fcnden keinen Anspruch auf Entsch\u00e4digung oder kostenfreie Stornierung. <\/p>\n\n<p>Bei touristischen Vermietungen handelt Spainholidays4u \/ Ra\u00edces Espa\u00f1olas Servicios Tur\u00edsticos als Vermittler und\/oder Verwalter im Namen des Unterkunftseigent\u00fcmers, sofern nicht ausdr\u00fccklich anders angegeben. Spainholidays4u \/ Ra\u00edces Espa\u00f1olas Servicios Tur\u00edsticos ist nicht verantwortlich f\u00fcr Handlungen oder Unterlassungen von Unterkunftseigent\u00fcmern, Mietern oder Dritten. <\/p>\n\n<p>Wartungs- und Verwaltungsleistungen werden nach bestem Wissen und Gewissen erbracht. Spainholidays4u \/ Ra\u00edces Espa\u00f1olas Servicios Tur\u00edsticos haftet nicht f\u00fcr Sch\u00e4den, die durch normale Abnutzung, h\u00f6here Gewalt, Witterungseinfl\u00fcsse oder Handlungen Dritter entstehen. <\/p>\n\n<p>Diese Website kann Links zu externen Websites enthalten. Spainholidays4u \/ Ra\u00edces Espa\u00f1olas Servicios Tur\u00edsticos hat keinen Einfluss auf deren Inhalte und ist nicht f\u00fcr deren Inhalt oder Funktion verantwortlich. <\/p>\n\n<p>Alle Texte, Fotos und sonstigen Materialien auf dieser Website sind Eigentum von Spainholidays4u \/ Ra\u00edces Espa\u00f1olas Servicios Tur\u00edsticos, sofern nicht anders angegeben. Eine Nutzung ohne vorherige schriftliche Zustimmung ist nicht gestattet. <\/p>\n\n<p>Auf diese Website und diesen Haftungsausschluss findet spanisches Recht Anwendung. Streitigkeiten werden dem zust\u00e4ndigen Gericht in Spanien vorgelegt. <\/p>\n","protected":false},"excerpt":{"rendered":"<p>Die Informationen auf dieser Website von Spainholidays4u \/ Ra\u00edces Espa\u00f1olas Servicios Tur\u00edsticos wurden mit gr\u00f6\u00dftm\u00f6glicher Sorgfalt zusammengestellt. Dennoch kann nicht garantiert werden, dass alle Informationen jederzeit vollst\u00e4ndig, richtig und aktuell sind. Aus dem Inhalt dieser Website k\u00f6nnen keine Rechte abgeleitet werden. Spainholidays4u \/ Ra\u00edces Espa\u00f1olas Servicios Tur\u00edsticos \u00fcbernimmt keine Haftung f\u00fcr direkte oder indirekte Sch\u00e4den, [&hellip;]<\/p>\n","protected":false},"author":1,"featured_media":0,"parent":0,"menu_order":0,"comment_status":"closed","ping_status":"closed","template":"","meta":{"_acf_changed":false,"footnotes":""},"class_list":["post-4417","page","type-page","status-publish","hentry"],"acf":[],"_links":{"self":[{"href":"https:\/\/spainholidays4u.com\/de\/wp-json\/wp\/v2\/pages\/4417","targetHints":{"allow":["GET"]}}],"collection":[{"href":"https:\/\/spainholidays4u.com\/de\/wp-json\/wp\/v2\/pages"}],"about":[{"href":"https:\/\/spainholidays4u.com\/de\/wp-json\/wp\/v2\/types\/page"}],"author":[{"embeddable":true,"href":"https:\/\/spainholidays4u.com\/de\/wp-json\/wp\/v2\/users\/1"}],"replies":[{"embeddable":true,"href":"https:\/\/spainholidays4u.com\/de\/wp-json\/wp\/v2\/comments?post=4417"}],"version-history":[{"count":1,"href":"https:\/\/spainholidays4u.com\/de\/wp-json\/wp\/v2\/pages\/4417\/revisions"}],"predecessor-version":[{"id":4418,"href":"https:\/\/spainholidays4u.com\/de\/wp-json\/wp\/v2\/pages\/4417\/revisions\/4418"}],"wp:attachment":[{"href":"https:\/\/spainholidays4u.com\/de\/wp-json\/wp\/v2\/media?parent=4417"}],"curies":[{"name":"wp","href":"https:\/\/api.w.org\/{rel}","templated":true}]}}