{"id":3712,"date":"2025-09-01T10:01:05","date_gmt":"2025-09-01T08:01:05","guid":{"rendered":"https:\/\/spainholidays4u.com\/vermietungsservice\/"},"modified":"2025-10-27T20:16:13","modified_gmt":"2025-10-27T18:16:13","slug":"vermietungsservice","status":"publish","type":"page","link":"https:\/\/spainholidays4u.com\/de\/vermietungsservice\/","title":{"rendered":"Vermietungsservice"},"content":{"rendered":"\t\t<div data-elementor-type=\"wp-page\" data-elementor-id=\"3712\" class=\"elementor elementor-3712 elementor-2428\" data-elementor-post-type=\"page\">\n\t\t\t\t<div class=\"elementor-element elementor-element-3278058 e-flex e-con-boxed e-con e-parent\" data-id=\"3278058\" data-element_type=\"container\" data-e-type=\"container\" data-settings=\"{&quot;background_background&quot;:&quot;classic&quot;}\">\n\t\t\t\t\t<div class=\"e-con-inner\">\n\t\t\t\t\t<\/div>\n\t\t\t\t<\/div>\n\t\t<div class=\"elementor-element elementor-element-067e404 e-flex e-con-boxed e-con e-parent\" data-id=\"067e404\" data-element_type=\"container\" data-e-type=\"container\" data-settings=\"{&quot;background_background&quot;:&quot;classic&quot;}\">\n\t\t\t\t\t<div class=\"e-con-inner\">\n\t\t<div class=\"elementor-element elementor-element-2edfe85 e-con-full e-flex e-con e-child\" data-id=\"2edfe85\" data-element_type=\"container\" data-e-type=\"container\">\n\t\t\t\t<div class=\"elementor-element elementor-element-3e9dd82 elementor-widget elementor-widget-heading\" data-id=\"3e9dd82\" data-element_type=\"widget\" data-e-type=\"widget\" data-widget_type=\"heading.default\">\n\t\t\t\t<div class=\"elementor-widget-container\">\n\t\t\t\t\t<h2 class=\"elementor-heading-title elementor-size-default\">Heim-Service<\/h2>\t\t\t\t<\/div>\n\t\t\t\t<\/div>\n\t\t\t\t<div class=\"elementor-element elementor-element-3cd5aa5 elementor-widget__width-inherit elementor-widget elementor-widget-text-editor\" data-id=\"3cd5aa5\" data-element_type=\"widget\" data-e-type=\"widget\" data-widget_type=\"text-editor.default\">\n\t\t\t\t<div class=\"elementor-widget-container\">\n\t\t\t\t\t\t\t\t\t<p>Sie denken dass Bequemlichkeit w\u00e4hrend Ihres Urlaubs wichtig ist. <a href=\"https:\/\/www.spainholidays4u.com\/\">Spainholidays4u<\/a> wird gerne f\u00fcr Sie die a15&gt; dieses m\u00f6glich zu machen in Ihrem Namen.<\/p>\t\t\t\t\t\t\t\t<\/div>\n\t\t\t\t<\/div>\n\t\t\t\t<div class=\"elementor-element elementor-element-f42767e elementor-widget elementor-widget-heading\" data-id=\"f42767e\" data-element_type=\"widget\" data-e-type=\"widget\" data-widget_type=\"heading.default\">\n\t\t\t\t<div class=\"elementor-widget-container\">\n\t\t\t\t\t<h2 class=\"elementor-heading-title elementor-size-default\">Pers\u00f6nliche Betreuung und Unterst\u00fctzung<\/h2>\t\t\t\t<\/div>\n\t\t\t\t<\/div>\n\t\t\t\t<div class=\"elementor-element elementor-element-214c3fd elementor-widget__width-inherit elementor-widget elementor-widget-text-editor\" data-id=\"214c3fd\" data-element_type=\"widget\" data-e-type=\"widget\" data-widget_type=\"text-editor.default\">\n\t\t\t\t<div class=\"elementor-widget-container\">\n\t\t\t\t\t\t\t\t\t<p>W\u00e4hrend Ihres Aufenthalts in einer unserer Ferienunterk\u00fcnfte ist spainholidays4u \u00fcber eine spezielle Telefonnummer und E-Mail-Adresse f\u00fcr Sie erreichbar. Gibt es ein Problem in Ihrem Ferienhaus, ben\u00f6tigen Sie medizinische Versorgung oder suchen Sie ein Taxi? <br>Durch unseren Service Line k\u00f6nnen Sie in Kontakt a6&gt; mit unseren Mitarbeitern in Kontakt treten und sofort eine Antwort erhalten.<\/p>\t\t\t\t\t\t\t\t<\/div>\n\t\t\t\t<\/div>\n\t\t\t\t<div class=\"elementor-element elementor-element-cf33823 elementor-widget elementor-widget-heading\" data-id=\"cf33823\" data-element_type=\"widget\" data-e-type=\"widget\" data-widget_type=\"heading.default\">\n\t\t\t\t<div class=\"elementor-widget-container\">\n\t\t\t\t\t<h2 class=\"elementor-heading-title elementor-size-default\">Besorgungsdienst<\/h2>\t\t\t\t<\/div>\n\t\t\t\t<\/div>\n\t\t\t\t<div class=\"elementor-element elementor-element-e910bea elementor-widget__width-inherit elementor-widget elementor-widget-text-editor\" data-id=\"e910bea\" data-element_type=\"widget\" data-e-type=\"widget\" data-widget_type=\"text-editor.default\">\n\t\t\t\t<div class=\"elementor-widget-container\">\n\t\t\t\t\t\t\t\t\t<p>Die \u00fcblichen Standardausstattungen wie Toilettenpapier, Seife, M\u00fcllbeutel usw. sind in der Ferienwohnung, Ferienvilla oder Ferienhaus vorhanden. Andere Ausstattungen m\u00fcssen Sie selbst kaufen. Sie k\u00f6nnen auch unseren Besorgungsservice in Anspruch nehmen. In diesem Fall wird Ihr K\u00fchlschrank im Voraus mit einem Startpaket ausgestattet. Bitte kontaktieren Sie uns, um Informationen zu dieser Option und den damit verbundenen Kosten zu erhalten.    <\/p>\t\t\t\t\t\t\t\t<\/div>\n\t\t\t\t<\/div>\n\t\t\t\t<\/div>\n\t\t<div class=\"elementor-element elementor-element-6c6b177 e-con-full e-flex e-con e-child\" data-id=\"6c6b177\" data-element_type=\"container\" data-e-type=\"container\">\n\t\t\t\t<div class=\"elementor-element elementor-element-fbbd956 elementor-hidden-tablet elementor-widget elementor-widget-image\" data-id=\"fbbd956\" data-element_type=\"widget\" data-e-type=\"widget\" data-widget_type=\"image.default\">\n\t\t\t\t<div class=\"elementor-widget-container\">\n\t\t\t\t\t\t\t\t\t\t\t\t\t\t\t<img fetchpriority=\"high\" decoding=\"async\" width=\"1024\" height=\"1024\" src=\"https:\/\/spainholidays4u.com\/wp-content\/uploads\/2025\/09\/home-service-_1_.webp\" class=\"attachment-full size-full wp-image-3709\" alt=\"\" srcset=\"https:\/\/spainholidays4u.com\/wp-content\/uploads\/2025\/09\/home-service-_1_.webp 1024w, https:\/\/spainholidays4u.com\/wp-content\/uploads\/2025\/09\/home-service-_1_-300x300.webp 300w, https:\/\/spainholidays4u.com\/wp-content\/uploads\/2025\/09\/home-service-_1_-150x150.webp 150w, https:\/\/spainholidays4u.com\/wp-content\/uploads\/2025\/09\/home-service-_1_-768x768.webp 768w, https:\/\/spainholidays4u.com\/wp-content\/uploads\/2025\/09\/home-service-_1_-60x60.webp 60w, https:\/\/spainholidays4u.com\/wp-content\/uploads\/2025\/09\/home-service-_1_-600x600.webp 600w, https:\/\/spainholidays4u.com\/wp-content\/uploads\/2025\/09\/home-service-_1_-100x100.webp 100w\" sizes=\"(max-width: 1024px) 100vw, 1024px\" \/>\t\t\t\t\t\t\t\t\t\t\t\t\t\t\t<\/div>\n\t\t\t\t<\/div>\n\t\t\t\t<\/div>\n\t\t\t\t\t<\/div>\n\t\t\t\t<\/div>\n\t\t<div class=\"elementor-element elementor-element-1f28e24 e-flex e-con-boxed e-con e-parent\" data-id=\"1f28e24\" data-element_type=\"container\" data-e-type=\"container\" data-settings=\"{&quot;background_background&quot;:&quot;classic&quot;}\">\n\t\t\t\t\t<div class=\"e-con-inner\">\n\t\t<div class=\"elementor-element elementor-element-4f947d9 e-con-full e-flex e-con e-child\" data-id=\"4f947d9\" data-element_type=\"container\" data-e-type=\"container\">\n\t\t\t\t<div class=\"elementor-element elementor-element-04ac72a elementor-widget elementor-widget-heading\" data-id=\"04ac72a\" data-element_type=\"widget\" data-e-type=\"widget\" data-widget_type=\"heading.default\">\n\t\t\t\t<div class=\"elementor-widget-container\">\n\t\t\t\t\t<h2 class=\"elementor-heading-title elementor-size-default\">Hausreinigung<\/h2>\t\t\t\t<\/div>\n\t\t\t\t<\/div>\n\t\t\t\t<div class=\"elementor-element elementor-element-228facd elementor-widget elementor-widget-text-editor\" data-id=\"228facd\" data-element_type=\"widget\" data-e-type=\"widget\" data-widget_type=\"text-editor.default\">\n\t\t\t\t<div class=\"elementor-widget-container\">\n\t\t\t\t\t\t\t\t\t<p class=\"p1\">Die Unterkunft wird bei Ihrer Ankunft sauber und ordentlich \u00fcbergeben. Auf Wunsch k\u00f6nnen wir Ihr Ferienhaus w\u00e4hrend Ihres Aufenthalts zus\u00e4tzlich reinigen. Kontaktieren Sie uns f\u00fcr Informationen zu dieser Option und den damit verbundenen Kosten.  <\/p>\t\t\t\t\t\t\t\t<\/div>\n\t\t\t\t<\/div>\n\t\t\t\t<div class=\"elementor-element elementor-element-1081c18 elementor-widget elementor-widget-heading\" data-id=\"1081c18\" data-element_type=\"widget\" data-e-type=\"widget\" data-widget_type=\"heading.default\">\n\t\t\t\t<div class=\"elementor-widget-container\">\n\t\t\t\t\t<h2 class=\"elementor-heading-title elementor-size-default\">Leinen<\/h2>\t\t\t\t<\/div>\n\t\t\t\t<\/div>\n\t\t\t\t<div class=\"elementor-element elementor-element-8d4f4ad elementor-widget elementor-widget-text-editor\" data-id=\"8d4f4ad\" data-element_type=\"widget\" data-e-type=\"widget\" data-widget_type=\"text-editor.default\">\n\t\t\t\t<div class=\"elementor-widget-container\">\n\t\t\t\t\t\t\t\t\t<p class=\"p1\">Bettw\u00e4sche, Bettzeug und Handt\u00fccher sind nicht standardm\u00e4\u00dfig vorhanden, sofern dies nicht ausdr\u00fccklich in der Unterkunftsbeschreibung erw\u00e4hnt ist. Wenn Sie w\u00e4hrend Ihres Aufenthalts zus\u00e4tzlich saubere Bettw\u00e4sche w\u00fcnschen, k\u00f6nnen wir dies f\u00fcr Sie organisieren. Kontaktieren Sie uns f\u00fcr weitere Informationen und die entsprechenden Preise.  <\/p>\t\t\t\t\t\t\t\t<\/div>\n\t\t\t\t<\/div>\n\t\t\t\t<\/div>\n\t\t<div class=\"elementor-element elementor-element-1ff1697 e-con-full e-flex e-con e-child\" data-id=\"1ff1697\" data-element_type=\"container\" data-e-type=\"container\">\n\t\t\t\t<div class=\"elementor-element elementor-element-89e1493 elementor-hidden-tablet elementor-widget elementor-widget-image\" data-id=\"89e1493\" data-element_type=\"widget\" data-e-type=\"widget\" data-widget_type=\"image.default\">\n\t\t\t\t<div class=\"elementor-widget-container\">\n\t\t\t\t\t\t\t\t\t\t\t\t\t\t\t<img decoding=\"async\" width=\"1920\" height=\"1280\" src=\"https:\/\/spainholidays4u.com\/wp-content\/uploads\/2025\/09\/hombre-haciendo-servicio-profesional-de-limpieza-del-hogar-_1_-_1_.webp\" class=\"attachment-full size-full wp-image-3710\" alt=\"\" srcset=\"https:\/\/spainholidays4u.com\/wp-content\/uploads\/2025\/09\/hombre-haciendo-servicio-profesional-de-limpieza-del-hogar-_1_-_1_.webp 1920w, https:\/\/spainholidays4u.com\/wp-content\/uploads\/2025\/09\/hombre-haciendo-servicio-profesional-de-limpieza-del-hogar-_1_-_1_-300x200.webp 300w, https:\/\/spainholidays4u.com\/wp-content\/uploads\/2025\/09\/hombre-haciendo-servicio-profesional-de-limpieza-del-hogar-_1_-_1_-1024x683.webp 1024w, https:\/\/spainholidays4u.com\/wp-content\/uploads\/2025\/09\/hombre-haciendo-servicio-profesional-de-limpieza-del-hogar-_1_-_1_-768x512.webp 768w, https:\/\/spainholidays4u.com\/wp-content\/uploads\/2025\/09\/hombre-haciendo-servicio-profesional-de-limpieza-del-hogar-_1_-_1_-1536x1024.webp 1536w, https:\/\/spainholidays4u.com\/wp-content\/uploads\/2025\/09\/hombre-haciendo-servicio-profesional-de-limpieza-del-hogar-_1_-_1_-240x160.webp 240w, https:\/\/spainholidays4u.com\/wp-content\/uploads\/2025\/09\/hombre-haciendo-servicio-profesional-de-limpieza-del-hogar-_1_-_1_-600x400.webp 600w\" sizes=\"(max-width: 1920px) 100vw, 1920px\" \/>\t\t\t\t\t\t\t\t\t\t\t\t\t\t\t<\/div>\n\t\t\t\t<\/div>\n\t\t\t\t<\/div>\n\t\t\t\t\t<\/div>\n\t\t\t\t<\/div>\n\t\t<div class=\"elementor-element elementor-element-c39ab65 e-flex e-con-boxed e-con e-parent\" data-id=\"c39ab65\" data-element_type=\"container\" data-e-type=\"container\" data-settings=\"{&quot;background_background&quot;:&quot;classic&quot;}\">\n\t\t\t\t\t<div class=\"e-con-inner\">\n\t\t<div class=\"elementor-element elementor-element-a395640 e-con-full e-flex e-con e-child\" data-id=\"a395640\" data-element_type=\"container\" data-e-type=\"container\" data-settings=\"{&quot;background_background&quot;:&quot;classic&quot;}\">\n\t\t<div class=\"elementor-element elementor-element-f88abe5 e-con-full e-flex e-con e-child\" data-id=\"f88abe5\" data-element_type=\"container\" data-e-type=\"container\">\n\t\t\t\t<div class=\"elementor-element elementor-element-9d0e502 elementor-widget elementor-widget-heading\" data-id=\"9d0e502\" data-element_type=\"widget\" data-e-type=\"widget\" data-widget_type=\"heading.default\">\n\t\t\t\t<div class=\"elementor-widget-container\">\n\t\t\t\t\t<h2 class=\"elementor-heading-title elementor-size-default\">Kontakt<\/h2>\t\t\t\t<\/div>\n\t\t\t\t<\/div>\n\t\t\t\t<div class=\"elementor-element elementor-element-539a1a0 elementor-widget__width-inherit elementor-widget elementor-widget-heading\" data-id=\"539a1a0\" data-element_type=\"widget\" data-e-type=\"widget\" data-widget_type=\"heading.default\">\n\t\t\t\t<div class=\"elementor-widget-container\">\n\t\t\t\t\t<h2 class=\"elementor-heading-title elementor-size-default\">Wir werden unser Bestes tun, um Ihren Aufenthalt hier so angenehm und gl\u00fccklich wie m\u00f6glich zu gestalten. <br>Wenn Sie spezielle W\u00fcnsche haben, k\u00f6nnen Sie diese bei Ihrer Reservierung angeben oder eine separate E-Mail senden:<\/h2>\t\t\t\t<\/div>\n\t\t\t\t<\/div>\n\t\t\t\t<div class=\"elementor-element elementor-element-3b76fc7 elementor-widget elementor-widget-image\" data-id=\"3b76fc7\" data-element_type=\"widget\" data-e-type=\"widget\" data-widget_type=\"image.default\">\n\t\t\t\t<div class=\"elementor-widget-container\">\n\t\t\t\t\t\t\t\t\t\t\t\t\t\t\t\t<a href=\"mailto:info@spainholidays4u.com\">\n\t\t\t\t\t\t\t<img decoding=\"async\" width=\"159\" height=\"17\" src=\"https:\/\/spainholidays4u.com\/wp-content\/uploads\/2025\/09\/info@spainholidays4u.com_.png\" class=\"attachment-full size-full wp-image-3711\" alt=\"\" srcset=\"https:\/\/spainholidays4u.com\/wp-content\/uploads\/2025\/09\/info@spainholidays4u.com_.png 159w, https:\/\/spainholidays4u.com\/wp-content\/uploads\/2025\/09\/info@spainholidays4u.com_-150x17.png 150w\" sizes=\"(max-width: 159px) 100vw, 159px\" \/>\t\t\t\t\t\t\t\t<\/a>\n\t\t\t\t\t\t\t\t\t\t\t\t\t\t\t<\/div>\n\t\t\t\t<\/div>\n\t\t\t\t<\/div>\n\t\t\t\t<\/div>\n\t\t\t\t\t<\/div>\n\t\t\t\t<\/div>\n\t\t\t\t<\/div>\n\t\t","protected":false},"excerpt":{"rendered":"<p>Heim-Service Sie denken dass Bequemlichkeit w\u00e4hrend Ihres Urlaubs wichtig ist. Spainholidays4u wird gerne f\u00fcr Sie die a15&gt; dieses m\u00f6glich zu machen in Ihrem Namen. Pers\u00f6nliche Betreuung und Unterst\u00fctzung W\u00e4hrend Ihres Aufenthalts in einer unserer Ferienunterk\u00fcnfte ist spainholidays4u \u00fcber eine spezielle Telefonnummer und E-Mail-Adresse f\u00fcr Sie erreichbar. Gibt es ein Problem in Ihrem Ferienhaus, ben\u00f6tigen Sie [&hellip;]<\/p>\n","protected":false},"author":1,"featured_media":0,"parent":0,"menu_order":0,"comment_status":"closed","ping_status":"closed","template":"","meta":{"_acf_changed":false,"footnotes":""},"class_list":["post-3712","page","type-page","status-publish","hentry"],"acf":[],"_links":{"self":[{"href":"https:\/\/spainholidays4u.com\/de\/wp-json\/wp\/v2\/pages\/3712","targetHints":{"allow":["GET"]}}],"collection":[{"href":"https:\/\/spainholidays4u.com\/de\/wp-json\/wp\/v2\/pages"}],"about":[{"href":"https:\/\/spainholidays4u.com\/de\/wp-json\/wp\/v2\/types\/page"}],"author":[{"embeddable":true,"href":"https:\/\/spainholidays4u.com\/de\/wp-json\/wp\/v2\/users\/1"}],"replies":[{"embeddable":true,"href":"https:\/\/spainholidays4u.com\/de\/wp-json\/wp\/v2\/comments?post=3712"}],"version-history":[{"count":1,"href":"https:\/\/spainholidays4u.com\/de\/wp-json\/wp\/v2\/pages\/3712\/revisions"}],"predecessor-version":[{"id":3714,"href":"https:\/\/spainholidays4u.com\/de\/wp-json\/wp\/v2\/pages\/3712\/revisions\/3714"}],"wp:attachment":[{"href":"https:\/\/spainholidays4u.com\/de\/wp-json\/wp\/v2\/media?parent=3712"}],"curies":[{"name":"wp","href":"https:\/\/api.w.org\/{rel}","templated":true}]}}