{"id":3705,"date":"2025-08-21T19:56:18","date_gmt":"2025-08-21T17:56:18","guid":{"rendered":"https:\/\/spainholidays4u.com\/mietbedingungen\/"},"modified":"2025-10-27T20:14:50","modified_gmt":"2025-10-27T18:14:50","slug":"mietbedingungen","status":"publish","type":"page","link":"https:\/\/spainholidays4u.com\/de\/mietbedingungen\/","title":{"rendered":"Mietbedingungen"},"content":{"rendered":"\n<p><strong>1 Reservierung<\/strong><br \/>Sie k\u00f6nnen telefonisch oder \u00fcber das Internet (online) reservieren.<br \/>Buchungen sind f\u00fcr beide Parteien verbindlich.<br \/>Die Mietdauer muss mindestens eine Woche betragen.<br \/>Jede Reservierungsanfrage wird von spainholidays4u mittels eines Reservierungsanhangs best\u00e4tigt. Nach Erhalt der Best\u00e4tigung sind Sie verpflichtet, innerhalb von 7 Tagen 30 % des Mietpreises zu zahlen. Erst nachdem wir Ihre Anzahlung gem\u00e4\u00df der Vereinbarung erhalten haben, ist Ihre Reservierung endg\u00fcltig. Der Restbetrag des Mietpreises muss sp\u00e4testens 8 Wochen vor Beginn der Mietdauer auf unser Bankkonto \u00fcberwiesen werden. Bei einer kurzfristigen Reservierung m\u00fcssen Sie den gesamten Mietpreis auf einmal bezahlen. Wir sind berechtigt, die Reservierung zu stornieren, wenn die Zahlung nicht rechtzeitig erfolgt ist. Zur \u00dcberpr\u00fcfung bei Ihrer Ankunft m\u00fcssen Sie unseren Mitarbeitern vor Ort das Reservierungsformular und einen g\u00fcltigen Identit\u00e4tsnachweis vorlegen.      <\/p>\n\n<p><strong>2. \u00c4nderung der Allgemeinen Gesch\u00e4ftsbedingungen<\/strong><br \/>Spainholidays4u beh\u00e4lt sich das Recht vor, diese Allgemeinen Gesch\u00e4ftsbedingungen jederzeit ohne vorherige Ank\u00fcndigung zu \u00e4ndern, und Sie erkl\u00e4ren sich damit einverstanden, dass Ihre Nutzung dieser Website den jeweils geltenden Allgemeinen Gesch\u00e4ftsbedingungen unterliegt.<\/p>\n\n<p><strong>3. Stornierung<\/strong><br \/>Eine Stornierung ist innerhalb von 8 Tagen nach dem Buchungsdatum m\u00f6glich. <br \/>Bei einer Stornierung nach Ablauf von 8 Tagen und bis zu 8 Wochen a22&gt; vor dem Beginn der Mietdauer<br \/>Mietdauer wird werden 30 % des Mietpreises in Rechnung gestellt wird in Rechnung gestellt wird berechnet. <br \/>Bei einer Stornierung zwischen 8 und 4 Wochen vor Beginn a44&gt; Beginn der Mietdauer der<br \/>Mietdauer, werden 60 % des Mietpreises in H\u00f6he in Rechnung gestellt werden. <br \/>Alle Stornierungen m\u00fcssen per E-Mail oder Brief erfolgen. a61&gt; per E-Mail oder Brief erfolgen. <br \/>F\u00fcr alle Stornierungen wird eine Verwaltungsgeb\u00fchr in H\u00f6he von 35 \u20ac erhoben.<\/p>\n\n<p><strong>3.1<\/strong> <strong>Stornierung durch Spainholidays4u<\/strong><br \/>Wenn Spainholidays4u in irgendeiner Situation auf die Stornierung einer Buchung f\u00fcr ein gemietetes Ferienhaus dr\u00e4ngt, wird dies direkt mitgeteilt und, wenn m\u00f6glich, eine Alternative angeboten. Wird die Alternative nicht akzeptiert, erstattet Spainholidays4u dem Mieter unverz\u00fcglich die bereits geleisteten Zahlungen. Der Mieter verzichtet dann auf alle Rechte au\u00dfer der Erstattung der gezahlten Kosten.  <\/p>\n\n<p><strong>4. Haftung<\/strong><br \/>Spainholidays4u vermittelt lediglich zwischen Eigent\u00fcmer und Mieter und kann daher vom Mieter nicht f\u00fcr Unf\u00e4lle\/Verletzungen\/Sch\u00e4den haftbar gemacht werden, die w\u00e4hrend der Mietdauer auftreten. Spainholidays4u beh\u00e4lt sich das Recht vor, G\u00e4ste abzulehnen oder Reservierungen zu stornieren, wenn daf\u00fcr ein triftiger Grund vorliegt. In jedem Fall kann die Haftung von Spainholidays4u den vom Mieter gezahlten Mietpreis nicht \u00fcbersteigen. Spainholidays4u kann niemals f\u00fcr Sch\u00e4den und\/oder Kosten haftbar gemacht werden, die dem Mieter entstanden sind. Spainholidays4u haftet nicht f\u00fcr unverschuldete Fehler in der Beschreibung auf der Website von Spainholidays4u oder auf den im Internet ver\u00f6ffentlichten Anzeigenportalen.     <\/p>\n\n<p><strong>5. Sch\u00e4den<\/strong><br \/>W\u00e4hrend Ihres Aufenthalts in der Ferienunterkunft sind Sie und\/oder Ihre Mitreisenden als Mieter voll verantwortlich f\u00fcr die gemietete Ferienunterkunft. Verursachte Sch\u00e4den m\u00fcssen vor Ort an den Vermieter bezahlt werden. Spainholidays4u \u00fcbernimmt keine Verantwortung f\u00fcr Verlust, Diebstahl, Sch\u00e4den oder Verletzungen, die direkt oder indirekt von Ihnen verursacht wurden. Spainholidays4u.com kann auch nicht f\u00fcr Sch\u00e4den haftbar gemacht werden, die durch Naturkatastrophen, \u00dcberf\u00e4lle, Streiks und \u00c4hnliches verursacht werden.   <\/p>\n\n<p><strong>6.1 Kaution<\/strong><br \/>Im Voraus sind Sie verpflichtet, eine Kaution zu hinterlegen, die innerhalb von 10 Werktagen nach Ihrer Abreise (Ihrem letzten Miettag) auf Ihr Bank-\/Girokonto zur\u00fcck\u00fcberwiesen wird. Sollten nach Ihrem Aufenthalt Sch\u00e4den oder Defekte festgestellt werden, werden die Reparaturkosten mit Ihrer Kaution verrechnet. Die H\u00f6he der Kaution ist in Ihrer Reservierungsbest\u00e4tigung angegeben. Au\u00dferdem m\u00fcssen Sie sich bei Ihrer Ankunft mit Ihrem Reisepass oder Personalausweis ausweisen.   <\/p>\n\n<p><strong>6.2 Jugendliche<\/strong><br \/>Bei Gruppen von Jugendlichen erh\u00f6ht sich die \u00fcbliche Kaution um 100 Euro pro Person. Dar\u00fcber hinaus fallen die Kosten f\u00fcr die obligatorische und zu zahlende Endreinigung an. Die Kaution wird innerhalb von 10 Werktagen nach Abreise und nach \u00dcberpr\u00fcfung des Zustands der genutzten Unterkunft auf das Bank- oder Girokonto zur\u00fcckerstattet.  <\/p>\n\n<p><strong>6.3 Altersbeschr\u00e4nkung<\/strong><br \/>Verschiedene Unterk\u00fcnfte stehen f\u00fcr Jugendliche oder Jugendgruppen nicht zur Verf\u00fcgung. Sollte sich bei der Ankunft herausstellen, dass dennoch eine Gruppe von Personen mit einem Durchschnittsalter von weniger als 25 Jahren eine Reservierung vorgenommen hat, wird ihnen der Zutritt verweigert und eine R\u00fcckerstattung kommt grunds\u00e4tzlich nicht in Frage. <\/p>\n\n<p><strong>7. Versicherung <\/strong><br \/>Wir empfehlen Ihnen, eine solide Reiseversicherung und\/oder eine Reiser\u00fccktrittsversicherung abzuschlie\u00dfen.<\/p>\n\n<p><strong>8.1 Mieter<\/strong><br \/>Zwischen 22:00 Uhr und 7:00 Uhr bitten wir Sie, keinen L\u00e4rm\/keine Musik zu machen, der\/die die Anwohner an einer guten Nachtruhe hindert. Im Falle einer nachgewiesenen Bel\u00e4stigung durch den Mieter hat Spainholidays4u das Recht und die Befugnis, den Mietvertrag sofort zu k\u00fcndigen, ohne dass eine R\u00fcckerstattung des gezahlten Mietpreises oder der Kaution erfolgt. <\/p>\n\n<p><strong>Beim Verlassen (Auschecken) der Unterkunft hat der Mieter daf\u00fcr zu sorgen, dass:<\/strong><br \/>Sie Ihren Hausm\u00fcll in den daf\u00fcr vorgesehenen Beh\u00e4ltern f\u00fcr die jeweiligen Abfallarten entsorgen: Glas, Papier, Kunststoffverpackungen und Getr\u00e4nkekartons,<br \/>Geschirr, Besteck und K\u00fcchenutensilien m\u00fcssen in sauberem Zustand an dem daf\u00fcr vorgesehenen Ort zur\u00fcckgelassen werden.<br \/>Der Geschirrsp\u00fcler muss geleert und in sauberem Zustand zur\u00fcckgelassen werden.<br \/>Die Bettw\u00e4sche muss entfernt werden.<br \/>Der Grill\/die Feuerstelle muss sauber und leer zur\u00fcckgelassen werden.<br \/>Der Garten und die Terrasse m\u00fcssen frei von Abfall a9&gt; von Abfall (wie Zigarettenfiltern)<br \/>Die Gartenm\u00f6bel m\u00fcssen wieder an a6&gt; zur\u00fcckgestellt werden in die Stellen wo sie gewesen waren in Betrieb genommen worden war am ersten Miet-Tag in Betrieb genommen worden war am ersten Miet-Tag.<\/p>\n\n<p>Zus\u00e4tzliche Reinigungskosten k\u00f6nnen in Rechnung gestellt werden wenn das Haus nicht a6&gt; das Haus nicht in einem sauberen Zustand ist, wie von dem Eigent\u00fcmer (Vermieter) und\/oder von dem Kontrolleur von spainholiday4u. Zus\u00e4tzliche Kosten werden in Rechnung gestellt in Rechnung gestellt f\u00fcr das Zur\u00fccklassen von Abfall auf der Kaution! <\/p>\n\n<p><strong>8.2. Verantwortlichkeiten des Mieters<\/strong><br \/>Der Mieter ist f\u00fcr die ordnungsgem\u00e4\u00dfe Behandlung des Mietobjekts verantwortlich und haftet daher f\u00fcr eventuelle Sch\u00e4den, die durch ihn oder seine Mitreisenden w\u00e4hrend ihres Aufenthalts verursacht werden.<\/p>\n\n<p><strong>9. Haustiere<\/strong><br \/>Haustiere sind nicht \u00fcberall erlaubt. Informationen hierzu finden Sie in der Beschreibung des Ferienhauses. <\/p>\n\n<p><strong>10. Bettw\u00e4sche<\/strong><br \/>Bettw\u00e4sche kann gemietet werden, wenn sie nicht mit der Ferienwohnung mitgeliefert wird. Bitte teilen Sie uns bei Ihrer Reservierung mit, ob Sie diesen Service in Anspruch nehmen m\u00f6chten. Handt\u00fccher, Geschirrt\u00fccher usw. m\u00fcssen Sie selbst mitbringen, sofern nicht anders angegeben. Es ist nicht gestattet, ohne Bettw\u00e4sche in den Betten zu schlafen.   <\/p>\n\n<p><strong>11.1 \u00d6ffnungszeiten<\/strong><br \/>Au\u00dferhalb der Hochsaison kann es vorkommen, dass an bestimmten Tagen oder zu bestimmten Zeiten die auf unserer Website genannten Einrichtungen wie beispielsweise Schwimmb\u00e4der, Restaurants oder Gesch\u00e4fte (vor\u00fcbergehend) geschlossen sind. Spainholidays4u kann nicht daf\u00fcr verantwortlich gemacht werden, dass w\u00e4hrend Ihres Urlaubs bestimmte Einrichtungen, unabh\u00e4ngig vom Grund, nicht zug\u00e4nglich waren. <\/p>\n\n<p><strong>11.2 Ankunft und Abreise<\/strong><br \/>Sie k\u00f6nnen Ihre Ferienvilla\/-wohnung am ersten Miettag zwischen 16:00 Uhr und 20:00 Uhr beziehen. Die Kosten f\u00fcr eine Anreise, die nach 20:00 Uhr erfolgt (nach vorheriger Ank\u00fcndigung), betragen 50 Euro. Die Ferienvilla\/-wohnung muss am Abreisetag vor 10:00 Uhr morgens verlassen werden.<br \/>Bei einer Abreise nach 10:00 Uhr werden zus\u00e4tzliche Kosten berechnet!<\/p>\n\n<p><strong>12. Anzahl der Personen<\/strong><br \/>Die Anzahl der Personen, die in der Beschreibung des Ferienhauses schriftlich festgehalten wurde, ist die maximal zul\u00e4ssige Anzahl. Eine Belegung mit mehr als der bei der Buchung angegebenen Anzahl von Personen ist nicht gestattet. Das Aufstellen eines Zeltes, eines Wohnwagens oder eines Wohnmobils ist ebenfalls nicht gestattet. Bei Verst\u00f6\u00dfen gegen diese Regeln gilt der Mietvertrag als rechtlich ung\u00fcltig und der Zugang zum Ferienhaus wird verweigert, ohne dass der Kunde Anspruch auf R\u00fcckerstattung der gezahlten Miete hat.   <\/p>\n\n<p><strong>13.<\/strong><strong>Veranstaltungen und Zusammenk\u00fcnfte mit geladenen G\u00e4sten.<\/strong><br \/>Das Ferienhaus ist f\u00fcr Sie und Ihre Reisegruppe bestimmt. Es ist nicht gestattet, in unseren Ferienh\u00e4usern Partys zu veranstalten oder Drogen zu konsumieren! Veranstaltungen oder Zusammenk\u00fcnfte mit anderen G\u00e4sten als den Personen aus der Reisegruppe. Bei Nichtbeachtung k\u00fcndigen wir den Mietvertrag und stellen die Kosten in Rechnung.   <br \/>(Reinigungs-)Kosten.<\/p>\n\n<p><strong>14. Unannehmlichkeiten<\/strong><br \/>Es ist m\u00f6glich, dass w\u00e4hrend Ihres Aufenthalts vor Ihrem Ferienhaus oder in der n\u00e4heren Umgebung Stra\u00dfenbauarbeiten durchgef\u00fchrt werden. Wir verstehen, dass dies f\u00fcr Sie eine unangenehme Situation darstellen kann. Spainholidays4u kann f\u00fcr solche Unannehmlichkeiten nicht haftbar gemacht werden, da wir keinerlei Einfluss darauf haben. Es ist auch m\u00f6glich, dass w\u00e4hrend Ihres Aufenthalts die Wasser- oder Stromversorgung vor\u00fcbergehend gest\u00f6rt ist. Spainholidays4u.com kann auch hierf\u00fcr nicht verantwortlich gemacht werden.    <\/p>\n\n<p>15. Beschwerden<br \/>Sollten Sie bei Ihrer Ankunft oder w\u00e4hrend Ihres Aufenthalts eine Beschwerde haben, wenden Sie sich bitte an unsere Mitarbeiter, damit diese die M\u00f6glichkeit haben, Ihre Beschwerde zu l\u00f6sen. Der Mieter sollte eine Beschwerde, die bei seiner Ankunft in der Ferienwohnung oder w\u00e4hrend seines Aufenthalts auftritt, sp\u00e4testens innerhalb von 24 Stunden unseren Mitarbeitern melden. Spainholidays4u wird sich nach Kr\u00e4ften bem\u00fchen, die Beschwerde sofort vor Ort zu l\u00f6sen. Sie sollten Spainholidays4u jederzeit die M\u00f6glichkeit geben, eine angemessene L\u00f6sung f\u00fcr die Beschwerde zu finden. Eine vorzeitige Abreise oder der eigenst\u00e4ndige Umzug in eine andere Unterkunft entbindet Spainholidays4u von jeglicher Verpflichtung zur Leistung einer Entsch\u00e4digung. Spainholidays4u kann nicht f\u00fcr Verluste oder Sch\u00e4den haftbar gemacht werden, die durch Handlungen, Fahrl\u00e4ssigkeit oder Unterlassungen unserer Vertragspartner verursacht werden.     <\/p>\n\n<p><strong>16. Touristensteuer<\/strong><br \/>Ab November 2012 wird in Katalonien als die erste und einzige f\u00f6derale Region in Spanien, wird eine Touristensteuer einf\u00fchren. Spainholidays4u vermietet auch Ferienh\u00e4user in dieser Region. In Bezug auf diese Ferienh\u00e4user sollten Sie bedenken, dass Sie a35&gt; zu beachten, dass Sie bei Ihrer Ankunft in a43&gt; unserem B\u00fcro unser Mitarbeiter ein Sie fragen Sie nach a52&gt; Sie zu zahlen diese Touristensteuer zu zahlen. Diese Steuern betreffen sowohl ausl\u00e4ndische Touristen als auch Spanier die ihren Urlaub in Katalonien verbringen.   <\/p>\n\n<p><strong>Nachfolgend eine \u00dcbersicht \u00fcber die Mietpreise Preise<\/strong><br \/>Wohnungen und Ferienh\u00e4user kosten 0,90 Euro pro Nacht\/Person. <br \/>Die Preise verstehen sich immer pro Person pro Nacht f\u00fcr die angegebene Anzahl Personen im Alter von mindestens 16 Jahren. a23&gt; einem Alter von 16 Jahren und \u00e4lter. Bei den meisten 7 N\u00e4chten werden abgerechnet und, also nie mehr. Die Touristensteuer muss bezahlt werden a45&gt; in unserem B\u00fcro vor Ort bezahlt werden.  <\/p>\n\n<p><strong>17. Allgemeine Mietbedingungen<\/strong><br \/>Mit Abschluss Ihrer Reservierung erkl\u00e4ren Sie automatisch, dass Sie die Allgemeinen Gesch\u00e4ftsbedingungen gelesen und verstanden haben und mit deren Inhalt einverstanden sind.<\/p>\n\n<p><strong>Spainholidays4u: Vermietungsbedingungen 2025<\/strong><br \/>Ra\u00edces Espa\u00f1olas Servicios Tur\u00edsticos S.L gegr\u00fcndet in Calonge, Giroa, Spanien. Registrierungsnummer (NIF) B55227656 <\/p>\n","protected":false},"excerpt":{"rendered":"<p>1 ReservierungSie k\u00f6nnen telefonisch oder \u00fcber das Internet (online) reservieren.Buchungen sind f\u00fcr beide Parteien verbindlich.Die Mietdauer muss mindestens eine Woche betragen.Jede Reservierungsanfrage wird von spainholidays4u mittels eines Reservierungsanhangs best\u00e4tigt. Nach Erhalt der Best\u00e4tigung sind Sie verpflichtet, innerhalb von 7 Tagen 30 % des Mietpreises zu zahlen. Erst nachdem wir Ihre Anzahlung gem\u00e4\u00df der Vereinbarung erhalten [&hellip;]<\/p>\n","protected":false},"author":1,"featured_media":0,"parent":0,"menu_order":0,"comment_status":"closed","ping_status":"closed","template":"","meta":{"_acf_changed":false,"footnotes":""},"class_list":["post-3705","page","type-page","status-publish","hentry"],"acf":[],"_links":{"self":[{"href":"https:\/\/spainholidays4u.com\/de\/wp-json\/wp\/v2\/pages\/3705","targetHints":{"allow":["GET"]}}],"collection":[{"href":"https:\/\/spainholidays4u.com\/de\/wp-json\/wp\/v2\/pages"}],"about":[{"href":"https:\/\/spainholidays4u.com\/de\/wp-json\/wp\/v2\/types\/page"}],"author":[{"embeddable":true,"href":"https:\/\/spainholidays4u.com\/de\/wp-json\/wp\/v2\/users\/1"}],"replies":[{"embeddable":true,"href":"https:\/\/spainholidays4u.com\/de\/wp-json\/wp\/v2\/comments?post=3705"}],"version-history":[{"count":2,"href":"https:\/\/spainholidays4u.com\/de\/wp-json\/wp\/v2\/pages\/3705\/revisions"}],"predecessor-version":[{"id":3708,"href":"https:\/\/spainholidays4u.com\/de\/wp-json\/wp\/v2\/pages\/3705\/revisions\/3708"}],"wp:attachment":[{"href":"https:\/\/spainholidays4u.com\/de\/wp-json\/wp\/v2\/media?parent=3705"}],"curies":[{"name":"wp","href":"https:\/\/api.w.org\/{rel}","templated":true}]}}