{"id":3686,"date":"2025-06-11T05:13:04","date_gmt":"2025-06-11T03:13:04","guid":{"rendered":"https:\/\/spainholidays4u.com\/datenschutz-richtlinie\/"},"modified":"2025-10-27T20:00:48","modified_gmt":"2025-10-27T18:00:48","slug":"datenschutz-richtlinie","status":"publish","type":"page","link":"https:\/\/spainholidays4u.com\/de\/datenschutz-richtlinie\/","title":{"rendered":"Datenschutz Richtlinie"},"content":{"rendered":"\n<p><strong>1. ANGABEN ZUM VERANTWORTLICHEN F\u00dcR DIE DATENVERARBEITUNG<\/strong><\/p>\n\n<p>Firmenname: RAICES ESPA\u00d1OLAS SERVICIOS TURISTICOS SL (der \u201eVerantwortliche\u201c)<\/p>\n\n<p>Steuer-ID: B55227656<\/p>\n\n<p>Gesch\u00e4ftsadresse: C\/ DE LA RUTLLA Nr. 14 \u2013 17251 \u2013 CALONGE \u2013 GIRONA<\/p>\n\n<p>Telefon: 628028144<\/p>\n\n<p>E-Mail f\u00fcr Datenschutzangelegenheiten: carlos@spainholidays4u.com<\/p>\n\n<p><strong>1.1. Anwendbare Vorschriften<\/strong><\/p>\n\n<p>Unsere Datenschutzerkl\u00e4rung wurde in \u00dcbereinstimmung mit der EU-Datenschutz-Grundverordnung 2016\/679 des Europ\u00e4ischen Parlaments und des Rates vom 27. April 2016 sowie mit dem Organgesetz 3\/2018 vom 5. Dezember \u00fcber den Schutz personenbezogener Daten und die Gew\u00e4hrleistung digitaler Rechte erstellt.<\/p>\n\n<p>Durch die Bereitstellung Ihrer Daten erkl\u00e4ren Sie, dass Sie diese Datenschutzerkl\u00e4rung gelesen haben und ihr zustimmen und geben Ihre klare und ausdr\u00fcckliche Zustimmung zur Verarbeitung Ihrer personenbezogenen Daten f\u00fcr die hierin genannten Zwecke und unter den hierin genannten Bedingungen.<\/p>\n\n<p>Das Unternehmen kann diese Datenschutzerkl\u00e4rung \u00e4ndern, um sie an gesetzliche oder rechtliche Entwicklungen oder Auslegungen durch die spanische Datenschutzbeh\u00f6rde anzupassen. Diese Datenschutzbedingungen k\u00f6nnen gegebenenfalls durch den rechtlichen Hinweis, die Cookie-Richtlinie und die Allgemeinen Gesch\u00e4ftsbedingungen erg\u00e4nzt werden. <\/p>\n\n<p><strong>1.2. Unser Datenschutzbeauftragter<\/strong><\/p>\n\n<p>LOPDMONTOLIU I SERVEIS SL<\/p>\n\n<p>Tax ID: B55261804<\/p>\n\n<p>Kontakt-Telefonnummer: 625459540<\/p>\n\n<p>E-Mail: info@lopdmontoliu.es<\/p>\n\n<p><strong>2. ZWECK DER VERARBEITUNG PERSONENBEZOGENER DATEN<\/strong><\/p>\n\n<p>Die Verarbeitung Ihrer personenbezogenen Daten durch uns dient folgenden Zwecken:<\/p>\n\n<ul class=\"wp-block-list\">\n<li>Um Ihnen die f\u00fcr a4&gt; Informationen im Zusammenhang mit den Produkten und\/oder Dienstleistungen angeboten von unserem Unternehmen wie auf dieser Website ausf\u00fchrlich beschrieben.<\/li>\n\n\n\n<li>Zur Durchf\u00fchrung des Vertragsabschlusses \u00fcber unsere Dienstleistungen durch die a9&gt; Annahme des entsprechenden Angebots und\/oder der a14&gt; Unterzeichnung eines kommerziellen Vertrags.<\/li>\n\n\n\n<li>Um Ihnen Neuigkeiten und Aktualisierungen \u00fcber unser Unternehmen und unsere Produkte\/Dienstleistungen per E-Mail und\/oder Post zu senden.<\/li>\n<\/ul>\n\n<p><strong>2.1. Aufbewahrungsfrist f\u00fcr Daten<\/strong><\/p>\n\n<p>Wir speichern Ihre personenbezogenen Daten ab dem Zeitpunkt, an dem Sie uns Ihre Einwilligung erteilen, bis Sie diese widerrufen oder eine Einschr\u00e4nkung beantragen. In solchen F\u00e4llen werden wir Ihre Daten f\u00fcr den gesetzlich vorgeschriebenen Zeitraum gesperrt halten. <\/p>\n\n<p><strong>3. RECHTSGRUNDLAGE UND ERFASSTE DATEN<\/strong><\/p>\n\n<p>Die Rechtsgrundlage f\u00fcr die Verarbeitung Ihrer Daten ist die ausdr\u00fcckliche Einwilligung, die Sie durch eine positive best\u00e4tigende Handlung (Ausf\u00fcllen des entsprechenden Formulars und Ankreuzen des Zustimmungsfeldes) zum Zeitpunkt der Bereitstellung Ihrer personenbezogenen Daten erteilt haben.<\/p>\n\n<p><strong>3.1. Einwilligung zur Verarbeitung Ihrer Daten<\/strong><\/p>\n\n<p>Durch das Ausf\u00fcllen der Formulare, das Ankreuzen des K\u00e4stchens \u201eIch akzeptiere die Datenschutzerkl\u00e4rung\u201c und das Klicken auf \u201eDaten senden\u201c oder durch das Senden von E-Mails an das Unternehmen \u00fcber die daf\u00fcr vorgesehenen Adressen erkl\u00e4rt der Nutzer, diese Datenschutzerkl\u00e4rung gelesen und ausdr\u00fccklich akzeptiert zu haben, und erteilt seine klare und ausdr\u00fcckliche Zustimmung zur Verarbeitung seiner personenbezogenen Daten gem\u00e4\u00df den angegebenen Zwecken.<\/p>\n\n<p><strong>3.2. Datenkategorien<\/strong><\/p>\n\n<p>Die erhobenen Daten fallen unter die Kategorie der identifizierenden Daten, wie z. B.: Vor- und Nachname, Telefonnummer, Postanschrift, Firma, E-Mail-Adresse und die IP-Adresse, von der aus auf das Formular zugegriffen wird.<\/p>\n\n<p><strong>4. SICHERHEITSMASSNAHMEN<\/strong><\/p>\n\n<p>Im Rahmen unserer Verpflichtung, die Sicherheit und Vertraulichkeit Ihrer personenbezogenen Daten zu gew\u00e4hrleisten, teilen wir Ihnen mit, dass wir die erforderlichen technischen und organisatorischen Ma\u00dfnahmen getroffen haben, um die Sicherheit der personenbezogenen Daten zu gew\u00e4hrleisten und deren Ver\u00e4nderung, Verlust, unbefugte Verarbeitung oder Zugriff zu verhindern, entsprechend dem Stand der Technik, der Art der gespeicherten Daten und den Risiken, denen sie ausgesetzt sind, gem\u00e4\u00df Artikel 32 der EU-DSGVO 679\/2016.<\/p>\n\n<p><strong>5. DATENOFFENLEGUNG<\/strong><\/p>\n\n<p>Es sind keine Daten\u00fcbermittlungen oder internationalen Daten\u00fcbermittlungen vorgesehen, mit Ausnahme derjenigen, die durch Steuer-, Handels- und Telekommunikationsgesetze genehmigt sind, sowie in F\u00e4llen, in denen dies von einer Justizbeh\u00f6rde verlangt wird.<\/p>\n\n<p><strong>6. BENUTZERRECHTE<\/strong><\/p>\n\n<p>Jede betroffene Person hat das Recht, eine Best\u00e4tigung dar\u00fcber zu erhalten, ob wir personenbezogene Daten \u00fcber sie verarbeiten. Betroffene Personen haben das Recht, auf ihre personenbezogenen Daten zuzugreifen und die Berichtigung unrichtiger Daten zu verlangen oder gegebenenfalls deren L\u00f6schung zu verlangen, wenn die Daten f\u00fcr die Zwecke, f\u00fcr die sie erhoben wurden, nicht mehr ben\u00f6tigt werden. <\/p>\n\n<p>Unter bestimmten Umst\u00e4nden k\u00f6nnen betroffene Personen die Einschr\u00e4nkung der Verarbeitung beantragen. In diesem Fall werden wir die Daten nur f\u00fcr die Aus\u00fcbung oder Verteidigung von Anspr\u00fcchen aufbewahren.<\/p>\n\n<p>Aus Gr\u00fcnden, die sich aus ihrer besonderen Situation ergeben, k\u00f6nnen betroffene Personen der Verarbeitung ihrer Daten widersprechen. Der f\u00fcr die Verarbeitung Verantwortliche wird die Verarbeitung der Daten einstellen, es sei denn, es liegen zwingende schutzw\u00fcrdige Gr\u00fcnde f\u00fcr die Verarbeitung vor oder die Verarbeitung dient der Geltendmachung, Aus\u00fcbung oder Verteidigung von Rechtsanspr\u00fcchen. <\/p>\n\n<p>Gem\u00e4\u00df der geltenden Gesetzgebung haben Sie folgende Rechte: Recht auf Zugang, Berichtigung, L\u00f6schung, Einschr\u00e4nkung, Widerspruch, \u00dcbertragbarkeit Ihrer Daten und Widerruf Ihrer Einwilligung. Sie haben au\u00dferdem das Recht, eine Beschwerde bei der spanischen Datenschutzbeh\u00f6rde einzureichen. <\/p>\n\n<p><strong>6.1. Wie Sie Ihre Rechte aus\u00fcben k\u00f6nnen<\/strong><\/p>\n\n<p>Um Ihre Rechte auszu\u00fcben, wenden Sie sich bitte an den Verantwortlichen und fordern Sie das entsprechende Formular an. Weitere Informationen erhalten Sie auch bei der Aufsichtsbeh\u00f6rde. <\/p>\n\n<p>Kontaktdaten zur Aus\u00fcbung Ihrer Rechte: Telefon 628028144 und E-Mail carlos@spainholidays4u.com.<\/p>\n\n<p>Bitte f\u00fcgen Sie eine Kopie eines Dokuments bei, anhand dessen wir Ihre Identit\u00e4t \u00fcberpr\u00fcfen k\u00f6nnen.<\/p>\n\n<p><strong>7. ZUSTIMMUNG ZUM ERHALT ELEKTRONISCHER MITTEILUNGEN<\/strong><\/p>\n\n<p>Ebenso erkl\u00e4ren Sie gem\u00e4\u00df dem Gesetz 34\/2002 vom 11. Juli \u00fcber Dienste der Informationsgesellschaft und den elektronischen Gesch\u00e4ftsverkehr durch das Ausf\u00fcllen des Datenerfassungsformulars und das Ankreuzen des K\u00e4stchens \u201eIch akzeptiere\u201c Ihr ausdr\u00fcckliches Einverst\u00e4ndnis, Informationen \u00fcber das Unternehmen per E-Mail, Telefon, Fax oder auf anderem elektronischen Wege zu erhalten.<\/p>\n","protected":false},"excerpt":{"rendered":"<p>1. ANGABEN ZUM VERANTWORTLICHEN F\u00dcR DIE DATENVERARBEITUNG Firmenname: RAICES ESPA\u00d1OLAS SERVICIOS TURISTICOS SL (der \u201eVerantwortliche\u201c) Steuer-ID: B55227656 Gesch\u00e4ftsadresse: C\/ DE LA RUTLLA Nr. 14 \u2013 17251 \u2013 CALONGE \u2013 GIRONA Telefon: 628028144 E-Mail f\u00fcr Datenschutzangelegenheiten: carlos@spainholidays4u.com 1.1. Anwendbare Vorschriften Unsere Datenschutzerkl\u00e4rung wurde in \u00dcbereinstimmung mit der EU-Datenschutz-Grundverordnung 2016\/679 des Europ\u00e4ischen Parlaments und des Rates vom [&hellip;]<\/p>\n","protected":false},"author":1,"featured_media":0,"parent":0,"menu_order":0,"comment_status":"closed","ping_status":"closed","template":"","meta":{"_acf_changed":false,"footnotes":""},"class_list":["post-3686","page","type-page","status-publish","hentry"],"acf":[],"_links":{"self":[{"href":"https:\/\/spainholidays4u.com\/de\/wp-json\/wp\/v2\/pages\/3686","targetHints":{"allow":["GET"]}}],"collection":[{"href":"https:\/\/spainholidays4u.com\/de\/wp-json\/wp\/v2\/pages"}],"about":[{"href":"https:\/\/spainholidays4u.com\/de\/wp-json\/wp\/v2\/types\/page"}],"author":[{"embeddable":true,"href":"https:\/\/spainholidays4u.com\/de\/wp-json\/wp\/v2\/users\/1"}],"replies":[{"embeddable":true,"href":"https:\/\/spainholidays4u.com\/de\/wp-json\/wp\/v2\/comments?post=3686"}],"version-history":[{"count":1,"href":"https:\/\/spainholidays4u.com\/de\/wp-json\/wp\/v2\/pages\/3686\/revisions"}],"predecessor-version":[{"id":3687,"href":"https:\/\/spainholidays4u.com\/de\/wp-json\/wp\/v2\/pages\/3686\/revisions\/3687"}],"wp:attachment":[{"href":"https:\/\/spainholidays4u.com\/de\/wp-json\/wp\/v2\/media?parent=3686"}],"curies":[{"name":"wp","href":"https:\/\/api.w.org\/{rel}","templated":true}]}}