{"id":3679,"date":"2025-09-01T11:06:44","date_gmt":"2025-09-01T09:06:44","guid":{"rendered":"https:\/\/spainholidays4u.com\/haustiere-urlaub-wohnungen\/"},"modified":"2025-10-27T19:57:05","modified_gmt":"2025-10-27T17:57:05","slug":"haustiere-urlaub-wohnungen","status":"publish","type":"page","link":"https:\/\/spainholidays4u.com\/de\/haustiere-urlaub-wohnungen\/","title":{"rendered":"Haustiere Urlaub Wohnungen"},"content":{"rendered":"\t\t<div data-elementor-type=\"wp-page\" data-elementor-id=\"3679\" class=\"elementor elementor-3679 elementor-2465\" data-elementor-post-type=\"page\">\n\t\t\t\t<div class=\"elementor-element elementor-element-5ee7c19 e-flex e-con-boxed e-con e-parent\" data-id=\"5ee7c19\" data-element_type=\"container\" data-e-type=\"container\" data-settings=\"{&quot;background_background&quot;:&quot;classic&quot;}\">\n\t\t\t\t\t<div class=\"e-con-inner\">\n\t\t\t\t\t<\/div>\n\t\t\t\t<\/div>\n\t\t<div class=\"elementor-element elementor-element-d6712d0 e-flex e-con-boxed e-con e-parent\" data-id=\"d6712d0\" data-element_type=\"container\" data-e-type=\"container\" data-settings=\"{&quot;background_background&quot;:&quot;classic&quot;}\">\n\t\t\t\t\t<div class=\"e-con-inner\">\n\t\t<div class=\"elementor-element elementor-element-d22b9d0 e-con-full e-flex e-con e-child\" data-id=\"d22b9d0\" data-element_type=\"container\" data-e-type=\"container\">\n\t\t\t\t<div class=\"elementor-element elementor-element-c6559f8 elementor-widget elementor-widget-heading\" data-id=\"c6559f8\" data-element_type=\"widget\" data-e-type=\"widget\" data-widget_type=\"heading.default\">\n\t\t\t\t<div class=\"elementor-widget-container\">\n\t\t\t\t\t<h2 class=\"elementor-heading-title elementor-size-default\">Pet-Friendly Villas<\/h2>\t\t\t\t<\/div>\n\t\t\t\t<\/div>\n\t\t\t\t<div class=\"elementor-element elementor-element-c04d1ba elementor-widget__width-inherit elementor-widget elementor-widget-text-editor\" data-id=\"c04d1ba\" data-element_type=\"widget\" data-e-type=\"widget\" data-widget_type=\"text-editor.default\">\n\t\t\t\t<div class=\"elementor-widget-container\">\n\t\t\t\t\t\t\t\t\t<p>Ein Urlaub in einer Villa ist ohne die Anwesenheit Ihres vierbeinigen Freundes nicht komplett. Gl\u00fccklicherweise ist dies auch nicht notwendig! Spainholidays4u.com bietet viele Ferienvillen an der <a href=\"https:\/\/www.spainholidays4u.com\/costa-brava-catalonia\/\">Costa Brava<\/a>, in denen Ihr Haustier willkommen ist.<br>Buchen Sie ein Ferienhaus in unmittelbarer N\u00e4he zum Wald, zu den Bergen oder im Landesinneren, wo Sie mit Ihrem Hund spazieren gehen k\u00f6nnen.  <\/p><div class=\"flex flex-grow flex-col max-w-full\"><div class=\"min-h-[20px] text-message flex flex-col items-start gap-3 whitespace-pre-wrap break-words [.text-message+&amp;]:mt-5 overflow-x-auto\" data-message-author-role=\"assistant\" data-message-id=\"fc1bb2d3-3d3d-4ba1-874c-c6801f887127\"><div class=\"markdown prose w-full break-words dark:prose-invert light\"><p>G\u00f6nnen Sie sich einen sorgenfreien Urlaub mit Spainholidays4u.com! Entdecken Sie unsere gro\u00dfe Auswahl an Ferienh\u00e4usern mit privaten G\u00e4rten und Z\u00e4unen, die Ihren vierbeinigen Freunden den perfekten Platz zum Herumtollen bieten. W\u00e4hrend Ihr Hund die Freiheit im Freien genie\u00dft, k\u00f6nnen Sie sich am Pool entspannen, abschalten und jeden Moment Ihres wohlverdienten Urlaubs genie\u00dfen. Buchen Sie jetzt einen unvergesslichen Urlaub, der sowohl Ihnen als auch Ihrem geliebten Haustier gerecht wird.   <\/p><\/div><\/div><\/div>\t\t\t\t\t\t\t\t<\/div>\n\t\t\t\t<\/div>\n\t\t\t\t<\/div>\n\t\t<div class=\"elementor-element elementor-element-34d2344 e-con-full e-flex e-con e-child\" data-id=\"34d2344\" data-element_type=\"container\" data-e-type=\"container\">\n\t\t\t\t<div class=\"elementor-element elementor-element-2c85d13 elementor-hidden-tablet elementor-widget elementor-widget-image\" data-id=\"2c85d13\" data-element_type=\"widget\" data-e-type=\"widget\" data-widget_type=\"image.default\">\n\t\t\t\t<div class=\"elementor-widget-container\">\n\t\t\t\t\t\t\t\t\t\t\t\t\t\t\t<img fetchpriority=\"high\" decoding=\"async\" width=\"1024\" height=\"1024\" src=\"https:\/\/spainholidays4u.com\/wp-content\/uploads\/2025\/09\/pets-house-_1_.webp\" class=\"attachment-full size-full wp-image-3673\" alt=\"\" srcset=\"https:\/\/spainholidays4u.com\/wp-content\/uploads\/2025\/09\/pets-house-_1_.webp 1024w, https:\/\/spainholidays4u.com\/wp-content\/uploads\/2025\/09\/pets-house-_1_-300x300.webp 300w, https:\/\/spainholidays4u.com\/wp-content\/uploads\/2025\/09\/pets-house-_1_-150x150.webp 150w, https:\/\/spainholidays4u.com\/wp-content\/uploads\/2025\/09\/pets-house-_1_-768x768.webp 768w, https:\/\/spainholidays4u.com\/wp-content\/uploads\/2025\/09\/pets-house-_1_-60x60.webp 60w, https:\/\/spainholidays4u.com\/wp-content\/uploads\/2025\/09\/pets-house-_1_-600x600.webp 600w, https:\/\/spainholidays4u.com\/wp-content\/uploads\/2025\/09\/pets-house-_1_-100x100.webp 100w\" sizes=\"(max-width: 1024px) 100vw, 1024px\" \/>\t\t\t\t\t\t\t\t\t\t\t\t\t\t\t<\/div>\n\t\t\t\t<\/div>\n\t\t\t\t<\/div>\n\t\t\t\t\t<\/div>\n\t\t\t\t<\/div>\n\t\t<div class=\"elementor-element elementor-element-cdff7bc e-flex e-con-boxed e-con e-parent\" data-id=\"cdff7bc\" data-element_type=\"container\" data-e-type=\"container\" data-settings=\"{&quot;background_background&quot;:&quot;classic&quot;}\">\n\t\t\t\t\t<div class=\"e-con-inner\">\n\t\t<div class=\"elementor-element elementor-element-92d2f2b e-con-full e-flex e-con e-child\" data-id=\"92d2f2b\" data-element_type=\"container\" data-e-type=\"container\">\n\t\t\t\t<div class=\"elementor-element elementor-element-6ad41ed elementor-widget elementor-widget-heading\" data-id=\"6ad41ed\" data-element_type=\"widget\" data-e-type=\"widget\" data-widget_type=\"heading.default\">\n\t\t\t\t<div class=\"elementor-widget-container\">\n\t\t\t\t\t<h2 class=\"elementor-heading-title elementor-size-default\">Haustiere Urlaub Ferienh\u00e4user Costa Brava<\/h2>\t\t\t\t<\/div>\n\t\t\t\t<\/div>\n\t\t\t\t<div class=\"elementor-element elementor-element-dc4290e elementor-widget__width-inherit elementor-widget elementor-widget-text-editor\" data-id=\"dc4290e\" data-element_type=\"widget\" data-e-type=\"widget\" data-widget_type=\"text-editor.default\">\n\t\t\t\t<div class=\"elementor-widget-container\">\n\t\t\t\t\t\t\t\t\t<p>Wir bieten eine gro\u00dfe Auswahl an verschiedenen Arten von Ferienvillen und l\u00e4ndlichen Masia-H\u00e4usern an der Costa Brava. Informieren Sie sich daher rechtzeitig im Voraus, ob Ihr Haustier in Ihrer ausgew\u00e4hlten Unterkunft willkommen ist. Schauen Sie sich dazu die Beschreibung der Unterkunft auf der Website an. So finden und buchen Sie ganz einfach den perfekten Urlaub f\u00fcr die ganze Familie und den Hund!   <\/p><p>Wenn zus\u00e4tzlich zur Objektbeschreibung ein Preis f\u00fcr Haustiere angegeben ist, ist Ihr Haustier willkommen. In anderen F\u00e4llen k\u00f6nnen Sie fragen oder es kann sein. Eine Ausnahme  <\/p><p><strong>*<\/strong> Stellen Sie sicher, dass Hunde w\u00e4hrend der Hochsaison am Strand erlaubt sind! Dies ist nicht an allen Orten erlaubt. Stellen Sie sicher, dass Ihr Hund oder Ihre Katze immer einen Ausweis und einen Heimtierausweis dabei hat. So kann ich mir einen unbeschwerten Urlaub in Spanien mit meinem Hund sicher sein!   <\/p>\t\t\t\t\t\t\t\t<\/div>\n\t\t\t\t<\/div>\n\t\t\t\t<\/div>\n\t\t<div class=\"elementor-element elementor-element-0bebe1d e-con-full e-flex e-con e-child\" data-id=\"0bebe1d\" data-element_type=\"container\" data-e-type=\"container\">\n\t\t\t\t<div class=\"elementor-element elementor-element-b4f7a10 elementor-hidden-tablet elementor-widget elementor-widget-image\" data-id=\"b4f7a10\" data-element_type=\"widget\" data-e-type=\"widget\" data-widget_type=\"image.default\">\n\t\t\t\t<div class=\"elementor-widget-container\">\n\t\t\t\t\t\t\t\t\t\t\t\t\t\t\t<img decoding=\"async\" width=\"1920\" height=\"1280\" src=\"https:\/\/spainholidays4u.com\/wp-content\/uploads\/2025\/09\/perro-divirtiendose-en-la-playa-_1_-_1_.webp\" class=\"attachment-full size-full wp-image-3674\" alt=\"\" srcset=\"https:\/\/spainholidays4u.com\/wp-content\/uploads\/2025\/09\/perro-divirtiendose-en-la-playa-_1_-_1_.webp 1920w, https:\/\/spainholidays4u.com\/wp-content\/uploads\/2025\/09\/perro-divirtiendose-en-la-playa-_1_-_1_-300x200.webp 300w, https:\/\/spainholidays4u.com\/wp-content\/uploads\/2025\/09\/perro-divirtiendose-en-la-playa-_1_-_1_-1024x683.webp 1024w, https:\/\/spainholidays4u.com\/wp-content\/uploads\/2025\/09\/perro-divirtiendose-en-la-playa-_1_-_1_-768x512.webp 768w, https:\/\/spainholidays4u.com\/wp-content\/uploads\/2025\/09\/perro-divirtiendose-en-la-playa-_1_-_1_-1536x1024.webp 1536w, https:\/\/spainholidays4u.com\/wp-content\/uploads\/2025\/09\/perro-divirtiendose-en-la-playa-_1_-_1_-240x160.webp 240w, https:\/\/spainholidays4u.com\/wp-content\/uploads\/2025\/09\/perro-divirtiendose-en-la-playa-_1_-_1_-600x400.webp 600w\" sizes=\"(max-width: 1920px) 100vw, 1920px\" \/>\t\t\t\t\t\t\t\t\t\t\t\t\t\t\t<\/div>\n\t\t\t\t<\/div>\n\t\t\t\t<\/div>\n\t\t\t\t\t<\/div>\n\t\t\t\t<\/div>\n\t\t<div class=\"elementor-element elementor-element-bc3dfee e-flex e-con-boxed e-con e-parent\" data-id=\"bc3dfee\" data-element_type=\"container\" data-e-type=\"container\" data-settings=\"{&quot;background_background&quot;:&quot;classic&quot;}\">\n\t\t\t\t\t<div class=\"e-con-inner\">\n\t\t<div class=\"elementor-element elementor-element-d2c97e2 e-con-full e-flex e-con e-child\" data-id=\"d2c97e2\" data-element_type=\"container\" data-e-type=\"container\" data-settings=\"{&quot;background_background&quot;:&quot;classic&quot;}\">\n\t\t<div class=\"elementor-element elementor-element-dfb46f7 e-con-full e-flex e-con e-child\" data-id=\"dfb46f7\" data-element_type=\"container\" data-e-type=\"container\">\n\t\t\t\t<div class=\"elementor-element elementor-element-70d6d04 elementor-widget elementor-widget-heading\" data-id=\"70d6d04\" data-element_type=\"widget\" data-e-type=\"widget\" data-widget_type=\"heading.default\">\n\t\t\t\t<div class=\"elementor-widget-container\">\n\t\t\t\t\t<h2 class=\"elementor-heading-title elementor-size-default\">Hundefreundliche Str\u00e4nde in Spanien<\/h2>\t\t\t\t<\/div>\n\t\t\t\t<\/div>\n\t\t\t\t<div class=\"elementor-element elementor-element-ee0aa44 dd elementor-widget elementor-widget-html\" data-id=\"ee0aa44\" data-element_type=\"widget\" data-e-type=\"widget\" data-widget_type=\"html.default\">\n\t\t\t\t<div class=\"elementor-widget-container\">\n\t\t\t\t\t<iframe src=\"https:\/\/www.google.com\/maps\/d\/embed?mid=1AKEzPBB6ElmMcpr5fLmwOGrTpU0&amp;ehbc=2E312F\" width=\"640\" height=\"480\"><\/iframe>\t\t\t\t<\/div>\n\t\t\t\t<\/div>\n\t\t\t\t<\/div>\n\t\t\t\t<\/div>\n\t\t\t\t\t<\/div>\n\t\t\t\t<\/div>\n\t\t\t\t<\/div>\n\t\t","protected":false},"excerpt":{"rendered":"<p>Pet-Friendly Villas Ein Urlaub in einer Villa ist ohne die Anwesenheit Ihres vierbeinigen Freundes nicht komplett. Gl\u00fccklicherweise ist dies auch nicht notwendig! Spainholidays4u.com bietet viele Ferienvillen an der Costa Brava, in denen Ihr Haustier willkommen ist.Buchen Sie ein Ferienhaus in unmittelbarer N\u00e4he zum Wald, zu den Bergen oder im Landesinneren, wo Sie mit Ihrem Hund [&hellip;]<\/p>\n","protected":false},"author":1,"featured_media":0,"parent":0,"menu_order":0,"comment_status":"closed","ping_status":"closed","template":"","meta":{"_acf_changed":false,"footnotes":""},"class_list":["post-3679","page","type-page","status-publish","hentry"],"acf":[],"_links":{"self":[{"href":"https:\/\/spainholidays4u.com\/de\/wp-json\/wp\/v2\/pages\/3679","targetHints":{"allow":["GET"]}}],"collection":[{"href":"https:\/\/spainholidays4u.com\/de\/wp-json\/wp\/v2\/pages"}],"about":[{"href":"https:\/\/spainholidays4u.com\/de\/wp-json\/wp\/v2\/types\/page"}],"author":[{"embeddable":true,"href":"https:\/\/spainholidays4u.com\/de\/wp-json\/wp\/v2\/users\/1"}],"replies":[{"embeddable":true,"href":"https:\/\/spainholidays4u.com\/de\/wp-json\/wp\/v2\/comments?post=3679"}],"version-history":[{"count":1,"href":"https:\/\/spainholidays4u.com\/de\/wp-json\/wp\/v2\/pages\/3679\/revisions"}],"predecessor-version":[{"id":3681,"href":"https:\/\/spainholidays4u.com\/de\/wp-json\/wp\/v2\/pages\/3679\/revisions\/3681"}],"wp:attachment":[{"href":"https:\/\/spainholidays4u.com\/de\/wp-json\/wp\/v2\/media?parent=3679"}],"curies":[{"name":"wp","href":"https:\/\/api.w.org\/{rel}","templated":true}]}}