{"id":3670,"date":"2025-09-01T11:44:02","date_gmt":"2025-09-01T09:44:02","guid":{"rendered":"https:\/\/spainholidays4u.com\/informationen-service\/"},"modified":"2025-10-27T19:55:16","modified_gmt":"2025-10-27T17:55:16","slug":"informationen-service","status":"publish","type":"page","link":"https:\/\/spainholidays4u.com\/de\/informationen-service\/","title":{"rendered":"Informationen &amp; Service"},"content":{"rendered":"\t\t<div data-elementor-type=\"wp-page\" data-elementor-id=\"3670\" class=\"elementor elementor-3670 elementor-2498\" data-elementor-post-type=\"page\">\n\t\t\t\t<div class=\"elementor-element elementor-element-0409362 e-flex e-con-boxed e-con e-parent\" data-id=\"0409362\" data-element_type=\"container\" data-e-type=\"container\" data-settings=\"{&quot;background_background&quot;:&quot;classic&quot;}\">\n\t\t\t\t\t<div class=\"e-con-inner\">\n\t\t\t\t\t<\/div>\n\t\t\t\t<\/div>\n\t\t<div class=\"elementor-element elementor-element-7d5e3c2 e-flex e-con-boxed e-con e-parent\" data-id=\"7d5e3c2\" data-element_type=\"container\" data-e-type=\"container\" data-settings=\"{&quot;background_background&quot;:&quot;classic&quot;}\">\n\t\t\t\t\t<div class=\"e-con-inner\">\n\t\t<div class=\"elementor-element elementor-element-647f3af e-con-full e-flex e-con e-child\" data-id=\"647f3af\" data-element_type=\"container\" data-e-type=\"container\">\n\t\t\t\t<div class=\"elementor-element elementor-element-7ce652c elementor-widget elementor-widget-heading\" data-id=\"7ce652c\" data-element_type=\"widget\" data-e-type=\"widget\" data-widget_type=\"heading.default\">\n\t\t\t\t<div class=\"elementor-widget-container\">\n\t\t\t\t\t<h2 class=\"elementor-heading-title elementor-size-default\">Informationen &amp; Service<\/h2>\t\t\t\t<\/div>\n\t\t\t\t<\/div>\n\t\t\t\t<div class=\"elementor-element elementor-element-b389515 elementor-widget__width-inherit elementor-widget elementor-widget-text-editor\" data-id=\"b389515\" data-element_type=\"widget\" data-e-type=\"widget\" data-widget_type=\"text-editor.default\">\n\t\t\t\t<div class=\"elementor-widget-container\">\n\t\t\t\t\t\t\t\t\t<p>Es ist allgemein bekannt, dass Spanien schon seit jeher eines der beliebtesten Urlaubsziele in S\u00fcdeuropa ist. Die Anmietung einer Ferienvilla an der <g id=\"gid_0\">Costa Brava<\/g> k\u00f6nnte sowohl f\u00fcr gro\u00dfe Gruppen als auch f\u00fcr Familien eine willkommene L\u00f6sung sein. In der Regel ist dies g\u00fcnstiger als die Anmietung eines Ferienhauses f\u00fcr sich allein oder die Unterbringung in einem Hotelzimmer.  <\/p><p>Vielleicht ist es Ihr erstes Mal und Sie wissen nicht genau, wie man eine Ferienvilla mietet. Oder Sie reisen schon seit Jahren in diese Gegend, sind sich aber immer noch unsicher, welche Art von Ferienhaus f\u00fcr Sie und Ihre Mitreisenden am besten geeignet ist. Wir beantworten gerne alle Fragen, die Sie zu diesem Thema haben. Rufen Sie einfach unseren Helpdesk an.  <\/p><p>Bei Spainholidays4u sind wir immer bereit und gerne bereit, Sie so detailliert wie m\u00f6glich zu informieren. Wenn Sie eine Frage zu Ihrer Buchung oder zu Ihrer Ferienvilla haben, finden Sie die Antwort m\u00f6glicherweise sofort im Abschnitt mit den h\u00e4ufig gestellten Fragen auf unserer Seite <a href=\"https:\/\/spainholidays4u.com\/de\/haeufig-gestellte-fragen-faq\/\">F.A.Q..<\/a> <\/p><p>Wenn die Antwort auf Ihre Frage nicht im oben genannten Abschnitt aufgef\u00fchrt ist, empfehlen wir Ihnen, eine E-Mail an <img decoding=\"async\" class=\"alignnone size-full wp-image-10999 entered litespeed-loaded\" src=\"https:\/\/www.spainholidays4u.com\/wp-content\/uploads\/info@spainholidays4u.com_.png\" sizes=\"(max-width: 159px) 100vw, 159px\" srcset=\"https:\/\/www.spainholidays4u.com\/wp-content\/uploads\/info@spainholidays4u.com_.png 159w, https:\/\/www.spainholidays4u.com\/wp-content\/uploads\/info@spainholidays4u.com_-150x17.png 150w\" alt=\"\" width=\"159\" height=\"17\" data-lazyloaded=\"1\" data-src=\"https:\/\/www.spainholidays4u.com\/wp-content\/uploads\/info@spainholidays4u.com_.png\" data-srcset=\"https:\/\/www.spainholidays4u.com\/wp-content\/uploads\/info@spainholidays4u.com_.png 159w, https:\/\/www.spainholidays4u.com\/wp-content\/uploads\/info@spainholidays4u.com_-150x17.png 150w\" data-sizes=\"(max-width: 159px) 100vw, 159px\" data-ll-status=\"loaded\"><\/p>\t\t\t\t\t\t\t\t<\/div>\n\t\t\t\t<\/div>\n\t\t\t\t<\/div>\n\t\t<div class=\"elementor-element elementor-element-39ba542 e-con-full e-flex e-con e-child\" data-id=\"39ba542\" data-element_type=\"container\" data-e-type=\"container\">\n\t\t\t\t<div class=\"elementor-element elementor-element-0c09926 elementor-hidden-tablet elementor-widget elementor-widget-image\" data-id=\"0c09926\" data-element_type=\"widget\" data-e-type=\"widget\" data-widget_type=\"image.default\">\n\t\t\t\t<div class=\"elementor-widget-container\">\n\t\t\t\t\t\t\t\t\t\t\t\t\t\t\t<img fetchpriority=\"high\" decoding=\"async\" width=\"1920\" height=\"1281\" src=\"https:\/\/spainholidays4u.com\/wp-content\/uploads\/2025\/09\/information-holidays.webp\" class=\"attachment-full size-full wp-image-3668\" alt=\"\" srcset=\"https:\/\/spainholidays4u.com\/wp-content\/uploads\/2025\/09\/information-holidays.webp 1920w, https:\/\/spainholidays4u.com\/wp-content\/uploads\/2025\/09\/information-holidays-300x200.webp 300w, https:\/\/spainholidays4u.com\/wp-content\/uploads\/2025\/09\/information-holidays-1024x683.webp 1024w, https:\/\/spainholidays4u.com\/wp-content\/uploads\/2025\/09\/information-holidays-768x512.webp 768w, https:\/\/spainholidays4u.com\/wp-content\/uploads\/2025\/09\/information-holidays-1536x1025.webp 1536w, https:\/\/spainholidays4u.com\/wp-content\/uploads\/2025\/09\/information-holidays-240x160.webp 240w, https:\/\/spainholidays4u.com\/wp-content\/uploads\/2025\/09\/information-holidays-600x400.webp 600w\" sizes=\"(max-width: 1920px) 100vw, 1920px\" \/>\t\t\t\t\t\t\t\t\t\t\t\t\t\t\t<\/div>\n\t\t\t\t<\/div>\n\t\t\t\t<\/div>\n\t\t\t\t\t<\/div>\n\t\t\t\t<\/div>\n\t\t<div class=\"elementor-element elementor-element-e4aa0a0 e-flex e-con-boxed e-con e-parent\" data-id=\"e4aa0a0\" data-element_type=\"container\" data-e-type=\"container\" data-settings=\"{&quot;background_background&quot;:&quot;classic&quot;}\">\n\t\t\t\t\t<div class=\"e-con-inner\">\n\t\t<div class=\"elementor-element elementor-element-7790daf e-con-full e-flex e-con e-child\" data-id=\"7790daf\" data-element_type=\"container\" data-e-type=\"container\" data-settings=\"{&quot;background_background&quot;:&quot;classic&quot;}\">\n\t\t<div class=\"elementor-element elementor-element-1275230 e-con-full e-flex e-con e-child\" data-id=\"1275230\" data-element_type=\"container\" data-e-type=\"container\">\n\t\t\t\t<div class=\"elementor-element elementor-element-2c79329 elementor-widget elementor-widget-heading\" data-id=\"2c79329\" data-element_type=\"widget\" data-e-type=\"widget\" data-widget_type=\"heading.default\">\n\t\t\t\t<div class=\"elementor-widget-container\">\n\t\t\t\t\t<h2 class=\"elementor-heading-title elementor-size-default\">Kunden Service<\/h2>\t\t\t\t<\/div>\n\t\t\t\t<\/div>\n\t\t\t\t<div class=\"elementor-element elementor-element-42ff8d0 elementor-widget__width-inherit elementor-widget elementor-widget-text-editor\" data-id=\"42ff8d0\" data-element_type=\"widget\" data-e-type=\"widget\" data-widget_type=\"text-editor.default\">\n\t\t\t\t<div class=\"elementor-widget-container\">\n\t\t\t\t\t\t\t\t\t<p>Sie k\u00f6nnen Ihre Frage(n) auch stellen, indem Sie unseren Helpdesk in Spanien unter der folgenden Nummer anrufen:<br>Helpdesk Spanien 0034 -628 028 144<\/p><p>Von Montag bis einschlie\u00dflich Freitag von 10.00 Uhr bis 22.00 Uhr<br>Samstag: von 10.00 Uhr bis 21.00 Uhr<br>Sonntag: von 11.00 Uhr bis 20.00 Uhr<\/p>\t\t\t\t\t\t\t\t<\/div>\n\t\t\t\t<\/div>\n\t\t\t\t<\/div>\n\t\t\t\t<\/div>\n\t\t\t\t\t<\/div>\n\t\t\t\t<\/div>\n\t\t\t\t<\/div>\n\t\t","protected":false},"excerpt":{"rendered":"<p>Informationen &amp; Service Es ist allgemein bekannt, dass Spanien schon seit jeher eines der beliebtesten Urlaubsziele in S\u00fcdeuropa ist. Die Anmietung einer Ferienvilla an der Costa Brava k\u00f6nnte sowohl f\u00fcr gro\u00dfe Gruppen als auch f\u00fcr Familien eine willkommene L\u00f6sung sein. In der Regel ist dies g\u00fcnstiger als die Anmietung eines Ferienhauses f\u00fcr sich allein oder [&hellip;]<\/p>\n","protected":false},"author":1,"featured_media":0,"parent":0,"menu_order":0,"comment_status":"closed","ping_status":"closed","template":"","meta":{"_acf_changed":false,"footnotes":""},"class_list":["post-3670","page","type-page","status-publish","hentry"],"acf":[],"_links":{"self":[{"href":"https:\/\/spainholidays4u.com\/de\/wp-json\/wp\/v2\/pages\/3670","targetHints":{"allow":["GET"]}}],"collection":[{"href":"https:\/\/spainholidays4u.com\/de\/wp-json\/wp\/v2\/pages"}],"about":[{"href":"https:\/\/spainholidays4u.com\/de\/wp-json\/wp\/v2\/types\/page"}],"author":[{"embeddable":true,"href":"https:\/\/spainholidays4u.com\/de\/wp-json\/wp\/v2\/users\/1"}],"replies":[{"embeddable":true,"href":"https:\/\/spainholidays4u.com\/de\/wp-json\/wp\/v2\/comments?post=3670"}],"version-history":[{"count":1,"href":"https:\/\/spainholidays4u.com\/de\/wp-json\/wp\/v2\/pages\/3670\/revisions"}],"predecessor-version":[{"id":3671,"href":"https:\/\/spainholidays4u.com\/de\/wp-json\/wp\/v2\/pages\/3670\/revisions\/3671"}],"wp:attachment":[{"href":"https:\/\/spainholidays4u.com\/de\/wp-json\/wp\/v2\/media?parent=3670"}],"curies":[{"name":"wp","href":"https:\/\/api.w.org\/{rel}","templated":true}]}}