{"id":3658,"date":"2025-10-27T11:56:27","date_gmt":"2025-10-27T09:56:27","guid":{"rendered":"https:\/\/spainholidays4u.com\/costa-brava-catalonia\/"},"modified":"2025-10-27T19:46:11","modified_gmt":"2025-10-27T17:46:11","slug":"costa-brava-catalonia","status":"publish","type":"page","link":"https:\/\/spainholidays4u.com\/de\/costa-brava-catalonia\/","title":{"rendered":"Costa Brava Catalonia"},"content":{"rendered":"\t\t<div data-elementor-type=\"wp-page\" data-elementor-id=\"3658\" class=\"elementor elementor-3658 elementor-3077\" data-elementor-post-type=\"page\">\n\t\t\t\t<div class=\"elementor-element elementor-element-e6749aa e-flex e-con-boxed e-con e-parent\" data-id=\"e6749aa\" data-element_type=\"container\" data-e-type=\"container\" data-settings=\"{&quot;background_background&quot;:&quot;classic&quot;}\">\n\t\t\t\t\t<div class=\"e-con-inner\">\n\t\t\t\t\t<\/div>\n\t\t\t\t<\/div>\n\t\t<div class=\"elementor-element elementor-element-639cf51 e-flex e-con-boxed e-con e-parent\" data-id=\"639cf51\" data-element_type=\"container\" data-e-type=\"container\" data-settings=\"{&quot;background_background&quot;:&quot;classic&quot;}\">\n\t\t\t\t\t<div class=\"e-con-inner\">\n\t\t<div class=\"elementor-element elementor-element-cacff11 e-con-full e-flex e-con e-child\" data-id=\"cacff11\" data-element_type=\"container\" data-e-type=\"container\">\n\t\t\t\t<div class=\"elementor-element elementor-element-4c48d3c elementor-widget elementor-widget-heading\" data-id=\"4c48d3c\" data-element_type=\"widget\" data-e-type=\"widget\" data-widget_type=\"heading.default\">\n\t\t\t\t<div class=\"elementor-widget-container\">\n\t\t\t\t\t<h2 class=\"elementor-heading-title elementor-size-default\">Costa Brava: Ein beliebtes Reiseziel f\u00fcr Millionen von Touristen jedes Jahr!<\/h2>\t\t\t\t<\/div>\n\t\t\t\t<\/div>\n\t\t\t\t<div class=\"elementor-element elementor-element-3689796 elementor-widget__width-inherit elementor-widget elementor-widget-text-editor\" data-id=\"3689796\" data-element_type=\"widget\" data-e-type=\"widget\" data-widget_type=\"text-editor.default\">\n\t\t\t\t<div class=\"elementor-widget-container\">\n\t\t\t\t\t\t\t\t\t<p>Jahr f\u00fcr Jahr erobert die Costa Brava die Herzen von Millionen von Touristen und entwickelt sich zu einem beliebten Reiseziel f\u00fcr alle, die Sonne, Meer und unvergleichliche Sch\u00f6nheit suchen. Diese bezaubernde Region liegt an der atemberaubenden Mittelmeerk\u00fcste und bietet eine Vielzahl von Erlebnissen f\u00fcr jeden Reisetyp. <\/p><p>Von unber\u00fchrten Str\u00e4nden mit goldenem Sand bis hin zu charmanten K\u00fcstenst\u00e4dten voller Geschichte bietet die <strong>Costa Brava<\/strong> eine unwiderstehliche Mischung aus Naturwundern und kulturellen Sch\u00e4tzen. Touristen str\u00f6men herbei, um die lebendige lokale Kultur zu erkunden, sich mit k\u00f6stlicher mediterraner K\u00fcche zu verw\u00f6hnen und die herzliche Gastfreundschaft zu genie\u00dfen, die dieses spanische Juwel auszeichnet. <\/p><p>Mit einem vielf\u00e4ltigen Angebot an Aktivit\u00e4ten ist die Costa Brava sowohl f\u00fcr Abenteuerlustige als auch f\u00fcr Erholungssuchende genau das Richtige. Wassersport, malerische Wanderungen und kulturelle Ausfl\u00fcge versprechen einen unvergesslichen Urlaub f\u00fcr Besucher jeden Alters. <\/p><p>Begeben Sie sich auf eine Reise wo jeder sonnenverw\u00f6hnte Tag und sternenklaren Nacht zu einem unvergesslichen Erlebnis beitragen. Die Costa Brava erwartet Sie, bereit, Sie in einer Welt von a22&gt; unvergleichlicher Sch\u00f6nheit und unendlichen M\u00f6glichkeiten. Entdecken, genie\u00dfen, und schaffen Sie bleibende Erinnerungen in diesem faszinierenden K\u00fcstenparadies .  <\/p>\t\t\t\t\t\t\t\t<\/div>\n\t\t\t\t<\/div>\n\t\t\t\t<\/div>\n\t\t\t\t\t<\/div>\n\t\t\t\t<\/div>\n\t\t<div class=\"elementor-element elementor-element-f7c47d2 e-flex e-con-boxed e-con e-parent\" data-id=\"f7c47d2\" data-element_type=\"container\" data-e-type=\"container\" data-settings=\"{&quot;background_background&quot;:&quot;classic&quot;}\">\n\t\t\t\t\t<div class=\"e-con-inner\">\n\t\t<div class=\"elementor-element elementor-element-695ec8a e-con-full e-flex e-con e-child\" data-id=\"695ec8a\" data-element_type=\"container\" data-e-type=\"container\" data-settings=\"{&quot;background_background&quot;:&quot;classic&quot;}\">\n\t\t<div class=\"elementor-element elementor-element-cca59ca e-con-full e-flex e-con e-child\" data-id=\"cca59ca\" data-element_type=\"container\" data-e-type=\"container\" data-settings=\"{&quot;background_background&quot;:&quot;classic&quot;}\">\n\t\t\t\t<div class=\"elementor-element elementor-element-ba43683 elementor-arrows-position-outside elementor-widget elementor-widget-n-carousel\" data-id=\"ba43683\" data-element_type=\"widget\" data-e-type=\"widget\" data-settings=\"{&quot;carousel_items&quot;:[{&quot;slide_title&quot;:&quot;Salvador Dali&quot;,&quot;_id&quot;:&quot;3519e80&quot;},{&quot;slide_title&quot;:&quot;Playing Golf&quot;,&quot;_id&quot;:&quot;bbea940&quot;},{&quot;slide_title&quot;:&quot;Wine-growing region Empord\\u00e0&quot;,&quot;_id&quot;:&quot;841bcd2&quot;},{&quot;slide_title&quot;:&quot;Capmany&quot;,&quot;_id&quot;:&quot;6dfc21c&quot;},{&quot;slide_title&quot;:&quot;Best Hiking Trails in Catalonia&quot;,&quot;_id&quot;:&quot;e07d91c&quot;},{&quot;slide_title&quot;:&quot;Lake Banyoles&quot;,&quot;_id&quot;:&quot;034ea49&quot;}],&quot;slides_to_show&quot;:&quot;1&quot;,&quot;slides_to_show_tablet&quot;:&quot;1&quot;,&quot;slides_to_show_mobile&quot;:&quot;1&quot;,&quot;autoplay&quot;:&quot;yes&quot;,&quot;autoplay_speed&quot;:5000,&quot;pause_on_hover&quot;:&quot;yes&quot;,&quot;pause_on_interaction&quot;:&quot;yes&quot;,&quot;infinite&quot;:&quot;yes&quot;,&quot;speed&quot;:500,&quot;offset_sides&quot;:&quot;none&quot;,&quot;arrows&quot;:&quot;yes&quot;,&quot;image_spacing_custom&quot;:{&quot;unit&quot;:&quot;px&quot;,&quot;size&quot;:10,&quot;sizes&quot;:[]},&quot;image_spacing_custom_laptop&quot;:{&quot;unit&quot;:&quot;px&quot;,&quot;size&quot;:&quot;&quot;,&quot;sizes&quot;:[]},&quot;image_spacing_custom_tablet&quot;:{&quot;unit&quot;:&quot;px&quot;,&quot;size&quot;:&quot;&quot;,&quot;sizes&quot;:[]},&quot;image_spacing_custom_mobile_extra&quot;:{&quot;unit&quot;:&quot;px&quot;,&quot;size&quot;:&quot;&quot;,&quot;sizes&quot;:[]},&quot;image_spacing_custom_mobile&quot;:{&quot;unit&quot;:&quot;px&quot;,&quot;size&quot;:&quot;&quot;,&quot;sizes&quot;:[]}}\" data-widget_type=\"nested-carousel.default\">\n\t\t\t\t<div class=\"elementor-widget-container\">\n\t\t\t\t\t\t\t<div class=\"e-n-carousel swiper\" role=\"region\" aria-roledescription=\"carousel\" aria-label=\"Carousel\" dir=\"ltr\">\n\t\t\t<div class=\"swiper-wrapper\" aria-live=\"off\">\n\t\t\t\t\t\t\t\t\t\t<div class=\"swiper-slide\" data-slide=\"1\" role=\"group\" aria-roledescription=\"slide\" aria-label=\"1 von 6\">\n\t\t\t\t\t\t\t<div class=\"elementor-element elementor-element-8fb85bf e-flex e-con-boxed e-con e-child\" data-id=\"8fb85bf\" data-element_type=\"container\" data-e-type=\"container\">\n\t\t\t\t\t<div class=\"e-con-inner\">\n\t\t\t\t<div class=\"elementor-element elementor-element-139bdc4 elementor-vertical-align-middle elementor-widget elementor-widget-image-box\" data-id=\"139bdc4\" data-element_type=\"widget\" data-e-type=\"widget\" data-widget_type=\"image-box.default\">\n\t\t\t\t<div class=\"elementor-widget-container\">\n\t\t\t\t\t<div class=\"elementor-image-box-wrapper\"><div class=\"elementor-image-box-content\"><h3 class=\"elementor-image-box-title\">Salvador Dali<\/h3><p class=\"elementor-image-box-description\">Der in Figueres, direkt unterhalb der Pyren\u00e4en, geborene Dal\u00ed wurde zu einem der renommiertesten surrealistischen Maler und beeinflusste sogar Freud selbst. Die Dal\u00ed-Stiftung umfasst drei Museumsstandorte in Figueres, P\u00fabol und Port Lligat, die seine Kunst, sein Leben und seine Geschichte pr\u00e4sentieren. <\/p><\/div><\/div>\t\t\t\t<\/div>\n\t\t\t\t<\/div>\n\t\t\t\t\t<\/div>\n\t\t\t\t<\/div>\n\t\t\t\t\t\t\t\t<\/div>\n\t\t\t\t\t\t\t\t\t\t\t<div class=\"swiper-slide\" data-slide=\"2\" role=\"group\" aria-roledescription=\"slide\" aria-label=\"2 von 6\">\n\t\t\t\t\t\t\t<div class=\"elementor-element elementor-element-5715f99 e-flex e-con-boxed e-con e-child\" data-id=\"5715f99\" data-element_type=\"container\" data-e-type=\"container\">\n\t\t\t\t\t<div class=\"e-con-inner\">\n\t\t\t\t<div class=\"elementor-element elementor-element-a5895fc elementor-vertical-align-middle elementor-widget elementor-widget-image-box\" data-id=\"a5895fc\" data-element_type=\"widget\" data-e-type=\"widget\" data-widget_type=\"image-box.default\">\n\t\t\t\t<div class=\"elementor-widget-container\">\n\t\t\t\t\t<div class=\"elementor-image-box-wrapper\"><div class=\"elementor-image-box-content\"><h3 class=\"elementor-image-box-title\">Spielen Golf<\/h3><p class=\"elementor-image-box-description\">Wer gerne bei herrlichem Klima auf einem Golfplatz den Ball schl\u00e4gt, kommt an der Costa Brava voll auf seine Kosten. Es gibt mehr als genug Links- und Inland-Pl\u00e4tze (11x18 L\u00f6cher) f\u00fcr jeden Geschmack: z. B. Serres de Pals, Girona Golf, Peralada Golf, Golf Costa Brava und den besten Platz Spaniens, PGA Catalunya. <\/p><\/div><\/div>\t\t\t\t<\/div>\n\t\t\t\t<\/div>\n\t\t\t\t\t<\/div>\n\t\t\t\t<\/div>\n\t\t\t\t\t\t\t\t<\/div>\n\t\t\t\t\t\t\t\t\t\t\t<div class=\"swiper-slide\" data-slide=\"3\" role=\"group\" aria-roledescription=\"slide\" aria-label=\"3 von 6\">\n\t\t\t\t\t\t\t<div class=\"elementor-element elementor-element-c153d06 e-flex e-con-boxed e-con e-child\" data-id=\"c153d06\" data-element_type=\"container\" data-e-type=\"container\">\n\t\t\t\t\t<div class=\"e-con-inner\">\n\t\t\t\t<div class=\"elementor-element elementor-element-02f0aec elementor-vertical-align-middle elementor-widget elementor-widget-image-box\" data-id=\"02f0aec\" data-element_type=\"widget\" data-e-type=\"widget\" data-widget_type=\"image-box.default\">\n\t\t\t\t<div class=\"elementor-widget-container\">\n\t\t\t\t\t<div class=\"elementor-image-box-wrapper\"><div class=\"elementor-image-box-content\"><h3 class=\"elementor-image-box-title\">Wein- Anbaugebiet Region Empord\u00e0<\/h3><p class=\"elementor-image-box-description\">Das Weinanbaugebiet der Region konzentriert sich auf das Empord\u00e0, wo hochwertige DO-Weine produziert werden. Katalonien ist auch die Heimat des Cava. Es gibt zahlreiche Weinberge und Bodegas zu entdecken. Au\u00dferdem gibt es mehrere handwerkliche Oliven\u00f6lproduzenten.   <\/p><\/div><\/div>\t\t\t\t<\/div>\n\t\t\t\t<\/div>\n\t\t\t\t\t<\/div>\n\t\t\t\t<\/div>\n\t\t\t\t\t\t\t\t<\/div>\n\t\t\t\t\t\t\t\t\t\t\t<div class=\"swiper-slide\" data-slide=\"4\" role=\"group\" aria-roledescription=\"slide\" aria-label=\"4 von 6\">\n\t\t\t\t\t\t\t<div class=\"elementor-element elementor-element-2c47782 e-flex e-con-boxed e-con e-child\" data-id=\"2c47782\" data-element_type=\"container\" data-e-type=\"container\">\n\t\t\t\t\t<div class=\"e-con-inner\">\n\t\t\t\t<div class=\"elementor-element elementor-element-2c6c7ca elementor-vertical-align-middle elementor-widget elementor-widget-image-box\" data-id=\"2c6c7ca\" data-element_type=\"widget\" data-e-type=\"widget\" data-widget_type=\"image-box.default\">\n\t\t\t\t<div class=\"elementor-widget-container\">\n\t\t\t\t\t<div class=\"elementor-image-box-wrapper\"><div class=\"elementor-image-box-content\"><h3 class=\"elementor-image-box-title\">Capmany<\/h3><p class=\"elementor-image-box-description\">Wein Keller (Weine aus dem Fass, Cava. Champagner Museum). Wein Produktion seit 1764. <\/p><\/div><\/div>\t\t\t\t<\/div>\n\t\t\t\t<\/div>\n\t\t\t\t\t<\/div>\n\t\t\t\t<\/div>\n\t\t\t\t\t\t\t\t<\/div>\n\t\t\t\t\t\t\t\t\t\t\t<div class=\"swiper-slide\" data-slide=\"5\" role=\"group\" aria-roledescription=\"slide\" aria-label=\"5 von 6\">\n\t\t\t\t\t\t\t<div class=\"elementor-element elementor-element-e53f52f e-flex e-con-boxed e-con e-child\" data-id=\"e53f52f\" data-element_type=\"container\" data-e-type=\"container\">\n\t\t\t\t\t<div class=\"e-con-inner\">\n\t\t\t\t<div class=\"elementor-element elementor-element-a83e686 elementor-vertical-align-middle elementor-widget elementor-widget-image-box\" data-id=\"a83e686\" data-element_type=\"widget\" data-e-type=\"widget\" data-widget_type=\"image-box.default\">\n\t\t\t\t<div class=\"elementor-widget-container\">\n\t\t\t\t\t<div class=\"elementor-image-box-wrapper\"><div class=\"elementor-image-box-content\"><h3 class=\"elementor-image-box-title\">Die besten Wanderwege in Katalonien<\/h3><p class=\"elementor-image-box-description\">Wussten Sie, dass Katalonien der beste Ort f\u00fcr eine sch\u00f6ne Wanderung ist? Mit mehreren Nationalparks, rauschenden Wasserf\u00e4llen und Naturpfaden bietet Katalonien einige der atemberaubendsten Landschaften \u00fcberhaupt! Kehren Sie zur\u00fcck zur Natur und sehen Sie sich die Liste mit den besten Wandergebieten auf dem Land an.  <\/p><\/div><\/div>\t\t\t\t<\/div>\n\t\t\t\t<\/div>\n\t\t\t\t\t<\/div>\n\t\t\t\t<\/div>\n\t\t\t\t\t\t\t\t<\/div>\n\t\t\t\t\t\t\t\t\t\t\t<div class=\"swiper-slide\" data-slide=\"6\" role=\"group\" aria-roledescription=\"slide\" aria-label=\"6 von 6\">\n\t\t\t\t\t\t\t<div class=\"elementor-element elementor-element-a51b7fb e-flex e-con-boxed e-con e-child\" data-id=\"a51b7fb\" data-element_type=\"container\" data-e-type=\"container\">\n\t\t\t\t\t<div class=\"e-con-inner\">\n\t\t\t\t<div class=\"elementor-element elementor-element-0b4f35a elementor-vertical-align-middle elementor-widget elementor-widget-image-box\" data-id=\"0b4f35a\" data-element_type=\"widget\" data-e-type=\"widget\" data-widget_type=\"image-box.default\">\n\t\t\t\t<div class=\"elementor-widget-container\">\n\t\t\t\t\t<div class=\"elementor-image-box-wrapper\"><div class=\"elementor-image-box-content\"><h3 class=\"elementor-image-box-title\">See Banyoles \u2013 Vermietung von Kanus\/Booten, Wandern (Bergwandern)<\/h3><p class=\"elementor-image-box-description\">Nur einen Steinwurf von Girona entfernt liegt die Stadt Banyoles, mit dem gr\u00f6\u00dften nat\u00fcrlichen See in Katalonien, wo die a15&gt; Ruderveranstaltungen der Olympischen Spiele in Barcelona stattfanden. Rudern, Skull, Schwimmen, Joggen oder einfach spazieren gehen um den 8-Kilometer Umfang und beenden mit einem Getr\u00e4nk oder einer Mahlzeit in einem der am Seeufer gelegenen Caf\u00e9-Restaurants. <\/p><\/div><\/div>\t\t\t\t<\/div>\n\t\t\t\t<\/div>\n\t\t\t\t\t<\/div>\n\t\t\t\t<\/div>\n\t\t\t\t\t\t\t\t<\/div>\n\t\t\t\t\t\t\t\t<\/div>\n\t\t<\/div>\n\t\t\t\t\t<div class=\"elementor-swiper-button elementor-swiper-button-prev\" role=\"button\" tabindex=\"0\" aria-label=\"Voriger\">\n\t\t\t\t<i aria-hidden=\"true\" class=\"eicon-chevron-left\"><\/i>\t\t\t<\/div>\n\t\t\t<div class=\"elementor-swiper-button elementor-swiper-button-next\" role=\"button\" tabindex=\"0\" aria-label=\"N\u00e4chster\">\n\t\t\t\t<i aria-hidden=\"true\" class=\"eicon-chevron-right\"><\/i>\t\t\t<\/div>\n\t\t\t\t\t\t<\/div>\n\t\t\t\t<\/div>\n\t\t\t\t<\/div>\n\t\t<div class=\"elementor-element elementor-element-fd30887 e-con-full e-flex e-con e-child\" data-id=\"fd30887\" data-element_type=\"container\" data-e-type=\"container\">\n\t\t\t\t<div class=\"elementor-element elementor-element-14e057d elementor-widget elementor-widget-heading\" data-id=\"14e057d\" data-element_type=\"widget\" data-e-type=\"widget\" data-widget_type=\"heading.default\">\n\t\t\t\t<div class=\"elementor-widget-container\">\n\t\t\t\t\t<h2 class=\"elementor-heading-title elementor-size-default\">Entdecken Sie die Costa Brava<\/h2>\t\t\t\t<\/div>\n\t\t\t\t<\/div>\n\t\t\t\t<div class=\"elementor-element elementor-element-2927e98 elementor-widget__width-inherit elementor-widget elementor-widget-text-editor\" data-id=\"2927e98\" data-element_type=\"widget\" data-e-type=\"widget\" data-widget_type=\"text-editor.default\">\n\t\t\t\t<div class=\"elementor-widget-container\">\n\t\t\t\t\t\t\t\t\t<p>Besuchen Sie die K\u00fcstenorte von Palam\u00f3s oder Platja d\u2019Aro, beide mit einer entspannten, aber dennoch lebhaften Atmosph\u00e4re, vor allem in der Sommerzeit Saison. Hier finden Sie belebte kleine Einkaufsstra\u00dfen, sowie unz\u00e4hlige lokale und internationale Restaurants, gem\u00fctliche kleine Bars, Lounges und Caf\u00e9terrassen mit wo Sie die Sonne das Meer und Sangria genie\u00dfen k\u00f6nnen! Platja d\u2019Aro ist das Zentrum des Clubbing und a53&gt; Nachtleben f\u00fcr die gesamte Provinz.  <\/p><p>Es gibt auch eine Vielzahl von Unterhaltungsm\u00f6glichkeiten f\u00fcr unterschiedliche Geschm\u00e4cker: Wassersport, kulturelle Besichtigungen der zahlreichen mittelalterlichen D\u00f6rfer im Landesinneren, Outdoor-Aktivit\u00e4ten. Hier sind einige Ideen: <\/p>\t\t\t\t\t\t\t\t<\/div>\n\t\t\t\t<\/div>\n\t\t\t\t<\/div>\n\t\t\t\t<\/div>\n\t\t\t\t\t<\/div>\n\t\t\t\t<\/div>\n\t\t<div class=\"elementor-element elementor-element-bf642d2 e-flex e-con-boxed e-con e-parent\" data-id=\"bf642d2\" data-element_type=\"container\" data-e-type=\"container\" data-settings=\"{&quot;background_background&quot;:&quot;classic&quot;}\">\n\t\t\t\t\t<div class=\"e-con-inner\">\n\t\t<div class=\"elementor-element elementor-element-fe66748 e-con-full e-flex e-con e-child\" data-id=\"fe66748\" data-element_type=\"container\" data-e-type=\"container\">\n\t\t\t\t<div class=\"elementor-element elementor-element-6a054cd elementor-widget elementor-widget-heading\" data-id=\"6a054cd\" data-element_type=\"widget\" data-e-type=\"widget\" data-widget_type=\"heading.default\">\n\t\t\t\t<div class=\"elementor-widget-container\">\n\t\t\t\t\t<h2 class=\"elementor-heading-title elementor-size-default\">Gastronomie<\/h2>\t\t\t\t<\/div>\n\t\t\t\t<\/div>\n\t\t\t\t<div class=\"elementor-element elementor-element-fedde86 elementor-widget elementor-widget-text-editor\" data-id=\"fedde86\" data-element_type=\"widget\" data-e-type=\"widget\" data-widget_type=\"text-editor.default\">\n\t\t\t\t<div class=\"elementor-widget-container\">\n\t\t\t\t\t\t\t\t\t<p>Katalonien ist zweifellos das gastronomische Zentrum der Welt, mit mehr Michelin-Sternen pro Kopf in der Provinz Girona als irgendwo sonst. In der Stadt Girona befindet sich derzeit das beste Restaurant der Welt, Can Roca. Am unteren Ende des Marktes bieten lokale Restaurants an Wochentagen \u00fcberall ein Mittagsmen\u00fc an, das in der Regel aus drei G\u00e4ngen mit Brot und Wein besteht und zwischen 9 und 14 Euro kostet.  <\/p><p>Die K\u00fcche ist mediterran gepr\u00e4gt, mit viel frischem Fisch und Meeresfr\u00fcchten (z. B. den ber\u00fchmten Garnelen aus Palam\u00f3s und Sardellen aus L&#8217;Escala) aus dem Meer (Mar), kombiniert mit Schweinefleisch, Gefl\u00fcgel, Wurst und Kaninchen aus den Bergen (Muntanya) und dem typischen Dessert Cr\u00e8me Br\u00fbl\u00e9e (Crema Catalana). Das Men\u00fc ist in der Regel bis 16 Uhr erh\u00e4ltlich, daher empfiehlt es sich, das Abendessen gem\u00e4\u00df katalanischer Tradition auf nach 20 oder 21 Uhr zu verschieben. <\/p><h4>Michelin-Sterne-Restaurants<\/h4><p>El Celler de Can Roca*** (972 22 21 57).<br>Miramar**, Llan\u00e7\u00e0 (972 38 01 32).<br>Les Cols**, Olot (972 269 209).<br>Casamar*, Llafranc (972 30 01 04).<br>La Cuina de Can Simon*, Tossa de Mar (972 34 12 69).<br>Ca l&#8217;Enric*, La Vall de Bianya (972 29 00 15).<br>Ca l&#8217;Arpa*, Banyoles (972 57 23 53).<br>Bo.Tic*, Cor\u00e7\u00e0 (972 63 08 69).<br>Massana* (972 21 38 20).<br>Fonda Xesc*, Gombr\u00e9n (972 73 04 04).<br>Tinars*, Llagostera (972 830 626).<br>Les Magn\u00f2lies*, Arb\u00facies (972 860 879).<br>Els Brancs*, Roses (972 256 008).<br>Emporium*, Castell\u00f3 d&#8217;Emp\u00faries (972 250 593).<br>Castell de Perellada*, Perelada.<br>Terra*, S&#8217;Agar\u00f3 , Platja d&#8217;Aro (972 825 166).<\/p>\t\t\t\t\t\t\t\t<\/div>\n\t\t\t\t<\/div>\n\t\t\t\t<div class=\"elementor-element elementor-element-1c4c8f1 elementor-mobile_extra-align-justify elementor-widget elementor-widget-button\" data-id=\"1c4c8f1\" data-element_type=\"widget\" data-e-type=\"widget\" data-widget_type=\"button.default\">\n\t\t\t\t<div class=\"elementor-widget-container\">\n\t\t\t\t\t\t\t\t\t<div class=\"elementor-button-wrapper\">\n\t\t\t\t\t<a class=\"elementor-button elementor-button-link elementor-size-sm\" href=\"https:\/\/spainholidays4u.com\/de\/ferienhaeuser-costa-brava\/\">\n\t\t\t\t\t\t<span class=\"elementor-button-content-wrapper\">\n\t\t\t\t\t\t\t\t\t<span class=\"elementor-button-text\">SEHEN SIE SICH UNSERE IMMOBILIEN AN<\/span>\n\t\t\t\t\t<\/span>\n\t\t\t\t\t<\/a>\n\t\t\t\t<\/div>\n\t\t\t\t\t\t\t\t<\/div>\n\t\t\t\t<\/div>\n\t\t\t\t<\/div>\n\t\t\t\t\t<\/div>\n\t\t\t\t<\/div>\n\t\t<div class=\"elementor-element elementor-element-6465379 e-flex e-con-boxed e-con e-parent\" data-id=\"6465379\" data-element_type=\"container\" data-e-type=\"container\" data-settings=\"{&quot;background_background&quot;:&quot;classic&quot;}\">\n\t\t\t\t\t<div class=\"e-con-inner\">\n\t\t\t\t<div class=\"elementor-element elementor-element-ea742b8 elementor-widget elementor-widget-html\" data-id=\"ea742b8\" data-element_type=\"widget\" data-e-type=\"widget\" data-widget_type=\"html.default\">\n\t\t\t\t<div class=\"elementor-widget-container\">\n\t\t\t\t\t<h4><strong>Wasserwelt<\/strong><\/h4>\nEntdecken Sie die Wasserwelt mit Kamikaze, Rutschen, Wellenbecken, riesigem Wasserrad, X-Treme Mountain, Rafting-Fluss, Wasserberg, Str\u00f6mungsstrudel und f\u00fcr die Kleinen die Kinderinsel und die Familienlagune.<strong>\n<\/strong>\n<div data-tiqets-widget=\"discovery\" data-cards-layout=\"horizontal\" data-content-type=\"venue\" data-content-ids=\"192433\" data-language=\"en\" data-currency=\"GBP\" data-partner=\"spainholidays4u.com\"><\/div>\n<script defer src=\"https:\/\/widgets.tiqets.com\/loader.js\"><\/script>\n\n&nbsp;\n<h4><strong>Barcelona<\/strong><\/h4>\nEin faszinierender Besuch im Stadion und Museum des legend\u00e4ren Fu\u00dfballclubs FC Barcelona; Gaud\u00eds wundersch\u00f6ne Kathedrale, die \u201eSagrada Familia\u201c; die atemberaubend beleuchteten Springbrunnen von Montjuich. Genie\u00dfen Sie die Stadtrundfahrt und nehmen Sie sich etwas Zeit, um die Stadt auf eigene Faust zu entdecken. \n<div data-tiqets-widget=\"discovery\" data-cards-layout=\"horizontal\" data-content-type=\"venue\" data-content-ids=\"224102\" data-language=\"en\" data-currency=\"GBP\" data-partner=\"spainholidays4u.com\"><\/div>\n<script defer src=\"https:\/\/widgets.tiqets.com\/loader.js\"><\/script>\n\n<strong>Girona<\/strong>\nGirona ist seit jeher das Tor zu Spanien (Provinzhauptstadt). Die Kathedrale mit ihrer kolossalen Au\u00dfentreppe und dem Wandteppich aus dem 12. Jahrhundert, der die Geschichte der Sch\u00f6pfung erz\u00e4hlt, das alte j\u00fcdische Viertel n\u00f6rdlich der Carrer de la For\u00e7a, die arabischen B\u00e4der (Banys Arabs) mit ihren sp\u00e4tromanischen B\u00f6gen und das Kloster Sant Pere de Galligants sind die bemerkenswertesten Sehensw\u00fcrdigkeiten dieser Stadt. \n<h2><span class=\"HwtZe\" lang=\"en\"><span class=\"jCAhz ChMk0b\"><span class=\"ryNqvb\">Die sch\u00f6nsten Sehensw\u00fcrdigkeiten der Costa Brava\n<\/span><\/span><\/span><\/span><\/h2>\n<div data-tiqets-widget=\"discovery\" data-cards-layout=\"responsive\" data-content-type=\"product\" data-item_count=\"20\" data-destination-type=\"city\" data-destination-id=\"66342\" data-language=\"en\" data-currency=\"GBP\" data-partner=\"spainholidays4u.com\"><\/div>\n<script defer src=\"https:\/\/widgets.tiqets.com\/loader.js\"><\/script>\t\t\t\t<\/div>\n\t\t\t\t<\/div>\n\t\t\t\t\t<\/div>\n\t\t\t\t<\/div>\n\t\t\t\t<\/div>\n\t\t","protected":false},"excerpt":{"rendered":"<p>Costa Brava: Ein beliebtes Reiseziel f\u00fcr Millionen von Touristen jedes Jahr! Jahr f\u00fcr Jahr erobert die Costa Brava die Herzen von Millionen von Touristen und entwickelt sich zu einem beliebten Reiseziel f\u00fcr alle, die Sonne, Meer und unvergleichliche Sch\u00f6nheit suchen. Diese bezaubernde Region liegt an der atemberaubenden Mittelmeerk\u00fcste und bietet eine Vielzahl von Erlebnissen f\u00fcr [&hellip;]<\/p>\n","protected":false},"author":1,"featured_media":0,"parent":0,"menu_order":0,"comment_status":"closed","ping_status":"closed","template":"","meta":{"_acf_changed":false,"footnotes":""},"class_list":["post-3658","page","type-page","status-publish","hentry"],"acf":[],"_links":{"self":[{"href":"https:\/\/spainholidays4u.com\/de\/wp-json\/wp\/v2\/pages\/3658","targetHints":{"allow":["GET"]}}],"collection":[{"href":"https:\/\/spainholidays4u.com\/de\/wp-json\/wp\/v2\/pages"}],"about":[{"href":"https:\/\/spainholidays4u.com\/de\/wp-json\/wp\/v2\/types\/page"}],"author":[{"embeddable":true,"href":"https:\/\/spainholidays4u.com\/de\/wp-json\/wp\/v2\/users\/1"}],"replies":[{"embeddable":true,"href":"https:\/\/spainholidays4u.com\/de\/wp-json\/wp\/v2\/comments?post=3658"}],"version-history":[{"count":1,"href":"https:\/\/spainholidays4u.com\/de\/wp-json\/wp\/v2\/pages\/3658\/revisions"}],"predecessor-version":[{"id":3659,"href":"https:\/\/spainholidays4u.com\/de\/wp-json\/wp\/v2\/pages\/3658\/revisions\/3659"}],"wp:attachment":[{"href":"https:\/\/spainholidays4u.com\/de\/wp-json\/wp\/v2\/media?parent=3658"}],"curies":[{"name":"wp","href":"https:\/\/api.w.org\/{rel}","templated":true}]}}