{"id":3636,"date":"2025-08-28T19:15:52","date_gmt":"2025-08-28T17:15:52","guid":{"rendered":"https:\/\/spainholidays4u.com\/mietwagen\/"},"modified":"2025-10-27T19:34:50","modified_gmt":"2025-10-27T17:34:50","slug":"mietwagen","status":"publish","type":"page","link":"https:\/\/spainholidays4u.com\/de\/mietwagen\/","title":{"rendered":"Mietwagen"},"content":{"rendered":"\t\t<div data-elementor-type=\"wp-page\" data-elementor-id=\"3636\" class=\"elementor elementor-3636 elementor-2376\" data-elementor-post-type=\"page\">\n\t\t\t\t<div class=\"elementor-element elementor-element-039b24e e-flex e-con-boxed e-con e-parent\" data-id=\"039b24e\" data-element_type=\"container\" data-e-type=\"container\" data-settings=\"{&quot;background_background&quot;:&quot;classic&quot;}\">\n\t\t\t\t\t<div class=\"e-con-inner\">\n\t\t\t\t\t<\/div>\n\t\t\t\t<\/div>\n\t\t<div class=\"elementor-element elementor-element-bcbb536 e-flex e-con-boxed e-con e-parent\" data-id=\"bcbb536\" data-element_type=\"container\" data-e-type=\"container\" data-settings=\"{&quot;background_background&quot;:&quot;classic&quot;}\">\n\t\t\t\t\t<div class=\"e-con-inner\">\n\t\t<div class=\"elementor-element elementor-element-7b33ff3 e-con-full e-flex e-con e-child\" data-id=\"7b33ff3\" data-element_type=\"container\" data-e-type=\"container\">\n\t\t\t\t<div class=\"elementor-element elementor-element-3cc39bf elementor-widget elementor-widget-heading\" data-id=\"3cc39bf\" data-element_type=\"widget\" data-e-type=\"widget\" data-widget_type=\"heading.default\">\n\t\t\t\t<div class=\"elementor-widget-container\">\n\t\t\t\t\t<h2 class=\"elementor-heading-title elementor-size-default\">Costa Brava, Spanien<\/h2>\t\t\t\t<\/div>\n\t\t\t\t<\/div>\n\t\t\t\t<div class=\"elementor-element elementor-element-a2e3f5c elementor-widget__width-inherit elementor-widget elementor-widget-text-editor\" data-id=\"a2e3f5c\" data-element_type=\"widget\" data-e-type=\"widget\" data-widget_type=\"text-editor.default\">\n\t\t\t\t<div class=\"elementor-widget-container\">\n\t\t\t\t\t\t\t\t\t<p>Mit einem Mietwagen an der Costa Brava in Spanien l\u00e4sst sich diese wundersch\u00f6ne K\u00fcstenregion bequem erkunden. Die <a href=\"https:\/\/www.spainholidays4u.com\/costa-brava-catalonia\/\">Costa Brava<\/a> ist bekannt f\u00fcr ihre atemberaubenden Str\u00e4nde, charmanten D\u00f6rfer und malerischen Landschaften. Mit einem Auto k\u00f6nnen Sie ganz flexibel die versteckten Sch\u00e4tze dieser Region entdecken. <br>Es empfiehlt sich, Ihren Mietwagen im Voraus zu buchen, insbesondere wenn Sie w\u00e4hrend der Hauptreisezeit (in der Regel im Sommer) anreisen. So stellen Sie sicher, dass Sie den gew\u00fcnschten Fahrzeugtyp erhalten, und profitieren oft von g\u00fcnstigeren Preisen. <\/p><p>Um ein Auto in Spanien zu mieten, m\u00fcssen Sie in der Regel a7&gt; sein mindestens 21 Jahre alt und einen g\u00fcltigen F\u00fchrerschein besitzen. Einige Agenturen k\u00f6nnen ein einem Mindestalter von 25 Jahren f\u00fcr bestimmte Fahrzeugkategorien, und ein internationaler F\u00fchrerschein (IDP) kann erforderlich sein, wenn Ihr a35&gt; F\u00fchrerschein nicht in Spanisch oder Englisch ausgestellt ist. <\/p>\t\t\t\t\t\t\t\t<\/div>\n\t\t\t\t<\/div>\n\t\t\t\t<div class=\"elementor-element elementor-element-e298e92 elementor-widget elementor-widget-heading\" data-id=\"e298e92\" data-element_type=\"widget\" data-e-type=\"widget\" data-widget_type=\"heading.default\">\n\t\t\t\t<div class=\"elementor-widget-container\">\n\t\t\t\t\t<h3 class=\"elementor-heading-title elementor-size-default\">Das Auto inspizieren:<\/h3>\t\t\t\t<\/div>\n\t\t\t\t<\/div>\n\t\t\t\t<div class=\"elementor-element elementor-element-68ffd4e elementor-widget__width-inherit elementor-widget elementor-widget-text-editor\" data-id=\"68ffd4e\" data-element_type=\"widget\" data-e-type=\"widget\" data-widget_type=\"text-editor.default\">\n\t\t\t\t<div class=\"elementor-widget-container\">\n\t\t\t\t\t\t\t\t\t<p>Bevor Sie losfahren, \u00fcberpr\u00fcfen Sie das Fahrzeug gr\u00fcndlich auf bereits vorhandene Sch\u00e4den und lassen Sie diese von der Vermietungsagentur ordnungsgem\u00e4\u00df dokumentieren, damit Sie bei der R\u00fcckgabe des Fahrzeugs nicht daf\u00fcr haftbar gemacht werden.<\/p>\t\t\t\t\t\t\t\t<\/div>\n\t\t\t\t<\/div>\n\t\t\t\t<div class=\"elementor-element elementor-element-efa67e2 elementor-widget elementor-widget-heading\" data-id=\"efa67e2\" data-element_type=\"widget\" data-e-type=\"widget\" data-widget_type=\"heading.default\">\n\t\t\t\t<div class=\"elementor-widget-container\">\n\t\t\t\t\t<h3 class=\"elementor-heading-title elementor-size-default\">Das Auto zur\u00fcckgeben: <\/h3>\t\t\t\t<\/div>\n\t\t\t\t<\/div>\n\t\t\t\t<div class=\"elementor-element elementor-element-e41f09e elementor-widget__width-inherit elementor-widget elementor-widget-text-editor\" data-id=\"e41f09e\" data-element_type=\"widget\" data-e-type=\"widget\" data-widget_type=\"text-editor.default\">\n\t\t\t\t<div class=\"elementor-widget-container\">\n\t\t\t\t\t\t\t\t\t<p>Geben Sie das Auto p\u00fcnktlich und im gleichen Zustand zur\u00fcck, wie Sie es \u00fcbernommen haben. Seien Sie auf eine Endkontrolle vorbereitet und stellen Sie sicher, dass Sie alle Ihre pers\u00f6nlichen Gegenst\u00e4nde dabei haben. <\/p>\t\t\t\t\t\t\t\t<\/div>\n\t\t\t\t<\/div>\n\t\t\t\t<\/div>\n\t\t<div class=\"elementor-element elementor-element-bc79822 e-con-full e-flex e-con e-child\" data-id=\"bc79822\" data-element_type=\"container\" data-e-type=\"container\">\n\t\t\t\t<div class=\"elementor-element elementor-element-fbd26ad elementor-hidden-tablet elementor-widget elementor-widget-image\" data-id=\"fbd26ad\" data-element_type=\"widget\" data-e-type=\"widget\" data-widget_type=\"image.default\">\n\t\t\t\t<div class=\"elementor-widget-container\">\n\t\t\t\t\t\t\t\t\t\t\t\t\t\t\t<img fetchpriority=\"high\" decoding=\"async\" width=\"1000\" height=\"1500\" src=\"https:\/\/spainholidays4u.com\/wp-content\/uploads\/2025\/08\/about-spainholidays4u.jpg\" class=\"attachment-full size-full wp-image-3613\" alt=\"\" srcset=\"https:\/\/spainholidays4u.com\/wp-content\/uploads\/2025\/08\/about-spainholidays4u.jpg 1000w, https:\/\/spainholidays4u.com\/wp-content\/uploads\/2025\/08\/about-spainholidays4u-200x300.jpg 200w, https:\/\/spainholidays4u.com\/wp-content\/uploads\/2025\/08\/about-spainholidays4u-683x1024.jpg 683w, https:\/\/spainholidays4u.com\/wp-content\/uploads\/2025\/08\/about-spainholidays4u-768x1152.jpg 768w, https:\/\/spainholidays4u.com\/wp-content\/uploads\/2025\/08\/about-spainholidays4u-600x900.jpg 600w\" sizes=\"(max-width: 1000px) 100vw, 1000px\" \/>\t\t\t\t\t\t\t\t\t\t\t\t\t\t\t<\/div>\n\t\t\t\t<\/div>\n\t\t\t\t<\/div>\n\t\t\t\t\t<\/div>\n\t\t\t\t<\/div>\n\t\t<div class=\"elementor-element elementor-element-e58f939 e-flex e-con-boxed e-con e-parent\" data-id=\"e58f939\" data-element_type=\"container\" data-e-type=\"container\" data-settings=\"{&quot;background_background&quot;:&quot;classic&quot;}\">\n\t\t\t\t\t<div class=\"e-con-inner\">\n\t\t<div class=\"elementor-element elementor-element-d4370db e-con-full e-flex e-con e-child\" data-id=\"d4370db\" data-element_type=\"container\" data-e-type=\"container\">\n\t\t\t\t<div class=\"elementor-element elementor-element-fdaeed9 elementor-widget elementor-widget-heading\" data-id=\"fdaeed9\" data-element_type=\"widget\" data-e-type=\"widget\" data-widget_type=\"heading.default\">\n\t\t\t\t<div class=\"elementor-widget-container\">\n\t\t\t\t\t<h2 class=\"elementor-heading-title elementor-size-default\">Suche nach Autovermietungen Mietwagen<\/h2>\t\t\t\t<\/div>\n\t\t\t\t<\/div>\n\t\t\t\t<div class=\"elementor-element elementor-element-e494b59 elementor-widget elementor-widget-text-editor\" data-id=\"e494b59\" data-element_type=\"widget\" data-e-type=\"widget\" data-widget_type=\"text-editor.default\">\n\t\t\t\t<div class=\"elementor-widget-container\">\n\t\t\t\t\t\t\t\t\t<p>Mit Easyterra k\u00f6nnen Sie weltweit an 30.000 Standorten ein Auto mieten. Easyterra arbeitet mit mehr als 800 renommierten Autovermietungen weltweit zusammen. Dazu geh\u00f6ren bekannte Autovermietungsmarken wie Hertz, Budget, Sixt und Avis. Easyterra arbeitet auch mit kleineren lokalen Autovermietern zusammen, sodass immer ein passendes Angebot f\u00fcr jeden Bedarf gefunden werden kann.   <\/p><p>Ein Mietwagen an der Costa Brava bietet Ihnen die Freiheit, die Region in Ihrem eigenen Tempo zu erkunden, sodass Sie die malerischen K\u00fcstenst\u00e4dte, Str\u00e4nde und Naturattraktionen bequem besuchen k\u00f6nnen. Genie\u00dfen Sie Ihre Reise! <\/p>\t\t\t\t\t\t\t\t<\/div>\n\t\t\t\t<\/div>\n\t\t\t\t<\/div>\n\t\t<div class=\"elementor-element elementor-element-7f57e16 e-con-full e-flex e-con e-child\" data-id=\"7f57e16\" data-element_type=\"container\" data-e-type=\"container\">\n\t\t\t\t<div class=\"elementor-element elementor-element-04a5592 elementor-hidden-tablet elementor-widget elementor-widget-image\" data-id=\"04a5592\" data-element_type=\"widget\" data-e-type=\"widget\" data-widget_type=\"image.default\">\n\t\t\t\t<div class=\"elementor-widget-container\">\n\t\t\t\t\t\t\t\t\t\t\t\t\t\t\t<img decoding=\"async\" width=\"2000\" height=\"1125\" src=\"https:\/\/spainholidays4u.com\/wp-content\/uploads\/2025\/08\/2148732197-1.jpg\" class=\"attachment-full size-full wp-image-3633\" alt=\"\" srcset=\"https:\/\/spainholidays4u.com\/wp-content\/uploads\/2025\/08\/2148732197-1.jpg 2000w, https:\/\/spainholidays4u.com\/wp-content\/uploads\/2025\/08\/2148732197-1-300x169.jpg 300w, https:\/\/spainholidays4u.com\/wp-content\/uploads\/2025\/08\/2148732197-1-1024x576.jpg 1024w, https:\/\/spainholidays4u.com\/wp-content\/uploads\/2025\/08\/2148732197-1-768x432.jpg 768w, https:\/\/spainholidays4u.com\/wp-content\/uploads\/2025\/08\/2148732197-1-1536x864.jpg 1536w, https:\/\/spainholidays4u.com\/wp-content\/uploads\/2025\/08\/2148732197-1-805x453.jpg 805w, https:\/\/spainholidays4u.com\/wp-content\/uploads\/2025\/08\/2148732197-1-600x338.jpg 600w\" sizes=\"(max-width: 2000px) 100vw, 2000px\" \/>\t\t\t\t\t\t\t\t\t\t\t\t\t\t\t<\/div>\n\t\t\t\t<\/div>\n\t\t\t\t<\/div>\n\t\t\t\t\t<\/div>\n\t\t\t\t<\/div>\n\t\t\t\t<\/div>\n\t\t","protected":false},"excerpt":{"rendered":"<p>Costa Brava, Spanien Mit einem Mietwagen an der Costa Brava in Spanien l\u00e4sst sich diese wundersch\u00f6ne K\u00fcstenregion bequem erkunden. Die Costa Brava ist bekannt f\u00fcr ihre atemberaubenden Str\u00e4nde, charmanten D\u00f6rfer und malerischen Landschaften. Mit einem Auto k\u00f6nnen Sie ganz flexibel die versteckten Sch\u00e4tze dieser Region entdecken. Es empfiehlt sich, Ihren Mietwagen im Voraus zu buchen, [&hellip;]<\/p>\n","protected":false},"author":1,"featured_media":0,"parent":0,"menu_order":0,"comment_status":"closed","ping_status":"closed","template":"","meta":{"_acf_changed":false,"footnotes":""},"class_list":["post-3636","page","type-page","status-publish","hentry"],"acf":[],"_links":{"self":[{"href":"https:\/\/spainholidays4u.com\/de\/wp-json\/wp\/v2\/pages\/3636","targetHints":{"allow":["GET"]}}],"collection":[{"href":"https:\/\/spainholidays4u.com\/de\/wp-json\/wp\/v2\/pages"}],"about":[{"href":"https:\/\/spainholidays4u.com\/de\/wp-json\/wp\/v2\/types\/page"}],"author":[{"embeddable":true,"href":"https:\/\/spainholidays4u.com\/de\/wp-json\/wp\/v2\/users\/1"}],"replies":[{"embeddable":true,"href":"https:\/\/spainholidays4u.com\/de\/wp-json\/wp\/v2\/comments?post=3636"}],"version-history":[{"count":1,"href":"https:\/\/spainholidays4u.com\/de\/wp-json\/wp\/v2\/pages\/3636\/revisions"}],"predecessor-version":[{"id":3637,"href":"https:\/\/spainholidays4u.com\/de\/wp-json\/wp\/v2\/pages\/3636\/revisions\/3637"}],"wp:attachment":[{"href":"https:\/\/spainholidays4u.com\/de\/wp-json\/wp\/v2\/media?parent=3636"}],"curies":[{"name":"wp","href":"https:\/\/api.w.org\/{rel}","templated":true}]}}