{"id":3630,"date":"2025-10-27T18:47:32","date_gmt":"2025-10-27T16:47:32","guid":{"rendered":"https:\/\/spainholidays4u.com\/anreise\/"},"modified":"2026-01-26T09:04:52","modified_gmt":"2026-01-26T07:04:52","slug":"anreise","status":"publish","type":"page","link":"https:\/\/spainholidays4u.com\/de\/anreise\/","title":{"rendered":"Anreise"},"content":{"rendered":"\t\t<div data-elementor-type=\"wp-page\" data-elementor-id=\"3630\" class=\"elementor elementor-3630 elementor-3528\" data-elementor-post-type=\"page\">\n\t\t\t\t<div class=\"elementor-element elementor-element-e329952 e-flex e-con-boxed e-con e-parent\" data-id=\"e329952\" data-element_type=\"container\" data-e-type=\"container\" data-settings=\"{&quot;background_background&quot;:&quot;classic&quot;}\">\n\t\t\t\t\t<div class=\"e-con-inner\">\n\t\t\t\t\t<\/div>\n\t\t\t\t<\/div>\n\t\t<div class=\"elementor-element elementor-element-94749d4 e-flex e-con-boxed e-con e-parent\" data-id=\"94749d4\" data-element_type=\"container\" data-e-type=\"container\" data-settings=\"{&quot;background_background&quot;:&quot;classic&quot;}\">\n\t\t\t\t\t<div class=\"e-con-inner\">\n\t\t<div class=\"elementor-element elementor-element-fc27770 e-con-full e-flex e-con e-child\" data-id=\"fc27770\" data-element_type=\"container\" data-e-type=\"container\">\n\t\t\t\t<div class=\"elementor-element elementor-element-09b198c elementor-widget elementor-widget-heading\" data-id=\"09b198c\" data-element_type=\"widget\" data-e-type=\"widget\" data-widget_type=\"heading.default\">\n\t\t\t\t<div class=\"elementor-widget-container\">\n\t\t\t\t\t<h2 class=\"elementor-heading-title elementor-size-default\">Calonge<\/h2>\t\t\t\t<\/div>\n\t\t\t\t<\/div>\n\t\t\t\t<div class=\"elementor-element elementor-element-01da6fe elementor-widget__width-inherit elementor-widget elementor-widget-text-editor\" data-id=\"01da6fe\" data-element_type=\"widget\" data-e-type=\"widget\" data-widget_type=\"text-editor.default\">\n\t\t\t\t<div class=\"elementor-widget-container\">\n\t\t\t\t\t\t\t\t\t<p>Wie finden Sie den Weg zu Ihrer Ferienwohnung ? Nach Best\u00e4tigung und Bezahlung Ihrer Ferienunterkunft erhalten Sie erhalten Sie von uns per E-Mail einen Gutschein mit allen erforderlichen Informationen. Bei Ihrer Ankunft werden wir Ihnen gerne einige Informationen geben (um Ihnen einige Tipps zu geben) \u00fcber die Umgebung und Ihnen eine a43&gt; eine Erkl\u00e4rung \u00fcber die Ferienwohnung zu geben die Sie gemietet haben. <br>Von unserem B\u00fcro in Calonge \u2013 Costa Brava, unsere Mitarbeiter werden Sie begleiten zu Ihrem Urlaubsziel a63&gt; Urlaubsziel begleiten so schnell wie m\u00f6glich.  <\/p>\t\t\t\t\t\t\t\t<\/div>\n\t\t\t\t<\/div>\n\t\t\t\t<div class=\"elementor-element elementor-element-9a94c52 elementor-widget elementor-widget-heading\" data-id=\"9a94c52\" data-element_type=\"widget\" data-e-type=\"widget\" data-widget_type=\"heading.default\">\n\t\t\t\t<div class=\"elementor-widget-container\">\n\t\t\t\t\t<h2 class=\"elementor-heading-title elementor-size-default\">Flugzeug<\/h2>\t\t\t\t<\/div>\n\t\t\t\t<\/div>\n\t\t\t\t<div class=\"elementor-element elementor-element-90eee01 elementor-widget__width-inherit elementor-widget elementor-widget-text-editor\" data-id=\"90eee01\" data-element_type=\"widget\" data-e-type=\"widget\" data-widget_type=\"text-editor.default\">\n\t\t\t\t<div class=\"elementor-widget-container\">\n\t\t\t\t\t\t\t\t\t<p>Nat\u00fcrlich ist auch eine Anreise mit dem Flugzeug m\u00f6glich. Vergessen Sie nicht, die Flughafengeb\u00fchren zu beachten! Die Betr\u00e4ge k\u00f6nnen von Flughafen zu Flughafen sehr unterschiedlich sein! Um Ihr Urlaubsziel zu erreichen, k\u00f6nnen Sie zum Flughafen von Girona oder Barcelona fliegen. Weitere Fluginformationen finden Sie unter: www.ryanair.com, www.vueling.com    <\/p>\t\t\t\t\t\t\t\t<\/div>\n\t\t\t\t<\/div>\n\t\t\t\t<\/div>\n\t\t<div class=\"elementor-element elementor-element-dc1387a e-con-full e-flex e-con e-child\" data-id=\"dc1387a\" data-element_type=\"container\" data-e-type=\"container\">\n\t\t\t\t<div class=\"elementor-element elementor-element-e79b2d5 elementor-hidden-tablet elementor-widget elementor-widget-image\" data-id=\"e79b2d5\" data-element_type=\"widget\" data-e-type=\"widget\" data-widget_type=\"image.default\">\n\t\t\t\t<div class=\"elementor-widget-container\">\n\t\t\t\t\t\t\t\t\t\t\t\t\t\t\t<img fetchpriority=\"high\" decoding=\"async\" width=\"1920\" height=\"1440\" src=\"https:\/\/spainholidays4u.com\/wp-content\/uploads\/2025\/10\/paisaje-con-avion-volando-en-el-cielo-_1_-_1_.webp\" class=\"attachment-full size-full wp-image-3625\" alt=\"\" srcset=\"https:\/\/spainholidays4u.com\/wp-content\/uploads\/2025\/10\/paisaje-con-avion-volando-en-el-cielo-_1_-_1_.webp 1920w, https:\/\/spainholidays4u.com\/wp-content\/uploads\/2025\/10\/paisaje-con-avion-volando-en-el-cielo-_1_-_1_-300x225.webp 300w, https:\/\/spainholidays4u.com\/wp-content\/uploads\/2025\/10\/paisaje-con-avion-volando-en-el-cielo-_1_-_1_-1024x768.webp 1024w, https:\/\/spainholidays4u.com\/wp-content\/uploads\/2025\/10\/paisaje-con-avion-volando-en-el-cielo-_1_-_1_-768x576.webp 768w, https:\/\/spainholidays4u.com\/wp-content\/uploads\/2025\/10\/paisaje-con-avion-volando-en-el-cielo-_1_-_1_-1536x1152.webp 1536w\" sizes=\"(max-width: 1920px) 100vw, 1920px\" \/>\t\t\t\t\t\t\t\t\t\t\t\t\t\t\t<\/div>\n\t\t\t\t<\/div>\n\t\t\t\t<\/div>\n\t\t\t\t\t<\/div>\n\t\t\t\t<\/div>\n\t\t<div class=\"elementor-element elementor-element-3a5823a e-flex e-con-boxed e-con e-parent\" data-id=\"3a5823a\" data-element_type=\"container\" data-e-type=\"container\" data-settings=\"{&quot;background_background&quot;:&quot;classic&quot;}\">\n\t\t\t\t\t<div class=\"e-con-inner\">\n\t\t<div class=\"elementor-element elementor-element-a355052 e-con-full e-flex e-con e-child\" data-id=\"a355052\" data-element_type=\"container\" data-e-type=\"container\" data-settings=\"{&quot;background_background&quot;:&quot;classic&quot;}\">\n\t\t<div class=\"elementor-element elementor-element-6b0145e e-con-full e-flex e-con e-child\" data-id=\"6b0145e\" data-element_type=\"container\" data-e-type=\"container\" data-settings=\"{&quot;background_background&quot;:&quot;classic&quot;}\">\n\t\t\t\t<\/div>\n\t\t<div class=\"elementor-element elementor-element-308df9f e-con-full e-flex e-con e-child\" data-id=\"308df9f\" data-element_type=\"container\" data-e-type=\"container\">\n\t\t\t\t<div class=\"elementor-element elementor-element-b18aebd elementor-widget elementor-widget-heading\" data-id=\"b18aebd\" data-element_type=\"widget\" data-e-type=\"widget\" data-widget_type=\"heading.default\">\n\t\t\t\t<div class=\"elementor-widget-container\">\n\t\t\t\t\t<h2 class=\"elementor-heading-title elementor-size-default\">Mietwagen<\/h2>\t\t\t\t<\/div>\n\t\t\t\t<\/div>\n\t\t\t\t<div class=\"elementor-element elementor-element-b10c0a6 elementor-widget__width-inherit elementor-widget elementor-widget-text-editor\" data-id=\"b10c0a6\" data-element_type=\"widget\" data-e-type=\"widget\" data-widget_type=\"text-editor.default\">\n\t\t\t\t<div class=\"elementor-widget-container\">\n\t\t\t\t\t\t\t\t\t<p>Sie k\u00f6nnen <a href=\"https:\/\/www.spainholidays4u.com\/car-rental\/\">mieten ein Auto<\/a> direkt am Flughafen von Barcelona und Girona mieten. In Spanien wird ein Mietwagen immer ohne a17&gt; immer angeboten ohne eine Begrenzung der Anzahl der Kilometer Sie fahren. a23&gt; Anzahl der Kilometer Sie fahren werden fahren. Achten Sie darauf, dass Sie eine Kreditkarte besitzen, wenn Sie diese einl\u00f6sen m\u00f6chten. a37&gt; Sie vorhaben, Ihr Mietwagen abzuholen!!  <\/p>\t\t\t\t\t\t\t\t<\/div>\n\t\t\t\t<\/div>\n\t\t\t\t<div class=\"elementor-element elementor-element-5ef174b elementor-widget elementor-widget-heading\" data-id=\"5ef174b\" data-element_type=\"widget\" data-e-type=\"widget\" data-widget_type=\"heading.default\">\n\t\t\t\t<div class=\"elementor-widget-container\">\n\t\t\t\t\t<h2 class=\"elementor-heading-title elementor-size-default\">Reiseversicherung<\/h2>\t\t\t\t<\/div>\n\t\t\t\t<\/div>\n\t\t\t\t<div class=\"elementor-element elementor-element-402aa75 elementor-widget__width-inherit elementor-widget elementor-widget-text-editor\" data-id=\"402aa75\" data-element_type=\"widget\" data-e-type=\"widget\" data-widget_type=\"text-editor.default\">\n\t\t\t\t<div class=\"elementor-widget-container\">\n\t\t\t\t\t\t\t\t\t<p>Wir empfehlen Ihnen, eine solide Reise- und Reiser\u00fccktrittsversicherung abzuschlie\u00dfen.<\/p>\t\t\t\t\t\t\t\t<\/div>\n\t\t\t\t<\/div>\n\t\t\t\t<\/div>\n\t\t\t\t<\/div>\n\t\t\t\t\t<\/div>\n\t\t\t\t<\/div>\n\t\t<div class=\"elementor-element elementor-element-a2e4cb2 e-flex e-con-boxed e-con e-parent\" data-id=\"a2e4cb2\" data-element_type=\"container\" data-e-type=\"container\" data-settings=\"{&quot;background_background&quot;:&quot;classic&quot;}\">\n\t\t\t\t\t<div class=\"e-con-inner\">\n\t\t<div class=\"elementor-element elementor-element-4e2fa93 e-con-full e-flex e-con e-child\" data-id=\"4e2fa93\" data-element_type=\"container\" data-e-type=\"container\">\n\t\t\t\t<div class=\"elementor-element elementor-element-97c184f elementor-widget elementor-widget-heading\" data-id=\"97c184f\" data-element_type=\"widget\" data-e-type=\"widget\" data-widget_type=\"heading.default\">\n\t\t\t\t<div class=\"elementor-widget-container\">\n\t\t\t\t\t<h2 class=\"elementor-heading-title elementor-size-default\">Transfers von Girona \u2013 Flughafen Barcelona<\/h2>\t\t\t\t<\/div>\n\t\t\t\t<\/div>\n\t\t\t\t<div class=\"elementor-element elementor-element-31f8b9d elementor-widget elementor-widget-text-editor\" data-id=\"31f8b9d\" data-element_type=\"widget\" data-e-type=\"widget\" data-widget_type=\"text-editor.default\">\n\t\t\t\t<div class=\"elementor-widget-container\">\n\t\t\t\t\t\t\t\t\t<p class=\"p1\">Genie\u00dfen Sie Ihren privaten Transfer vom Flughafen Girona direkt zu Ihrer Urlaubsunterkunft. Transfer vom Flughafen in die Umgebung von Calonge oder umgekehrt.<\/p>\t\t\t\t\t\t\t\t<\/div>\n\t\t\t\t<\/div>\n\t\t\t\t<div class=\"elementor-element elementor-element-a5d3a71 elementor-widget elementor-widget-heading\" data-id=\"a5d3a71\" data-element_type=\"widget\" data-e-type=\"widget\" data-widget_type=\"heading.default\">\n\t\t\t\t<div class=\"elementor-widget-container\">\n\t\t\t\t\t<h3 class=\"elementor-heading-title elementor-size-default\">Preise ab Flughafen Girona:<\/h3>\t\t\t\t<\/div>\n\t\t\t\t<\/div>\n\t\t\t\t<div class=\"elementor-element elementor-element-c62ca0a elementor-widget elementor-widget-text-editor\" data-id=\"c62ca0a\" data-element_type=\"widget\" data-e-type=\"widget\" data-widget_type=\"text-editor.default\">\n\t\t\t\t<div class=\"elementor-widget-container\">\n\t\t\t\t\t\t\t\t\t<p class=\"p1\"><b>4 Personen:<\/b> 65,00 \u20ac<\/p>\t\t\t\t\t\t\t\t<\/div>\n\t\t\t\t<\/div>\n\t\t\t\t<div class=\"elementor-element elementor-element-670eaa0 elementor-widget elementor-widget-heading\" data-id=\"670eaa0\" data-element_type=\"widget\" data-e-type=\"widget\" data-widget_type=\"heading.default\">\n\t\t\t\t<div class=\"elementor-widget-container\">\n\t\t\t\t\t<h3 class=\"elementor-heading-title elementor-size-default\">Preise ab Flughafen Barcelona:<\/h3>\t\t\t\t<\/div>\n\t\t\t\t<\/div>\n\t\t\t\t<div class=\"elementor-element elementor-element-be21183 elementor-widget elementor-widget-text-editor\" data-id=\"be21183\" data-element_type=\"widget\" data-e-type=\"widget\" data-widget_type=\"text-editor.default\">\n\t\t\t\t<div class=\"elementor-widget-container\">\n\t\t\t\t\t\t\t\t\t<p class=\"p1\"><b>4 Personen:<\/b> 175,00 \u20ac<\/p>\t\t\t\t\t\t\t\t<\/div>\n\t\t\t\t<\/div>\n\t\t\t\t<div class=\"elementor-element elementor-element-dd8b400 elementor-widget elementor-widget-text-editor\" data-id=\"dd8b400\" data-element_type=\"widget\" data-e-type=\"widget\" data-widget_type=\"text-editor.default\">\n\t\t\t\t<div class=\"elementor-widget-container\">\n\t\t\t\t\t\t\t\t\t<p class=\"p1\">Sind Sie interessiert? Bitte geben Sie dies auf dem Reservierungsformular unter Angabe Ihrer Flugdaten an. <\/p>\t\t\t\t\t\t\t\t<\/div>\n\t\t\t\t<\/div>\n\t\t\t\t<\/div>\n\t\t<div class=\"elementor-element elementor-element-6313680 e-con-full e-flex e-con e-child\" data-id=\"6313680\" data-element_type=\"container\" data-e-type=\"container\">\n\t\t\t\t<div class=\"elementor-element elementor-element-a134123 elementor-hidden-tablet elementor-widget elementor-widget-image\" data-id=\"a134123\" data-element_type=\"widget\" data-e-type=\"widget\" data-widget_type=\"image.default\">\n\t\t\t\t<div class=\"elementor-widget-container\">\n\t\t\t\t\t\t\t\t\t\t\t\t\t\t\t<img decoding=\"async\" width=\"1920\" height=\"1280\" src=\"https:\/\/spainholidays4u.com\/wp-content\/uploads\/2025\/10\/arrival-transfer-private.webp\" class=\"attachment-full size-full wp-image-3627\" alt=\"\" srcset=\"https:\/\/spainholidays4u.com\/wp-content\/uploads\/2025\/10\/arrival-transfer-private.webp 1920w, https:\/\/spainholidays4u.com\/wp-content\/uploads\/2025\/10\/arrival-transfer-private-300x200.webp 300w, https:\/\/spainholidays4u.com\/wp-content\/uploads\/2025\/10\/arrival-transfer-private-1024x683.webp 1024w, https:\/\/spainholidays4u.com\/wp-content\/uploads\/2025\/10\/arrival-transfer-private-768x512.webp 768w, https:\/\/spainholidays4u.com\/wp-content\/uploads\/2025\/10\/arrival-transfer-private-1536x1024.webp 1536w\" sizes=\"(max-width: 1920px) 100vw, 1920px\" \/>\t\t\t\t\t\t\t\t\t\t\t\t\t\t\t<\/div>\n\t\t\t\t<\/div>\n\t\t\t\t<\/div>\n\t\t\t\t\t<\/div>\n\t\t\t\t<\/div>\n\t\t<div class=\"elementor-element elementor-element-ccce71d e-flex e-con-boxed e-con e-parent\" data-id=\"ccce71d\" data-element_type=\"container\" data-e-type=\"container\" data-settings=\"{&quot;background_background&quot;:&quot;classic&quot;}\">\n\t\t\t\t\t<div class=\"e-con-inner\">\n\t\t<div class=\"elementor-element elementor-element-d2b6fd3 e-con-full e-flex e-con e-child\" data-id=\"d2b6fd3\" data-element_type=\"container\" data-e-type=\"container\">\n\t\t\t\t<div class=\"elementor-element elementor-element-3431be5 elementor-widget elementor-widget-heading\" data-id=\"3431be5\" data-element_type=\"widget\" data-e-type=\"widget\" data-widget_type=\"heading.default\">\n\t\t\t\t<div class=\"elementor-widget-container\">\n\t\t\t\t\t<h2 class=\"elementor-heading-title elementor-size-default\">Ankunft in Calonge<\/h2>\t\t\t\t<\/div>\n\t\t\t\t<\/div>\n\t\t\t\t<div class=\"elementor-element elementor-element-084b65d elementor-widget elementor-widget-heading\" data-id=\"084b65d\" data-element_type=\"widget\" data-e-type=\"widget\" data-widget_type=\"heading.default\">\n\t\t\t\t<div class=\"elementor-widget-container\">\n\t\t\t\t\t<h3 class=\"elementor-heading-title elementor-size-default\">Schwarze Samstage<\/h3>\t\t\t\t<\/div>\n\t\t\t\t<\/div>\n\t\t\t\t<div class=\"elementor-element elementor-element-505bacd elementor-widget elementor-widget-text-editor\" data-id=\"505bacd\" data-element_type=\"widget\" data-e-type=\"widget\" data-widget_type=\"text-editor.default\">\n\t\t\t\t<div class=\"elementor-widget-container\">\n\t\t\t\t\t\t\t\t\t<p>\u201eSchwarze Samstage\u201c (Samedis Noirs) bezeichnen ber\u00fcchtigte Tage mit starkem Verkehr und Staus auf den Stra\u00dfen Frankreichs, insbesondere w\u00e4hrend der Sommerferienzeit. An diesen Tagen begeben sich Millionen franz\u00f6sischer und ausl\u00e4ndischer Touristen zu ihren Urlaubszielen oder kehren von dort zur\u00fcck, was zu massiven Staus und langen Reisezeiten f\u00fchrt. <\/p><p>Zusammenfassend l\u00e4sst sich sagen, dass die \u201eschwarzen Samstage\u201d in Frankreich Tage mit starker Verkehrs\u00fcberlastung w\u00e4hrend der Hochsaison der Sommerferien sind. Reisende werden dazu angehalten, ihre Reisen sorgf\u00e4ltig zu planen, alternative Verkehrsmittel in Betracht zu ziehen und sich \u00fcber die Verkehrslage auf dem Laufenden zu halten, um ihre Reise so reibungslos wie m\u00f6glich zu gestalten. <\/p><p><span class=\"HwtZe\" lang=\"en\"><span class=\"jCAhz ChMk0b\"><span class=\"ryNqvb\">Jedes Jahr erstellt der franz\u00f6sische Verkehrsdienst <a href=\"https:\/\/www.bison-fute.gouv.fr\/index,langen.html\" target=\"_blank\" rel=\"noopener\">Bison<\/a> Fut\u00e9 einen \u201eKalender mit Sto\u00dfzeiten\u201c, aus dem hervorgeht, wann die \u201eschwarzen Samstage\u201c stattfinden. <\/span><\/span><br><span class=\"jCAhz ChMk0b\"><span class=\"ryNqvb\">Beachten Sie jedoch, dass fast jedes Sommerwochenende eine verkehrsreiche Reisezeit ist.<\/span><\/span><\/span><\/p>\t\t\t\t\t\t\t\t<\/div>\n\t\t\t\t<\/div>\n\t\t\t\t<\/div>\n\t\t<div class=\"elementor-element elementor-element-61b62a7 e-con-full e-flex e-con e-child\" data-id=\"61b62a7\" data-element_type=\"container\" data-e-type=\"container\">\n\t\t\t\t<div class=\"elementor-element elementor-element-03d6ec6 elementor-hidden-tablet elementor-widget elementor-widget-image\" data-id=\"03d6ec6\" data-element_type=\"widget\" data-e-type=\"widget\" data-widget_type=\"image.default\">\n\t\t\t\t<div class=\"elementor-widget-container\">\n\t\t\t\t\t\t\t\t\t\t\t\t\t\t\t<img decoding=\"async\" width=\"1920\" height=\"1080\" src=\"https:\/\/spainholidays4u.com\/wp-content\/uploads\/2025\/10\/mujer-de-tiro-medio-con-mochila-en-la-estacion-de-autobuses-1-1.jpg\" class=\"attachment-full size-full wp-image-3628\" alt=\"\" srcset=\"https:\/\/spainholidays4u.com\/wp-content\/uploads\/2025\/10\/mujer-de-tiro-medio-con-mochila-en-la-estacion-de-autobuses-1-1.jpg 1920w, https:\/\/spainholidays4u.com\/wp-content\/uploads\/2025\/10\/mujer-de-tiro-medio-con-mochila-en-la-estacion-de-autobuses-1-1-300x169.jpg 300w, https:\/\/spainholidays4u.com\/wp-content\/uploads\/2025\/10\/mujer-de-tiro-medio-con-mochila-en-la-estacion-de-autobuses-1-1-1024x576.jpg 1024w, https:\/\/spainholidays4u.com\/wp-content\/uploads\/2025\/10\/mujer-de-tiro-medio-con-mochila-en-la-estacion-de-autobuses-1-1-768x432.jpg 768w, https:\/\/spainholidays4u.com\/wp-content\/uploads\/2025\/10\/mujer-de-tiro-medio-con-mochila-en-la-estacion-de-autobuses-1-1-1536x864.jpg 1536w\" sizes=\"(max-width: 1920px) 100vw, 1920px\" \/>\t\t\t\t\t\t\t\t\t\t\t\t\t\t\t<\/div>\n\t\t\t\t<\/div>\n\t\t\t\t<\/div>\n\t\t\t\t\t<\/div>\n\t\t\t\t<\/div>\n\t\t<div class=\"elementor-element elementor-element-a304478 e-flex e-con-boxed e-con e-parent\" data-id=\"a304478\" data-element_type=\"container\" data-e-type=\"container\" data-settings=\"{&quot;background_background&quot;:&quot;classic&quot;}\">\n\t\t\t\t\t<div class=\"e-con-inner\">\n\t\t<div class=\"elementor-element elementor-element-f35c0e6 e-con-full e-flex e-con e-child\" data-id=\"f35c0e6\" data-element_type=\"container\" data-e-type=\"container\">\n\t\t\t\t<div class=\"elementor-element elementor-element-5a87ee1 elementor-widget elementor-widget-heading\" data-id=\"5a87ee1\" data-element_type=\"widget\" data-e-type=\"widget\" data-widget_type=\"heading.default\">\n\t\t\t\t<div class=\"elementor-widget-container\">\n\t\t\t\t\t<h2 class=\"elementor-heading-title elementor-size-default\">Vorschl\u00e4ge vor Abreise<\/h2>\t\t\t\t<\/div>\n\t\t\t\t<\/div>\n\t\t\t\t<div class=\"elementor-element elementor-element-1481537 elementor-widget elementor-widget-text-editor\" data-id=\"1481537\" data-element_type=\"widget\" data-e-type=\"widget\" data-widget_type=\"text-editor.default\">\n\t\t\t\t<div class=\"elementor-widget-container\">\n\t\t\t\t\t\t\t\t\t<p><span id=\"result_box\" class=\"short_text\" lang=\"en\"><span class=\"\">\u00dcberpr\u00fcfen Sie vor Abfahrt Ihr Auto <span id=\"result_box\" class=\"\" lang=\"en\">ist bereit f\u00fcr <span class=\"gt-baf-word-clickable\">die Fahrt<\/span><\/span><\/span><br>\u00d6lstand und der Reifendruck der Reifen \u00fcberpr\u00fcfen. <br>Vergessen Sie nicht, Ihre Versicherungskarte mitzunehmen. -Versicherungskarte mitzunehmen.<br>\u00dcberpr\u00fcfen Sie die G\u00fcltigkeit Ihrer Reisedokumente a39&gt; Reisedokumente und Ihren F\u00fchrerschein <br>Haben Sie eine Reise &#8211; und Reiser\u00fccktrittsversicherung abgeschlossen?<br>Notieren Sie sich wichtige Telefonnummern auf a58&gt; die Sie erreichen k\u00f6nnen von Ihrer Heimat aus. <br>Wenn Sie wollen f\u00fcr eine Mittagspause anhalten wollen a75&gt; entlang der Autobahn einhalten m\u00f6chten, achten Sie darauf, dass Ihr Auto a82&gt; Auto auf einem klar ausgewiesenen Parkplatz abgestellt wird.<\/span><\/p>\t\t\t\t\t\t\t\t<\/div>\n\t\t\t\t<\/div>\n\t\t\t\t<\/div>\n\t\t<div class=\"elementor-element elementor-element-6d6d424 e-con-full e-flex e-con e-child\" data-id=\"6d6d424\" data-element_type=\"container\" data-e-type=\"container\">\n\t\t\t\t<div class=\"elementor-element elementor-element-7995ce0 elementor-hidden-tablet elementor-widget elementor-widget-image\" data-id=\"7995ce0\" data-element_type=\"widget\" data-e-type=\"widget\" data-widget_type=\"image.default\">\n\t\t\t\t<div class=\"elementor-widget-container\">\n\t\t\t\t\t\t\t\t\t\t\t\t\t\t\t<img loading=\"lazy\" decoding=\"async\" width=\"1024\" height=\"1024\" src=\"https:\/\/spainholidays4u.com\/wp-content\/uploads\/2025\/10\/unnamed-1-1.png\" class=\"attachment-full size-full wp-image-3629\" alt=\"\" srcset=\"https:\/\/spainholidays4u.com\/wp-content\/uploads\/2025\/10\/unnamed-1-1.png 1024w, https:\/\/spainholidays4u.com\/wp-content\/uploads\/2025\/10\/unnamed-1-1-300x300.png 300w, https:\/\/spainholidays4u.com\/wp-content\/uploads\/2025\/10\/unnamed-1-1-150x150.png 150w, https:\/\/spainholidays4u.com\/wp-content\/uploads\/2025\/10\/unnamed-1-1-768x768.png 768w\" sizes=\"(max-width: 1024px) 100vw, 1024px\" \/>\t\t\t\t\t\t\t\t\t\t\t\t\t\t\t<\/div>\n\t\t\t\t<\/div>\n\t\t\t\t<\/div>\n\t\t\t\t\t<\/div>\n\t\t\t\t<\/div>\n\t\t\t\t<\/div>\n\t\t","protected":false},"excerpt":{"rendered":"<p>Calonge Wie finden Sie den Weg zu Ihrer Ferienwohnung ? Nach Best\u00e4tigung und Bezahlung Ihrer Ferienunterkunft erhalten Sie erhalten Sie von uns per E-Mail einen Gutschein mit allen erforderlichen Informationen. Bei Ihrer Ankunft werden wir Ihnen gerne einige Informationen geben (um Ihnen einige Tipps zu geben) \u00fcber die Umgebung und Ihnen eine a43&gt; eine Erkl\u00e4rung [&hellip;]<\/p>\n","protected":false},"author":1,"featured_media":0,"parent":0,"menu_order":0,"comment_status":"closed","ping_status":"closed","template":"","meta":{"_acf_changed":false,"footnotes":""},"class_list":["post-3630","page","type-page","status-publish","hentry"],"acf":[],"_links":{"self":[{"href":"https:\/\/spainholidays4u.com\/de\/wp-json\/wp\/v2\/pages\/3630","targetHints":{"allow":["GET"]}}],"collection":[{"href":"https:\/\/spainholidays4u.com\/de\/wp-json\/wp\/v2\/pages"}],"about":[{"href":"https:\/\/spainholidays4u.com\/de\/wp-json\/wp\/v2\/types\/page"}],"author":[{"embeddable":true,"href":"https:\/\/spainholidays4u.com\/de\/wp-json\/wp\/v2\/users\/1"}],"replies":[{"embeddable":true,"href":"https:\/\/spainholidays4u.com\/de\/wp-json\/wp\/v2\/comments?post=3630"}],"version-history":[{"count":1,"href":"https:\/\/spainholidays4u.com\/de\/wp-json\/wp\/v2\/pages\/3630\/revisions"}],"predecessor-version":[{"id":3631,"href":"https:\/\/spainholidays4u.com\/de\/wp-json\/wp\/v2\/pages\/3630\/revisions\/3631"}],"wp:attachment":[{"href":"https:\/\/spainholidays4u.com\/de\/wp-json\/wp\/v2\/media?parent=3630"}],"curies":[{"name":"wp","href":"https:\/\/api.w.org\/{rel}","templated":true}]}}