{"id":3620,"date":"2025-10-27T12:41:14","date_gmt":"2025-10-27T10:41:14","guid":{"rendered":"https:\/\/spainholidays4u.com\/barrierefreiheitsrichtlinie\/"},"modified":"2025-10-27T19:30:03","modified_gmt":"2025-10-27T17:30:03","slug":"barrierefreiheitsrichtlinie","status":"publish","type":"page","link":"https:\/\/spainholidays4u.com\/de\/barrierefreiheitsrichtlinie\/","title":{"rendered":"Barrierefreiheitsrichtlinie"},"content":{"rendered":"\n<p>Barrierefreiheitsrichtlinie f\u00fcr die Website: www.spainholidays4u.com<\/p>\n\n<p>Datum des Inkrafttretens: 27.10.2025<\/p>\n\n<p><strong>1. Einleitung:<\/strong><\/p>\n\n<p>Spainholidays4u hat sich verpflichtet, allen Nutzern unabh\u00e4ngig von ihren k\u00f6rperlichen, kognitiven oder sensorischen F\u00e4higkeiten ein barrierefreies digitales Erlebnis zu bieten. Diese Richtlinie definiert unsere Leitlinien und Ziele, um die Barrierefreiheit unserer Website zu gew\u00e4hrleisten und international anerkannte Standards einzuhalten, darunter die Richtlinien f\u00fcr barrierefreie Webinhalte (WCAG) 2.1. <\/p>\n\n<p><strong>2. Verpflichtung zur Barrierefreiheit:<\/strong><\/p>\n\n<p>Wir sind bestrebt, unsere Website f\u00fcr alle zug\u00e4nglich zu machen und kontinuierlich Ma\u00dfnahmen zur Verbesserung der Barrierefreiheit zu ergreifen. Unser Entwicklungs- und Designteam ist bestrebt, in allen Phasen der Website-Entwicklung und -Neugestaltung die besten Praktiken im Bereich Barrierefreiheit zu befolgen. <\/p>\n\n<p><strong>3. Barrierefreiheit-Standards:<\/strong><\/p>\n\n<p>Unsere Website wird gem\u00e4\u00df den folgenden Standards f\u00fcr Barrierefreiheit gestaltet und gepflegt:<\/p>\n\n<ul class=\"wp-block-list\">\n<li>Einhaltung der Web Content Accessibility Guidelines (WCAG) 2.1, Stufe AA.<\/li>\n\n\n\n<li>Implementierung von HTML-Semantik zur Verbesserung des Verst\u00e4ndnisses von Inhalten und der Navigation.<\/li>\n\n\n\n<li>Verwendung von ARIA (barrierefreie Rich Internet-Anwendungen) zur Verbesserung der Barrierefreiheit von dynamischen Web-Anwendungen.<\/li>\n<\/ul>\n\n<p><br \/><strong>4. Kontinuierliche Pr\u00fcfung und Bewertung:<\/strong><\/p>\n\n<p>Wir werden regelm\u00e4\u00dfige Barrierefreiheitstests w\u00e4hrend der Entwicklung und a9&gt; Aktualisierungen der Website durchgef\u00fchrt. Dar\u00fcber hinaus werden regelm\u00e4\u00dfige \u00dcberpr\u00fcfungen durchgef\u00fchrt a17&gt; durchgef\u00fchrt, um die Einhaltung der Barrierefreiheitsstandards sicherzustellen. <\/p>\n\n<p><strong>5. Erleichtern Sie die Navigation:<\/strong><\/p>\n\n<p>Wir sorgen f\u00fcr eine klare und einheitliche Navigationsstruktur.<\/p>\n\n<p>Links und Schaltfl\u00e4chen m\u00fcssen aussagekr\u00e4ftige Beschreibungen enthalten, um das Verst\u00e4ndnis ihrer Funktion zu erleichtern.<\/p>\n\n<p><strong>6. Multimedia-Inhalte:<\/strong><\/p>\n\n<p>F\u00fcr Multimedia-Inhalte wie Bilder und Videos werden Textalternativen bereitgestellt.<\/p>\n\n<p>Untertitel und Transkripte werden f\u00fcr Audio- und Videoelemente verwendet.<\/p>\n\n<p><strong>7. Kontrast und Lesbarkeit:<\/strong><\/p>\n\n<p>Es ist f\u00fcr einen ausreichenden Kontrast zwischen Text und Hintergrund zu sorgen, um die Lesbarkeit zu verbessern.<\/p>\n\n<p>Benutzer k\u00f6nnen die Textgr\u00f6\u00dfe nach ihren Vorlieben anpassen.<\/p>\n\n<p><strong>8. Formulare und interaktive Elemente:<\/strong><\/p>\n\n<p>Formulare m\u00fcssen mit beschriftet sein a5&gt; klaren Bezeichnungen und beschreibenden Eingabefeldern ausgestattet sein.<\/p>\n\n<p>Es sind eindeutige Fehlermeldungen und L\u00f6sungen bereitzustellen, um die Korrektur von Fehlern in Formularen zu erleichtern.<\/p>\n\n<p><strong>9. Kompatibilit\u00e4t mit Browsern und Ger\u00e4ten:<\/strong><\/p>\n\n<p>Wir bem\u00fchen uns um Kompatibilit\u00e4t mit einer Vielzahl von Browsern und Ger\u00e4ten, einschlie\u00dflich assistiver Technologien.<\/p>\n\n<p><strong>10. Feedback und Verbesserungen:<\/strong><\/p>\n\n<p>Wir ermutigen Benutzer dazu Feedback zu geben \u00fcber die Barrierefreiheit unserer Website Wir werden solches Feedback ber\u00fccksichtigen und Ma\u00dfnahmen ergreifen, um alle M\u00e4ngel zu beheben. Wir werden solches Feedback ber\u00fccksichtigen und Ma\u00dfnahmen ergreifen Ma\u00dfnahmen ergreifen, um alle festgestellten Probleme zu beheben. <\/p>\n\n<p><strong>11. Kontakt:<\/strong><\/p>\n\n<p>Bei Fragen, Anmerkungen oder Problemen hinsichtlich der Barrierefreiheit unserer Website wenden Sie sich bitte an unser Support-Team unter info@spainholidays4u.com.<\/p>\n\n<p><strong>\u00dcberpr\u00fcfung und Aktualisierung der Richtlinien:<\/strong><\/p>\n\n<p>Diese Richtlinie wird regelm\u00e4\u00dfig \u00fcberpr\u00fcft, um sicherzustellen, dass sie relevant und wirksam bleibt. Bei Bedarf werden Aktualisierungen vorgenommen, um Ver\u00e4nderungen in der Technologie, Gesetzgebung und bew\u00e4hrten Verfahren im Bereich Barrierefreiheit Rechnung zu tragen. <\/p>\n\n<p>Wir bedanken uns f\u00fcr Ihre Mithilfe bei der Verbesserung der Barrierefreiheit unserer Website und der Schaffung eines inklusiven Online-Erlebnisses f\u00fcr alle Nutzer.<\/p>\n","protected":false},"excerpt":{"rendered":"<p>Barrierefreiheitsrichtlinie f\u00fcr die Website: www.spainholidays4u.com Datum des Inkrafttretens: 27.10.2025 1. Einleitung: Spainholidays4u hat sich verpflichtet, allen Nutzern unabh\u00e4ngig von ihren k\u00f6rperlichen, kognitiven oder sensorischen F\u00e4higkeiten ein barrierefreies digitales Erlebnis zu bieten. Diese Richtlinie definiert unsere Leitlinien und Ziele, um die Barrierefreiheit unserer Website zu gew\u00e4hrleisten und international anerkannte Standards einzuhalten, darunter die Richtlinien f\u00fcr barrierefreie [&hellip;]<\/p>\n","protected":false},"author":1,"featured_media":0,"parent":0,"menu_order":0,"comment_status":"closed","ping_status":"closed","template":"","meta":{"_acf_changed":false,"footnotes":""},"class_list":["post-3620","page","type-page","status-publish","hentry"],"acf":[],"_links":{"self":[{"href":"https:\/\/spainholidays4u.com\/de\/wp-json\/wp\/v2\/pages\/3620","targetHints":{"allow":["GET"]}}],"collection":[{"href":"https:\/\/spainholidays4u.com\/de\/wp-json\/wp\/v2\/pages"}],"about":[{"href":"https:\/\/spainholidays4u.com\/de\/wp-json\/wp\/v2\/types\/page"}],"author":[{"embeddable":true,"href":"https:\/\/spainholidays4u.com\/de\/wp-json\/wp\/v2\/users\/1"}],"replies":[{"embeddable":true,"href":"https:\/\/spainholidays4u.com\/de\/wp-json\/wp\/v2\/comments?post=3620"}],"version-history":[{"count":2,"href":"https:\/\/spainholidays4u.com\/de\/wp-json\/wp\/v2\/pages\/3620\/revisions"}],"predecessor-version":[{"id":3623,"href":"https:\/\/spainholidays4u.com\/de\/wp-json\/wp\/v2\/pages\/3620\/revisions\/3623"}],"wp:attachment":[{"href":"https:\/\/spainholidays4u.com\/de\/wp-json\/wp\/v2\/media?parent=3620"}],"curies":[{"name":"wp","href":"https:\/\/api.w.org\/{rel}","templated":true}]}}