{"id":3610,"date":"2025-07-14T20:45:30","date_gmt":"2025-07-14T18:45:30","guid":{"rendered":"https:\/\/spainholidays4u.com\/ueber-uns\/"},"modified":"2026-03-26T15:52:59","modified_gmt":"2026-03-26T13:52:59","slug":"ueber-uns","status":"publish","type":"page","link":"https:\/\/spainholidays4u.com\/de\/ueber-uns\/","title":{"rendered":"\u00dcber uns"},"content":{"rendered":"\t\t<div data-elementor-type=\"wp-page\" data-elementor-id=\"3610\" class=\"elementor elementor-3610 elementor-239\" data-elementor-post-type=\"page\">\n\t\t\t\t<main class=\"elementor-element elementor-element-d2cf34d e-flex e-con-boxed e-con e-parent\" data-id=\"d2cf34d\" data-element_type=\"container\" data-e-type=\"container\" data-settings=\"{&quot;background_background&quot;:&quot;classic&quot;}\">\n\t\t\t\t\t<div class=\"e-con-inner\">\n\t\t\t\t\t<\/div>\n\t\t\t\t<\/main>\n\t\t<div class=\"elementor-element elementor-element-0a59e86 e-flex e-con-boxed e-con e-parent\" data-id=\"0a59e86\" data-element_type=\"container\" data-e-type=\"container\" data-settings=\"{&quot;background_background&quot;:&quot;classic&quot;}\">\n\t\t\t\t\t<div class=\"e-con-inner\">\n\t\t<div class=\"elementor-element elementor-element-00042b9 e-con-full e-flex e-con e-child\" data-id=\"00042b9\" data-element_type=\"container\" data-e-type=\"container\">\n\t\t\t\t<div class=\"elementor-element elementor-element-db8cab6 elementor-widget elementor-widget-heading\" data-id=\"db8cab6\" data-element_type=\"widget\" data-e-type=\"widget\" data-widget_type=\"heading.default\">\n\t\t\t\t<div class=\"elementor-widget-container\">\n\t\t\t\t\t<h2 class=\"elementor-heading-title elementor-size-default\">Willkommen bei Spainholidays4u<\/h2>\t\t\t\t<\/div>\n\t\t\t\t<\/div>\n\t\t\t\t<div class=\"elementor-element elementor-element-612479b elementor-widget__width-inherit elementor-widget elementor-widget-text-editor\" data-id=\"612479b\" data-element_type=\"widget\" data-e-type=\"widget\" data-widget_type=\"text-editor.default\">\n\t\t\t\t<div class=\"elementor-widget-container\">\n\t\t\t\t\t\t\t\t\t<p>Spainholidays4u ist der Urlaubs Spezialist f\u00fcr einen angenehmen Aufenthalt in einem luxuri\u00f6sen Ferienhaus zu verbringen. Im Jahr 2005 haben wir mit der Vermietung Vermietung von Ferienh\u00e4usern an der Costa Brava in Spanien. Was als Hobby begann, hat sich zu einem vollwertigen Unternehmen mit einem sehr umfangreichenUnternehmen mit einem sehr a32&gt; breiten Palette an Ferienh\u00e4usern und Ferienwohnungen in Katalonien. Unser B\u00fcro befindet sich in Calonge, einem kleinen Dorf an der <a href=\"https:\/\/www.spainholidays4u.com\/costa-brava-catalonia\/\">Costa Brava<\/a>.   <\/p>\t\t\t\t\t\t\t\t<\/div>\n\t\t\t\t<\/div>\n\t\t\t\t<\/div>\n\t\t<div class=\"elementor-element elementor-element-804f1d1 e-con-full e-flex e-con e-child\" data-id=\"804f1d1\" data-element_type=\"container\" data-e-type=\"container\">\n\t\t\t\t<div class=\"elementor-element elementor-element-84201fc elementor-widget elementor-widget-image\" data-id=\"84201fc\" data-element_type=\"widget\" data-e-type=\"widget\" data-widget_type=\"image.default\">\n\t\t\t\t<div class=\"elementor-widget-container\">\n\t\t\t\t\t\t\t\t\t\t\t\t\t\t\t<img fetchpriority=\"high\" decoding=\"async\" width=\"1667\" height=\"834\" src=\"https:\/\/spainholidays4u.com\/wp-content\/uploads\/2025\/06\/spainholidays4u.png\" class=\"attachment-full size-full wp-image-3594\" alt=\"\" srcset=\"https:\/\/spainholidays4u.com\/wp-content\/uploads\/2025\/06\/spainholidays4u.png 1667w, https:\/\/spainholidays4u.com\/wp-content\/uploads\/2025\/06\/spainholidays4u-600x300.png 600w, https:\/\/spainholidays4u.com\/wp-content\/uploads\/2025\/06\/spainholidays4u-300x150.png 300w, https:\/\/spainholidays4u.com\/wp-content\/uploads\/2025\/06\/spainholidays4u-1024x512.png 1024w, https:\/\/spainholidays4u.com\/wp-content\/uploads\/2025\/06\/spainholidays4u-768x384.png 768w, https:\/\/spainholidays4u.com\/wp-content\/uploads\/2025\/06\/spainholidays4u-1536x768.png 1536w\" sizes=\"(max-width: 1667px) 100vw, 1667px\" \/>\t\t\t\t\t\t\t\t\t\t\t\t\t\t\t<\/div>\n\t\t\t\t<\/div>\n\t\t\t\t<\/div>\n\t\t\t\t\t<\/div>\n\t\t\t\t<\/div>\n\t\t<div class=\"elementor-element elementor-element-8eac75b e-flex e-con-boxed e-con e-parent\" data-id=\"8eac75b\" data-element_type=\"container\" data-e-type=\"container\" data-settings=\"{&quot;background_background&quot;:&quot;classic&quot;}\">\n\t\t\t\t\t<div class=\"e-con-inner\">\n\t\t<div class=\"elementor-element elementor-element-5853f5c e-con-full e-flex e-con e-child\" data-id=\"5853f5c\" data-element_type=\"container\" data-e-type=\"container\" data-settings=\"{&quot;background_background&quot;:&quot;classic&quot;}\">\n\t\t<div class=\"elementor-element elementor-element-a89828f e-con-full e-flex e-con e-child\" data-id=\"a89828f\" data-element_type=\"container\" data-e-type=\"container\" data-settings=\"{&quot;background_background&quot;:&quot;classic&quot;}\">\n\t\t\t\t<div class=\"elementor-element elementor-element-c7069c6 elementor-arrows-position-outside elementor-widget elementor-widget-n-carousel\" data-id=\"c7069c6\" data-element_type=\"widget\" data-e-type=\"widget\" data-settings=\"{&quot;carousel_items&quot;:[{&quot;slide_title&quot;:&quot;Carlos&quot;,&quot;_id&quot;:&quot;3519e80&quot;},{&quot;slide_title&quot;:&quot;Lotte&quot;,&quot;_id&quot;:&quot;bbea940&quot;},{&quot;slide_title&quot;:&quot;Jeremy&quot;,&quot;_id&quot;:&quot;841bcd2&quot;}],&quot;slides_to_show&quot;:&quot;1&quot;,&quot;slides_to_show_tablet&quot;:&quot;1&quot;,&quot;slides_to_show_mobile&quot;:&quot;1&quot;,&quot;autoplay&quot;:&quot;yes&quot;,&quot;autoplay_speed&quot;:5000,&quot;pause_on_hover&quot;:&quot;yes&quot;,&quot;pause_on_interaction&quot;:&quot;yes&quot;,&quot;infinite&quot;:&quot;yes&quot;,&quot;speed&quot;:500,&quot;offset_sides&quot;:&quot;none&quot;,&quot;arrows&quot;:&quot;yes&quot;,&quot;image_spacing_custom&quot;:{&quot;unit&quot;:&quot;px&quot;,&quot;size&quot;:10,&quot;sizes&quot;:[]},&quot;image_spacing_custom_laptop&quot;:{&quot;unit&quot;:&quot;px&quot;,&quot;size&quot;:&quot;&quot;,&quot;sizes&quot;:[]},&quot;image_spacing_custom_tablet&quot;:{&quot;unit&quot;:&quot;px&quot;,&quot;size&quot;:&quot;&quot;,&quot;sizes&quot;:[]},&quot;image_spacing_custom_mobile_extra&quot;:{&quot;unit&quot;:&quot;px&quot;,&quot;size&quot;:&quot;&quot;,&quot;sizes&quot;:[]},&quot;image_spacing_custom_mobile&quot;:{&quot;unit&quot;:&quot;px&quot;,&quot;size&quot;:&quot;&quot;,&quot;sizes&quot;:[]}}\" data-widget_type=\"nested-carousel.default\">\n\t\t\t\t<div class=\"elementor-widget-container\">\n\t\t\t\t\t\t\t<div class=\"e-n-carousel swiper\" role=\"region\" aria-roledescription=\"carousel\" aria-label=\"Carousel\" dir=\"ltr\">\n\t\t\t<div class=\"swiper-wrapper\" aria-live=\"off\">\n\t\t\t\t\t\t\t\t\t\t<div class=\"swiper-slide\" data-slide=\"1\" role=\"group\" aria-roledescription=\"slide\" aria-label=\"1 von 3\">\n\t\t\t\t\t\t\t<div class=\"elementor-element elementor-element-d9e0316 e-flex e-con-boxed e-con e-child\" data-id=\"d9e0316\" data-element_type=\"container\" data-e-type=\"container\">\n\t\t\t\t\t<div class=\"e-con-inner\">\n\t\t\t\t<div class=\"elementor-element elementor-element-6d6cfee elementor-position-left elementor-vertical-align-middle elementor-widget elementor-widget-image-box\" data-id=\"6d6cfee\" data-element_type=\"widget\" data-e-type=\"widget\" data-widget_type=\"image-box.default\">\n\t\t\t\t<div class=\"elementor-widget-container\">\n\t\t\t\t\t<div class=\"elementor-image-box-wrapper\"><figure class=\"elementor-image-box-img\"><img decoding=\"async\" width=\"500\" height=\"500\" src=\"https:\/\/spainholidays4u.com\/wp-content\/uploads\/2025\/08\/carlos-spainholidays4u-v.png\" class=\"attachment-full size-full wp-image-3595\" alt=\"\" srcset=\"https:\/\/spainholidays4u.com\/wp-content\/uploads\/2025\/08\/carlos-spainholidays4u-v.png 500w, https:\/\/spainholidays4u.com\/wp-content\/uploads\/2025\/08\/carlos-spainholidays4u-v-300x300.png 300w, https:\/\/spainholidays4u.com\/wp-content\/uploads\/2025\/08\/carlos-spainholidays4u-v-150x150.png 150w, https:\/\/spainholidays4u.com\/wp-content\/uploads\/2025\/08\/carlos-spainholidays4u-v-60x60.png 60w, https:\/\/spainholidays4u.com\/wp-content\/uploads\/2025\/08\/carlos-spainholidays4u-v-100x100.png 100w\" sizes=\"(max-width: 500px) 100vw, 500px\" \/><\/figure><div class=\"elementor-image-box-content\"><h3 class=\"elementor-image-box-title\">Carlos<\/h3><p class=\"elementor-image-box-description\">Carlos ist unser gesch\u00e4ftsf\u00fchrender Direktor, das L\u00e4cheln des Unternehmens und direkten Ansprechpartner von Ihnen. <\/p><\/div><\/div>\t\t\t\t<\/div>\n\t\t\t\t<\/div>\n\t\t\t\t\t<\/div>\n\t\t\t\t<\/div>\n\t\t\t\t\t\t\t\t<\/div>\n\t\t\t\t\t\t\t\t\t\t\t<div class=\"swiper-slide\" data-slide=\"2\" role=\"group\" aria-roledescription=\"slide\" aria-label=\"2 von 3\">\n\t\t\t\t\t\t\t<div class=\"elementor-element elementor-element-c49641f e-flex e-con-boxed e-con e-child\" data-id=\"c49641f\" data-element_type=\"container\" data-e-type=\"container\">\n\t\t\t\t\t<div class=\"e-con-inner\">\n\t\t\t\t<div class=\"elementor-element elementor-element-d3152d2 elementor-position-left elementor-vertical-align-middle elementor-widget elementor-widget-image-box\" data-id=\"d3152d2\" data-element_type=\"widget\" data-e-type=\"widget\" data-widget_type=\"image-box.default\">\n\t\t\t\t<div class=\"elementor-widget-container\">\n\t\t\t\t\t<div class=\"elementor-image-box-wrapper\"><figure class=\"elementor-image-box-img\"><img decoding=\"async\" width=\"500\" height=\"500\" src=\"https:\/\/spainholidays4u.com\/wp-content\/uploads\/2025\/08\/lotte-spainholidays4u.png\" class=\"attachment-full size-full wp-image-3596\" alt=\"\" srcset=\"https:\/\/spainholidays4u.com\/wp-content\/uploads\/2025\/08\/lotte-spainholidays4u.png 500w, https:\/\/spainholidays4u.com\/wp-content\/uploads\/2025\/08\/lotte-spainholidays4u-300x300.png 300w, https:\/\/spainholidays4u.com\/wp-content\/uploads\/2025\/08\/lotte-spainholidays4u-150x150.png 150w, https:\/\/spainholidays4u.com\/wp-content\/uploads\/2025\/08\/lotte-spainholidays4u-60x60.png 60w, https:\/\/spainholidays4u.com\/wp-content\/uploads\/2025\/08\/lotte-spainholidays4u-100x100.png 100w\" sizes=\"(max-width: 500px) 100vw, 500px\" \/><\/figure><div class=\"elementor-image-box-content\"><h3 class=\"elementor-image-box-title\">Lotte<\/h3><p class=\"elementor-image-box-description\">Unser Buchungskoordinator k\u00fcmmert sich um alle Reservierungen und sorgt daf\u00fcr jeden Gast sich willkommen f\u00fchlt und f\u00fcr einen reibungslosen Check-in sorgt. Engagiert damit sicherzustellen dass alles ist perfekt arrangiert f\u00fcr ein angenehmes und unterhaltsames Erlebnis. <\/p><\/div><\/div>\t\t\t\t<\/div>\n\t\t\t\t<\/div>\n\t\t\t\t\t<\/div>\n\t\t\t\t<\/div>\n\t\t\t\t\t\t\t\t<\/div>\n\t\t\t\t\t\t\t\t\t\t\t<div class=\"swiper-slide\" data-slide=\"3\" role=\"group\" aria-roledescription=\"slide\" aria-label=\"3 von 3\">\n\t\t\t\t\t\t\t<div class=\"elementor-element elementor-element-5aff99a e-flex e-con-boxed e-con e-child\" data-id=\"5aff99a\" data-element_type=\"container\" data-e-type=\"container\">\n\t\t\t\t\t<div class=\"e-con-inner\">\n\t\t\t\t<div class=\"elementor-element elementor-element-ccaa613 elementor-position-left elementor-vertical-align-middle elementor-widget elementor-widget-image-box\" data-id=\"ccaa613\" data-element_type=\"widget\" data-e-type=\"widget\" data-widget_type=\"image-box.default\">\n\t\t\t\t<div class=\"elementor-widget-container\">\n\t\t\t\t\t<div class=\"elementor-image-box-wrapper\"><figure class=\"elementor-image-box-img\"><img loading=\"lazy\" decoding=\"async\" width=\"500\" height=\"500\" src=\"https:\/\/spainholidays4u.com\/wp-content\/uploads\/2025\/08\/jeremy-spainholidays4u.png\" class=\"attachment-full size-full wp-image-3597\" alt=\"\" srcset=\"https:\/\/spainholidays4u.com\/wp-content\/uploads\/2025\/08\/jeremy-spainholidays4u.png 500w, https:\/\/spainholidays4u.com\/wp-content\/uploads\/2025\/08\/jeremy-spainholidays4u-300x300.png 300w, https:\/\/spainholidays4u.com\/wp-content\/uploads\/2025\/08\/jeremy-spainholidays4u-150x150.png 150w, https:\/\/spainholidays4u.com\/wp-content\/uploads\/2025\/08\/jeremy-spainholidays4u-60x60.png 60w, https:\/\/spainholidays4u.com\/wp-content\/uploads\/2025\/08\/jeremy-spainholidays4u-100x100.png 100w\" sizes=\"(max-width: 500px) 100vw, 500px\" \/><\/figure><div class=\"elementor-image-box-content\"><h3 class=\"elementor-image-box-title\">Jeremy<\/h3><p class=\"elementor-image-box-description\">Jeremy sorgt daf\u00fcr, dass jedes Mal, wenn G\u00e4ste das Haus betreten, der Wow-Effekt garantiert ist. <\/p><\/div><\/div>\t\t\t\t<\/div>\n\t\t\t\t<\/div>\n\t\t\t\t\t<\/div>\n\t\t\t\t<\/div>\n\t\t\t\t\t\t\t\t<\/div>\n\t\t\t\t\t\t\t\t<\/div>\n\t\t<\/div>\n\t\t\t\t\t<div class=\"elementor-swiper-button elementor-swiper-button-prev\" role=\"button\" tabindex=\"0\" aria-label=\"Voriger\">\n\t\t\t\t<i aria-hidden=\"true\" class=\"eicon-chevron-left\"><\/i>\t\t\t<\/div>\n\t\t\t<div class=\"elementor-swiper-button elementor-swiper-button-next\" role=\"button\" tabindex=\"0\" aria-label=\"N\u00e4chster\">\n\t\t\t\t<i aria-hidden=\"true\" class=\"eicon-chevron-right\"><\/i>\t\t\t<\/div>\n\t\t\t\t\t\t<\/div>\n\t\t\t\t<\/div>\n\t\t\t\t<\/div>\n\t\t<div class=\"elementor-element elementor-element-c600c69 e-con-full e-flex e-con e-child\" data-id=\"c600c69\" data-element_type=\"container\" data-e-type=\"container\">\n\t\t\t\t<div class=\"elementor-element elementor-element-8b95db4 elementor-widget elementor-widget-heading\" data-id=\"8b95db4\" data-element_type=\"widget\" data-e-type=\"widget\" data-widget_type=\"heading.default\">\n\t\t\t\t<div class=\"elementor-widget-container\">\n\t\t\t\t\t<h2 class=\"elementor-heading-title elementor-size-default\">Ein echtes Familienunternehmen<\/h2>\t\t\t\t<\/div>\n\t\t\t\t<\/div>\n\t\t\t\t<div class=\"elementor-element elementor-element-2c4d461 elementor-widget__width-inherit elementor-widget elementor-widget-text-editor\" data-id=\"2c4d461\" data-element_type=\"widget\" data-e-type=\"widget\" data-widget_type=\"text-editor.default\">\n\t\t\t\t<div class=\"elementor-widget-container\">\n\t\t\t\t\t\t\t\t\t<p>Wir sind ein echtes Familienunternehmen, das seit 2013 viele Familien aus aller Welt willkommen gehei\u00dfen hat, die in unseren zahlreichen Ferienunterk\u00fcnften einen unvergesslichen Urlaub verbracht haben. Auf unserer Website finden Sie daher eine \u00fcbersichtliche \u00dcbersicht \u00fcber alle einzigartigen Ferienh\u00e4user in Spanien. <\/p><p>Wir empfangen alle unsere G\u00e4ste pers\u00f6nlich in unserem B\u00fcro in Calonge oder direkt in Ihrem Ferienhaus. So k\u00f6nnen Sie einen wunderbaren Aufenthalt genie\u00dfen.  <\/p>\t\t\t\t\t\t\t\t<\/div>\n\t\t\t\t<\/div>\n\t\t\t\t<\/div>\n\t\t\t\t<\/div>\n\t\t\t\t\t<\/div>\n\t\t\t\t<\/div>\n\t\t<div class=\"elementor-element elementor-element-f75a87f e-flex e-con-boxed e-con e-parent\" data-id=\"f75a87f\" data-element_type=\"container\" data-e-type=\"container\" data-settings=\"{&quot;background_background&quot;:&quot;classic&quot;}\">\n\t\t\t\t\t<div class=\"e-con-inner\">\n\t\t<div class=\"elementor-element elementor-element-402af5b e-con-full e-flex e-con e-child\" data-id=\"402af5b\" data-element_type=\"container\" data-e-type=\"container\">\n\t\t\t\t<div class=\"elementor-element elementor-element-e12246a elementor-widget elementor-widget-heading\" data-id=\"e12246a\" data-element_type=\"widget\" data-e-type=\"widget\" data-widget_type=\"heading.default\">\n\t\t\t\t<div class=\"elementor-widget-container\">\n\t\t\t\t\t<h2 class=\"elementor-heading-title elementor-size-default\">Ferienwohnungen an der Costa Brava<\/h2>\t\t\t\t<\/div>\n\t\t\t\t<\/div>\n\t\t\t\t<div class=\"elementor-element elementor-element-8e2d9e5 elementor-widget elementor-widget-text-editor\" data-id=\"8e2d9e5\" data-element_type=\"widget\" data-e-type=\"widget\" data-widget_type=\"text-editor.default\">\n\t\t\t\t<div class=\"elementor-widget-container\">\n\t\t\t\t\t\t\t\t\t<p class=\"p1\">Bei Spainholidays4u glauben wir dass ein Urlaub sich wie eine R\u00fcckkehr nach Hause anf\u00fchlen sollte \u2013 entspannend, einladend, und sorgenfrei. Als ein stolzes Familienunternehmen, bieten wir seit bieten Ferienunterk\u00fcnfte an der Costa Brava seit 2005 an und kombiniert lokales Fachwissen mit einem tiefen Engagement f\u00fcr pers\u00f6nlichen Service. Was als kleines Leidenschaftsprojekt begann, hat sich zu einem vertrauensw\u00fcrdigen Namen im Bereich Ferienvermietungen gewachsen, mit einer handverlesenen Auswahl an a49&gt; wundersch\u00f6nen Villen und Apartments in ganz Katalonien.  <\/p><p class=\"p1\">Dank unserer Wurzeln im charmanten Dorf Calonge sind wir mehr als nur eine Vermietungsagentur \u2013 wir sind Ihre Gastgeber vor Ort. Unser eng verbundenes Team steht Ihnen jederzeit mit Insidertipps zu den besten Str\u00e4nden, Restaurants und versteckten Sch\u00e4tzen der Costa Brava zur Seite. Ganz gleich, ob Sie einen romantischen Kurzurlaub oder einen Familienurlaub planen, wir sorgen daf\u00fcr, dass Sie nicht nur ein Haus buchen, sondern ein Reiseziel erleben.  <\/p><p class=\"p1\">Wir sind sehr stolz darauf, unsere G\u00e4ste pers\u00f6nlich zu begr\u00fc\u00dfen und daf\u00fcr zu sorgen, dass jeder Aufenthalt mit einem L\u00e4cheln beginnt: frisch gemachte Betten, alle wichtigen Dinge vorhanden und bei Bedarf rund um die Uhr Unterst\u00fctzung. Wenn Sie bei Spainholidays4u buchen, sind Sie nicht nur eine Nummer \u2013 Sie sind Teil unserer Urlaubsfamilie. Lassen Sie uns Ihnen helfen, bleibende Erinnerungen an Spaniens atemberaubendster K\u00fcste zu schaffen.  <\/p>\t\t\t\t\t\t\t\t<\/div>\n\t\t\t\t<\/div>\n\t\t\t\t<div class=\"elementor-element elementor-element-cc54b71 elementor-mobile_extra-align-justify elementor-widget elementor-widget-button\" data-id=\"cc54b71\" data-element_type=\"widget\" data-e-type=\"widget\" data-widget_type=\"button.default\">\n\t\t\t\t<div class=\"elementor-widget-container\">\n\t\t\t\t\t\t\t\t\t<div class=\"elementor-button-wrapper\">\n\t\t\t\t\t<a class=\"elementor-button elementor-button-link elementor-size-sm\" href=\"https:\/\/spainholidays4u.com\/de\/ferienhaeuser-costa-brava\/\">\n\t\t\t\t\t\t<span class=\"elementor-button-content-wrapper\">\n\t\t\t\t\t\t\t\t\t<span class=\"elementor-button-text\">SEHEN SIE SICH UNSERE IMMOBILIEN AN<\/span>\n\t\t\t\t\t<\/span>\n\t\t\t\t\t<\/a>\n\t\t\t\t<\/div>\n\t\t\t\t\t\t\t\t<\/div>\n\t\t\t\t<\/div>\n\t\t\t\t<\/div>\n\t\t<div class=\"elementor-element elementor-element-aa231b8 e-con-full e-flex e-con e-child\" data-id=\"aa231b8\" data-element_type=\"container\" data-e-type=\"container\">\n\t\t\t\t<div class=\"elementor-element elementor-element-cea403d elementor-hidden-tablet elementor-widget elementor-widget-image\" data-id=\"cea403d\" data-element_type=\"widget\" data-e-type=\"widget\" data-widget_type=\"image.default\">\n\t\t\t\t<div class=\"elementor-widget-container\">\n\t\t\t\t\t\t\t\t\t\t\t\t\t\t\t<img loading=\"lazy\" decoding=\"async\" width=\"1058\" height=\"887\" src=\"https:\/\/spainholidays4u.com\/wp-content\/uploads\/2025\/10\/aboutsh4u.png\" class=\"attachment-full size-full wp-image-3598\" alt=\"\" srcset=\"https:\/\/spainholidays4u.com\/wp-content\/uploads\/2025\/10\/aboutsh4u.png 1058w, https:\/\/spainholidays4u.com\/wp-content\/uploads\/2025\/10\/aboutsh4u-300x252.png 300w, https:\/\/spainholidays4u.com\/wp-content\/uploads\/2025\/10\/aboutsh4u-1024x858.png 1024w, https:\/\/spainholidays4u.com\/wp-content\/uploads\/2025\/10\/aboutsh4u-768x644.png 768w\" sizes=\"(max-width: 1058px) 100vw, 1058px\" \/>\t\t\t\t\t\t\t\t\t\t\t\t\t\t\t<\/div>\n\t\t\t\t<\/div>\n\t\t\t\t<\/div>\n\t\t\t\t\t<\/div>\n\t\t\t\t<\/div>\n\t\t\t\t<\/div>\n\t\t","protected":false},"excerpt":{"rendered":"<p>Willkommen bei Spainholidays4u Spainholidays4u ist der Urlaubs Spezialist f\u00fcr einen angenehmen Aufenthalt in einem luxuri\u00f6sen Ferienhaus zu verbringen. Im Jahr 2005 haben wir mit der Vermietung Vermietung von Ferienh\u00e4usern an der Costa Brava in Spanien. Was als Hobby begann, hat sich zu einem vollwertigen Unternehmen mit einem sehr umfangreichenUnternehmen mit einem sehr a32&gt; breiten Palette [&hellip;]<\/p>\n","protected":false},"author":1,"featured_media":0,"parent":0,"menu_order":0,"comment_status":"closed","ping_status":"closed","template":"","meta":{"_acf_changed":false,"footnotes":""},"class_list":["post-3610","page","type-page","status-publish","hentry"],"acf":[],"_links":{"self":[{"href":"https:\/\/spainholidays4u.com\/de\/wp-json\/wp\/v2\/pages\/3610","targetHints":{"allow":["GET"]}}],"collection":[{"href":"https:\/\/spainholidays4u.com\/de\/wp-json\/wp\/v2\/pages"}],"about":[{"href":"https:\/\/spainholidays4u.com\/de\/wp-json\/wp\/v2\/types\/page"}],"author":[{"embeddable":true,"href":"https:\/\/spainholidays4u.com\/de\/wp-json\/wp\/v2\/users\/1"}],"replies":[{"embeddable":true,"href":"https:\/\/spainholidays4u.com\/de\/wp-json\/wp\/v2\/comments?post=3610"}],"version-history":[{"count":5,"href":"https:\/\/spainholidays4u.com\/de\/wp-json\/wp\/v2\/pages\/3610\/revisions"}],"predecessor-version":[{"id":4470,"href":"https:\/\/spainholidays4u.com\/de\/wp-json\/wp\/v2\/pages\/3610\/revisions\/4470"}],"wp:attachment":[{"href":"https:\/\/spainholidays4u.com\/de\/wp-json\/wp\/v2\/media?parent=3610"}],"curies":[{"name":"wp","href":"https:\/\/api.w.org\/{rel}","templated":true}]}}