{"id":3250,"date":"2025-06-11T05:13:04","date_gmt":"2025-06-11T03:13:04","guid":{"rendered":"https:\/\/spainholidays4u.com\/startseite\/"},"modified":"2025-10-31T14:15:02","modified_gmt":"2025-10-31T12:15:02","slug":"startseite","status":"publish","type":"page","link":"https:\/\/spainholidays4u.com\/de\/","title":{"rendered":"Startseite"},"content":{"rendered":"\t\t<div data-elementor-type=\"wp-page\" data-elementor-id=\"3250\" class=\"elementor elementor-3250 elementor-2\" data-elementor-post-type=\"page\">\n\t\t\t\t<div class=\"elementor-element elementor-element-22ea1ad e-flex e-con-boxed e-con e-parent\" data-id=\"22ea1ad\" data-element_type=\"container\" data-e-type=\"container\" data-settings=\"{&quot;background_background&quot;:&quot;video&quot;,&quot;background_video_link&quot;:&quot;https:\\\/\\\/www.youtube.com\\\/watch?v=5cuCzorDObE&quot;,&quot;shape_divider_bottom&quot;:&quot;wave-brush&quot;}\">\n\t\t\t\t\t<div class=\"e-con-inner\">\n\t\t<div class=\"elementor-background-video-container elementor-hidden-mobile\">\n\t\t\t\t\t\t\t<div class=\"elementor-background-video-embed\" role=\"presentation\"><\/div>\n\t\t\t\t\t\t<\/div>\t\t<div class=\"elementor-shape elementor-shape-bottom\" aria-hidden=\"true\" data-negative=\"false\">\n\t\t\t<svg xmlns=\"http:\/\/www.w3.org\/2000\/svg\" viewBox=\"0 0 283.5 27.8\" preserveAspectRatio=\"none\">\n\t<path class=\"elementor-shape-fill\" d=\"M283.5,9.7c0,0-7.3,4.3-14,4.6c-6.8,0.3-12.6,0-20.9-1.5c-11.3-2-33.1-10.1-44.7-5.7\ts-12.1,4.6-18,7.4c-6.6,3.2-20,9.6-36.6,9.3C131.6,23.5,99.5,7.2,86.3,8c-1.4,0.1-6.6,0.8-10.5,2c-3.8,1.2-9.4,3.8-17,4.7\tc-3.2,0.4-8.3,1.1-14.2,0.9c-1.5-0.1-6.3-0.4-12-1.6c-5.7-1.2-11-3.1-15.8-3.7C6.5,9.2,0,10.8,0,10.8V0h283.5V9.7z M260.8,11.3\tc-0.7-1-2-0.4-4.3-0.4c-2.3,0-6.1-1.2-5.8-1.1c0.3,0.1,3.1,1.5,6,1.9C259.7,12.2,261.4,12.3,260.8,11.3z M242.4,8.6\tc0,0-2.4-0.2-5.6-0.9c-3.2-0.8-10.3-2.8-15.1-3.5c-8.2-1.1-15.8,0-15.1,0.1c0.8,0.1,9.6-0.6,17.6,1.1c3.3,0.7,9.3,2.2,12.4,2.7\tC239.9,8.7,242.4,8.6,242.4,8.6z M185.2,8.5c1.7-0.7-13.3,4.7-18.5,6.1c-2.1,0.6-6.2,1.6-10,2c-3.9,0.4-8.9,0.4-8.8,0.5\tc0,0.2,5.8,0.8,11.2,0c5.4-0.8,5.2-1.1,7.6-1.6C170.5,14.7,183.5,9.2,185.2,8.5z M199.1,6.9c0.2,0-0.8-0.4-4.8,1.1\tc-4,1.5-6.7,3.5-6.9,3.7c-0.2,0.1,3.5-1.8,6.6-3C197,7.5,199,6.9,199.1,6.9z M283,6c-0.1,0.1-1.9,1.1-4.8,2.5s-6.9,2.8-6.7,2.7\tc0.2,0,3.5-0.6,7.4-2.5C282.8,6.8,283.1,5.9,283,6z M31.3,11.6c0.1-0.2-1.9-0.2-4.5-1.2s-5.4-1.6-7.8-2C15,7.6,7.3,8.5,7.7,8.6\tC8,8.7,15.9,8.3,20.2,9.3c2.2,0.5,2.4,0.5,5.7,1.6S31.2,11.9,31.3,11.6z M73,9.2c0.4-0.1,3.5-1.6,8.4-2.6c4.9-1.1,8.9-0.5,8.9-0.8\tc0-0.3-1-0.9-6.2-0.3S72.6,9.3,73,9.2z M71.6,6.7C71.8,6.8,75,5.4,77.3,5c2.3-0.3,1.9-0.5,1.9-0.6c0-0.1-1.1-0.2-2.7,0.2\tC74.8,5.1,71.4,6.6,71.6,6.7z M93.6,4.4c0.1,0.2,3.5,0.8,5.6,1.8c2.1,1,1.8,0.6,1.9,0.5c0.1-0.1-0.8-0.8-2.4-1.3\tC97.1,4.8,93.5,4.2,93.6,4.4z M65.4,11.1c-0.1,0.3,0.3,0.5,1.9-0.2s2.6-1.3,2.2-1.2s-0.9,0.4-2.5,0.8C65.3,10.9,65.5,10.8,65.4,11.1\tz M34.5,12.4c-0.2,0,2.1,0.8,3.3,0.9c1.2,0.1,2,0.1,2-0.2c0-0.3-0.1-0.5-1.6-0.4C36.6,12.8,34.7,12.4,34.5,12.4z M152.2,21.1\tc-0.1,0.1-2.4-0.3-7.5-0.3c-5,0-13.6-2.4-17.2-3.5c-3.6-1.1,10,3.9,16.5,4.1C150.5,21.6,152.3,21,152.2,21.1z\"\/>\n\t<path class=\"elementor-shape-fill\" d=\"M269.6,18c-0.1-0.1-4.6,0.3-7.2,0c-7.3-0.7-17-3.2-16.6-2.9c0.4,0.3,13.7,3.1,17,3.3\tC267.7,18.8,269.7,18,269.6,18z\"\/>\n\t<path class=\"elementor-shape-fill\" d=\"M227.4,9.8c-0.2-0.1-4.5-1-9.5-1.2c-5-0.2-12.7,0.6-12.3,0.5c0.3-0.1,5.9-1.8,13.3-1.2\tS227.6,9.9,227.4,9.8z\"\/>\n\t<path class=\"elementor-shape-fill\" d=\"M204.5,13.4c-0.1-0.1,2-1,3.2-1.1c1.2-0.1,2,0,2,0.3c0,0.3-0.1,0.5-1.6,0.4\tC206.4,12.9,204.6,13.5,204.5,13.4z\"\/>\n\t<path class=\"elementor-shape-fill\" d=\"M201,10.6c0-0.1-4.4,1.2-6.3,2.2c-1.9,0.9-6.2,3.1-6.1,3.1c0.1,0.1,4.2-1.6,6.3-2.6\tS201,10.7,201,10.6z\"\/>\n\t<path class=\"elementor-shape-fill\" d=\"M154.5,26.7c-0.1-0.1-4.6,0.3-7.2,0c-7.3-0.7-17-3.2-16.6-2.9c0.4,0.3,13.7,3.1,17,3.3\tC152.6,27.5,154.6,26.8,154.5,26.7z\"\/>\n\t<path class=\"elementor-shape-fill\" d=\"M41.9,19.3c0,0,1.2-0.3,2.9-0.1c1.7,0.2,5.8,0.9,8.2,0.7c4.2-0.4,7.4-2.7,7-2.6\tc-0.4,0-4.3,2.2-8.6,1.9c-1.8-0.1-5.1-0.5-6.7-0.4S41.9,19.3,41.9,19.3z\"\/>\n\t<path class=\"elementor-shape-fill\" d=\"M75.5,12.6c0.2,0.1,2-0.8,4.3-1.1c2.3-0.2,2.1-0.3,2.1-0.5c0-0.1-1.8-0.4-3.4,0\tC76.9,11.5,75.3,12.5,75.5,12.6z\"\/>\n\t<path class=\"elementor-shape-fill\" d=\"M15.6,13.2c0-0.1,4.3,0,6.7,0.5c2.4,0.5,5,1.9,5,2c0,0.1-2.7-0.8-5.1-1.4\tC19.9,13.7,15.7,13.3,15.6,13.2z\"\/>\n<\/svg>\t\t<\/div>\n\t\t<div class=\"elementor-element elementor-element-69135bd e-con-full e-flex e-con e-child\" data-id=\"69135bd\" data-element_type=\"container\" data-e-type=\"container\">\n\t\t\t\t<div class=\"elementor-element elementor-element-0a1d634 elementor-widget elementor-widget-heading\" data-id=\"0a1d634\" data-element_type=\"widget\" data-e-type=\"widget\" data-widget_type=\"heading.default\">\n\t\t\t\t<div class=\"elementor-widget-container\">\n\t\t\t\t\t<h2 class=\"elementor-heading-title elementor-size-default\">Ihre perfekte Flucht beginnt hier!<\/h2>\t\t\t\t<\/div>\n\t\t\t\t<\/div>\n\t\t\t\t<div class=\"elementor-element elementor-element-c78bed1 elementor-widget elementor-widget-heading\" data-id=\"c78bed1\" data-element_type=\"widget\" data-e-type=\"widget\" data-widget_type=\"heading.default\">\n\t\t\t\t<div class=\"elementor-widget-container\">\n\t\t\t\t\t<h1 class=\"elementor-heading-title elementor-size-default\">Spainholidays4u<\/h1>\t\t\t\t<\/div>\n\t\t\t\t<\/div>\n\t\t\t\t<\/div>\n\t\t\t\t\t<\/div>\n\t\t\t\t<\/div>\n\t\t<div class=\"elementor-element elementor-element-a6695d9 e-flex e-con-boxed e-con e-parent\" data-id=\"a6695d9\" data-element_type=\"container\" data-e-type=\"container\" data-settings=\"{&quot;background_background&quot;:&quot;classic&quot;}\">\n\t\t\t\t\t<div class=\"e-con-inner\">\n\t\t\t\t<div class=\"elementor-element elementor-element-35d249e elementor-widget__width-inherit elementor-widget elementor-widget-shortcode\" data-id=\"35d249e\" data-element_type=\"widget\" data-e-type=\"widget\" data-widget_type=\"shortcode.default\">\n\t\t\t\t<div class=\"elementor-widget-container\">\n\t\t\t\t\t\t\t<div class=\"elementor-shortcode\">        <irent-quicksearch id='IQuickSearch'\r\n            guid=\"2C987B1B-4E09-48CF-948F-90E42AE548B3\"\r\n            page-id=\"https:\/\/spainholidays4u.com\/holiday-homes-costa-brava\/\"\r\n            theme=\"theme_lblue\"\r\n            lang=\"de\"\r\n            css-urls=\"{&quot;common&quot;:&quot;https:\\\/\\\/spainholidays4u.com\\\/wp-content\\\/plugins\\\/single-page-booking-system\\\/views\\\/public\\\/..\\\/..\\\/assets\\\/css\\\/common.css&quot;}\"\r\n            js-urls=\"{&quot;common&quot;:&quot;https:\\\/\\\/spainholidays4u.com\\\/wp-content\\\/plugins\\\/single-page-booking-system\\\/views\\\/public\\\/..\\\/..\\\/assets\\\/js\\\/component-library.umd.cjs&quot;}\"\r\n        \/>\r\n    <\/div>\n\t\t\t\t\t\t<\/div>\n\t\t\t\t<\/div>\n\t\t\t\t\t<\/div>\n\t\t\t\t<\/div>\n\t\t<div class=\"elementor-element elementor-element-43d737a e-flex e-con-boxed e-con e-parent\" data-id=\"43d737a\" data-element_type=\"container\" data-e-type=\"container\" data-settings=\"{&quot;background_background&quot;:&quot;gradient&quot;}\">\n\t\t\t\t\t<div class=\"e-con-inner\">\n\t\t\t\t<div class=\"elementor-element elementor-element-1010d35 elementor-widget elementor-widget-heading\" data-id=\"1010d35\" data-element_type=\"widget\" data-e-type=\"widget\" data-widget_type=\"heading.default\">\n\t\t\t\t<div class=\"elementor-widget-container\">\n\t\t\t\t\t<h2 class=\"elementor-heading-title elementor-size-default\">Wann d\u00fcrfen wir Sie begr\u00fc\u00dfen?<\/h2>\t\t\t\t<\/div>\n\t\t\t\t<\/div>\n\t\t<div class=\"elementor-element elementor-element-122e8c8 e-con-full e-grid e-con e-child\" data-id=\"122e8c8\" data-element_type=\"container\" data-e-type=\"container\">\n\t\t<a class=\"elementor-element elementor-element-9bfccb3 e-con-full e-flex e-con e-child\" data-id=\"9bfccb3\" data-element_type=\"container\" data-e-type=\"container\" data-settings=\"{&quot;background_background&quot;:&quot;classic&quot;}\" href=\"https:\/\/spainholidays4u.com\/holiday-homes-costa-brava\/\">\n\t\t\t\t<div class=\"elementor-element elementor-element-42aa519 elementor-widget elementor-widget-heading\" data-id=\"42aa519\" data-element_type=\"widget\" data-e-type=\"widget\" data-widget_type=\"heading.default\">\n\t\t\t\t<div class=\"elementor-widget-container\">\n\t\t\t\t\t<h2 class=\"elementor-heading-title elementor-size-default\">Last minutes<\/h2>\t\t\t\t<\/div>\n\t\t\t\t<\/div>\n\t\t\t\t<\/a>\n\t\t<a class=\"elementor-element elementor-element-7570a99 e-con-full e-flex e-con e-child\" data-id=\"7570a99\" data-element_type=\"container\" data-e-type=\"container\" data-settings=\"{&quot;background_background&quot;:&quot;classic&quot;}\" href=\"https:\/\/spainholidays4u.com\/de\/ferienhaeuser-costa-brava\/?adults=1&#038;children=0&#038;infants=0&#038;arrival=01%2F12%2F2025&#038;departure=31%2F01%2F2026\">\n\t\t\t\t<div class=\"elementor-element elementor-element-640fc07 elementor-widget elementor-widget-heading\" data-id=\"640fc07\" data-element_type=\"widget\" data-e-type=\"widget\" data-widget_type=\"heading.default\">\n\t\t\t\t<div class=\"elementor-widget-container\">\n\t\t\t\t\t<h2 class=\"elementor-heading-title elementor-size-default\">Weihnachten 2025<\/h2>\t\t\t\t<\/div>\n\t\t\t\t<\/div>\n\t\t\t\t<\/a>\n\t\t<a class=\"elementor-element elementor-element-948b7c9 e-con-full e-flex e-con e-child\" data-id=\"948b7c9\" data-element_type=\"container\" data-e-type=\"container\" data-settings=\"{&quot;background_background&quot;:&quot;classic&quot;}\" href=\"https:\/\/spainholidays4u.com\/de\/ferienhaeuser-costa-brava\/?adults=1&#038;children=0&#038;infants=0&#038;arrival=01%2F04%2F2026&#038;departure=31%2F05%2F2026\">\n\t\t\t\t<div class=\"elementor-element elementor-element-2c92fff elementor-widget elementor-widget-heading\" data-id=\"2c92fff\" data-element_type=\"widget\" data-e-type=\"widget\" data-widget_type=\"heading.default\">\n\t\t\t\t<div class=\"elementor-widget-container\">\n\t\t\t\t\t<h2 class=\"elementor-heading-title elementor-size-default\">Fr\u00fchjahr 2026<\/h2>\t\t\t\t<\/div>\n\t\t\t\t<\/div>\n\t\t\t\t<\/a>\n\t\t<a class=\"elementor-element elementor-element-47a3c4a e-con-full e-flex e-con e-child\" data-id=\"47a3c4a\" data-element_type=\"container\" data-e-type=\"container\" data-settings=\"{&quot;background_background&quot;:&quot;classic&quot;}\" href=\"https:\/\/spainholidays4u.com\/de\/ferienhaeuser-costa-brava\/?adults=1&#038;children=0&#038;infants=0&#038;arrival=01%2F06%2F2026&#038;departure=30%2F09%2F2026\">\n\t\t\t\t<div class=\"elementor-element elementor-element-58b976f elementor-widget elementor-widget-heading\" data-id=\"58b976f\" data-element_type=\"widget\" data-e-type=\"widget\" data-widget_type=\"heading.default\">\n\t\t\t\t<div class=\"elementor-widget-container\">\n\t\t\t\t\t<h2 class=\"elementor-heading-title elementor-size-default\">Sommer 2026<\/h2>\t\t\t\t<\/div>\n\t\t\t\t<\/div>\n\t\t\t\t<\/a>\n\t\t\t\t<\/div>\n\t\t\t\t\t<\/div>\n\t\t\t\t<\/div>\n\t\t<div class=\"elementor-element elementor-element-d91ecd3 elementor-hidden-desktop elementor-hidden-laptop elementor-hidden-tablet elementor-hidden-mobile_extra elementor-hidden-mobile e-flex e-con-boxed e-con e-parent\" data-id=\"d91ecd3\" data-element_type=\"container\" data-e-type=\"container\">\n\t\t\t\t\t<div class=\"e-con-inner\">\n\t\t\t\t\t<\/div>\n\t\t\t\t<\/div>\n\t\t<div class=\"elementor-element elementor-element-a2965ae e-flex e-con-boxed e-con e-parent\" data-id=\"a2965ae\" data-element_type=\"container\" data-e-type=\"container\" data-settings=\"{&quot;background_background&quot;:&quot;gradient&quot;}\">\n\t\t\t\t\t<div class=\"e-con-inner\">\n\t\t\t\t<div class=\"elementor-element elementor-element-8958e54 elementor-widget elementor-widget-heading\" data-id=\"8958e54\" data-element_type=\"widget\" data-e-type=\"widget\" data-widget_type=\"heading.default\">\n\t\t\t\t<div class=\"elementor-widget-container\">\n\t\t\t\t\t<h2 class=\"elementor-heading-title elementor-size-default\">Wo werden wir Sie willkommen hei\u00dfen?<\/h2>\t\t\t\t<\/div>\n\t\t\t\t<\/div>\n\t\t<div class=\"elementor-element elementor-element-c02b81d e-con-full e-flex e-con e-child\" data-id=\"c02b81d\" data-element_type=\"container\" data-e-type=\"container\">\n\t\t<div class=\"elementor-element elementor-element-48f3920 e-con-full e-flex e-con e-child\" data-id=\"48f3920\" data-element_type=\"container\" data-e-type=\"container\">\n\t\t<a class=\"elementor-element elementor-element-f15e36f e-con-full e-flex e-con e-child\" data-id=\"f15e36f\" data-element_type=\"container\" data-e-type=\"container\" data-settings=\"{&quot;background_background&quot;:&quot;classic&quot;}\" href=\"https:\/\/spainholidays4u.com\/de\/ferienhaeuser-costa-brava\/?adults=1&#038;children=0&#038;infants=0&#038;destType=City&#038;destId=29471\">\n\t\t\t\t<div class=\"elementor-element elementor-element-2c3f8b2 elementor-widget elementor-widget-heading\" data-id=\"2c3f8b2\" data-element_type=\"widget\" data-e-type=\"widget\" data-widget_type=\"heading.default\">\n\t\t\t\t<div class=\"elementor-widget-container\">\n\t\t\t\t\t<div class=\"elementor-heading-title elementor-size-default\">Calonge<\/div>\t\t\t\t<\/div>\n\t\t\t\t<\/div>\n\t\t\t\t<\/a>\n\t\t\t\t<\/div>\n\t\t<div class=\"elementor-element elementor-element-93d3689 e-con-full e-flex e-con e-child\" data-id=\"93d3689\" data-element_type=\"container\" data-e-type=\"container\">\n\t\t<a class=\"elementor-element elementor-element-feb4c08 e-con-full e-flex e-con e-child\" data-id=\"feb4c08\" data-element_type=\"container\" data-e-type=\"container\" data-settings=\"{&quot;background_background&quot;:&quot;classic&quot;}\" href=\"https:\/\/spainholidays4u.com\/de\/ferienhaeuser-costa-brava\/?adults=1&#038;children=0&#038;infants=0&#038;destType=City&#038;destId=28648\">\n\t\t\t\t<div class=\"elementor-element elementor-element-d611e57 elementor-widget elementor-widget-heading\" data-id=\"d611e57\" data-element_type=\"widget\" data-e-type=\"widget\" data-widget_type=\"heading.default\">\n\t\t\t\t<div class=\"elementor-widget-container\">\n\t\t\t\t\t<div class=\"elementor-heading-title elementor-size-default\">Santa Cristina d'Aro<\/div>\t\t\t\t<\/div>\n\t\t\t\t<\/div>\n\t\t\t\t<\/a>\n\t\t\t\t<\/div>\n\t\t<div class=\"elementor-element elementor-element-5ffc2ee e-con-full e-flex e-con e-child\" data-id=\"5ffc2ee\" data-element_type=\"container\" data-e-type=\"container\">\n\t\t<a class=\"elementor-element elementor-element-bb2eb06 e-con-full e-flex e-con e-child\" data-id=\"bb2eb06\" data-element_type=\"container\" data-e-type=\"container\" data-settings=\"{&quot;background_background&quot;:&quot;classic&quot;}\" href=\"https:\/\/spainholidays4u.com\/de\/ferienhaeuser-costa-brava\/?adults=1&#038;children=0&#038;infants=0&#038;destType=City&#038;destId=2792\">\n\t\t\t\t<div class=\"elementor-element elementor-element-2576698 elementor-widget elementor-widget-heading\" data-id=\"2576698\" data-element_type=\"widget\" data-e-type=\"widget\" data-widget_type=\"heading.default\">\n\t\t\t\t<div class=\"elementor-widget-container\">\n\t\t\t\t\t<div class=\"elementor-heading-title elementor-size-default\">Llagostera<\/div>\t\t\t\t<\/div>\n\t\t\t\t<\/div>\n\t\t\t\t<\/a>\n\t\t\t\t<\/div>\n\t\t<div class=\"elementor-element elementor-element-3521515 e-con-full e-flex e-con e-child\" data-id=\"3521515\" data-element_type=\"container\" data-e-type=\"container\">\n\t\t<a class=\"elementor-element elementor-element-ddd608e e-con-full e-flex e-con e-child\" data-id=\"ddd608e\" data-element_type=\"container\" data-e-type=\"container\" data-settings=\"{&quot;background_background&quot;:&quot;classic&quot;}\" href=\"https:\/\/spainholidays4u.com\/de\/ferienhaeuser-costa-brava\/?adults=1&#038;children=0&#038;infants=0&#038;destType=City&#038;destId=27071\">\n\t\t\t\t<div class=\"elementor-element elementor-element-e2351d5 elementor-widget elementor-widget-heading\" data-id=\"e2351d5\" data-element_type=\"widget\" data-e-type=\"widget\" data-widget_type=\"heading.default\">\n\t\t\t\t<div class=\"elementor-widget-container\">\n\t\t\t\t\t<div class=\"elementor-heading-title elementor-size-default\">s'Agar\u00f3<\/div>\t\t\t\t<\/div>\n\t\t\t\t<\/div>\n\t\t\t\t<\/a>\n\t\t\t\t<\/div>\n\t\t\t\t<\/div>\n\t\t\t\t\t<\/div>\n\t\t\t\t<\/div>\n\t\t<div class=\"elementor-element elementor-element-512de7e e-flex e-con-boxed e-con e-parent\" data-id=\"512de7e\" data-element_type=\"container\" data-e-type=\"container\">\n\t\t\t\t\t<div class=\"e-con-inner\">\n\t\t<div class=\"elementor-element elementor-element-9fb1cb1 e-con-full e-flex e-con e-child\" data-id=\"9fb1cb1\" data-element_type=\"container\" data-e-type=\"container\">\n\t\t\t\t<div class=\"elementor-element elementor-element-0f50198 elementor-widget elementor-widget-heading\" data-id=\"0f50198\" data-element_type=\"widget\" data-e-type=\"widget\" data-widget_type=\"heading.default\">\n\t\t\t\t<div class=\"elementor-widget-container\">\n\t\t\t\t\t<h2 class=\"elementor-heading-title elementor-size-default\">Ferienwohnungen an der Costa Brava<\/h2>\t\t\t\t<\/div>\n\t\t\t\t<\/div>\n\t\t\t\t<div class=\"elementor-element elementor-element-82a2182 elementor-widget elementor-widget-text-editor\" data-id=\"82a2182\" data-element_type=\"widget\" data-e-type=\"widget\" data-widget_type=\"text-editor.default\">\n\t\t\t\t<div class=\"elementor-widget-container\">\n\t\t\t\t\t\t\t\t\t<p>An der <strong>Costa<\/strong> <strong>Brava<\/strong> gibt es eine gro\u00dfe Anzahl von <strong>Ferienwohnungen<\/strong>. Au\u00dferdem f\u00e4llt sofort auf, dass diese Unterk\u00fcnfte sehr unterschiedlich sein k\u00f6nnen. Sie k\u00f6nnen sich f\u00fcr die <strong>Anmietung<\/strong> einer Villa mit privatem Pool entscheiden, aber auch ein gew\u00f6hnliches Ferienhaus oder nat\u00fcrlich eines der vielen erschwinglichen Apartments w\u00e4hlen.  <\/p><p>Unabh\u00e4ngig davon, f\u00fcr welche Art von Unterkunft Sie sich letztendlich entscheiden, Sie werden immer feststellen, dass alle Str\u00e4nde nur einen Steinwurf entfernt sind. Auf diese Weise k\u00f6nnen Sie Ihren Urlaub wirklich genie\u00dfen a22&gt; <strong>Urlaub<\/strong> an der wundersch\u00f6nen Costa Brava! <\/p>\t\t\t\t\t\t\t\t<\/div>\n\t\t\t\t<\/div>\n\t\t\t\t<div class=\"elementor-element elementor-element-e4fdc59 elementor-mobile_extra-align-justify elementor-widget elementor-widget-button\" data-id=\"e4fdc59\" data-element_type=\"widget\" data-e-type=\"widget\" data-widget_type=\"button.default\">\n\t\t\t\t<div class=\"elementor-widget-container\">\n\t\t\t\t\t\t\t\t\t<div class=\"elementor-button-wrapper\">\n\t\t\t\t\t<a class=\"elementor-button elementor-button-link elementor-size-sm\" href=\"https:\/\/spainholidays4u.com\/de\/ferienhaeuser-costa-brava\/\">\n\t\t\t\t\t\t<span class=\"elementor-button-content-wrapper\">\n\t\t\t\t\t\t\t\t\t<span class=\"elementor-button-text\">SEHEN SIE SICH UNSERE IMMOBILIEN AN<\/span>\n\t\t\t\t\t<\/span>\n\t\t\t\t\t<\/a>\n\t\t\t\t<\/div>\n\t\t\t\t\t\t\t\t<\/div>\n\t\t\t\t<\/div>\n\t\t\t\t<\/div>\n\t\t<div class=\"elementor-element elementor-element-0acb0b0 e-con-full e-flex e-con e-child\" data-id=\"0acb0b0\" data-element_type=\"container\" data-e-type=\"container\">\n\t\t\t\t<div class=\"elementor-element elementor-element-73157ff elementor-widget elementor-widget-image\" data-id=\"73157ff\" data-element_type=\"widget\" data-e-type=\"widget\" data-widget_type=\"image.default\">\n\t\t\t\t<div class=\"elementor-widget-container\">\n\t\t\t\t\t\t\t\t\t\t\t\t\t\t\t<img fetchpriority=\"high\" decoding=\"async\" width=\"1500\" height=\"1000\" src=\"https:\/\/spainholidays4u.com\/wp-content\/uploads\/2025\/08\/IMG_7917-min.jpg\" class=\"attachment-full size-full wp-image-3248\" alt=\"\" srcset=\"https:\/\/spainholidays4u.com\/wp-content\/uploads\/2025\/08\/IMG_7917-min.jpg 1500w, https:\/\/spainholidays4u.com\/wp-content\/uploads\/2025\/08\/IMG_7917-min-300x200.jpg 300w, https:\/\/spainholidays4u.com\/wp-content\/uploads\/2025\/08\/IMG_7917-min-1024x683.jpg 1024w, https:\/\/spainholidays4u.com\/wp-content\/uploads\/2025\/08\/IMG_7917-min-768x512.jpg 768w, https:\/\/spainholidays4u.com\/wp-content\/uploads\/2025\/08\/IMG_7917-min-240x160.jpg 240w, https:\/\/spainholidays4u.com\/wp-content\/uploads\/2025\/08\/IMG_7917-min-600x400.jpg 600w\" sizes=\"(max-width: 1500px) 100vw, 1500px\" \/>\t\t\t\t\t\t\t\t\t\t\t\t\t\t\t<\/div>\n\t\t\t\t<\/div>\n\t\t\t\t<\/div>\n\t\t\t\t\t<\/div>\n\t\t\t\t<\/div>\n\t\t<div class=\"elementor-element elementor-element-8021cea e-flex e-con-boxed e-con e-parent\" data-id=\"8021cea\" data-element_type=\"container\" data-e-type=\"container\">\n\t\t\t\t\t<div class=\"e-con-inner\">\n\t\t<div class=\"elementor-element elementor-element-7226dea e-con-full e-flex e-con e-child\" data-id=\"7226dea\" data-element_type=\"container\" data-e-type=\"container\">\n\t\t\t\t<div class=\"elementor-element elementor-element-5ef9ed5 elementor-widget elementor-widget-image\" data-id=\"5ef9ed5\" data-element_type=\"widget\" data-e-type=\"widget\" data-widget_type=\"image.default\">\n\t\t\t\t<div class=\"elementor-widget-container\">\n\t\t\t\t\t\t\t\t\t\t\t\t\t\t\t<img decoding=\"async\" width=\"1500\" height=\"1000\" src=\"https:\/\/spainholidays4u.com\/wp-content\/uploads\/2025\/08\/IMG_7993-min.jpg\" class=\"attachment-full size-full wp-image-3249\" alt=\"\" srcset=\"https:\/\/spainholidays4u.com\/wp-content\/uploads\/2025\/08\/IMG_7993-min.jpg 1500w, https:\/\/spainholidays4u.com\/wp-content\/uploads\/2025\/08\/IMG_7993-min-300x200.jpg 300w, https:\/\/spainholidays4u.com\/wp-content\/uploads\/2025\/08\/IMG_7993-min-1024x683.jpg 1024w, https:\/\/spainholidays4u.com\/wp-content\/uploads\/2025\/08\/IMG_7993-min-768x512.jpg 768w, https:\/\/spainholidays4u.com\/wp-content\/uploads\/2025\/08\/IMG_7993-min-240x160.jpg 240w, https:\/\/spainholidays4u.com\/wp-content\/uploads\/2025\/08\/IMG_7993-min-600x400.jpg 600w\" sizes=\"(max-width: 1500px) 100vw, 1500px\" \/>\t\t\t\t\t\t\t\t\t\t\t\t\t\t\t<\/div>\n\t\t\t\t<\/div>\n\t\t\t\t<\/div>\n\t\t<div class=\"elementor-element elementor-element-6294bc9 e-con-full e-flex e-con e-child\" data-id=\"6294bc9\" data-element_type=\"container\" data-e-type=\"container\">\n\t\t\t\t<div class=\"elementor-element elementor-element-c0f4fff elementor-widget elementor-widget-heading\" data-id=\"c0f4fff\" data-element_type=\"widget\" data-e-type=\"widget\" data-widget_type=\"heading.default\">\n\t\t\t\t<div class=\"elementor-widget-container\">\n\t\t\t\t\t<h2 class=\"elementor-heading-title elementor-size-default\">Spainholidays4u, ein Familienunternehmen seit fast 15 Jahren<\/h2>\t\t\t\t<\/div>\n\t\t\t\t<\/div>\n\t\t\t\t<div class=\"elementor-element elementor-element-5bb67df elementor-widget elementor-widget-text-editor\" data-id=\"5bb67df\" data-element_type=\"widget\" data-e-type=\"widget\" data-widget_type=\"text-editor.default\">\n\t\t\t\t<div class=\"elementor-widget-container\">\n\t\t\t\t\t\t\t\t\t<p>Die vielen Vorz\u00fcge, die die Costa Brava im Laufe der Jahre entwickelt hat, haben sie zu einem der beliebtesten Reiseziele Europas gemacht. Dies ist vor allem auf die unglaubliche Vielseitigkeit dieser Region zur\u00fcckzuf\u00fchren. Entdecken Sie das pulsierende Nachtleben von <strong>Playa<\/strong> <strong>de Aro<\/strong>? Oder speisen Sie in einem der vielen Restaurants oder genie\u00dfen Sie einen k\u00f6stlichen Cocktail? Viele Menschen, die an die <a href=\"https:\/\/www.spainholidays4u.com\/costa-brava-catalonia\/\">Costa Brava<\/a> kommen, besuchen Playa de Aro sogar speziell wegen seiner Einkaufsm\u00f6glichkeiten!    <\/p><p>Buchen Sie noch heute Ihr ideales Ferienhaus an der Costa Brava und begeben Sie sich auf eine Reise voller Sonne, Meer und Ruhe. Ihr Traumurlaub an der K\u00fcste beginnt mit unserer vielf\u00e4ltigen Auswahl an Ferienh\u00e4usern \u2013 Ihrem Schl\u00fcssel zu einem unvergesslichen Erlebnis an der Costa Brava. <\/p>\t\t\t\t\t\t\t\t<\/div>\n\t\t\t\t<\/div>\n\t\t\t\t<div class=\"elementor-element elementor-element-7c22072 elementor-mobile_extra-align-justify elementor-widget elementor-widget-button\" data-id=\"7c22072\" data-element_type=\"widget\" data-e-type=\"widget\" data-widget_type=\"button.default\">\n\t\t\t\t<div class=\"elementor-widget-container\">\n\t\t\t\t\t\t\t\t\t<div class=\"elementor-button-wrapper\">\n\t\t\t\t\t<a class=\"elementor-button elementor-button-link elementor-size-sm\" href=\"https:\/\/spainholidays4u.com\/de\/ueber-uns\/\">\n\t\t\t\t\t\t<span class=\"elementor-button-content-wrapper\">\n\t\t\t\t\t\t\t\t\t<span class=\"elementor-button-text\">MEHR \u00dcBER UNS<\/span>\n\t\t\t\t\t<\/span>\n\t\t\t\t\t<\/a>\n\t\t\t\t<\/div>\n\t\t\t\t\t\t\t\t<\/div>\n\t\t\t\t<\/div>\n\t\t\t\t<\/div>\n\t\t\t\t\t<\/div>\n\t\t\t\t<\/div>\n\t\t\t\t<\/div>\n\t\t","protected":false},"excerpt":{"rendered":"<p>Ihre perfekte Flucht beginnt hier! Spainholidays4u Wann d\u00fcrfen wir Sie begr\u00fc\u00dfen? Last minutes Weihnachten 2025 Fr\u00fchjahr 2026 Sommer 2026 Wo werden wir Sie willkommen hei\u00dfen? Calonge Santa Cristina d&#8217;Aro Llagostera s&#8217;Agar\u00f3 Ferienwohnungen an der Costa Brava An der Costa Brava gibt es eine gro\u00dfe Anzahl von Ferienwohnungen. Au\u00dferdem f\u00e4llt sofort auf, dass diese Unterk\u00fcnfte sehr [&hellip;]<\/p>\n","protected":false},"author":1,"featured_media":0,"parent":0,"menu_order":0,"comment_status":"closed","ping_status":"closed","template":"elementor_header_footer","meta":{"_acf_changed":false,"footnotes":""},"class_list":["post-3250","page","type-page","status-publish","hentry"],"acf":[],"_links":{"self":[{"href":"https:\/\/spainholidays4u.com\/de\/wp-json\/wp\/v2\/pages\/3250","targetHints":{"allow":["GET"]}}],"collection":[{"href":"https:\/\/spainholidays4u.com\/de\/wp-json\/wp\/v2\/pages"}],"about":[{"href":"https:\/\/spainholidays4u.com\/de\/wp-json\/wp\/v2\/types\/page"}],"author":[{"embeddable":true,"href":"https:\/\/spainholidays4u.com\/de\/wp-json\/wp\/v2\/users\/1"}],"replies":[{"embeddable":true,"href":"https:\/\/spainholidays4u.com\/de\/wp-json\/wp\/v2\/comments?post=3250"}],"version-history":[{"count":4,"href":"https:\/\/spainholidays4u.com\/de\/wp-json\/wp\/v2\/pages\/3250\/revisions"}],"predecessor-version":[{"id":3845,"href":"https:\/\/spainholidays4u.com\/de\/wp-json\/wp\/v2\/pages\/3250\/revisions\/3845"}],"wp:attachment":[{"href":"https:\/\/spainholidays4u.com\/de\/wp-json\/wp\/v2\/media?parent=3250"}],"curies":[{"name":"wp","href":"https:\/\/api.w.org\/{rel}","templated":true}]}}